{"id":5035,"date":"2023-07-27T10:28:47","date_gmt":"2023-07-27T10:28:47","guid":{"rendered":"https:\/\/oilevexpro.com\/podminky-a-pravidla\/"},"modified":"2025-06-29T10:37:39","modified_gmt":"2025-06-29T10:37:39","slug":"podminky-a-pravidla","status":"publish","type":"page","link":"https:\/\/oilevexpro.com\/cs\/podminky-a-pravidla\/","title":{"rendered":"Obchodn\u00ed podm\u00ednky"},"content":{"rendered":"<?xml encoding=\"UTF-8\"><div class=\"gb-container gb-container-f493ca47\">\n<div class=\"gb-container gb-container-74097ace\">\n\n<h1 class=\"gb-headline gb-headline-d325e19c gb-headline-text\">Obchodn&iacute; podm&iacute;nky<\/h1>\n\n<\/div>\n<\/div><div class=\"gb-container gb-container-54f31550\">\n<div class=\"gb-container gb-container-5c3c159e\">\n\n<p>Posledn&iacute; aktualizace: 31. kv&#283;tna 2023<\/p>\n\n\n\n<p>P&#345;ed pou&#382;it&iacute;m na&scaron;ich slu&#382;eb si pros&iacute;m pe&#269;liv&#283; p&#345;e&#269;t&#283;te tyto obchodn&iacute; podm&iacute;nky.<\/p>\n\n\n\n<h2 class=\"gb-headline gb-headline-9278717c gb-headline-text\"><strong>Interpretace a definice<\/strong><\/h2>\n\n\n\n<p><strong>V&yacute;klad<\/strong><\/p>\n\n\n\n<p>Slova, jejich&#382; po&#269;&aacute;te&#269;n&iacute; p&iacute;smeno je velk&eacute;, maj&iacute; v&yacute;znam definovan&yacute; za n&aacute;sleduj&iacute;c&iacute;ch podm&iacute;nek. N&aacute;sleduj&iacute;c&iacute; definice maj&iacute; stejn&yacute; v&yacute;znam bez ohledu na to, zda se objevuj&iacute; v jednotn&eacute;m nebo mno&#382;n&eacute;m &#269;&iacute;sle.<\/p>\n\n\n\n<p><strong>Definice<\/strong><\/p>\n\n\n\n<p>Pro &uacute;&#269;ely t&#283;chto Obchodn&iacute;ch podm&iacute;nek:<\/p>\n\n\n\n<p>P&#345;idru&#382;en&aacute; spole&#269;nost znamen&aacute; subjekt, kter&yacute; ovl&aacute;d&aacute; stranu, je ovl&aacute;d&aacute;n stranou nebo je pod spole&#269;nou kontrolou se stranou, kde &bdquo;kontrola&ldquo; znamen&aacute; vlastnictv&iacute; 50 % nebo v&iacute;ce akci&iacute;, pod&iacute;l&#367; na kapit&aacute;lu nebo jin&yacute;ch cenn&yacute;ch pap&iacute;r&#367; s hlasovac&iacute;m pr&aacute;vem pro volbu &#345;editel&#367; nebo jin&eacute;ho &#345;&iacute;d&iacute;c&iacute;ho org&aacute;nu.<\/p>\n\n\n\n<p>&Uacute;&#269;et znamen&aacute; jedine&#269;n&yacute; &uacute;&#269;et vytvo&#345;en&yacute; pro V&aacute;s za &uacute;&#269;elem p&#345;&iacute;stupu k na&scaron;&iacute; Slu&#382;b&#283; nebo jej&iacute;m &#269;&aacute;stem.<\/p>\n\n\n\n<p>Zem&#283; se vztahuje na Singapur<\/p>\n\n\n\n<p>Spole&#269;nost (v t&eacute;to Smlouv&#283; d&aacute;le jen &bdquo;Spole&#269;nost&ldquo;, &bdquo;My&ldquo;, &bdquo;N&aacute;s&ldquo; nebo &bdquo;Na&scaron;e&ldquo;) ozna&#269;uje KW_00001&trade; Ltd.<\/p>\n\n\n\n<p>Za&#345;&iacute;zen&iacute; znamen&aacute; jak&eacute;koli za&#345;&iacute;zen&iacute;, kter&eacute; umo&#382;&#328;uje p&#345;&iacute;stup ke Slu&#382;b&#283;, jako je po&#269;&iacute;ta&#269;, mobiln&iacute; telefon nebo digit&aacute;ln&iacute; tablet.<\/p>\n\n\n\n<p>Slu&#382;ba se vztahuje na webov&eacute; str&aacute;nky.<\/p>\n\n\n\n<p>Obchodn&iacute; podm&iacute;nky (ozna&#269;ovan&eacute; tak&eacute; jako &bdquo;Podm&iacute;nky&ldquo;) znamenaj&iacute; tyto Obchodn&iacute; podm&iacute;nky, kter&eacute; tvo&#345;&iacute; &uacute;plnou dohodu mezi V&aacute;mi a Spole&#269;nost&iacute; ohledn&#283; pou&#382;&iacute;v&aacute;n&iacute; Slu&#382;by.<\/p>\n\n\n\n<p>Slu&#382;ba soci&aacute;ln&iacute;ch m&eacute;di&iacute; t&#345;et&iacute; strany znamen&aacute; jak&eacute;koli slu&#382;by nebo obsah (v&#269;etn&#283; dat, informac&iacute;, produkt&#367; nebo slu&#382;eb) poskytovan&yacute; t&#345;et&iacute; stranou, kter&yacute; m&#367;&#382;e b&yacute;t zobrazen, zahrnut nebo zp&#345;&iacute;stupn&#283;n slu&#382;bou.<\/p>\n\n\n\n<p>Webov&aacute; str&aacute;nka odkazuje na KW_00001, p&#345;&iacute;stupn&aacute; z <a href=\"https:\/\/OilEvexPro.com\/cs\/\" data-type=\"page\" data-id=\"3554\" target=\"_blank\" rel=\"noopener\">t&eacute;to adresy<\/a><\/p>\n\n\n\n<p>Vy znamen&aacute; jednotlivce, kter&yacute; p&#345;istupuje ke Slu&#382;b&#283; nebo ji pou&#382;&iacute;v&aacute;, nebo spole&#269;nost &#269;i jinou pr&aacute;vnickou osobu, jej&iacute;m&#382; jm&eacute;nem takov&yacute; jednotlivec p&#345;istupuje ke Slu&#382;b&#283; nebo ji pou&#382;&iacute;v&aacute;, dle pot&#345;eby.<\/p>\n\n\n\n<h2 class=\"gb-headline gb-headline-a8e59a7c gb-headline-text\"><strong>Potvrzen&iacute;<\/strong><\/h2>\n\n\n\n<p>Toto jsou Obchodn&iacute; podm&iacute;nky upravuj&iacute;c&iacute; pou&#382;&iacute;v&aacute;n&iacute; t&eacute;to Slu&#382;by a smlouva, kter&aacute; plat&iacute; mezi V&aacute;mi a Spole&#269;nost&iacute;. Tyto Obchodn&iacute; podm&iacute;nky stanov&iacute; pr&aacute;va a povinnosti v&scaron;ech u&#382;ivatel&#367; t&yacute;kaj&iacute;c&iacute; se pou&#382;&iacute;v&aacute;n&iacute; Slu&#382;by.<\/p>\n\n\n\n<p>V&aacute;&scaron; p&#345;&iacute;stup ke Slu&#382;b&#283; a jej&iacute; pou&#382;&iacute;v&aacute;n&iacute; je podm&iacute;n&#283;no Va&scaron;&iacute;m souhlasem s t&#283;mito Smluvn&iacute;mi podm&iacute;nkami a jejich dodr&#382;ov&aacute;n&iacute;m. Tyto Smluvn&iacute; podm&iacute;nky se vztahuj&iacute; na v&scaron;echny n&aacute;v&scaron;t&#283;vn&iacute;ky, u&#382;ivatele a dal&scaron;&iacute; osoby, kter&eacute; p&#345;istupuj&iacute; ke Slu&#382;b&#283; nebo ji pou&#382;&iacute;vaj&iacute;.<\/p>\n\n\n\n<p>P&#345;&iacute;stupem k Slu&#382;b&#283; nebo jej&iacute;m pou&#382;&iacute;v&aacute;n&iacute;m souhlas&iacute;te s t&iacute;m, &#382;e budete v&aacute;z&aacute;ni t&#283;mito Smluvn&iacute;mi podm&iacute;nkami. Pokud s jakoukoli &#269;&aacute;st&iacute; t&#283;chto Smluvn&iacute;ch podm&iacute;nek nesouhlas&iacute;te, nem&#367;&#382;ete ke Slu&#382;b&#283; p&#345;istupovat.<\/p>\n\n\n\n<p>Prohla&scaron;ujete, &#382;e jste star&scaron;&iacute; 18 let. Spole&#269;nost nepovoluje osob&aacute;m mlad&scaron;&iacute;m 18 let pou&#382;&iacute;vat Slu&#382;bu.<\/p>\n\n\n\n<p>V&aacute;&scaron; p&#345;&iacute;stup ke Slu&#382;b&#283; a jej&iacute; pou&#382;&iacute;v&aacute;n&iacute; je rovn&#283;&#382; podm&iacute;n&#283;no Va&scaron;&iacute;m souhlasem se Z&aacute;sadami ochrany osobn&iacute;ch &uacute;daj&#367; Spole&#269;nosti a jejich dodr&#382;ov&aacute;n&iacute;m. Na&scaron;e Z&aacute;sady ochrany osobn&iacute;ch &uacute;daj&#367; popisuj&iacute; na&scaron;e z&aacute;sady a postupy t&yacute;kaj&iacute;c&iacute; se shroma&#382;&#271;ov&aacute;n&iacute;, pou&#382;&iacute;v&aacute;n&iacute; a zve&#345;ej&#328;ov&aacute;n&iacute; Va&scaron;ich osobn&iacute;ch &uacute;daj&#367; p&#345;i pou&#382;&iacute;v&aacute;n&iacute; Aplikace nebo Webov&yacute;ch str&aacute;nek a informuj&iacute; V&aacute;s o Va&scaron;ich pr&aacute;vech na ochranu soukrom&iacute; a o tom, jak V&aacute;s chr&aacute;n&iacute; z&aacute;kon. P&#345;ed pou&#382;it&iacute;m Na&scaron;&iacute; Slu&#382;by si pros&iacute;m pe&#269;liv&#283; p&#345;e&#269;t&#283;te na&scaron;e Z&aacute;sady ochrany osobn&iacute;ch &uacute;daj&#367;.<\/p>\n\n\n\n<h2 class=\"gb-headline gb-headline-b9933f92 gb-headline-text\"><strong>U&#382;ivatelsk&eacute; &uacute;&#269;ty<\/strong><\/h2>\n\n\n\n<p>Kdy&#382; si u n&aacute;s vytvo&#345;&iacute;te &uacute;&#269;et, mus&iacute;te n&aacute;m v&#382;dy poskytnout p&#345;esn&eacute;, &uacute;pln&eacute; a aktu&aacute;ln&iacute; informace. Pokud tak neu&#269;in&iacute;te, poru&scaron;&iacute;te Podm&iacute;nky a m&#367;&#382;e to v&eacute;st k okam&#382;it&eacute;mu ukon&#269;en&iacute; va&scaron;eho &uacute;&#269;tu v na&scaron;ich Slu&#382;b&aacute;ch.<\/p>\n\n\n\n<p>Jste zodpov&#283;dn&iacute; za ochranu hesla, kter&eacute; pou&#382;&iacute;v&aacute;te pro p&#345;&iacute;stup ke Slu&#382;b&#283;, a za ve&scaron;ker&eacute; aktivity nebo akce proveden&eacute; pod Va&scaron;&iacute;m heslem, a&#357; u&#382; je Va&scaron;e heslo u Na&scaron;&iacute; Slu&#382;by nebo u Slu&#382;by soci&aacute;ln&iacute;ch m&eacute;di&iacute; t&#345;et&iacute; strany.<\/p>\n\n\n\n<p>Souhlas&iacute;te s t&iacute;m, &#382;e sv&eacute; heslo nesd&#283;l&iacute;te &#382;&aacute;dn&eacute; t&#345;et&iacute; stran&#283;. Mus&iacute;te n&aacute;s neprodlen&#283; informovat, jakmile se dozv&iacute;te o jak&eacute;mkoli naru&scaron;en&iacute; bezpe&#269;nosti nebo neopr&aacute;vn&#283;n&eacute;m pou&#382;it&iacute; va&scaron;eho &uacute;&#269;tu.<\/p>\n\n\n\n<p>Jako u&#382;ivatelsk&eacute; jm&eacute;no nesm&iacute;te pou&#382;&iacute;vat jm&eacute;no jin&eacute; osoby nebo subjektu, ani jm&eacute;no, kter&eacute; nen&iacute; z&aacute;konn&#283; dostupn&eacute; k u&#382;&iacute;v&aacute;n&iacute;, jm&eacute;no nebo ochrannou zn&aacute;mku, na kterou se vztahuj&iacute; jak&aacute;koli pr&aacute;va jin&eacute; osoby nebo subjektu ne&#382; na v&aacute;s, bez p&#345;&iacute;slu&scaron;n&eacute;ho povolen&iacute;, ani jm&eacute;no, kter&eacute; je jinak ur&aacute;&#382;liv&eacute;, vulg&aacute;rn&iacute; nebo obsc&eacute;nn&iacute;.<\/p>\n\n\n\n<h2 class=\"gb-headline gb-headline-30dc5235 gb-headline-text\"><strong>Du&scaron;evn&iacute; vlastnictv&iacute;<\/strong><\/h2>\n\n\n\n<p>Slu&#382;ba a jej&iacute; p&#367;vodn&iacute; obsah (s v&yacute;jimkou obsahu poskytnut&eacute;ho v&aacute;mi nebo jin&yacute;mi u&#382;ivateli), funkce a funkcionalita jsou a z&#367;stanou v&yacute;hradn&iacute;m vlastnictv&iacute;m Spole&#269;nosti a jej&iacute;ch poskytovatel&#367; licenc&iacute;.<\/p>\n\n\n\n<p>Slu&#382;ba je chr&aacute;n&#283;na autorsk&yacute;m pr&aacute;vem, ochrann&yacute;mi zn&aacute;mkami a dal&scaron;&iacute;mi z&aacute;kony v dan&eacute; zemi i v zahrani&#269;&iacute;.<\/p>\n\n\n\n<p>Na&scaron;e ochrann&eacute; zn&aacute;mky a obchodn&iacute; &uacute;prava nesm&iacute; b&yacute;t pou&#382;ity v souvislosti s &#382;&aacute;dn&yacute;m produktem nebo slu&#382;bou bez p&#345;edchoz&iacute;ho p&iacute;semn&eacute;ho souhlasu Spole&#269;nosti.<\/p>\n\n\n\n<h2 class=\"gb-headline gb-headline-40e2f142 gb-headline-text\"><strong>Odkazy na jin&eacute; webov&eacute; str&aacute;nky<\/strong><\/h2>\n\n\n\n<p>Na&scaron;e Slu&#382;ba m&#367;&#382;e obsahovat odkazy na webov&eacute; str&aacute;nky nebo slu&#382;by t&#345;et&iacute;ch stran, kter&eacute; Spole&#269;nost nevlastn&iacute; ani nekontroluje.<\/p>\n\n\n\n<p>Spole&#269;nost nem&aacute; &#382;&aacute;dnou kontrolu nad obsahem, z&aacute;sadami ochrany osobn&iacute;ch &uacute;daj&#367; ani postupy webov&yacute;ch str&aacute;nek nebo slu&#382;eb t&#345;et&iacute;ch stran a nep&#345;eb&iacute;r&aacute; za n&#283; &#382;&aacute;dnou odpov&#283;dnost. D&aacute;le berete na v&#283;dom&iacute; a souhlas&iacute;te s t&iacute;m, &#382;e Spole&#269;nost nenese odpov&#283;dnost, p&#345;&iacute;mo ani nep&#345;&iacute;mo, za &#382;&aacute;dn&eacute; &scaron;kody nebo ztr&aacute;ty zp&#367;soben&eacute; nebo &uacute;dajn&#283; zp&#367;soben&eacute; v souvislosti s pou&#382;&iacute;v&aacute;n&iacute;m nebo spol&eacute;h&aacute;n&iacute;m se na jak&yacute;koli takov&yacute; obsah, zbo&#382;&iacute; nebo slu&#382;by dostupn&eacute; na takov&yacute;ch webov&yacute;ch str&aacute;nk&aacute;ch nebo slu&#382;b&aacute;ch nebo jejich prost&#345;ednictv&iacute;m.<\/p>\n\n\n\n<p>D&#367;razn&#283; v&aacute;m doporu&#269;ujeme, abyste si p&#345;e&#269;etli smluvn&iacute; podm&iacute;nky a z&aacute;sady ochrany osobn&iacute;ch &uacute;daj&#367; v&scaron;ech webov&yacute;ch str&aacute;nek nebo slu&#382;eb t&#345;et&iacute;ch stran, kter&eacute; nav&scaron;t&#283;vujete.<\/p>\n\n\n\n<h2 class=\"gb-headline gb-headline-81a14a2b gb-headline-text\"><strong>Ukon&#269;en&iacute;<\/strong><\/h2>\n\n\n\n<p>V&aacute;&scaron; &uacute;&#269;et m&#367;&#382;eme okam&#382;it&#283; ukon&#269;it nebo pozastavit bez p&#345;edchoz&iacute;ho upozorn&#283;n&iacute; nebo odpov&#283;dnosti z jak&eacute;hokoli d&#367;vodu, mimo jin&eacute; i v p&#345;&iacute;pad&#283;, &#382;e poru&scaron;&iacute;te tyto Smluvn&iacute; podm&iacute;nky.<\/p>\n\n\n\n<p>Po ukon&#269;en&iacute; Va&scaron;e pr&aacute;vo pou&#382;&iacute;vat Slu&#382;bu okam&#382;it&#283; zanikne. Pokud si p&#345;ejete ukon&#269;it sv&#367;j &uacute;&#269;et, m&#367;&#382;ete jednodu&scaron;e p&#345;estat Slu&#382;bu pou&#382;&iacute;vat.<\/p>\n\n\n\n<h2 class=\"gb-headline gb-headline-faa58666 gb-headline-text\"><strong>Omezen&iacute; odpov&#283;dnosti<\/strong><\/h2>\n\n\n\n<p>Bez ohledu na jak&eacute;koli &scaron;kody, kter&eacute; V&aacute;m mohou vzniknout, je celkov&aacute; odpov&#283;dnost Spole&#269;nosti a v&scaron;ech jej&iacute;ch dodavatel&#367; podle jak&eacute;hokoli ustanoven&iacute; t&#283;chto Podm&iacute;nek a V&aacute;&scaron; v&yacute;hradn&iacute; n&aacute;rok na n&aacute;pravu za v&scaron;echny v&yacute;&scaron;e uveden&eacute; omezena na &#269;&aacute;stku, kterou jste prost&#345;ednictv&iacute;m Slu&#382;by skute&#269;n&#283; zaplatili, nebo na 100 USD, pokud jste prost&#345;ednictv&iacute;m Slu&#382;by nic nezakoupili.<\/p>\n\n\n\n<p>V maxim&aacute;ln&iacute;m rozsahu povolen&eacute;m platn&yacute;mi pr&aacute;vn&iacute;mi p&#345;edpisy nenese Spole&#269;nost ani jej&iacute; dodavatel&eacute; v &#382;&aacute;dn&eacute;m p&#345;&iacute;pad&#283; odpov&#283;dnost za jak&eacute;koli zvl&aacute;&scaron;tn&iacute;, n&aacute;hodn&eacute;, nep&#345;&iacute;m&eacute; ani n&aacute;sledn&eacute; &scaron;kody (v&#269;etn&#283;, ale nikoli v&yacute;hradn&#283;, &scaron;kod za u&scaron;l&yacute; zisk, ztr&aacute;tu dat nebo jin&yacute;ch informac&iacute;, za p&#345;eru&scaron;en&iacute; podnik&aacute;n&iacute;, za &uacute;jmu na zdrav&iacute;, ztr&aacute;tu soukrom&iacute; vypl&yacute;vaj&iacute;c&iacute; z pou&#382;&iacute;v&aacute;n&iacute; nebo nemo&#382;nosti pou&#382;&iacute;vat Slu&#382;bu, softwaru t&#345;et&iacute;ch stran a\/nebo hardwaru t&#345;et&iacute;ch stran pou&#382;&iacute;van&eacute;ho se Slu&#382;bou nebo jinak v souvislosti s jak&yacute;mkoli ustanoven&iacute;m t&#283;chto Podm&iacute;nek), a to i v p&#345;&iacute;pad&#283;, &#382;e Spole&#269;nost nebo jak&yacute;koli dodavatel byli o mo&#382;nosti vzniku takov&yacute;ch &scaron;kod informov&aacute;ni a i v p&#345;&iacute;pad&#283;, &#382;e n&aacute;prava nespln&iacute; sv&#367;j z&aacute;kladn&iacute; &uacute;&#269;el.<\/p>\n\n\n\n<p>N&#283;kter&eacute; st&aacute;ty neumo&#382;&#328;uj&iacute; vylou&#269;en&iacute; implicitn&iacute;ch z&aacute;ruk ani omezen&iacute; odpov&#283;dnosti za n&aacute;hodn&eacute; nebo n&aacute;sledn&eacute; &scaron;kody, co&#382; znamen&aacute;, &#382;e n&#283;kter&aacute; z v&yacute;&scaron;e uveden&yacute;ch omezen&iacute; nemus&iacute; platit. V t&#283;chto st&aacute;tech bude odpov&#283;dnost ka&#382;d&eacute; strany omezena v nejv&#283;t&scaron;&iacute;m rozsahu povolen&eacute;m z&aacute;konem.<\/p>\n\n\n\n<h2 class=\"gb-headline gb-headline-e1bcabde gb-headline-text\"><strong>Prohl&aacute;&scaron;en&iacute; o vylou&#269;en&iacute; odpov&#283;dnosti &bdquo;TAK, JAK JE&ldquo; a &bdquo;JAK JE K DISPOZICI&ldquo;<\/strong><\/h2>\n\n\n\n<p>Slu&#382;ba je v&aacute;m poskytov&aacute;na &bdquo;TAK, JAK JE&ldquo; a &bdquo;JAK JE K DISPOZICI&ldquo; a se v&scaron;emi vadami a nedostatky bez jak&eacute;koli z&aacute;ruky. V maxim&aacute;ln&iacute;m rozsahu povolen&eacute;m platn&yacute;mi pr&aacute;vn&iacute;mi p&#345;edpisy se Spole&#269;nost sv&yacute;m jm&eacute;nem a jm&eacute;nem sv&yacute;ch P&#345;idru&#382;en&yacute;ch spole&#269;nost&iacute; a sv&yacute;ch p&#345;&iacute;slu&scaron;n&yacute;ch poskytovatel&#367; licenc&iacute; a slu&#382;eb v&yacute;slovn&#283; z&#345;&iacute;k&aacute; ve&scaron;ker&yacute;ch z&aacute;ruk, a&#357; u&#382; v&yacute;slovn&yacute;ch, implicitn&iacute;ch, z&aacute;konn&yacute;ch &#269;i jin&yacute;ch, t&yacute;kaj&iacute;c&iacute;ch se Slu&#382;by, v&#269;etn&#283; v&scaron;ech implicitn&iacute;ch z&aacute;ruk prodejnosti, vhodnosti pro konkr&eacute;tn&iacute; &uacute;&#269;el, vlastnick&eacute;ho pr&aacute;va a neporu&scaron;en&iacute; pr&aacute;v a z&aacute;ruk, kter&eacute; mohou vzniknout v pr&#367;b&#283;hu obchodov&aacute;n&iacute;, pln&#283;n&iacute;, pou&#382;&iacute;v&aacute;n&iacute; nebo obchodn&iacute; praxe. Bez omezen&iacute; v&yacute;&scaron;e uveden&eacute;ho Spole&#269;nost neposkytuje &#382;&aacute;dnou z&aacute;ruku ani se nezavazuje a ne&#269;in&iacute; &#382;&aacute;dn&eacute; prohl&aacute;&scaron;en&iacute; jak&eacute;hokoli druhu, &#382;e Slu&#382;ba spln&iacute; Va&scaron;e po&#382;adavky, dos&aacute;hne zam&yacute;&scaron;len&yacute;ch v&yacute;sledk&#367;, bude kompatibiln&iacute; nebo bude fungovat s jak&yacute;mkoli jin&yacute;m softwarem, aplikacemi, syst&eacute;my nebo slu&#382;bami, bude fungovat bez p&#345;eru&scaron;en&iacute;, spln&iacute; jak&eacute;koli standardy v&yacute;konu nebo spolehlivosti nebo bude bezchybn&aacute;, nebo &#382;e jak&eacute;koli chyby nebo vady lze nebo budou opraveny.<\/p>\n\n\n\n<p>Bez omezen&iacute; v&yacute;&scaron;e uveden&eacute;ho, ani Spole&#269;nost, ani &#382;&aacute;dn&yacute; z jej&iacute;ch poskytovatel&#367; neposkytuje &#382;&aacute;dn&aacute; prohl&aacute;&scaron;en&iacute; ani z&aacute;ruky jak&eacute;hokoli druhu, v&yacute;slovn&eacute; ani implicitn&iacute;: (i) ohledn&#283; provozu nebo dostupnosti Slu&#382;by nebo informac&iacute;, obsahu a materi&aacute;l&#367; &#269;i produkt&#367; v n&iacute; obsa&#382;en&yacute;ch; (ii) &#382;e Slu&#382;ba bude nep&#345;eru&scaron;ovan&aacute; nebo bezchybn&aacute;; (iii) ohledn&#283; p&#345;esnosti, spolehlivosti nebo aktu&aacute;lnosti jak&yacute;chkoli informac&iacute; nebo obsahu poskytovan&eacute;ho prost&#345;ednictv&iacute;m Slu&#382;by; nebo (iv) &#382;e Slu&#382;ba, jej&iacute; servery, obsah nebo e-maily odeslan&eacute; ze Spole&#269;nosti nebo jej&iacute;m jm&eacute;nem neobsahuj&iacute; viry, skripty, trojsk&eacute; kon&#283;, &#269;ervy, malware, &#269;asovan&eacute; bomby nebo jin&eacute; &scaron;kodliv&eacute; komponenty.<\/p>\n\n\n\n<p>N&#283;kter&eacute; jurisdikce neumo&#382;&#328;uj&iacute; vylou&#269;en&iacute; ur&#269;it&yacute;ch typ&#367; z&aacute;ruk nebo omezen&iacute; platn&yacute;ch z&aacute;konn&yacute;ch pr&aacute;v spot&#345;ebitele, tak&#382;e se na v&aacute;s n&#283;kter&aacute; nebo v&scaron;echna v&yacute;&scaron;e uveden&aacute; vylou&#269;en&iacute; a omezen&iacute; nemus&iacute; vztahovat. V takov&eacute;m p&#345;&iacute;pad&#283; se v&scaron;ak vylou&#269;en&iacute; a omezen&iacute; uveden&aacute; v t&eacute;to &#269;&aacute;sti uplatn&iacute; v co nejv&#283;t&scaron;&iacute;m rozsahu vymahateln&eacute;m podle platn&yacute;ch pr&aacute;vn&iacute;ch p&#345;edpis&#367;.<\/p>\n\n\n\n<h2 class=\"gb-headline gb-headline-d5b80c2a gb-headline-text\"><strong>Rozhodn&eacute; pr&aacute;vo<\/strong><\/h2>\n\n\n\n<p>Tyto Podm&iacute;nky a Va&scaron;e pou&#382;&iacute;v&aacute;n&iacute; Slu&#382;by se &#345;&iacute;d&iacute; z&aacute;kony dan&eacute; Zem&#283;, s v&yacute;jimkou kolizn&iacute;ch norem. Va&scaron;e pou&#382;&iacute;v&aacute;n&iacute; Aplikace m&#367;&#382;e podl&eacute;hat tak&eacute; jin&yacute;m m&iacute;stn&iacute;m, st&aacute;tn&iacute;m, n&aacute;rodn&iacute;m nebo mezin&aacute;rodn&iacute;m z&aacute;kon&#367;m.<\/p>\n\n\n\n<p><strong>&#344;e&scaron;en&iacute; spor&#367;<\/strong><\/p>\n\n\n\n<p>Pokud m&aacute;te jak&eacute;koli obavy nebo spory ohledn&#283; Slu&#382;by, souhlas&iacute;te s t&iacute;m, &#382;e se nejprve pokus&iacute;te spor vy&#345;e&scaron;it neform&aacute;ln&#283; kontaktov&aacute;n&iacute;m Spole&#269;nosti.<\/p>\n\n\n\n<p><strong>Pro u&#382;ivatele z Evropsk&eacute; unie (EU)<\/strong><\/p>\n\n\n\n<p>Pokud jste spot&#345;ebitelem z Evropsk&eacute; unie, budete m&iacute;t prosp&#283;ch ze v&scaron;ech z&aacute;vazn&yacute;ch ustanoven&iacute; pr&aacute;va zem&#283;, ve kter&eacute; m&aacute;te bydli&scaron;t&#283;.<\/p>\n\n\n\n<h2 class=\"gb-headline gb-headline-2157cd04 gb-headline-text\"><strong>Dodr&#382;ov&aacute;n&iacute; pr&aacute;vn&iacute;ch p&#345;edpis&#367; Spojen&yacute;ch st&aacute;t&#367;<\/strong><\/h2>\n\n\n\n<p>Prohla&scaron;ujete a zaru&#269;ujete, &#382;e (i) se nenach&aacute;z&iacute;te v zemi, na kterou se vztahuje embargo vl&aacute;dy Spojen&yacute;ch st&aacute;t&#367;, nebo kter&aacute; byla vl&aacute;dou Spojen&yacute;ch st&aacute;t&#367; ozna&#269;ena za zemi &bdquo;podporuj&iacute;c&iacute; terorismus&ldquo;, a (ii) nejste uvedeni na &#382;&aacute;dn&eacute;m seznamu zak&aacute;zan&yacute;ch nebo omezen&yacute;ch stran veden&eacute;m vl&aacute;dou Spojen&yacute;ch st&aacute;t&#367;.<\/p>\n\n\n\n<p><strong>Odd&#283;litelnost a vzd&aacute;n&iacute; se pr&aacute;v<\/strong><\/p>\n\n\n\n<p><strong>Odd&#283;litelnost<\/strong><\/p>\n\n\n\n<p>Pokud se jak&eacute;koli ustanoven&iacute; t&#283;chto Podm&iacute;nek uk&aacute;&#382;e jako nevymahateln&eacute; nebo neplatn&eacute;, bude takov&eacute; ustanoven&iacute; zm&#283;n&#283;no a vykl&aacute;d&aacute;no tak, aby bylo v co nejv&#283;t&scaron;&iacute; m&iacute;&#345;e dosa&#382;eno c&iacute;l&#367; dan&eacute;ho ustanoven&iacute; podle platn&yacute;ch pr&aacute;vn&iacute;ch p&#345;edpis&#367;, a zb&yacute;vaj&iacute;c&iacute; ustanoven&iacute; z&#367;stanou v pln&eacute; platnosti a &uacute;&#269;innosti.<\/p>\n\n\n\n<p><strong>Z&#345;eknut&iacute; se pr&aacute;va<\/strong><\/p>\n\n\n\n<p>S v&yacute;jimkou p&#345;&iacute;pad&#367; uveden&yacute;ch v tomto dokumentu nem&aacute; neuplatn&#283;n&iacute; pr&aacute;va nebo nevy&#382;adov&aacute;n&iacute; pln&#283;n&iacute; povinnosti podle t&#283;chto Podm&iacute;nek vliv na schopnost strany uplatnit toto pr&aacute;vo nebo po&#382;adovat takov&eacute; pln&#283;n&iacute; kdykoli pot&eacute;, ani vzd&aacute;n&iacute; se poru&scaron;en&iacute; nep&#345;edstavuje vzd&aacute;n&iacute; se jak&eacute;hokoli n&aacute;sledn&eacute;ho poru&scaron;en&iacute;.<\/p>\n\n\n\n<p><strong>P&#345;eklad Tlumo&#269;en&iacute;<\/strong><\/p>\n\n\n\n<p>Tyto Obchodn&iacute; podm&iacute;nky mohly b&yacute;t p&#345;elo&#382;eny, pokud jsme v&aacute;m je zp&#345;&iacute;stupnili v r&aacute;mci na&scaron;ich Slu&#382;eb. Souhlas&iacute;te s t&iacute;m, &#382;e v p&#345;&iacute;pad&#283; sporu m&aacute; p&#345;ednost p&#367;vodn&iacute; anglick&yacute; text.<\/p>\n\n\n\n<h2 class=\"gb-headline gb-headline-4f64b811 gb-headline-text\"><strong>Zm&#283;ny t&#283;chto obchodn&iacute;ch podm&iacute;nek<\/strong><\/h2>\n\n\n\n<p>Vyhrazujeme si pr&aacute;vo kdykoli dle vlastn&iacute;ho uv&aacute;&#382;en&iacute; zm&#283;nit nebo nahradit tyto Podm&iacute;nky. Pokud je revize podstatn&aacute;, vynalo&#382;&iacute;me p&#345;im&#283;&#345;en&eacute; &uacute;sil&iacute;, abychom v&aacute;m poskytli ozn&aacute;men&iacute; alespo&#328; 30 dn&iacute; p&#345;ed nabyt&iacute;m &uacute;&#269;innosti jak&yacute;chkoli nov&yacute;ch podm&iacute;nek. Co p&#345;edstavuje podstatnou zm&#283;nu, ur&#269;&iacute;me dle vlastn&iacute;ho uv&aacute;&#382;en&iacute;.<\/p>\n\n\n\n<p>Pokra&#269;ov&aacute;n&iacute;m v p&#345;&iacute;stupu k na&scaron;&iacute; slu&#382;b&#283; nebo jej&iacute;m pou&#382;&iacute;v&aacute;n&iacute; po nabyt&iacute; &uacute;&#269;innosti t&#283;chto reviz&iacute; souhlas&iacute;te s t&iacute;m, &#382;e budete v&aacute;z&aacute;ni revidovan&yacute;mi podm&iacute;nkami. Pokud s nov&yacute;mi podm&iacute;nkami, a&#357; u&#382; zcela nebo z&#269;&aacute;sti, nesouhlas&iacute;te, p&#345;esta&#328;te pros&iacute;m webov&eacute; str&aacute;nky a slu&#382;bu pou&#382;&iacute;vat.<\/p>\n\n\n\n<h2 class=\"gb-headline gb-headline-d806d8bf gb-headline-text\"><strong>Kontaktujte n&aacute;s<\/strong><\/h2>\n\n\n\n<p>Pokud m&aacute;te jak&eacute;koli dotazy ohledn&#283; t&#283;chto Obchodn&iacute;ch podm&iacute;nek, m&#367;&#382;ete n&aacute;s kontaktovat:<\/p>\n\n\n\n<p>E-mailem: info[at]oilevexpro.com<\/p>\n\n\n\n<p>N&aacute;v&scaron;t&#283;vou t&eacute;to str&aacute;nky na <a href=\"https:\/\/OilEvexPro.com\/cs\/\" data-type=\"page\" data-id=\"3554\" target=\"_blank\" rel=\"noopener\">na&scaron;ich webov&yacute;ch str&aacute;nk&aacute;ch<\/a> .<\/p>\n\n<\/div>\n<\/div>\n","protected":false},"excerpt":{"rendered":"<p>Obchodn&iacute; podm&iacute;nky Posledn&iacute; aktualizace: 31. kv&#283;tna 2023 P&#345;ed pou&#382;it&iacute;m na&scaron;ich slu&#382;eb si pros&iacute;m pe&#269;liv&#283; p&#345;e&#269;t&#283;te tyto obchodn&iacute; podm&iacute;nky. Interpretace a definice V&yacute;klad Slova, jejich&#382; po&#269;&aacute;te&#269;n&iacute; p&iacute;smeno je velk&eacute;, maj&iacute; v&yacute;znam definovan&yacute; za n&aacute;sleduj&iacute;c&iacute;ch podm&iacute;nek. N&aacute;sleduj&iacute;c&iacute; definice maj&iacute; stejn&yacute; v&yacute;znam bez ohledu na to, zda se objevuj&iacute; v jednotn&eacute;m nebo mno&#382;n&eacute;m &#269;&iacute;sle. Definice Pro &uacute;&#269;ely t&#283;chto &#8230; <a title=\"Obchodn\u00ed podm\u00ednky\" class=\"read-more\" href=\"https:\/\/oilevexpro.com\/cs\/podminky-a-pravidla\/\" aria-label=\"\u010c\u00edst v\u00edce o Obchodn\u00ed podm\u00ednky\">Read more<\/a><\/p>\n","protected":false},"author":1,"featured_media":0,"parent":0,"menu_order":0,"comment_status":"closed","ping_status":"closed","template":"","meta":{"footnotes":""},"class_list":["post-5035","page","type-page","status-publish"],"_links":{"self":[{"href":"https:\/\/oilevexpro.com\/cs\/wp-json\/wp\/v2\/pages\/5035","targetHints":{"allow":["GET"]}}],"collection":[{"href":"https:\/\/oilevexpro.com\/cs\/wp-json\/wp\/v2\/pages"}],"about":[{"href":"https:\/\/oilevexpro.com\/cs\/wp-json\/wp\/v2\/types\/page"}],"author":[{"embeddable":true,"href":"https:\/\/oilevexpro.com\/cs\/wp-json\/wp\/v2\/users\/1"}],"replies":[{"embeddable":true,"href":"https:\/\/oilevexpro.com\/cs\/wp-json\/wp\/v2\/comments?post=5035"}],"version-history":[{"count":2,"href":"https:\/\/oilevexpro.com\/cs\/wp-json\/wp\/v2\/pages\/5035\/revisions"}],"predecessor-version":[{"id":6201,"href":"https:\/\/oilevexpro.com\/cs\/wp-json\/wp\/v2\/pages\/5035\/revisions\/6201"}],"wp:attachment":[{"href":"https:\/\/oilevexpro.com\/cs\/wp-json\/wp\/v2\/media?parent=5035"}],"curies":[{"name":"wp","href":"https:\/\/api.w.org\/{rel}","templated":true}]}}