{"id":5106,"date":"2020-09-18T14:36:50","date_gmt":"2020-09-18T14:36:50","guid":{"rendered":"https:\/\/oilevexpro.com\/o-nas\/"},"modified":"2024-11-14T20:26:56","modified_gmt":"2024-11-14T20:26:56","slug":"o-nas","status":"publish","type":"page","link":"https:\/\/oilevexpro.com\/cs\/o-nas\/","title":{"rendered":"O n\u00e1s"},"content":{"rendered":"<?xml encoding=\"UTF-8\"><div class=\"gb-container gb-container-a462a256\">\n<div class=\"gb-container gb-container-2acc6621\">\n\n<h1 class=\"gb-headline gb-headline-d325e19c gb-headline-text\">O nejnov&#283;j&scaron;&iacute; verzi 2.0 KW_00001 <\/h1>\n\n<\/div>\n<\/div><div class=\"gb-container gb-container-287f468b\">\n<div class=\"gb-grid-wrapper gb-grid-wrapper-b386d038\">\n<div class=\"gb-grid-column gb-grid-column-387381c3\"><div class=\"gb-container gb-container-387381c3\">\n\n<h2 class=\"gb-headline gb-headline-db283a53 gb-headline-text\">Co je KW_00001?<\/h2>\n\n\n\n<p>&#268;lenstv&iacute;m v komunit&#283; KW_00001 z&iacute;sk&aacute;te exkluzivn&iacute; p&#345;&iacute;stup k p&#345;edn&iacute;mu softwaru pro obchodov&aacute;n&iacute; s kryptom&#283;nami. Na&scaron;e platforma se vyzna&#269;uje u&#382;ivatelsky p&#345;&iacute;v&#283;tiv&yacute;m rozhran&iacute;m, d&iacute;ky kter&eacute;mu ji mohou vyu&#382;&iacute;vat i lid&eacute; bez p&#345;edchoz&iacute;ch zku&scaron;enost&iacute; s obchodov&aacute;n&iacute;m nebo specializovan&yacute;ch dovednost&iacute;.<\/p>\n\n\n\n<p>Na&scaron;e platforma nab&iacute;z&iacute; &#345;adu v&yacute;hod a zefektiv&#328;uje va&scaron;i obchodn&iacute; cestu. Nejen&#382;e shroma&#382;&#271;uje data, ale tak&eacute; prov&aacute;d&iacute; komplexn&iacute; anal&yacute;zu, kter&aacute; umo&#382;&#328;uje racion&aacute;ln&iacute; rozhodov&aacute;n&iacute; bez emoc&iacute;. Nav&iacute;c za v&aacute;s plynule prov&aacute;d&iacute; obchody a funguje t&eacute;m&#283;&#345; nep&#345;etr&#382;it&#283;.<\/p>\n\n\n\n<p>KW_00002 je v&iacute;ce ne&#382; jen automatick&yacute; obchodn&iacute; software, je to prosperuj&iacute;c&iacute; online obchodn&iacute; komunita. Jako &#269;len si m&#367;&#382;ete u&#382;&iacute;vat v&yacute;hod automatizovan&eacute;ho a ziskov&eacute;ho obchodov&aacute;n&iacute; s kryptom&#283;nami v podp&#367;rn&eacute;m komunitn&iacute;m prost&#345;ed&iacute;.<\/p>\n\n\n\n<p>Na&scaron;e &scaron;pi&#269;kov&aacute; technologie umo&#382;&#328;uje KW_00003 analyzovat tr&#382;n&iacute; trendy a prov&aacute;d&#283;t obchody s neuv&#283;&#345;itelnou rychlost&iacute;, kter&aacute; p&#345;ekon&aacute;v&aacute; mnoho jin&yacute;ch obchodn&iacute;ch softwar&#367; o pozoruhodn&yacute;ch 0,01 sekundy. Tato v&yacute;hoda v&aacute;m zaru&#269;&iacute;, &#382;e si v rychle se m&#283;n&iacute;c&iacute;m sv&#283;t&#283; obchodov&aacute;n&iacute; s kryptom&#283;nami udr&#382;&iacute;te n&aacute;skok.<\/p>\n\n<\/div><\/div>\n\n<div class=\"gb-grid-column gb-grid-column-51a60565\"><div class=\"gb-container gb-container-51a60565\">\n\n<h2 class=\"gb-headline gb-headline-d521daef gb-headline-text\">Zjist&#283;te v&iacute;ce o na&scaron;&iacute; platform&#283; &ndash; bezplatn&aacute; registrace<\/h2>\n\n\n    <script>\n        localStorage.setItem('fxbot_ab_testing', '{\"login\":[],\"registration\":[],\"contactus\":[]}');\n    <\/script>\n    <style>\n        .reCAPTCHAContent {\n            display: none;\n            visibility: hidden;\n        }\n    <\/style>\n\n\n<script>\n    localStorage.setItem('fxbot_api_parameters', '[{\"key\":\"emailmarketing\",\"value\":\"1\",\"override\":true},{\"key\":\"funnel\",\"value\":\"KW_F_00001\",\"override\":true}]');\n    localStorage.setItem('fxbot_alias_url', 'wp-content\/plugins\/fxbot-registration-form\/api.php');\n    localStorage.setItem('fxbot_email_marketing', '1');\n    localStorage.setItem('fxbot_email_marketing_debounce', 'true');\n    localStorage.setItem('fxbot_email_marketing_debounce_time', '1000');\n    localStorage.setItem('fxbot_recaptcha_enabled', 'false');\n    localStorage.setItem('fxbot_recaptcha_site_key', 'EMPTY');\n    localStorage.setItem('fxbot_alt_reg_popup_query_selector', '');\n    localStorage.setItem('fxbot_redirectVariant', '0');\n<\/script>\n<div class=\"form-widget\" id=\"optInFormWrapper\">\n    <form action=\"\" class=\"flex flex-column\" data-form=\"optInForm\" data-urlsearchparams=\"\" data-widget=\"registration_2_step\" id=\"opt-form\" method=\"post\" name=\"optInForm\">\n        <div class=\"elementor-field-type-text elementor-field-group elementor-column elementor-field-group-name elementor-col-100 form-group\">\n            <label for=\"form-first_name\" class=\"elementor-field-label elementor-screen-only\">Jm\u00e9no<\/label>\n            <input class=\"elementor-field elementor-size-sm  elementor-field-textual regFormFirstName\" placeholder=\"Jm\u00e9no\" data-input=\"firstname\" data-valid=\"false\" id=\"form-first_name\" name=\"firstname\" size=\"1\" type=\"text\">\n            <p class=\"error-message\"><\/p>\n        <\/div>\n\n        <div class=\"elementor-field-type-text elementor-field-group elementor-column elementor-field-group-name elementor-col-100 form-group\">\n            <label for=\"form-last_name\" class=\"elementor-field-label elementor-screen-only\">P\u0159\u00edjmen\u00ed<\/label>\n            <input class=\"elementor-field elementor-size-sm elementor-field-textual regFormLastNname\" placeholder=\"P\u0159\u00edjmen\u00ed\" data-input=\"lastname\" data-valid=\"false\" id=\"form-last_name\" name=\"lastname\" size=\"1\" type=\"text\">\n            <p class=\"error-message\"><\/p>\n        <\/div>\n\n        <div class=\"form-group elementor-field-type-text elementor-field-group elementor-column elementor-field-group-name elementor-col-100\">\n            <label class=\"elementor-field-label elementor-screen-only\" for=\"form-email\">E-mailem<\/label>\n            <input class=\"regFormEmail elementor-field elementor-size-sm elementor-field-textual\" placeholder=\"E-mailem\" data-input=\"email\" data-valid=\"false\" id=\"form-email\" name=\"email\" type=\"email\">\n            <p class=\"error-message\"><\/p>\n            <div class=\"form-group__emailValid-info\">\n                <span class=\"form-group__emailValid-message\"><span>M\u011bli jste na mysli<\/span> <b><\/b>?<\/span> <span class=\"form-group__emailValid-btn\">Nahradit<\/span>            <\/div>\n        <\/div>\n\n        <p class=\"reCAPTCHAContent\">\n            Tento web je chr\u00e1n\u011bn reCAPTCHA a plat\u00ed <a href=\"https:\/\/policies.google.com\/privacy\" target=\"_blank\" rel=\"noopener\">Z\u00e1sady ochrany osobn\u00edch \u00fadaj\u016f Google<\/a> a <a href=\"https:\/\/policies.google.com\/terms\" target=\"_blank\" rel=\"noopener\">Podm\u00ednky slu\u017eby<\/a>.        <\/p>\n\n        <button class=\"zoom regFormButton elementor-button elementor-size-sm\" data-button=\"submit\" id=\"optInForm-btn\">\n            Learn More        <\/button>\n    <\/form>\n<\/div>\n<div class=\"form-widget\" id=\"regFormWrapper\" style=\"visibility: hidden; width: 0; height:0\">\n    <form action=\"\" class=\"flex flex-column\" data-form=\"registrationForm\" data-urlsearchparams=\"\" data-widget=\"registration_2_step\" id=\"reg-form\" method=\"post\" name=\"registrationForm\">\n        <div class=\"elementor-field-type-text elementor-field-group elementor-column elementor-field-group-name elementor-col-100 form-group\">\n            <label for=\"form-first_name\" class=\"elementor-field-label elementor-screen-only\">Jm\u00e9no<\/label>\n            <input class=\"elementor-field elementor-size-sm  elementor-field-textual regFormFirstName\" placeholder=\"Jm\u00e9no\" data-input=\"firstname\" data-valid=\"false\" id=\"form-first_name\" name=\"firstname\" size=\"1\" type=\"text\">\n            <p class=\"error-message\"><\/p>\n        <\/div>\n\n        <div class=\"elementor-field-type-text elementor-field-group elementor-column elementor-field-group-name elementor-col-100 form-group\">\n            <label for=\"form-last_name\" class=\"elementor-field-label elementor-screen-only\">P\u0159\u00edjmen\u00ed<\/label>\n            <input class=\"elementor-field elementor-size-sm elementor-field-textual regFormLastNname\" placeholder=\"P\u0159\u00edjmen\u00ed\" data-input=\"lastname\" data-valid=\"false\" id=\"form-last_name\" name=\"lastname\" size=\"1\" type=\"text\">\n            <p class=\"error-message\"><\/p>\n        <\/div>\n\n        <div class=\"elementor-field-type-text elementor-field-group elementor-column elementor-field-group-name elementor-col-100 form-group form-group__emailValid\">\n            <label class=\"elementor-field-label elementor-screen-only\" for=\"form-email\">E-mailem<\/label>\n            <input class=\"elementor-field elementor-size-sm elementor-field-textual regFormEmail\" placeholder=\"E-mailem\" data-input=\"email\" data-valid=\"false\" id=\"form-email\" name=\"email\" type=\"email\">\n            <p class=\"error-message\"><\/p>\n            <p class=\"form-group__emailValid-info\">\n                <span class=\"form-group__emailValid-message\"><span>M\u011bli jste na mysli<\/span> <b><\/b>?<\/span> <span class=\"form-group__emailValid-btn\">Nahradit<\/span>            <\/p>\n        <\/div>\n\n        <div class=\"elementor-field-type-tel elementor-field-group elementor-column elementor-field-group-field_fad38fc elementor-col-100 form-group reg-phone\">\n            <label class=\"elementor-field-label elementor-screen-only\" for=\"form-phone_number\">Telefonn\u00ed \u010d\u00edslo<\/label>\n            <input class=\"elementor-field elementor-size-sm elementor-field-textual regFormPhoneNumber\" placeholder=\"Telefonn\u00ed \u010d\u00edslo\" autocompvare=\"off\" data-input=\"phone_number\" data-valid=\"false\" id=\"form-phone_number\" name=\"phone_number\" size=\"1\" type=\"text\">\n            <p class=\"error-message\"><\/p>\n        <\/div>\n\n        <p class=\"reCAPTCHAContent\">\n            Tento web je chr\u00e1n\u011bn reCAPTCHA a plat\u00ed <a href=\"https:\/\/policies.google.com\/privacy\" target=\"_blank\" rel=\"noopener\">Z\u00e1sady ochrany osobn\u00edch \u00fadaj\u016f Google<\/a> a <a href=\"https:\/\/policies.google.com\/terms\" target=\"_blank\" rel=\"noopener\">Podm\u00ednky slu\u017eby<\/a>.        <\/p>\n\n        <button class=\"elementor-button zoom regFormButton\" data-button=\"submit\" id=\"form-btn\" type=\"button\">\n            Learn More        <\/button>\n\n        <div class=\"wrapper__rar-no\" data-modal=\"success\" style=\"display: none\">\n            <div class=\"success\">\n                <img decoding=\"async\" src=\"\/wp-content\/plugins\/fxbot-registration-form\/assets\/images\/regSuccess.png\" alt=\"D\u011bkujeme za registraci\">\n                <p>D\u011bkujeme za registraci.<br\/> N\u00e1\u0161 agent v\u00e1s brzy kontaktuje.<br\/> Ujist\u011bte se, \u017ee jste pou\u017eili skute\u010dn\u00e9 telefonn\u00ed \u010d\u00edslo.<br\/> D\u00edky.<\/p>\n            <\/div>\n        <\/div>\n\n        <div class=\"wrapper__rar-no\" data-modal=\"alternative_success\" style=\"display: none\">\n            <div class=\"success\">\n                <p class=\"reg_title\">\n                    <b>\u00dasp\u011b\u0161n\u011b jste se p\u0159ipojili.<\/b>\n                <\/p>\n                <p>Z\u00e1stupce spole\u010dnosti v\u00e1s brzy kontaktuje. Ujist\u011bte se, \u017ee jste k dispozici telefonicky, abyste nezme\u0161kali hovor.<\/p>\n            <\/div>\n        <\/div>\n\n        <div class=\"wrapper__error\" data-modal=\"error\" style=\"display: none\"><\/div>\n    <\/form>\n<\/div>\n\n<div class=\"submit-overlay\" style=\"display: none;\">\n    <div class=\"lds-spinner\">\n        <div><\/div>\n        <div><\/div>\n        <div><\/div>\n        <div><\/div>\n        <div><\/div>\n        <div><\/div>\n        <div><\/div>\n        <div><\/div>\n    <\/div>\n    <p class=\"overlay-text\">Spoj\u00edme v\u00e1s s nejlep\u0161\u00edm makl\u00e9\u0159em ve va\u0161\u00ed oblasti<\/p>\n<\/div>\n\n\n<\/div><\/div>\n<\/div>\n<\/div><div class=\"gb-container gb-container-197d4570\">\n\n<a class=\"gb-button gb-button-e8c7dfa5\" href=\"https:\/\/oilevexpro.com\/cs\/\"><span class=\"gb-button-text\">Z&Iacute;SKAT P&#344;&Iacute;STUP KE KW_00001 <\/span><span class=\"gb-icon\"><svg xmlns=\"http:\/\/www.w3.org\/2000\/svg\" aria-hidden=\"true\" role=\"img\" height=\"1em\" width=\"1em\" viewbox=\"0 0 256 512\"><path fill=\"currentColor\" d=\"M224.3 273l-136 136c-9.4 9.4-24.6 9.4-33.9 0l-22.6-22.6c-9.4-9.4-9.4-24.6 0-33.9l96.4-96.4-96.4-96.4c-9.4-9.4-9.4-24.6 0-33.9L54.3 103c9.4-9.4 24.6-9.4 33.9 0l136 136c9.5 9.4 9.5 24.6.1 34z\"><\/path><\/svg><\/span><\/a>\n\n<\/div><div class=\"gb-container gb-container-1bdeec8b\">\n<div class=\"gb-container gb-container-9d34a979\"><\/div>\n\n<div class=\"gb-container gb-container-1e789d4e\">\n\n<h3 class=\"gb-headline gb-headline-29613722 gb-headline-text\"><strong>V&yacute;hody softwaru KW_00001 <\/strong><\/h3>\n\n\n\n<p>KW_00001 vynik&aacute; neust&aacute;l&yacute;m shroma&#382;&#271;ov&aacute;n&iacute;m a efektivn&iacute; anal&yacute;zou tr&#382;n&iacute;ch dat v re&aacute;ln&eacute;m &#269;ase. Tato jedine&#269;n&aacute; schopnost umo&#382;&#328;uje na&scaron;emu softwaru prov&aacute;d&#283;t za v&aacute;s obchodn&iacute; p&#345;&iacute;kazy neb&yacute;valou rychlost&iacute;, &#269;&iacute;m&#382; p&#345;ekon&aacute;v&aacute; jak lidsk&eacute; obchodn&iacute;ky, tak jin&aacute; softwarov&aacute; &#345;e&scaron;en&iacute;. Nejen&#382;e KW_00002 prov&aacute;d&iacute; obchody rychleji, ale tak&eacute; se p&#345;i rozhodov&aacute;n&iacute; o obchodov&aacute;n&iacute; spol&eacute;h&aacute; na statistiku, logiku a matematick&eacute; algoritmy, &#269;&iacute;m&#382; eliminuje vliv lidsk&yacute;ch emoc&iacute; a zaji&scaron;&#357;uje objektivn&iacute; obchodov&aacute;n&iacute;.<\/p>\n\n\n\n<p>Jednou z v&yacute;zna&#269;n&yacute;ch vlastnost&iacute; KW_00003 je jeho schopnost usnadnit zp&#283;tn&eacute; zasazen&iacute;. Tento neoceniteln&yacute; n&aacute;stroj v&aacute;m umo&#382;n&iacute; otestovat zvolen&eacute; nastaven&iacute; na z&aacute;klad&#283; historick&yacute;ch tr&#382;n&iacute;ch podm&iacute;nek. Vyu&#382;it&iacute;m t&eacute;to funkce m&#367;&#382;ete vyladit nastaven&iacute; tak, abyste maximalizovali ziskovost. M&#367;&#382;ete si b&yacute;t jisti, &#382;e n&aacute;&scaron; sofistikovan&yacute; software bude pe&#269;liv&#283; dodr&#382;ovat va&scaron;e stanoven&aacute; pravidla a z&aacute;rove&#328; za v&aacute;s bude zpracov&aacute;vat v&scaron;echny obchodn&iacute; &uacute;koly.<\/p>\n\n\n\n<p>KW_00003 nab&iacute;z&iacute; flexibilitu automatick&yacute;ch i manu&aacute;ln&iacute;ch mo&#382;nost&iacute; obchodov&aacute;n&iacute;, co&#382; vyhovuje u&#382;ivatel&#367;m s r&#367;znou &uacute;rovn&iacute; dovednost&iacute;, &#269;asov&yacute;mi omezen&iacute;mi a z&aacute;jmy. S na&scaron;&iacute; platformou m&#367;&#382;ete spravovat v&iacute;ce &uacute;&#269;t&#367;, co&#382; v&aacute;m umo&#382;n&iacute; experimentovat, upravovat a porovn&aacute;vat r&#367;zn&eacute; strategie. Vyu&#382;ijte mno&#382;stv&iacute; obchodn&iacute;ch mo&#382;nost&iacute;, kter&eacute; KW_00002 nab&iacute;z&iacute;, a vyu&#382;ijte &scaron;irok&eacute; mo&#382;nosti k maximalizaci sv&yacute;ch zisk&#367;.<\/p>\n\n<\/div>\n<\/div><div class=\"gb-container gb-container-67945ee0\">\n<div class=\"gb-container gb-container-12a13938\">\n\n<a class=\"gb-button gb-button-15cad45f\" href=\"https:\/\/oilevexpro.com\/cs\/\"><span class=\"gb-button-text\"><strong>TEST KW_00001<\/strong><\/span><span class=\"gb-icon\"><svg xmlns=\"http:\/\/www.w3.org\/2000\/svg\" aria-hidden=\"true\" role=\"img\" height=\"1em\" width=\"1em\" viewbox=\"0 0 256 512\"><path fill=\"currentColor\" d=\"M224.3 273l-136 136c-9.4 9.4-24.6 9.4-33.9 0l-22.6-22.6c-9.4-9.4-9.4-24.6 0-33.9l96.4-96.4-96.4-96.4c-9.4-9.4-9.4-24.6 0-33.9L54.3 103c9.4-9.4 24.6-9.4 33.9 0l136 136c9.5 9.4 9.5 24.6.1 34z\"><\/path><\/svg><\/span><\/a>\n\n<\/div>\n<\/div><div class=\"gb-container gb-container-5d2e4740\">\n<div class=\"gb-container gb-container-d34d15be\">\n<div class=\"gb-grid-wrapper gb-grid-wrapper-4257ebc4\">\n<div class=\"gb-grid-column gb-grid-column-60a1d140\"><div class=\"gb-container gb-container-60a1d140\">\n<div class=\"gb-container gb-container-d446dbb2\">\n\n<span class=\"gb-button gb-button-4f39012e\"><span class=\"gb-icon\"><svg xmlns=\"http:\/\/www.w3.org\/2000\/svg\" height=\"15\" width=\"15\" fill=\"none\" viewbox=\"0 0 15 15\"><path fill=\"currentColor\" d=\"M4 1.5V4H1.5A1.5 1.5 0 000 5.5v8A1.5 1.5 0 001.5 15h8a1.5 1.5 0 001.5-1.5V11h2.5A1.5 1.5 0 0015 9.5v-8A1.5 1.5 0 0013.5 0h-8A1.5 1.5 0 004 1.5zM5.5 1a.5.5 0 00-.5.5V4h4.5A1.5 1.5 0 0111 5.5V10h2.5a.5.5 0 00.5-.5v-8a.5.5 0 00-.5-.5h-8zm0 10A1.5 1.5 0 014 9.5V5H1.5a.5.5 0 00-.5.5v8a.5.5 0 00.5.5h8a.5.5 0 00.5-.5V11H5.5z\" clip-rule=\"evenodd\" fill-rule=\"evenodd\"><\/path><\/svg><\/span><\/span>\n\n<\/div>\n\n\n<h3 class=\"gb-headline gb-headline-f8d314cb gb-headline-text\"><strong>Softwarov&eacute; &#345;e&scaron;en&iacute;<\/strong><\/h3>\n\n\n\n<p class=\"has-text-align-center\">KW_00001 je pe&#269;liv&#283; vytvo&#345;en tak, aby splnil sv&#367;j &uacute;&#269;el jako cenn&yacute; a u&#382;ivatelsky p&#345;&iacute;v&#283;tiv&yacute; n&aacute;stroj pro obchodn&iacute;ky v&scaron;ech &uacute;rovn&iacute;. Umo&#382;&#328;uje v&aacute;m snadno a efektivn&#283; obchodovat s bitcoiny a r&#367;zn&yacute;mi kryptom&#283;nami s maxim&aacute;ln&iacute;m pohodl&iacute;m.<\/p>\n\n\n\n<p class=\"has-text-align-center\">S KW_00002 se m&#367;&#382;ete pono&#345;it do sv&#283;ta obchodov&aacute;n&iacute; s kryptom&#283;nami, ani&#382; byste museli v&#283;novat mnoho &#269;asu a &uacute;sil&iacute; studiu informac&iacute; o trhu a trendech. Pry&#269; jsou dny, kdy jste se museli slo&#382;it&#283; u&#269;it obchodovat a sna&#382;it se dos&aacute;hnout potenci&aacute;ln&iacute;ho zisku. Na&scaron;e &#345;e&scaron;en&iacute; eliminuje pot&#345;ebu p&#345;edchoz&iacute;ch znalost&iacute; a zku&scaron;enost&iacute;, tak&#382;e se m&#367;&#382;ete vydat na cestu obchodov&aacute;n&iacute; s minimem &#269;asu a &uacute;sil&iacute;.<\/p>\n\n<\/div><\/div>\n\n<div class=\"gb-grid-column gb-grid-column-6922dcd9\"><div class=\"gb-container gb-container-6922dcd9\">\n<div class=\"gb-container gb-container-b5c2993b\">\n\n<span class=\"gb-button gb-button-05b34aef\"><span class=\"gb-icon\"><svg xmlns=\"http:\/\/www.w3.org\/2000\/svg\" height=\"15\" width=\"15\" fill=\"none\" viewbox=\"0 0 15 15\"><path fill=\"currentColor\" d=\"M4 4V1.5A1.5 1.5 0 015.5 0h8A1.5 1.5 0 0115 1.5v8a1.5 1.5 0 01-1.5 1.5H11v2.5A1.5 1.5 0 019.5 15h-8A1.5 1.5 0 010 13.5v-8A1.5 1.5 0 011.5 4H4zm6 1v5H5V5h5z\" clip-rule=\"evenodd\" fill-rule=\"evenodd\"><\/path><\/svg><\/span><\/span>\n\n<\/div>\n\n\n<h3 class=\"gb-headline gb-headline-13950594 gb-headline-text\"><strong>KW_00001 Recenze obchodn&iacute;ka<\/strong><\/h3>\n\n\n\n<p class=\"has-text-align-center\">KW_00001 je spolehliv&yacute; obchodn&iacute; n&aacute;stroj, kter&yacute; nab&iacute;z&iacute; jak manu&aacute;ln&iacute;, tak pln&#283; automatizovan&eacute; mo&#382;nosti, ur&#269;en&eacute; k prov&aacute;d&#283;n&iacute; p&#345;esn&yacute;ch obchod&#367; s kryptom&#283;nami va&scaron;&iacute;m jm&eacute;nem. Na rozd&iacute;l od jin&yacute;ch softwar&#367; pro obchodov&aacute;n&iacute; s m&#283;nou Bitcoin je na&scaron;e platforma vybavena pokro&#269;il&yacute;mi algoritmy, kter&eacute; analyzuj&iacute; tr&#382;n&iacute; data a zaji&scaron;&#357;uj&iacute; p&#367;sobivou p&#345;esnost 99,4 % p&#345;i otev&iacute;r&aacute;n&iacute; a uzav&iacute;r&aacute;n&iacute; obchod&#367;. KW_00002 se vyzna&#269;uje pozoruhodn&yacute;m n&aacute;skokem 0,01 sekundy oproti konkuren&#269;n&iacute;mu softwaru, d&iacute;ky &#269;emu&#382; je pro obchodn&iacute;ky preferovanou volbou.<\/p>\n\n\n\n<p class=\"has-text-align-center\">Spole&#269;nost KW_00003, ocen&#283;n&aacute; uzn&aacute;vanou americkou asociac&iacute; pro obchodov&aacute;n&iacute;, si zajistila prvn&iacute; m&iacute;sto v kategorii obchodn&iacute;ho softwaru. Nav&iacute;c d&iacute;ky sv&eacute; webov&eacute; povaze nen&iacute; nutn&eacute; stahovat soubory, co&#382; si z&iacute;skalo souhlas antivirov&yacute;ch spole&#269;nost&iacute; pro lep&scaron;&iacute; zabezpe&#269;en&iacute;.<\/p>\n\n<\/div><\/div>\n\n<div class=\"gb-grid-column gb-grid-column-58d3b69b\"><div class=\"gb-container gb-container-58d3b69b\">\n<div class=\"gb-container gb-container-7f21e89f\">\n\n<span class=\"gb-button gb-button-df17151f\"><span class=\"gb-icon\"><svg xmlns=\"http:\/\/www.w3.org\/2000\/svg\" height=\"15\" width=\"15\" fill=\"none\" viewbox=\"0 0 15 15\"><path fill=\"currentColor\" d=\"M4 4H1.5A1.5 1.5 0 000 5.5v8A1.5 1.5 0 001.5 15h8a1.5 1.5 0 001.5-1.5V11h2.5A1.5 1.5 0 0015 9.5v-8A1.5 1.5 0 0013.5 0h-8A1.5 1.5 0 004 1.5V4zm1-2.5a.5.5 0 01.5-.5h8a.5.5 0 01.5.5v8a.5.5 0 01-.5.5h-8a.5.5 0 01-.5-.5v-8z\" clip-rule=\"evenodd\" fill-rule=\"evenodd\"><\/path><\/svg><\/span><\/span>\n\n<\/div>\n\n\n<h3 class=\"gb-headline gb-headline-7625b1b1 gb-headline-text\"><strong>Dra&#269;&iacute; doup&#283;<\/strong><\/h3>\n\n\n\n<p class=\"has-text-align-center\">KW_00003 Software nem&aacute; absolutn&#283; &#382;&aacute;dnou spojitost s nechvaln&#283; zn&aacute;m&yacute;m podvodem Dragons Den. Dragons Den, zn&aacute;m&yacute; tak&eacute; jako podvod s bitcoinovou smy&#269;kou, funguje jako podvodn&eacute; sch&eacute;ma, kter&eacute; nic netu&scaron;&iacute;c&iacute; u&#382;ivatele l&aacute;k&aacute; k investici do podvodn&eacute;ho podniku, kter&yacute; je maskov&aacute;n jako inovativn&iacute; software pro za&#269;&iacute;naj&iacute;c&iacute; podniky. Je d&#367;le&#382;it&eacute; si uv&#283;domit, &#382;e tento podvod se neobjevil v televizn&iacute;m po&#345;adu Dra&#269;&iacute; doup&#283; a nebyl podpo&#345;en ani po&#345;adem, ani jeho herci.<\/p>\n\n\n\n<p class=\"has-text-align-center\">Je d&#367;le&#382;it&eacute; zd&#367;raznit, &#382;e Dragons Den pouze vyu&#382;il pov&#283;sti p&#367;vodn&iacute;ho renomovan&eacute;ho softwaru a celebrit po&#345;adu k podvodn&eacute;mu oklam&aacute;n&iacute; jednotlivc&#367;, aby se rozlou&#269;ili se sv&yacute;mi t&#283;&#382;ce vyd&#283;lan&yacute;mi pen&#283;zi. Je d&#367;le&#382;it&eacute; b&yacute;t obez&#345;etn&yacute; a vyh&yacute;bat se reklam&aacute;m nebo publikac&iacute;m, kter&eacute; uv&aacute;d&#283;j&iacute; nepodlo&#382;en&aacute; tvrzen&iacute;, proto&#382;e nemaj&iacute; &#382;&aacute;dnou souvislost se skute&#269;n&yacute;m softwarem KW_00002.<\/p>\n\n<\/div><\/div>\n<\/div>\n<\/div>\n<\/div><div class=\"gb-container gb-container-39bfdacb\">\n<div class=\"gb-container gb-container-45f3ab74\">\n\n<h3 class=\"gb-headline gb-headline-e982b89b gb-headline-text\">Bezpe&#269;n&#283; se zaregistrujte do KW_00001<\/h3>\n\n\n\n<a class=\"gb-button gb-button-a3e3ab09\" href=\"https:\/\/oilevexpro.com\/cs\/\"><span class=\"gb-button-text\">Bezpe&#269;n&aacute; registrace<\/span><span class=\"gb-icon\"><svg xmlns=\"http:\/\/www.w3.org\/2000\/svg\" aria-hidden=\"true\" role=\"img\" height=\"1em\" width=\"1em\" viewbox=\"0 0 256 512\"><path fill=\"currentColor\" d=\"M224.3 273l-136 136c-9.4 9.4-24.6 9.4-33.9 0l-22.6-22.6c-9.4-9.4-9.4-24.6 0-33.9l96.4-96.4-96.4-96.4c-9.4-9.4-9.4-24.6 0-33.9L54.3 103c9.4-9.4 24.6-9.4 33.9 0l136 136c9.5 9.4 9.5 24.6.1 34z\"><\/path><\/svg><\/span><\/a>\n\n<\/div>\n<\/div>\n","protected":false},"excerpt":{"rendered":"<p>O nejnov&#283;j&scaron;&iacute; verzi 2.0 KW_00001 V&yacute;hody softwaru KW_00001 KW_00001 vynik&aacute; neust&aacute;l&yacute;m shroma&#382;&#271;ov&aacute;n&iacute;m a efektivn&iacute; anal&yacute;zou tr&#382;n&iacute;ch dat v re&aacute;ln&eacute;m &#269;ase. Tato jedine&#269;n&aacute; schopnost umo&#382;&#328;uje na&scaron;emu softwaru prov&aacute;d&#283;t za v&aacute;s obchodn&iacute; p&#345;&iacute;kazy neb&yacute;valou rychlost&iacute;, &#269;&iacute;m&#382; p&#345;ekon&aacute;v&aacute; jak lidsk&eacute; obchodn&iacute;ky, tak jin&aacute; softwarov&aacute; &#345;e&scaron;en&iacute;. Nejen&#382;e KW_00002 prov&aacute;d&iacute; obchody rychleji, ale tak&eacute; se p&#345;i rozhodov&aacute;n&iacute; o obchodov&aacute;n&iacute; spol&eacute;h&aacute; &#8230; <a title=\"O n\u00e1s\" class=\"read-more\" href=\"https:\/\/oilevexpro.com\/cs\/o-nas\/\" aria-label=\"\u010c\u00edst v\u00edce o O n\u00e1s\">Read more<\/a><\/p>\n","protected":false},"author":1,"featured_media":0,"parent":0,"menu_order":0,"comment_status":"closed","ping_status":"closed","template":"","meta":{"footnotes":""},"class_list":["post-5106","page","type-page","status-publish"],"_links":{"self":[{"href":"https:\/\/oilevexpro.com\/cs\/wp-json\/wp\/v2\/pages\/5106","targetHints":{"allow":["GET"]}}],"collection":[{"href":"https:\/\/oilevexpro.com\/cs\/wp-json\/wp\/v2\/pages"}],"about":[{"href":"https:\/\/oilevexpro.com\/cs\/wp-json\/wp\/v2\/types\/page"}],"author":[{"embeddable":true,"href":"https:\/\/oilevexpro.com\/cs\/wp-json\/wp\/v2\/users\/1"}],"replies":[{"embeddable":true,"href":"https:\/\/oilevexpro.com\/cs\/wp-json\/wp\/v2\/comments?post=5106"}],"version-history":[{"count":0,"href":"https:\/\/oilevexpro.com\/cs\/wp-json\/wp\/v2\/pages\/5106\/revisions"}],"wp:attachment":[{"href":"https:\/\/oilevexpro.com\/cs\/wp-json\/wp\/v2\/media?parent=5106"}],"curies":[{"name":"wp","href":"https:\/\/api.w.org\/{rel}","templated":true}]}}