{"id":5121,"date":"2020-09-18T14:36:50","date_gmt":"2020-09-18T14:36:50","guid":{"rendered":"https:\/\/oilevexpro.com\/om-os\/"},"modified":"2024-11-14T20:26:56","modified_gmt":"2024-11-14T20:26:56","slug":"om-os","status":"publish","type":"page","link":"https:\/\/oilevexpro.com\/da\/om-os\/","title":{"rendered":"Om os"},"content":{"rendered":"<?xml encoding=\"UTF-8\"><div class=\"gb-container gb-container-a462a256\">\n<div class=\"gb-container gb-container-2acc6621\">\n\n<h1 class=\"gb-headline gb-headline-d325e19c gb-headline-text\">Om den seneste 2.0 KW_00001-version<\/h1>\n\n<\/div>\n<\/div><div class=\"gb-container gb-container-287f468b\">\n<div class=\"gb-grid-wrapper gb-grid-wrapper-b386d038\">\n<div class=\"gb-grid-column gb-grid-column-387381c3\"><div class=\"gb-container gb-container-387381c3\">\n\n<h2 class=\"gb-headline gb-headline-db283a53 gb-headline-text\">Hvad er KW_00001?<\/h2>\n\n\n\n<p>Ved at blive medlem af KW_00001-f&aelig;llesskabet f&aring;r du eksklusiv adgang til den f&oslash;rende software til handel med kryptovaluta. Det, der adskiller vores platform, er dens brugervenlige interface, der g&oslash;r den tilg&aelig;ngelig for personer uden tidligere handelserfaring eller specialiserede f&aelig;rdigheder.<\/p>\n\n\n\n<p>Vores platform tilbyder en lang r&aelig;kke fordele, der str&oslash;mliner din handelsrejse. Den indsamler ikke kun data, men udf&oslash;rer ogs&aring; omfattende analyser, der muligg&oslash;r rationel og f&oslash;lelsesfri beslutningstagning. Desuden udf&oslash;rer den problemfrit handler p&aring; dine vegne og fungerer n&aelig;sten d&oslash;gnet rundt.<\/p>\n\n\n\n<p>KW_00002 er mere end bare en automatiseret handelssoftware; det er et blomstrende online handelsf&aelig;llesskab. Som medlem kan du nyde godt af fordelene ved automatiseret og profitabel kryptovalutahandel i et st&oslash;ttende f&aelig;llesskab.<\/p>\n\n\n\n<p>Vores banebrydende teknologi g&oslash;r KW_00003 i stand til at analysere markedstendenser og udf&oslash;re handler med en utrolig hastighed, der overg&aring;r mange andre handelssoftware med bem&aelig;rkelsesv&aelig;rdige 0,01 sekunder. Denne fordel sikrer, at du er p&aring; forkant i den hurtige verden af kryptovalutahandel.<\/p>\n\n<\/div><\/div>\n\n<div class=\"gb-grid-column gb-grid-column-51a60565\"><div class=\"gb-container gb-container-51a60565\">\n\n<h2 class=\"gb-headline gb-headline-d521daef gb-headline-text\">L&aelig;r om vores platform &ndash; gratis registrering<\/h2>\n\n\n    <script>\n        localStorage.setItem('fxbot_ab_testing', '{\"login\":[],\"registration\":[],\"contactus\":[]}');\n    <\/script>\n    <style>\n        .reCAPTCHAContent {\n            display: none;\n            visibility: hidden;\n        }\n    <\/style>\n\n\n<script>\n    localStorage.setItem('fxbot_api_parameters', '[{\"key\":\"emailmarketing\",\"value\":\"1\",\"override\":true},{\"key\":\"funnel\",\"value\":\"KW_F_00001\",\"override\":true}]');\n    localStorage.setItem('fxbot_alias_url', 'wp-content\/plugins\/fxbot-registration-form\/api.php');\n    localStorage.setItem('fxbot_email_marketing', '1');\n    localStorage.setItem('fxbot_email_marketing_debounce', 'true');\n    localStorage.setItem('fxbot_email_marketing_debounce_time', '1000');\n    localStorage.setItem('fxbot_recaptcha_enabled', 'false');\n    localStorage.setItem('fxbot_recaptcha_site_key', 'EMPTY');\n    localStorage.setItem('fxbot_alt_reg_popup_query_selector', '');\n    localStorage.setItem('fxbot_redirectVariant', '0');\n<\/script>\n<div class=\"form-widget\" id=\"optInFormWrapper\">\n    <form action=\"\" class=\"flex flex-column\" data-form=\"optInForm\" data-urlsearchparams=\"\" data-widget=\"registration_2_step\" id=\"opt-form\" method=\"post\" name=\"optInForm\">\n        <div class=\"elementor-field-type-text elementor-field-group elementor-column elementor-field-group-name elementor-col-100 form-group\">\n            <label for=\"form-first_name\" class=\"elementor-field-label elementor-screen-only\">Fornavn<\/label>\n            <input class=\"elementor-field elementor-size-sm  elementor-field-textual regFormFirstName\" placeholder=\"Fornavn\" data-input=\"firstname\" data-valid=\"false\" id=\"form-first_name\" name=\"firstname\" size=\"1\" type=\"text\">\n            <p class=\"error-message\"><\/p>\n        <\/div>\n\n        <div class=\"elementor-field-type-text elementor-field-group elementor-column elementor-field-group-name elementor-col-100 form-group\">\n            <label for=\"form-last_name\" class=\"elementor-field-label elementor-screen-only\">Efternavn<\/label>\n            <input class=\"elementor-field elementor-size-sm elementor-field-textual regFormLastNname\" placeholder=\"Efternavn\" data-input=\"lastname\" data-valid=\"false\" id=\"form-last_name\" name=\"lastname\" size=\"1\" type=\"text\">\n            <p class=\"error-message\"><\/p>\n        <\/div>\n\n        <div class=\"form-group elementor-field-type-text elementor-field-group elementor-column elementor-field-group-name elementor-col-100\">\n            <label class=\"elementor-field-label elementor-screen-only\" for=\"form-email\">E-mail<\/label>\n            <input class=\"regFormEmail elementor-field elementor-size-sm elementor-field-textual\" placeholder=\"E-mail\" data-input=\"email\" data-valid=\"false\" id=\"form-email\" name=\"email\" type=\"email\">\n            <p class=\"error-message\"><\/p>\n            <div class=\"form-group__emailValid-info\">\n                <span class=\"form-group__emailValid-message\"><span>Mente du<\/span> <b><\/b>?<\/span> <span class=\"form-group__emailValid-btn\">Erstatte<\/span>            <\/div>\n        <\/div>\n\n        <p class=\"reCAPTCHAContent\">\n            Dette site er beskyttet af reCAPTCHA, og <a href=\"https:\/\/policies.google.com\/privacy\" target=\"_blank\" rel=\"noopener\">Googles privatlivspolitik<\/a> og <a href=\"https:\/\/policies.google.com\/terms\" target=\"_blank\" rel=\"noopener\">servicevilk\u00e5r<\/a> g\u00e6lder.        <\/p>\n\n        <button class=\"zoom regFormButton elementor-button elementor-size-sm\" data-button=\"submit\" id=\"optInForm-btn\">\n            Learn More        <\/button>\n    <\/form>\n<\/div>\n<div class=\"form-widget\" id=\"regFormWrapper\" style=\"visibility: hidden; width: 0; height:0\">\n    <form action=\"\" class=\"flex flex-column\" data-form=\"registrationForm\" data-urlsearchparams=\"\" data-widget=\"registration_2_step\" id=\"reg-form\" method=\"post\" name=\"registrationForm\">\n        <div class=\"elementor-field-type-text elementor-field-group elementor-column elementor-field-group-name elementor-col-100 form-group\">\n            <label for=\"form-first_name\" class=\"elementor-field-label elementor-screen-only\">Fornavn<\/label>\n            <input class=\"elementor-field elementor-size-sm  elementor-field-textual regFormFirstName\" placeholder=\"Fornavn\" data-input=\"firstname\" data-valid=\"false\" id=\"form-first_name\" name=\"firstname\" size=\"1\" type=\"text\">\n            <p class=\"error-message\"><\/p>\n        <\/div>\n\n        <div class=\"elementor-field-type-text elementor-field-group elementor-column elementor-field-group-name elementor-col-100 form-group\">\n            <label for=\"form-last_name\" class=\"elementor-field-label elementor-screen-only\">Efternavn<\/label>\n            <input class=\"elementor-field elementor-size-sm elementor-field-textual regFormLastNname\" placeholder=\"Efternavn\" data-input=\"lastname\" data-valid=\"false\" id=\"form-last_name\" name=\"lastname\" size=\"1\" type=\"text\">\n            <p class=\"error-message\"><\/p>\n        <\/div>\n\n        <div class=\"elementor-field-type-text elementor-field-group elementor-column elementor-field-group-name elementor-col-100 form-group form-group__emailValid\">\n            <label class=\"elementor-field-label elementor-screen-only\" for=\"form-email\">E-mail<\/label>\n            <input class=\"elementor-field elementor-size-sm elementor-field-textual regFormEmail\" placeholder=\"E-mail\" data-input=\"email\" data-valid=\"false\" id=\"form-email\" name=\"email\" type=\"email\">\n            <p class=\"error-message\"><\/p>\n            <p class=\"form-group__emailValid-info\">\n                <span class=\"form-group__emailValid-message\"><span>Mente du<\/span> <b><\/b>?<\/span> <span class=\"form-group__emailValid-btn\">Erstatte<\/span>            <\/p>\n        <\/div>\n\n        <div class=\"elementor-field-type-tel elementor-field-group elementor-column elementor-field-group-field_fad38fc elementor-col-100 form-group reg-phone\">\n            <label class=\"elementor-field-label elementor-screen-only\" for=\"form-phone_number\">Telefonnummer<\/label>\n            <input class=\"elementor-field elementor-size-sm elementor-field-textual regFormPhoneNumber\" placeholder=\"Telefonnummer\" autocompvare=\"off\" data-input=\"phone_number\" data-valid=\"false\" id=\"form-phone_number\" name=\"phone_number\" size=\"1\" type=\"text\">\n            <p class=\"error-message\"><\/p>\n        <\/div>\n\n        <p class=\"reCAPTCHAContent\">\n            Dette site er beskyttet af reCAPTCHA, og <a href=\"https:\/\/policies.google.com\/privacy\" target=\"_blank\" rel=\"noopener\">Googles privatlivspolitik<\/a> og <a href=\"https:\/\/policies.google.com\/terms\" target=\"_blank\" rel=\"noopener\">servicevilk\u00e5r<\/a> g\u00e6lder.        <\/p>\n\n        <button class=\"elementor-button zoom regFormButton\" data-button=\"submit\" id=\"form-btn\" type=\"button\">\n            Learn More        <\/button>\n\n        <div class=\"wrapper__rar-no\" data-modal=\"success\" style=\"display: none\">\n            <div class=\"success\">\n                <img decoding=\"async\" src=\"\/wp-content\/plugins\/fxbot-registration-form\/assets\/images\/regSuccess.png\" alt=\"Tak for tilmeldingen\">\n                <p>Tak for tilmeldingen.<br\/>Vores agent vil kontakte dig snarest.<br\/>S\u00f8rg for, at du har brugt det faktiske telefonnummer.<br\/>Sk\u00e5l.<\/p>\n            <\/div>\n        <\/div>\n\n        <div class=\"wrapper__rar-no\" data-modal=\"alternative_success\" style=\"display: none\">\n            <div class=\"success\">\n                <p class=\"reg_title\">\n                    <b>Du har succesfuldt oprettet forbindelse.<\/b>\n                <\/p>\n                <p>En agent fra virksomheden vil kontakte dig snart. V\u00e6r venlig at sikre, at du er tilg\u00e6ngelig p\u00e5 telefonen for at undg\u00e5 at g\u00e5 glip af opkaldet.<\/p>\n            <\/div>\n        <\/div>\n\n        <div class=\"wrapper__error\" data-modal=\"error\" style=\"display: none\"><\/div>\n    <\/form>\n<\/div>\n\n<div class=\"submit-overlay\" style=\"display: none;\">\n    <div class=\"lds-spinner\">\n        <div><\/div>\n        <div><\/div>\n        <div><\/div>\n        <div><\/div>\n        <div><\/div>\n        <div><\/div>\n        <div><\/div>\n        <div><\/div>\n    <\/div>\n    <p class=\"overlay-text\">Forbinder dig til den bedste m\u00e6gler i dit omr\u00e5de<\/p>\n<\/div>\n\n\n<\/div><\/div>\n<\/div>\n<\/div><div class=\"gb-container gb-container-197d4570\">\n\n<a class=\"gb-button gb-button-e8c7dfa5\" href=\"https:\/\/oilevexpro.com\/da\/\"><span class=\"gb-button-text\">F&Aring; ADGANG TIL KW_00001 NU<\/span><span class=\"gb-icon\"><svg xmlns=\"http:\/\/www.w3.org\/2000\/svg\" aria-hidden=\"true\" role=\"img\" height=\"1em\" width=\"1em\" viewbox=\"0 0 256 512\"><path fill=\"currentColor\" d=\"M224.3 273l-136 136c-9.4 9.4-24.6 9.4-33.9 0l-22.6-22.6c-9.4-9.4-9.4-24.6 0-33.9l96.4-96.4-96.4-96.4c-9.4-9.4-9.4-24.6 0-33.9L54.3 103c9.4-9.4 24.6-9.4 33.9 0l136 136c9.5 9.4 9.5 24.6.1 34z\"><\/path><\/svg><\/span><\/a>\n\n<\/div><div class=\"gb-container gb-container-1bdeec8b\">\n<div class=\"gb-container gb-container-9d34a979\"><\/div>\n\n<div class=\"gb-container gb-container-1e789d4e\">\n\n<h3 class=\"gb-headline gb-headline-29613722 gb-headline-text\"><strong>Fordelene ved KW_00001-software<\/strong><\/h3>\n\n\n\n<p>KW_00001 udm&aelig;rker sig ved sin konstante indsamling og effektive analyse af markedsdata i realtid. Denne unikke evne g&oslash;r det muligt for vores software at udf&oslash;re handelsordrer for dig med en hidtil uset hastighed, der overg&aring;r b&aring;de menneskelige tradere og andre softwarel&oslash;sninger. Ikke alene udf&oslash;rer KW_00002 handler hurtigere, men den er ogs&aring; afh&aelig;ngig af statistik, logik og matematiske algoritmer for at tr&aelig;ffe handelsbeslutninger, hvilket eliminerer indflydelsen fra menneskelige f&oslash;lelser og sikrer objektiv handel.<\/p>\n\n\n\n<p>En af de fremtr&aelig;dende funktioner i KW_00003 er dens evne til at lette backstaging. Dette uvurderlige v&aelig;rkt&oslash;j giver dig mulighed for at teste dine valgte indstillinger baseret p&aring; historiske markedsforhold. Ved at udnytte denne funktion kan du finjustere dine indstillinger for at maksimere rentabiliteten. Du kan v&aelig;re sikker p&aring;, at vores sofistikerede software vil overholde dine fastlagte regler, mens den h&aring;ndterer alle handelsopgaver p&aring; dine vegne.<\/p>\n\n\n\n<p>KW_00003 tilbyder fleksibiliteten ved b&aring;de automatiske og manuelle handelsmuligheder og henvender sig til brugere med forskellige f&aelig;rdighedsniveauer, tidsbegr&aelig;nsninger og interesser. Med vores platform kan du administrere flere konti, s&aring; du kan eksperimentere, &aelig;ndre og sammenligne forskellige strategier. Omfavn de mange handelsmuligheder, som KW_00002 pr&aelig;senterer, og grib rigelige muligheder for at maksimere din fortjeneste.<\/p>\n\n<\/div>\n<\/div><div class=\"gb-container gb-container-67945ee0\">\n<div class=\"gb-container gb-container-12a13938\">\n\n<a class=\"gb-button gb-button-15cad45f\" href=\"https:\/\/oilevexpro.com\/da\/\"><span class=\"gb-button-text\"><strong>TEST KW_00001<\/strong><\/span><span class=\"gb-icon\"><svg xmlns=\"http:\/\/www.w3.org\/2000\/svg\" aria-hidden=\"true\" role=\"img\" height=\"1em\" width=\"1em\" viewbox=\"0 0 256 512\"><path fill=\"currentColor\" d=\"M224.3 273l-136 136c-9.4 9.4-24.6 9.4-33.9 0l-22.6-22.6c-9.4-9.4-9.4-24.6 0-33.9l96.4-96.4-96.4-96.4c-9.4-9.4-9.4-24.6 0-33.9L54.3 103c9.4-9.4 24.6-9.4 33.9 0l136 136c9.5 9.4 9.5 24.6.1 34z\"><\/path><\/svg><\/span><\/a>\n\n<\/div>\n<\/div><div class=\"gb-container gb-container-5d2e4740\">\n<div class=\"gb-container gb-container-d34d15be\">\n<div class=\"gb-grid-wrapper gb-grid-wrapper-4257ebc4\">\n<div class=\"gb-grid-column gb-grid-column-60a1d140\"><div class=\"gb-container gb-container-60a1d140\">\n<div class=\"gb-container gb-container-d446dbb2\">\n\n<span class=\"gb-button gb-button-4f39012e\"><span class=\"gb-icon\"><svg xmlns=\"http:\/\/www.w3.org\/2000\/svg\" height=\"15\" width=\"15\" fill=\"none\" viewbox=\"0 0 15 15\"><path fill=\"currentColor\" d=\"M4 1.5V4H1.5A1.5 1.5 0 000 5.5v8A1.5 1.5 0 001.5 15h8a1.5 1.5 0 001.5-1.5V11h2.5A1.5 1.5 0 0015 9.5v-8A1.5 1.5 0 0013.5 0h-8A1.5 1.5 0 004 1.5zM5.5 1a.5.5 0 00-.5.5V4h4.5A1.5 1.5 0 0111 5.5V10h2.5a.5.5 0 00.5-.5v-8a.5.5 0 00-.5-.5h-8zm0 10A1.5 1.5 0 014 9.5V5H1.5a.5.5 0 00-.5.5v8a.5.5 0 00.5.5h8a.5.5 0 00.5-.5V11H5.5z\" clip-rule=\"evenodd\" fill-rule=\"evenodd\"><\/path><\/svg><\/span><\/span>\n\n<\/div>\n\n\n<h3 class=\"gb-headline gb-headline-f8d314cb gb-headline-text\"><strong>Softwarel&oslash;sningen<\/strong><\/h3>\n\n\n\n<p class=\"has-text-align-center\">KW_00001 er omhyggeligt udformet til at opfylde sit form&aring;l som et v&aelig;rdifuldt og brugervenligt v&aelig;rkt&oslash;j for handlere p&aring; alle niveauer. Det giver dig mulighed for nemt og effektivt at handle Bitcoin og forskellige kryptovalutaer med den st&oslash;rste bekvemmelighed.<\/p>\n\n\n\n<p class=\"has-text-align-center\">Med KW_00002 kan du dykke ned i kryptovalutahandelens verden uden at bruge lang tid og kr&aelig;fter p&aring; at studere markedsoplysninger og tendenser. Det er slut med at skulle l&aelig;re at handle og k&aelig;mpe for at opn&aring; en potentiel fortjeneste. Vores l&oslash;sning eliminerer behovet for forudg&aring;ende viden og erfaring, s&aring; du kan g&aring; i gang med din handelsrejse med minimal investering af tid og kr&aelig;fter.<\/p>\n\n<\/div><\/div>\n\n<div class=\"gb-grid-column gb-grid-column-6922dcd9\"><div class=\"gb-container gb-container-6922dcd9\">\n<div class=\"gb-container gb-container-b5c2993b\">\n\n<span class=\"gb-button gb-button-05b34aef\"><span class=\"gb-icon\"><svg xmlns=\"http:\/\/www.w3.org\/2000\/svg\" height=\"15\" width=\"15\" fill=\"none\" viewbox=\"0 0 15 15\"><path fill=\"currentColor\" d=\"M4 4V1.5A1.5 1.5 0 015.5 0h8A1.5 1.5 0 0115 1.5v8a1.5 1.5 0 01-1.5 1.5H11v2.5A1.5 1.5 0 019.5 15h-8A1.5 1.5 0 010 13.5v-8A1.5 1.5 0 011.5 4H4zm6 1v5H5V5h5z\" clip-rule=\"evenodd\" fill-rule=\"evenodd\"><\/path><\/svg><\/span><\/span>\n\n<\/div>\n\n\n<h3 class=\"gb-headline gb-headline-13950594 gb-headline-text\"><strong>KW_00001 Trader-anmeldelse<\/strong><\/h3>\n\n\n\n<p class=\"has-text-align-center\">KW_00001 er et p&aring;lideligt handelsv&aelig;rkt&oslash;j, der tilbyder b&aring;de manuelle og fuldautomatiske muligheder, designet til at udf&oslash;re pr&aelig;cise kryptovalutahandler p&aring; dine vegne. I mods&aelig;tning til anden Bitcoin-valutahandelssoftware er vores platform drevet af avancerede algoritmer, der analyserer markedsdata og sikrer en imponerende n&oslash;jagtighedsrate p&aring; 99,4% ved &aring;bning og lukning af handler. Det, der adskiller KW_00002, er dens bem&aelig;rkelsesv&aelig;rdige 0,01 sekunders fordel i forhold til konkurrerende software, hvilket g&oslash;r den til det foretrukne valg for tradere.<\/p>\n\n\n\n<p class=\"has-text-align-center\">Anerkendt af den ansete US Trading Association har KW_00003 sikret sig topplaceringen i kategorien Trading software. Derudover eliminerer dens webbaserede natur behovet for downloads, hvilket har f&aring;et antivirusfirmaer til at godkende den forbedrede sikkerhed.<\/p>\n\n<\/div><\/div>\n\n<div class=\"gb-grid-column gb-grid-column-58d3b69b\"><div class=\"gb-container gb-container-58d3b69b\">\n<div class=\"gb-container gb-container-7f21e89f\">\n\n<span class=\"gb-button gb-button-df17151f\"><span class=\"gb-icon\"><svg xmlns=\"http:\/\/www.w3.org\/2000\/svg\" height=\"15\" width=\"15\" fill=\"none\" viewbox=\"0 0 15 15\"><path fill=\"currentColor\" d=\"M4 4H1.5A1.5 1.5 0 000 5.5v8A1.5 1.5 0 001.5 15h8a1.5 1.5 0 001.5-1.5V11h2.5A1.5 1.5 0 0015 9.5v-8A1.5 1.5 0 0013.5 0h-8A1.5 1.5 0 004 1.5V4zm1-2.5a.5.5 0 01.5-.5h8a.5.5 0 01.5.5v8a.5.5 0 01-.5.5h-8a.5.5 0 01-.5-.5v-8z\" clip-rule=\"evenodd\" fill-rule=\"evenodd\"><\/path><\/svg><\/span><\/span>\n\n<\/div>\n\n\n<h3 class=\"gb-headline gb-headline-7625b1b1 gb-headline-text\"><strong>Dragons Den<\/strong><\/h3>\n\n\n\n<p class=\"has-text-align-center\">KW_00003 Software har absolut ingen tilknytning til det berygtede Dragons Den-svindel. Dragons Den, ogs&aring; kendt som Bitcoin Loophole-svindelnummeret, fungerer som en bedragerisk ordning, der lokker intetanende brugere til at investere i et bedragerisk foretagende forkl&aelig;dt som en innovativ opstartssoftware. Det er vigtigt at understrege, at dette fupnummer ikke blev vist i tv-programmet Dragon&rsquo;s Den, og at det ikke blev godkendt af programmet eller dets skuespillere.<\/p>\n\n\n\n<p class=\"has-text-align-center\">Det er vigtigt at understrege, at Dragons Den blot udnyttede omd&oslash;mmet af den oprindelige velrenommerede software og showets ber&oslash;mtheder til bedragerisk at narre folk til at skille sig af med deres h&aring;rdt tjente penge. Det er vigtigt at udvise forsigtighed og holde sig fra reklamer eller publikationer, der kommer med grundl&oslash;se p&aring;stande, da de ikke har nogen sammenh&aelig;ng med den &aelig;gte KW_00002-software.<\/p>\n\n<\/div><\/div>\n<\/div>\n<\/div>\n<\/div><div class=\"gb-container gb-container-39bfdacb\">\n<div class=\"gb-container gb-container-45f3ab74\">\n\n<h3 class=\"gb-headline gb-headline-e982b89b gb-headline-text\">Registrer dig sikkert p&aring; KW_00001<\/h3>\n\n\n\n<a class=\"gb-button gb-button-a3e3ab09\" href=\"https:\/\/oilevexpro.com\/da\/\"><span class=\"gb-button-text\">Registrer dig sikkert<\/span><span class=\"gb-icon\"><svg xmlns=\"http:\/\/www.w3.org\/2000\/svg\" aria-hidden=\"true\" role=\"img\" height=\"1em\" width=\"1em\" viewbox=\"0 0 256 512\"><path fill=\"currentColor\" d=\"M224.3 273l-136 136c-9.4 9.4-24.6 9.4-33.9 0l-22.6-22.6c-9.4-9.4-9.4-24.6 0-33.9l96.4-96.4-96.4-96.4c-9.4-9.4-9.4-24.6 0-33.9L54.3 103c9.4-9.4 24.6-9.4 33.9 0l136 136c9.5 9.4 9.5 24.6.1 34z\"><\/path><\/svg><\/span><\/a>\n\n<\/div>\n<\/div>\n","protected":false},"excerpt":{"rendered":"<p>Om den seneste 2.0 KW_00001-version Fordelene ved KW_00001-software KW_00001 udm&aelig;rker sig ved sin konstante indsamling og effektive analyse af markedsdata i realtid. Denne unikke evne g&oslash;r det muligt for vores software at udf&oslash;re handelsordrer for dig med en hidtil uset hastighed, der overg&aring;r b&aring;de menneskelige tradere og andre softwarel&oslash;sninger. Ikke alene udf&oslash;rer KW_00002 handler hurtigere, &#8230; <a title=\"Om os\" class=\"read-more\" href=\"https:\/\/oilevexpro.com\/da\/om-os\/\" aria-label=\"Read more about Om os\">L\u00e6s Mere<\/a><\/p>\n","protected":false},"author":1,"featured_media":0,"parent":0,"menu_order":0,"comment_status":"closed","ping_status":"closed","template":"","meta":{"footnotes":""},"class_list":["post-5121","page","type-page","status-publish"],"_links":{"self":[{"href":"https:\/\/oilevexpro.com\/da\/wp-json\/wp\/v2\/pages\/5121","targetHints":{"allow":["GET"]}}],"collection":[{"href":"https:\/\/oilevexpro.com\/da\/wp-json\/wp\/v2\/pages"}],"about":[{"href":"https:\/\/oilevexpro.com\/da\/wp-json\/wp\/v2\/types\/page"}],"author":[{"embeddable":true,"href":"https:\/\/oilevexpro.com\/da\/wp-json\/wp\/v2\/users\/1"}],"replies":[{"embeddable":true,"href":"https:\/\/oilevexpro.com\/da\/wp-json\/wp\/v2\/comments?post=5121"}],"version-history":[{"count":0,"href":"https:\/\/oilevexpro.com\/da\/wp-json\/wp\/v2\/pages\/5121\/revisions"}],"wp:attachment":[{"href":"https:\/\/oilevexpro.com\/da\/wp-json\/wp\/v2\/media?parent=5121"}],"curies":[{"name":"wp","href":"https:\/\/api.w.org\/{rel}","templated":true}]}}