{"id":5101,"date":"2020-09-18T14:36:50","date_gmt":"2020-09-18T14:36:50","guid":{"rendered":"https:\/\/oilevexpro.com\/quienes-somos\/"},"modified":"2024-11-14T20:29:51","modified_gmt":"2024-11-14T20:29:51","slug":"quienes-somos","status":"publish","type":"page","link":"https:\/\/oilevexpro.com\/es\/quienes-somos\/","title":{"rendered":"Sobre nosotros"},"content":{"rendered":"<?xml encoding=\"UTF-8\"><div class=\"gb-container gb-container-a462a256\">\n<div class=\"gb-container gb-container-2acc6621\">\n\n<h1 class=\"gb-headline gb-headline-d325e19c gb-headline-text\">Acerca de la &uacute;ltima versi&oacute;n 2.0 KW_00001<\/h1>\n\n<\/div>\n<\/div><div class=\"gb-container gb-container-287f468b\">\n<div class=\"gb-grid-wrapper gb-grid-wrapper-b386d038\">\n<div class=\"gb-grid-column gb-grid-column-387381c3\"><div class=\"gb-container gb-container-387381c3\">\n\n<h2 class=\"gb-headline gb-headline-db283a53 gb-headline-text\">&iquest;Qu&eacute; es KW_00001?<\/h2>\n\n\n\n<p>Al convertirte en miembro de la comunidad KW_00001, obtienes acceso exclusivo al software l&iacute;der de comercio de criptomonedas. Lo que distingue a nuestra plataforma es su interfaz de f&aacute;cil uso, que la hace accesible a personas sin experiencia previa en negociaci&oacute;n ni conocimientos especializados.<\/p>\n\n\n\n<p>Nuestra plataforma ofrece multitud de ventajas, agilizando su operativa. No s&oacute;lo recopila datos, sino que realiza an&aacute;lisis exhaustivos que permiten tomar decisiones racionales y sin emociones. Adem&aacute;s, ejecuta sin problemas operaciones en su nombre, operando casi las 24 horas del d&iacute;a.<\/p>\n\n\n\n<p>KW_00002 es algo m&aacute;s que un software de trading automatizado: es una pr&oacute;spera comunidad de trading online. Como miembro, puede disfrutar de las ventajas del comercio automatizado y rentable de criptomonedas en un entorno comunitario de apoyo.<\/p>\n\n\n\n<p>Nuestra tecnolog&iacute;a de vanguardia permite a KW_00003 analizar las tendencias del mercado y ejecutar operaciones a una velocidad incre&iacute;ble, superando a muchos otros programas de negociaci&oacute;n en un notable 0,01 segundos. Esta ventaja le asegura mantenerse a la cabeza en el vertiginoso mundo del comercio de criptomonedas.<\/p>\n\n<\/div><\/div>\n\n<div class=\"gb-grid-column gb-grid-column-51a60565\"><div class=\"gb-container gb-container-51a60565\">\n\n<h2 class=\"gb-headline gb-headline-d521daef gb-headline-text\">Conoce nuestra plataforma &ndash; Registro gratuito<\/h2>\n\n\n    <script>\n        localStorage.setItem('fxbot_ab_testing', '{\"login\":[],\"registration\":[],\"contactus\":[]}');\n    <\/script>\n    <style>\n        .reCAPTCHAContent {\n            display: none;\n            visibility: hidden;\n        }\n    <\/style>\n\n\n<script>\n    localStorage.setItem('fxbot_api_parameters', '[{\"key\":\"emailmarketing\",\"value\":\"1\",\"override\":true},{\"key\":\"funnel\",\"value\":\"KW_F_00001\",\"override\":true}]');\n    localStorage.setItem('fxbot_alias_url', 'wp-content\/plugins\/fxbot-registration-form\/api.php');\n    localStorage.setItem('fxbot_email_marketing', '1');\n    localStorage.setItem('fxbot_email_marketing_debounce', 'true');\n    localStorage.setItem('fxbot_email_marketing_debounce_time', '1000');\n    localStorage.setItem('fxbot_recaptcha_enabled', 'false');\n    localStorage.setItem('fxbot_recaptcha_site_key', 'EMPTY');\n    localStorage.setItem('fxbot_alt_reg_popup_query_selector', '');\n    localStorage.setItem('fxbot_redirectVariant', '0');\n<\/script>\n<div class=\"form-widget\" id=\"optInFormWrapper\">\n    <form action=\"\" class=\"flex flex-column\" data-form=\"optInForm\" data-urlsearchparams=\"\" data-widget=\"registration_2_step\" id=\"opt-form\" method=\"post\" name=\"optInForm\">\n        <div class=\"elementor-field-type-text elementor-field-group elementor-column elementor-field-group-name elementor-col-100 form-group\">\n            <label for=\"form-first_name\" class=\"elementor-field-label elementor-screen-only\">Nombre<\/label>\n            <input class=\"elementor-field elementor-size-sm  elementor-field-textual regFormFirstName\" placeholder=\"Nombre\" data-input=\"firstname\" data-valid=\"false\" id=\"form-first_name\" name=\"firstname\" size=\"1\" type=\"text\">\n            <p class=\"error-message\"><\/p>\n        <\/div>\n\n        <div class=\"elementor-field-type-text elementor-field-group elementor-column elementor-field-group-name elementor-col-100 form-group\">\n            <label for=\"form-last_name\" class=\"elementor-field-label elementor-screen-only\">Apellido<\/label>\n            <input class=\"elementor-field elementor-size-sm elementor-field-textual regFormLastNname\" placeholder=\"Apellido\" data-input=\"lastname\" data-valid=\"false\" id=\"form-last_name\" name=\"lastname\" size=\"1\" type=\"text\">\n            <p class=\"error-message\"><\/p>\n        <\/div>\n\n        <div class=\"form-group elementor-field-type-text elementor-field-group elementor-column elementor-field-group-name elementor-col-100\">\n            <label class=\"elementor-field-label elementor-screen-only\" for=\"form-email\">Correo electr\u00f3nico<\/label>\n            <input class=\"regFormEmail elementor-field elementor-size-sm elementor-field-textual\" placeholder=\"Correo electr\u00f3nico\" data-input=\"email\" data-valid=\"false\" id=\"form-email\" name=\"email\" type=\"email\">\n            <p class=\"error-message\"><\/p>\n            <div class=\"form-group__emailValid-info\">\n                <span class=\"form-group__emailValid-message\"><span>\u00bfQuiso decir<\/span> <b><\/b>?<\/span> <span class=\"form-group__emailValid-btn\">Reemplazar<\/span>            <\/div>\n        <\/div>\n\n        <p class=\"reCAPTCHAContent\">\n            Este sitio est\u00e1 protegido por reCAPTCHA y se aplican la <a href=\"https:\/\/policies.google.com\/privacy\" target=\"_blank\" rel=\"noopener\">Pol\u00edtica de Privacidad<\/a> y los <a href=\"https:\/\/policies.google.com\/terms\" target=\"_blank\" rel=\"noopener\">T\u00e9rminos de Servicio<\/a> de Google.        <\/p>\n\n        <button class=\"zoom regFormButton elementor-button elementor-size-sm\" data-button=\"submit\" id=\"optInForm-btn\">\n            Learn More        <\/button>\n    <\/form>\n<\/div>\n<div class=\"form-widget\" id=\"regFormWrapper\" style=\"visibility: hidden; width: 0; height:0\">\n    <form action=\"\" class=\"flex flex-column\" data-form=\"registrationForm\" data-urlsearchparams=\"\" data-widget=\"registration_2_step\" id=\"reg-form\" method=\"post\" name=\"registrationForm\">\n        <div class=\"elementor-field-type-text elementor-field-group elementor-column elementor-field-group-name elementor-col-100 form-group\">\n            <label for=\"form-first_name\" class=\"elementor-field-label elementor-screen-only\">Nombre<\/label>\n            <input class=\"elementor-field elementor-size-sm  elementor-field-textual regFormFirstName\" placeholder=\"Nombre\" data-input=\"firstname\" data-valid=\"false\" id=\"form-first_name\" name=\"firstname\" size=\"1\" type=\"text\">\n            <p class=\"error-message\"><\/p>\n        <\/div>\n\n        <div class=\"elementor-field-type-text elementor-field-group elementor-column elementor-field-group-name elementor-col-100 form-group\">\n            <label for=\"form-last_name\" class=\"elementor-field-label elementor-screen-only\">Apellido<\/label>\n            <input class=\"elementor-field elementor-size-sm elementor-field-textual regFormLastNname\" placeholder=\"Apellido\" data-input=\"lastname\" data-valid=\"false\" id=\"form-last_name\" name=\"lastname\" size=\"1\" type=\"text\">\n            <p class=\"error-message\"><\/p>\n        <\/div>\n\n        <div class=\"elementor-field-type-text elementor-field-group elementor-column elementor-field-group-name elementor-col-100 form-group form-group__emailValid\">\n            <label class=\"elementor-field-label elementor-screen-only\" for=\"form-email\">Correo electr\u00f3nico<\/label>\n            <input class=\"elementor-field elementor-size-sm elementor-field-textual regFormEmail\" placeholder=\"Correo electr\u00f3nico\" data-input=\"email\" data-valid=\"false\" id=\"form-email\" name=\"email\" type=\"email\">\n            <p class=\"error-message\"><\/p>\n            <p class=\"form-group__emailValid-info\">\n                <span class=\"form-group__emailValid-message\"><span>\u00bfQuiso decir<\/span> <b><\/b>?<\/span> <span class=\"form-group__emailValid-btn\">Reemplazar<\/span>            <\/p>\n        <\/div>\n\n        <div class=\"elementor-field-type-tel elementor-field-group elementor-column elementor-field-group-field_fad38fc elementor-col-100 form-group reg-phone\">\n            <label class=\"elementor-field-label elementor-screen-only\" for=\"form-phone_number\">N\u00famero de tel\u00e9fono<\/label>\n            <input class=\"elementor-field elementor-size-sm elementor-field-textual regFormPhoneNumber\" placeholder=\"N\u00famero de tel\u00e9fono\" autocompvare=\"off\" data-input=\"phone_number\" data-valid=\"false\" id=\"form-phone_number\" name=\"phone_number\" size=\"1\" type=\"text\">\n            <p class=\"error-message\"><\/p>\n        <\/div>\n\n        <p class=\"reCAPTCHAContent\">\n            Este sitio est\u00e1 protegido por reCAPTCHA y se aplican la <a href=\"https:\/\/policies.google.com\/privacy\" target=\"_blank\" rel=\"noopener\">Pol\u00edtica de Privacidad<\/a> y los <a href=\"https:\/\/policies.google.com\/terms\" target=\"_blank\" rel=\"noopener\">T\u00e9rminos de Servicio<\/a> de Google.        <\/p>\n\n        <button class=\"elementor-button zoom regFormButton\" data-button=\"submit\" id=\"form-btn\" type=\"button\">\n            Learn More        <\/button>\n\n        <div class=\"wrapper__rar-no\" data-modal=\"success\" style=\"display: none\">\n            <div class=\"success\">\n                <img decoding=\"async\" src=\"\/wp-content\/plugins\/fxbot-registration-form\/assets\/images\/regSuccess.png\" alt=\"Gracias por registrarse\">\n                <p>Gracias por registrarte.<br\/> Nuestro agente se pondr\u00e1 en contacto contigo pronto.<br\/> Aseg\u00farate de haber utilizado el n\u00famero de tel\u00e9fono correcto.<br\/> Saludos.<\/p>\n            <\/div>\n        <\/div>\n\n        <div class=\"wrapper__rar-no\" data-modal=\"alternative_success\" style=\"display: none\">\n            <div class=\"success\">\n                <p class=\"reg_title\">\n                    <b>Se ha conectado correctamente.<\/b>\n                <\/p>\n                <p>Un agente de la empresa se pondr\u00e1 en contacto contigo en breve. Aseg\u00farate de estar disponible por tel\u00e9fono para no perder la llamada.<\/p>\n            <\/div>\n        <\/div>\n\n        <div class=\"wrapper__error\" data-modal=\"error\" style=\"display: none\"><\/div>\n    <\/form>\n<\/div>\n\n<div class=\"submit-overlay\" style=\"display: none;\">\n    <div class=\"lds-spinner\">\n        <div><\/div>\n        <div><\/div>\n        <div><\/div>\n        <div><\/div>\n        <div><\/div>\n        <div><\/div>\n        <div><\/div>\n        <div><\/div>\n    <\/div>\n    <p class=\"overlay-text\">Conect\u00e1ndolo con el mejor corredor en su \u00e1rea<\/p>\n<\/div>\n\n\n<\/div><\/div>\n<\/div>\n<\/div><div class=\"gb-container gb-container-197d4570\">\n\n<a class=\"gb-button gb-button-e8c7dfa5\" href=\"https:\/\/oilevexpro.com\/es\/\"><span class=\"gb-button-text\">ACCEDE AHORA AL KW_00001<\/span><span class=\"gb-icon\"><svg xmlns=\"http:\/\/www.w3.org\/2000\/svg\" aria-hidden=\"true\" role=\"img\" height=\"1em\" width=\"1em\" viewbox=\"0 0 256 512\"><path fill=\"currentColor\" d=\"M224.3 273l-136 136c-9.4 9.4-24.6 9.4-33.9 0l-22.6-22.6c-9.4-9.4-9.4-24.6 0-33.9l96.4-96.4-96.4-96.4c-9.4-9.4-9.4-24.6 0-33.9L54.3 103c9.4-9.4 24.6-9.4 33.9 0l136 136c9.5 9.4 9.5 24.6.1 34z\"><\/path><\/svg><\/span><\/a>\n\n<\/div><div class=\"gb-container gb-container-1bdeec8b\">\n<div class=\"gb-container gb-container-9d34a979\"><\/div>\n\n<div class=\"gb-container gb-container-1e789d4e\">\n\n<h3 class=\"gb-headline gb-headline-29613722 gb-headline-text\"><strong>Ventajas del software KW_00001<\/strong><\/h3>\n\n\n\n<p>KW_00001 destaca por su recopilaci&oacute;n constante y su an&aacute;lisis eficaz de datos de mercado en tiempo real. Esta capacidad &uacute;nica permite a nuestro software ejecutar &oacute;rdenes comerciales por usted a una velocidad sin precedentes, superando tanto a los operadores humanos como a otras soluciones de software. KW_00002 no s&oacute;lo ejecuta las operaciones m&aacute;s r&aacute;pidamente, sino que tambi&eacute;n se basa en estad&iacute;sticas, l&oacute;gica y algoritmos matem&aacute;ticos para tomar decisiones de negociaci&oacute;n, eliminando la influencia de las emociones humanas y garantizando una negociaci&oacute;n objetiva.<\/p>\n\n\n\n<p>Una de las caracter&iacute;sticas m&aacute;s destacadas de la KW_00003 es su capacidad para facilitar el backstaging. Esta valiosa herramienta le permite probar la configuraci&oacute;n elegida bas&aacute;ndose en las condiciones hist&oacute;ricas del mercado. Aprovechando esta funci&oacute;n, puede ajustar sus par&aacute;metros para maximizar la rentabilidad. Tenga la seguridad de que nuestro sofisticado software se adherir&aacute; diligentemente a sus reglas establecidas mientras gestiona todas las tareas de negociaci&oacute;n en su nombre.<\/p>\n\n\n\n<p>KW_00003 ofrece la flexibilidad de las opciones de negociaci&oacute;n autom&aacute;tica y manual, adapt&aacute;ndose a usuarios con distintos niveles de habilidad, limitaciones de tiempo e intereses. Con nuestra plataforma, puede gestionar varias cuentas, lo que le permite experimentar, modificar y comparar diferentes estrategias. Aprovecha la multitud de posibilidades de negociaci&oacute;n que presenta KW_00002, y aprovecha las amplias oportunidades para maximizar tus beneficios.<\/p>\n\n<\/div>\n<\/div><div class=\"gb-container gb-container-67945ee0\">\n<div class=\"gb-container gb-container-12a13938\">\n\n<a class=\"gb-button gb-button-15cad45f\" href=\"https:\/\/oilevexpro.com\/es\/\"><span class=\"gb-button-text\"><strong>PRUEBA KW_00001<\/strong><\/span><span class=\"gb-icon\"><svg xmlns=\"http:\/\/www.w3.org\/2000\/svg\" aria-hidden=\"true\" role=\"img\" height=\"1em\" width=\"1em\" viewbox=\"0 0 256 512\"><path fill=\"currentColor\" d=\"M224.3 273l-136 136c-9.4 9.4-24.6 9.4-33.9 0l-22.6-22.6c-9.4-9.4-9.4-24.6 0-33.9l96.4-96.4-96.4-96.4c-9.4-9.4-9.4-24.6 0-33.9L54.3 103c9.4-9.4 24.6-9.4 33.9 0l136 136c9.5 9.4 9.5 24.6.1 34z\"><\/path><\/svg><\/span><\/a>\n\n<\/div>\n<\/div><div class=\"gb-container gb-container-5d2e4740\">\n<div class=\"gb-container gb-container-d34d15be\">\n<div class=\"gb-grid-wrapper gb-grid-wrapper-4257ebc4\">\n<div class=\"gb-grid-column gb-grid-column-60a1d140\"><div class=\"gb-container gb-container-60a1d140\">\n<div class=\"gb-container gb-container-d446dbb2\">\n\n<span class=\"gb-button gb-button-4f39012e\"><span class=\"gb-icon\"><svg xmlns=\"http:\/\/www.w3.org\/2000\/svg\" height=\"15\" width=\"15\" fill=\"none\" viewbox=\"0 0 15 15\"><path fill=\"currentColor\" d=\"M4 1.5V4H1.5A1.5 1.5 0 000 5.5v8A1.5 1.5 0 001.5 15h8a1.5 1.5 0 001.5-1.5V11h2.5A1.5 1.5 0 0015 9.5v-8A1.5 1.5 0 0013.5 0h-8A1.5 1.5 0 004 1.5zM5.5 1a.5.5 0 00-.5.5V4h4.5A1.5 1.5 0 0111 5.5V10h2.5a.5.5 0 00.5-.5v-8a.5.5 0 00-.5-.5h-8zm0 10A1.5 1.5 0 014 9.5V5H1.5a.5.5 0 00-.5.5v8a.5.5 0 00.5.5h8a.5.5 0 00.5-.5V11H5.5z\" clip-rule=\"evenodd\" fill-rule=\"evenodd\"><\/path><\/svg><\/span><\/span>\n\n<\/div>\n\n\n<h3 class=\"gb-headline gb-headline-f8d314cb gb-headline-text\"><strong>La soluci&oacute;n inform&aacute;tica<\/strong><\/h3>\n\n\n\n<p class=\"has-text-align-center\">El KW_00001 est&aacute; meticulosamente dise&ntilde;ado para cumplir su prop&oacute;sito como herramienta valiosa y f&aacute;cil de usar para operadores de todos los niveles. Le permite operar con Bitcoin y otras criptomonedas de forma c&oacute;moda y eficaz.<\/p>\n\n\n\n<p class=\"has-text-align-center\">Con KW_00002, puedes sumergirte en el mundo del comercio de criptomonedas sin dedicar mucho tiempo y esfuerzo a estudiar la informaci&oacute;n y las tendencias del mercado. Atr&aacute;s quedaron los d&iacute;as de aprender a operar con desaliento y luchar por obtener beneficios potenciales. Nuestra soluci&oacute;n elimina la necesidad de conocimientos y experiencia previos, permiti&eacute;ndole embarcarse en su viaje comercial con una inversi&oacute;n m&iacute;nima de tiempo y esfuerzo.<\/p>\n\n<\/div><\/div>\n\n<div class=\"gb-grid-column gb-grid-column-6922dcd9\"><div class=\"gb-container gb-container-6922dcd9\">\n<div class=\"gb-container gb-container-b5c2993b\">\n\n<span class=\"gb-button gb-button-05b34aef\"><span class=\"gb-icon\"><svg xmlns=\"http:\/\/www.w3.org\/2000\/svg\" height=\"15\" width=\"15\" fill=\"none\" viewbox=\"0 0 15 15\"><path fill=\"currentColor\" d=\"M4 4V1.5A1.5 1.5 0 015.5 0h8A1.5 1.5 0 0115 1.5v8a1.5 1.5 0 01-1.5 1.5H11v2.5A1.5 1.5 0 019.5 15h-8A1.5 1.5 0 010 13.5v-8A1.5 1.5 0 011.5 4H4zm6 1v5H5V5h5z\" clip-rule=\"evenodd\" fill-rule=\"evenodd\"><\/path><\/svg><\/span><\/span>\n\n<\/div>\n\n\n<h3 class=\"gb-headline gb-headline-13950594 gb-headline-text\"><strong>KW_00001 Revisi&oacute;n del comerciante<\/strong><\/h3>\n\n\n\n<p class=\"has-text-align-center\">KW_00001 es una herramienta de negociaci&oacute;n fiable que ofrece opciones manuales y totalmente automatizadas, dise&ntilde;adas para ejecutar operaciones precisas de criptomonedas en tu nombre. A diferencia de otros softwares de negociaci&oacute;n de divisas Bitcoin, nuestra plataforma est&aacute; impulsada por algoritmos avanzados que analizan los datos del mercado, garantizando una impresionante tasa de precisi&oacute;n del 99,4% en la apertura y cierre de operaciones. Lo que diferencia a KW_00002 es su notable ventaja de 0,01 segundos sobre el software de la competencia, lo que lo convierte en la opci&oacute;n preferida de los operadores.<\/p>\n\n\n\n<p class=\"has-text-align-center\">Reconocido por la prestigiosa US Trading Association, KW_00003 se ha asegurado el primer puesto en la categor&iacute;a de software de comercio. Adem&aacute;s, su naturaleza basada en la web elimina la necesidad de descargas, lo que le ha valido la aprobaci&oacute;n de las empresas antivirus para mejorar la seguridad.<\/p>\n\n<\/div><\/div>\n\n<div class=\"gb-grid-column gb-grid-column-58d3b69b\"><div class=\"gb-container gb-container-58d3b69b\">\n<div class=\"gb-container gb-container-7f21e89f\">\n\n<span class=\"gb-button gb-button-df17151f\"><span class=\"gb-icon\"><svg xmlns=\"http:\/\/www.w3.org\/2000\/svg\" height=\"15\" width=\"15\" fill=\"none\" viewbox=\"0 0 15 15\"><path fill=\"currentColor\" d=\"M4 4H1.5A1.5 1.5 0 000 5.5v8A1.5 1.5 0 001.5 15h8a1.5 1.5 0 001.5-1.5V11h2.5A1.5 1.5 0 0015 9.5v-8A1.5 1.5 0 0013.5 0h-8A1.5 1.5 0 004 1.5V4zm1-2.5a.5.5 0 01.5-.5h8a.5.5 0 01.5.5v8a.5.5 0 01-.5.5h-8a.5.5 0 01-.5-.5v-8z\" clip-rule=\"evenodd\" fill-rule=\"evenodd\"><\/path><\/svg><\/span><\/span>\n\n<\/div>\n\n\n<h3 class=\"gb-headline gb-headline-7625b1b1 gb-headline-text\"><strong>Dragons Den<\/strong><\/h3>\n\n\n\n<p class=\"has-text-align-center\">KW_00003 Software no tiene absolutamente ninguna relaci&oacute;n con la infame estafa Dragons Den. Dragons Den, tambi&eacute;n conocida como la estafa Bitcoin Loophole, opera como un esquema enga&ntilde;oso, tentando a los usuarios desprevenidos a invertir en una empresa fraudulenta disfrazada de un innovador software para startups. Es crucial reconocer que esta estafa no apareci&oacute; en el programa de televisi&oacute;n Dragon&rsquo;s Den y no recibi&oacute; ning&uacute;n respaldo del programa ni de su elenco.<\/p>\n\n\n\n<p class=\"has-text-align-center\">Es importante subrayar que Dragons Den se limit&oacute; a explotar la reputaci&oacute;n del programa original de buena reputaci&oacute;n y de las celebridades del programa para enga&ntilde;ar a las personas y hacerles desembolsar el dinero que tanto les hab&iacute;a costado ganar. Es crucial actuar con cautela y mantenerse alejado de cualquier anuncio o publicaci&oacute;n que haga afirmaciones infundadas, ya que no tienen ninguna correlaci&oacute;n con el aut&eacute;ntico Software KW_00002.<\/p>\n\n<\/div><\/div>\n<\/div>\n<\/div>\n<\/div><div class=\"gb-container gb-container-39bfdacb\">\n<div class=\"gb-container gb-container-45f3ab74\">\n\n<h3 class=\"gb-headline gb-headline-e982b89b gb-headline-text\">Reg&iacute;strate de forma segura en KW_00001<\/h3>\n\n\n\n<a class=\"gb-button gb-button-a3e3ab09\" href=\"https:\/\/oilevexpro.com\/es\/\"><span class=\"gb-button-text\">Reg&iacute;strate con seguridad<\/span><span class=\"gb-icon\"><svg xmlns=\"http:\/\/www.w3.org\/2000\/svg\" aria-hidden=\"true\" role=\"img\" height=\"1em\" width=\"1em\" viewbox=\"0 0 256 512\"><path fill=\"currentColor\" d=\"M224.3 273l-136 136c-9.4 9.4-24.6 9.4-33.9 0l-22.6-22.6c-9.4-9.4-9.4-24.6 0-33.9l96.4-96.4-96.4-96.4c-9.4-9.4-9.4-24.6 0-33.9L54.3 103c9.4-9.4 24.6-9.4 33.9 0l136 136c9.5 9.4 9.5 24.6.1 34z\"><\/path><\/svg><\/span><\/a>\n\n<\/div>\n<\/div>\n","protected":false},"excerpt":{"rendered":"<p>Acerca de la &uacute;ltima versi&oacute;n 2.0 KW_00001 Ventajas del software KW_00001 KW_00001 destaca por su recopilaci&oacute;n constante y su an&aacute;lisis eficaz de datos de mercado en tiempo real. Esta capacidad &uacute;nica permite a nuestro software ejecutar &oacute;rdenes comerciales por usted a una velocidad sin precedentes, superando tanto a los operadores humanos como a otras soluciones &#8230; <a title=\"Sobre nosotros\" class=\"read-more\" href=\"https:\/\/oilevexpro.com\/es\/quienes-somos\/\" aria-label=\"Read more about Sobre nosotros\">Leer m\u00e1s<\/a><\/p>\n","protected":false},"author":1,"featured_media":0,"parent":0,"menu_order":0,"comment_status":"closed","ping_status":"closed","template":"","meta":{"footnotes":""},"class_list":["post-5101","page","type-page","status-publish"],"_links":{"self":[{"href":"https:\/\/oilevexpro.com\/es\/wp-json\/wp\/v2\/pages\/5101","targetHints":{"allow":["GET"]}}],"collection":[{"href":"https:\/\/oilevexpro.com\/es\/wp-json\/wp\/v2\/pages"}],"about":[{"href":"https:\/\/oilevexpro.com\/es\/wp-json\/wp\/v2\/types\/page"}],"author":[{"embeddable":true,"href":"https:\/\/oilevexpro.com\/es\/wp-json\/wp\/v2\/users\/1"}],"replies":[{"embeddable":true,"href":"https:\/\/oilevexpro.com\/es\/wp-json\/wp\/v2\/comments?post=5101"}],"version-history":[{"count":0,"href":"https:\/\/oilevexpro.com\/es\/wp-json\/wp\/v2\/pages\/5101\/revisions"}],"wp:attachment":[{"href":"https:\/\/oilevexpro.com\/es\/wp-json\/wp\/v2\/media?parent=5101"}],"curies":[{"name":"wp","href":"https:\/\/api.w.org\/{rel}","templated":true}]}}