{"id":5076,"date":"2020-09-18T14:36:50","date_gmt":"2020-09-18T14:36:50","guid":{"rendered":"https:\/\/oilevexpro.com\/meie-kohta\/"},"modified":"2024-11-14T20:26:56","modified_gmt":"2024-11-14T20:26:56","slug":"meie-kohta","status":"publish","type":"page","link":"https:\/\/oilevexpro.com\/et\/meie-kohta\/","title":{"rendered":"Meie kohta"},"content":{"rendered":"<?xml encoding=\"UTF-8\"><div class=\"gb-container gb-container-a462a256\">\n<div class=\"gb-container gb-container-2acc6621\">\n\n<h1 class=\"gb-headline gb-headline-d325e19c gb-headline-text\">Viimase 2.0 KW_00001 versiooni kohta<\/h1>\n\n<\/div>\n<\/div><div class=\"gb-container gb-container-287f468b\">\n<div class=\"gb-grid-wrapper gb-grid-wrapper-b386d038\">\n<div class=\"gb-grid-column gb-grid-column-387381c3\"><div class=\"gb-container gb-container-387381c3\">\n\n<h2 class=\"gb-headline gb-headline-db283a53 gb-headline-text\">Mis on KW_00001?<\/h2>\n\n\n\n<p>KW_00001 kogukonna liikmeks saades saate eksklusiivse juurdep&auml;&auml;su juhtivale kr&uuml;ptovaluuta kauplemistarkvarale. Meie platvormi eristab selle kasutajas&otilde;bralik kasutajaliides, mis teeb selle k&auml;ttesaadavaks ka inimestele, kellel ei ole varasemat kauplemiskogemust v&otilde;i erialaoskusi.<\/p>\n\n\n\n<p>Meie platvorm pakub hulgaliselt eeliseid, mis lihtsustavad teie kauplemisprotsessi. See mitte ainult ei kogu andmeid, vaid teostab ka p&otilde;hjalikku anal&uuml;&uuml;si, mis v&otilde;imaldab ratsionaalset ja emotsioonivaba otsustamist. Lisaks sellele teostab see teie nimel sujuvalt tehinguid, tegutsedes peaaegu &ouml;&ouml;p&auml;evaringselt.<\/p>\n\n\n\n<p>KW_00002 on rohkem kui lihtsalt automatiseeritud kauplemistarkvara; see on edukas online kauplemiskogukond. Liikmena saate nautida automatiseeritud ja kasumliku kr&uuml;ptovaluutaga kauplemise eeliseid toetavas kogukonnakeskkonnas.<\/p>\n\n\n\n<p>Meie tipptasemel tehnoloogia v&otilde;imaldab KW_00003 anal&uuml;&uuml;sida turusuundumusi ja teostada tehinguid uskumatu kiirusega, &uuml;letades paljusid teisi kauplemistarkvara m&auml;rkimisv&auml;&auml;rse 0,01 sekundiga. See eelis tagab, et j&auml;&auml;te kr&uuml;ptovaluutaga kauplemise kiirelt arenevas maailmas ettepoole.<\/p>\n\n<\/div><\/div>\n\n<div class=\"gb-grid-column gb-grid-column-51a60565\"><div class=\"gb-container gb-container-51a60565\">\n\n<h2 class=\"gb-headline gb-headline-d521daef gb-headline-text\">Tutvu meie platvormiga &ndash; Tasuta registreerimine<\/h2>\n\n\n    <script>\n        localStorage.setItem('fxbot_ab_testing', '{\"login\":[],\"registration\":[],\"contactus\":[]}');\n    <\/script>\n    <style>\n        .reCAPTCHAContent {\n            display: none;\n            visibility: hidden;\n        }\n    <\/style>\n\n\n<script>\n    localStorage.setItem('fxbot_api_parameters', '[{\"key\":\"emailmarketing\",\"value\":\"1\",\"override\":true},{\"key\":\"funnel\",\"value\":\"KW_F_00001\",\"override\":true}]');\n    localStorage.setItem('fxbot_alias_url', 'wp-content\/plugins\/fxbot-registration-form\/api.php');\n    localStorage.setItem('fxbot_email_marketing', '1');\n    localStorage.setItem('fxbot_email_marketing_debounce', 'true');\n    localStorage.setItem('fxbot_email_marketing_debounce_time', '1000');\n    localStorage.setItem('fxbot_recaptcha_enabled', 'false');\n    localStorage.setItem('fxbot_recaptcha_site_key', 'EMPTY');\n    localStorage.setItem('fxbot_alt_reg_popup_query_selector', '');\n    localStorage.setItem('fxbot_redirectVariant', '0');\n<\/script>\n<div class=\"form-widget\" id=\"optInFormWrapper\">\n    <form action=\"\" class=\"flex flex-column\" data-form=\"optInForm\" data-urlsearchparams=\"\" data-widget=\"registration_2_step\" id=\"opt-form\" method=\"post\" name=\"optInForm\">\n        <div class=\"elementor-field-type-text elementor-field-group elementor-column elementor-field-group-name elementor-col-100 form-group\">\n            <label for=\"form-first_name\" class=\"elementor-field-label elementor-screen-only\">Eesnimi<\/label>\n            <input class=\"elementor-field elementor-size-sm  elementor-field-textual regFormFirstName\" placeholder=\"Eesnimi\" data-input=\"firstname\" data-valid=\"false\" id=\"form-first_name\" name=\"firstname\" size=\"1\" type=\"text\">\n            <p class=\"error-message\"><\/p>\n        <\/div>\n\n        <div class=\"elementor-field-type-text elementor-field-group elementor-column elementor-field-group-name elementor-col-100 form-group\">\n            <label for=\"form-last_name\" class=\"elementor-field-label elementor-screen-only\">Perekonnanimi<\/label>\n            <input class=\"elementor-field elementor-size-sm elementor-field-textual regFormLastNname\" placeholder=\"Perekonnanimi\" data-input=\"lastname\" data-valid=\"false\" id=\"form-last_name\" name=\"lastname\" size=\"1\" type=\"text\">\n            <p class=\"error-message\"><\/p>\n        <\/div>\n\n        <div class=\"form-group elementor-field-type-text elementor-field-group elementor-column elementor-field-group-name elementor-col-100\">\n            <label class=\"elementor-field-label elementor-screen-only\" for=\"form-email\">Meil<\/label>\n            <input class=\"regFormEmail elementor-field elementor-size-sm elementor-field-textual\" placeholder=\"Meil\" data-input=\"email\" data-valid=\"false\" id=\"form-email\" name=\"email\" type=\"email\">\n            <p class=\"error-message\"><\/p>\n            <div class=\"form-group__emailValid-info\">\n                <span class=\"form-group__emailValid-message\"><span>Kas m\u00f5tlesite<\/span> <b><\/b>?<\/span> <span class=\"form-group__emailValid-btn\">Asenda<\/span>            <\/div>\n        <\/div>\n\n        <p class=\"reCAPTCHAContent\">\n            See sait on kaitstud reCAPTCHA-ga ja kehtivad <a href=\"https:\/\/policies.google.com\/privacy\" target=\"_blank\" rel=\"noopener\">Google\u2019i privaatsuseeskirjad<\/a> ning <a href=\"https:\/\/policies.google.com\/terms\" target=\"_blank\" rel=\"noopener\">teenuse tingimused<\/a>.        <\/p>\n\n        <button class=\"zoom regFormButton elementor-button elementor-size-sm\" data-button=\"submit\" id=\"optInForm-btn\">\n            Learn More        <\/button>\n    <\/form>\n<\/div>\n<div class=\"form-widget\" id=\"regFormWrapper\" style=\"visibility: hidden; width: 0; height:0\">\n    <form action=\"\" class=\"flex flex-column\" data-form=\"registrationForm\" data-urlsearchparams=\"\" data-widget=\"registration_2_step\" id=\"reg-form\" method=\"post\" name=\"registrationForm\">\n        <div class=\"elementor-field-type-text elementor-field-group elementor-column elementor-field-group-name elementor-col-100 form-group\">\n            <label for=\"form-first_name\" class=\"elementor-field-label elementor-screen-only\">Eesnimi<\/label>\n            <input class=\"elementor-field elementor-size-sm  elementor-field-textual regFormFirstName\" placeholder=\"Eesnimi\" data-input=\"firstname\" data-valid=\"false\" id=\"form-first_name\" name=\"firstname\" size=\"1\" type=\"text\">\n            <p class=\"error-message\"><\/p>\n        <\/div>\n\n        <div class=\"elementor-field-type-text elementor-field-group elementor-column elementor-field-group-name elementor-col-100 form-group\">\n            <label for=\"form-last_name\" class=\"elementor-field-label elementor-screen-only\">Perekonnanimi<\/label>\n            <input class=\"elementor-field elementor-size-sm elementor-field-textual regFormLastNname\" placeholder=\"Perekonnanimi\" data-input=\"lastname\" data-valid=\"false\" id=\"form-last_name\" name=\"lastname\" size=\"1\" type=\"text\">\n            <p class=\"error-message\"><\/p>\n        <\/div>\n\n        <div class=\"elementor-field-type-text elementor-field-group elementor-column elementor-field-group-name elementor-col-100 form-group form-group__emailValid\">\n            <label class=\"elementor-field-label elementor-screen-only\" for=\"form-email\">Meil<\/label>\n            <input class=\"elementor-field elementor-size-sm elementor-field-textual regFormEmail\" placeholder=\"Meil\" data-input=\"email\" data-valid=\"false\" id=\"form-email\" name=\"email\" type=\"email\">\n            <p class=\"error-message\"><\/p>\n            <p class=\"form-group__emailValid-info\">\n                <span class=\"form-group__emailValid-message\"><span>Kas m\u00f5tlesite<\/span> <b><\/b>?<\/span> <span class=\"form-group__emailValid-btn\">Asenda<\/span>            <\/p>\n        <\/div>\n\n        <div class=\"elementor-field-type-tel elementor-field-group elementor-column elementor-field-group-field_fad38fc elementor-col-100 form-group reg-phone\">\n            <label class=\"elementor-field-label elementor-screen-only\" for=\"form-phone_number\">Telefoninumber<\/label>\n            <input class=\"elementor-field elementor-size-sm elementor-field-textual regFormPhoneNumber\" placeholder=\"Telefoninumber\" autocompvare=\"off\" data-input=\"phone_number\" data-valid=\"false\" id=\"form-phone_number\" name=\"phone_number\" size=\"1\" type=\"text\">\n            <p class=\"error-message\"><\/p>\n        <\/div>\n\n        <p class=\"reCAPTCHAContent\">\n            See sait on kaitstud reCAPTCHA-ga ja kehtivad <a href=\"https:\/\/policies.google.com\/privacy\" target=\"_blank\" rel=\"noopener\">Google\u2019i privaatsuseeskirjad<\/a> ning <a href=\"https:\/\/policies.google.com\/terms\" target=\"_blank\" rel=\"noopener\">teenuse tingimused<\/a>.        <\/p>\n\n        <button class=\"elementor-button zoom regFormButton\" data-button=\"submit\" id=\"form-btn\" type=\"button\">\n            Learn More        <\/button>\n\n        <div class=\"wrapper__rar-no\" data-modal=\"success\" style=\"display: none\">\n            <div class=\"success\">\n                <img decoding=\"async\" src=\"\/wp-content\/plugins\/fxbot-registration-form\/assets\/images\/regSuccess.png\" alt=\"T\u00e4name registreerumast\">\n                <p>T\u00e4name registreerumast.<br\/>Meie agent v\u00f5tab teiega peagi \u00fchendust.<br\/>Veenduge, et kasutasite tegelikku telefoninumbrit.<br\/>Tervist.<\/p>\n            <\/div>\n        <\/div>\n\n        <div class=\"wrapper__rar-no\" data-modal=\"alternative_success\" style=\"display: none\">\n            <div class=\"success\">\n                <p class=\"reg_title\">\n                    <b>Olete edukalt \u00fchendatud.<\/b>\n                <\/p>\n                <p>Ettev\u00f5tte esindaja v\u00f5tab teiega peagi \u00fchendust. Veenduge, et olete telefoni teel saadaval, et k\u00f5net mitte maha magada.<\/p>\n            <\/div>\n        <\/div>\n\n        <div class=\"wrapper__error\" data-modal=\"error\" style=\"display: none\"><\/div>\n    <\/form>\n<\/div>\n\n<div class=\"submit-overlay\" style=\"display: none;\">\n    <div class=\"lds-spinner\">\n        <div><\/div>\n        <div><\/div>\n        <div><\/div>\n        <div><\/div>\n        <div><\/div>\n        <div><\/div>\n        <div><\/div>\n        <div><\/div>\n    <\/div>\n    <p class=\"overlay-text\">\u00dchendame teid teie piirkonna parima maakleriga<\/p>\n<\/div>\n\n\n<\/div><\/div>\n<\/div>\n<\/div><div class=\"gb-container gb-container-197d4570\">\n\n<a class=\"gb-button gb-button-e8c7dfa5\" href=\"https:\/\/oilevexpro.com\/et\/\"><span class=\"gb-button-text\">SAADA JUURDEP&Auml;&Auml;S KW_00001 N&Uuml;&Uuml;D<\/span><span class=\"gb-icon\"><svg xmlns=\"http:\/\/www.w3.org\/2000\/svg\" aria-hidden=\"true\" role=\"img\" height=\"1em\" width=\"1em\" viewbox=\"0 0 256 512\"><path fill=\"currentColor\" d=\"M224.3 273l-136 136c-9.4 9.4-24.6 9.4-33.9 0l-22.6-22.6c-9.4-9.4-9.4-24.6 0-33.9l96.4-96.4-96.4-96.4c-9.4-9.4-9.4-24.6 0-33.9L54.3 103c9.4-9.4 24.6-9.4 33.9 0l136 136c9.5 9.4 9.5 24.6.1 34z\"><\/path><\/svg><\/span><\/a>\n\n<\/div><div class=\"gb-container gb-container-1bdeec8b\">\n<div class=\"gb-container gb-container-9d34a979\"><\/div>\n\n<div class=\"gb-container gb-container-1e789d4e\">\n\n<h3 class=\"gb-headline gb-headline-29613722 gb-headline-text\"><strong>KW_00001 tarkvara eelised<\/strong><\/h3>\n\n\n\n<p>KW_00001 paistab silma reaalajas turuandmete pideva kogumise ja t&otilde;husa anal&uuml;&uuml;si poolest. See ainulaadne v&otilde;ime v&otilde;imaldab meie tarkvaral t&auml;ita teie jaoks kauplemiskorraldusi enneolematu kiirusega, &uuml;letades nii inimkauplejaid kui ka teisi tarkvaralahendusi. KW_00002 mitte ainult ei t&auml;ida tehinguid kiiremini, vaid tugineb kauplemisotsuste tegemisel ka statistikale, loogikale ja matemaatilistele algoritmidele, k&otilde;rvaldades inimlike emotsioonide m&otilde;ju ja tagades objektiivse kauplemise.<\/p>\n\n\n\n<p>KW_00003 &uuml;ks erilisi omadusi on selle v&otilde;ime h&otilde;lbustada tagantj&auml;rele paigutamist. See hindamatu v&auml;&auml;rtusega t&ouml;&ouml;riist v&otilde;imaldab teil testida valitud seadeid, mis p&otilde;hinevad varasematel turutingimustel. Seda funktsiooni kasutades saate oma seadeid peenh&auml;&auml;lestada, et maksimeerida kasumlikkust. V&otilde;ite olla kindel, et meie keerukas tarkvara j&auml;rgib hoolsalt teie kehtestatud reegleid, samal ajal tegeledes teie nimel k&otilde;igi kauplemis&uuml;lesannetega.<\/p>\n\n\n\n<p>KW_00003 pakub paindlikkust nii automaatsete kui ka manuaalsete kauplemisv&otilde;imaluste puhul, mis rahuldab erineva oskuste taseme, ajaliste piirangute ja huvidega kasutajaid. Meie platvormi abil saate hallata mitut kontot, mis v&otilde;imaldab teil katsetada, muuta ja v&otilde;rrelda erinevaid strateegiaid. Kasutage KW_00002 pakutavate kauplemisv&otilde;imaluste paljusust ja kasutage rohkelt v&otilde;imalusi oma kasumi maksimeerimiseks.<\/p>\n\n<\/div>\n<\/div><div class=\"gb-container gb-container-67945ee0\">\n<div class=\"gb-container gb-container-12a13938\">\n\n<a class=\"gb-button gb-button-15cad45f\" href=\"https:\/\/oilevexpro.com\/et\/\"><span class=\"gb-button-text\"><strong>TEST KW_00001<\/strong><\/span><span class=\"gb-icon\"><svg xmlns=\"http:\/\/www.w3.org\/2000\/svg\" aria-hidden=\"true\" role=\"img\" height=\"1em\" width=\"1em\" viewbox=\"0 0 256 512\"><path fill=\"currentColor\" d=\"M224.3 273l-136 136c-9.4 9.4-24.6 9.4-33.9 0l-22.6-22.6c-9.4-9.4-9.4-24.6 0-33.9l96.4-96.4-96.4-96.4c-9.4-9.4-9.4-24.6 0-33.9L54.3 103c9.4-9.4 24.6-9.4 33.9 0l136 136c9.5 9.4 9.5 24.6.1 34z\"><\/path><\/svg><\/span><\/a>\n\n<\/div>\n<\/div><div class=\"gb-container gb-container-5d2e4740\">\n<div class=\"gb-container gb-container-d34d15be\">\n<div class=\"gb-grid-wrapper gb-grid-wrapper-4257ebc4\">\n<div class=\"gb-grid-column gb-grid-column-60a1d140\"><div class=\"gb-container gb-container-60a1d140\">\n<div class=\"gb-container gb-container-d446dbb2\">\n\n<span class=\"gb-button gb-button-4f39012e\"><span class=\"gb-icon\"><svg xmlns=\"http:\/\/www.w3.org\/2000\/svg\" height=\"15\" width=\"15\" fill=\"none\" viewbox=\"0 0 15 15\"><path fill=\"currentColor\" d=\"M4 1.5V4H1.5A1.5 1.5 0 000 5.5v8A1.5 1.5 0 001.5 15h8a1.5 1.5 0 001.5-1.5V11h2.5A1.5 1.5 0 0015 9.5v-8A1.5 1.5 0 0013.5 0h-8A1.5 1.5 0 004 1.5zM5.5 1a.5.5 0 00-.5.5V4h4.5A1.5 1.5 0 0111 5.5V10h2.5a.5.5 0 00.5-.5v-8a.5.5 0 00-.5-.5h-8zm0 10A1.5 1.5 0 014 9.5V5H1.5a.5.5 0 00-.5.5v8a.5.5 0 00.5.5h8a.5.5 0 00.5-.5V11H5.5z\" clip-rule=\"evenodd\" fill-rule=\"evenodd\"><\/path><\/svg><\/span><\/span>\n\n<\/div>\n\n\n<h3 class=\"gb-headline gb-headline-f8d314cb gb-headline-text\"><strong>Tarkvaralahendus<\/strong><\/h3>\n\n\n\n<p class=\"has-text-align-center\">KW_00001 on hoolikalt koostatud, et t&auml;ita oma eesm&auml;rki v&auml;&auml;rtusliku ja kasutajas&otilde;braliku t&ouml;&ouml;riistana k&otilde;igi oskuste tasemete kauplejatele. See annab teile v&otilde;imaluse Bitcoini ja erinevate kr&uuml;ptovaluutadega h&otilde;lpsasti ja t&otilde;husalt kaubelda.<\/p>\n\n\n\n<p class=\"has-text-align-center\">KW_00002 abil saate sukelduda kr&uuml;ptovaluutaga kauplemise maailma, kulutamata palju aega ja vaeva turuinfo ja suundumuste uurimiseks. M&ouml;&ouml;das on p&auml;evad, mil kaubandust hirmutavalt &otilde;ppida ja v&otilde;idelda potentsiaalse kasumi saamise nimel. Meie lahendus v&auml;listab vajaduse eelnevate teadmiste ja kogemuste j&auml;rele, v&otilde;imaldades teil alustada oma kauplemisreisi minimaalse aja ja vaevaga.<\/p>\n\n<\/div><\/div>\n\n<div class=\"gb-grid-column gb-grid-column-6922dcd9\"><div class=\"gb-container gb-container-6922dcd9\">\n<div class=\"gb-container gb-container-b5c2993b\">\n\n<span class=\"gb-button gb-button-05b34aef\"><span class=\"gb-icon\"><svg xmlns=\"http:\/\/www.w3.org\/2000\/svg\" height=\"15\" width=\"15\" fill=\"none\" viewbox=\"0 0 15 15\"><path fill=\"currentColor\" d=\"M4 4V1.5A1.5 1.5 0 015.5 0h8A1.5 1.5 0 0115 1.5v8a1.5 1.5 0 01-1.5 1.5H11v2.5A1.5 1.5 0 019.5 15h-8A1.5 1.5 0 010 13.5v-8A1.5 1.5 0 011.5 4H4zm6 1v5H5V5h5z\" clip-rule=\"evenodd\" fill-rule=\"evenodd\"><\/path><\/svg><\/span><\/span>\n\n<\/div>\n\n\n<h3 class=\"gb-headline gb-headline-13950594 gb-headline-text\"><strong>KW_00001 Kaupleja &uuml;levaade<\/strong><\/h3>\n\n\n\n<p class=\"has-text-align-center\">KW_00001 on usaldusv&auml;&auml;rne kauplemisvahend, mis pakub nii k&auml;sitsi kui ka t&auml;ielikult automatiseeritud v&otilde;imalusi, mille eesm&auml;rk on teostada teie nimel t&auml;pseid kr&uuml;ptovaluuta tehinguid. Erinevalt teistest Bitcoin valuuta kauplemistarkvara, meie platvorm on powered by arenenud algoritmid, mis anal&uuml;&uuml;sivad turuandmeid, tagades muljetavaldav t&auml;psus m&auml;&auml;r 99,4% avamise ja sulgemise tehinguid. Mis eristab KW_00002, on selle m&auml;rkimisv&auml;&auml;rne 0,01-sekundiline eelis v&otilde;rreldes konkureeriva tarkvaraga, mis muudab selle kauplejate eelistatud valikuks.<\/p>\n\n\n\n<p class=\"has-text-align-center\">Tunnustatud US Trading Associationi poolt, on KW_00003 kindlustanud endale esikoha kauplemistarkvara kategoorias. Lisaks sellele v&auml;listab selle veebip&otilde;hine olemus vajaduse allalaadimise j&auml;rele, mis annab viiruset&otilde;rjefirmadele heakskiidu parema turvalisuse tagamiseks.<\/p>\n\n<\/div><\/div>\n\n<div class=\"gb-grid-column gb-grid-column-58d3b69b\"><div class=\"gb-container gb-container-58d3b69b\">\n<div class=\"gb-container gb-container-7f21e89f\">\n\n<span class=\"gb-button gb-button-df17151f\"><span class=\"gb-icon\"><svg xmlns=\"http:\/\/www.w3.org\/2000\/svg\" height=\"15\" width=\"15\" fill=\"none\" viewbox=\"0 0 15 15\"><path fill=\"currentColor\" d=\"M4 4H1.5A1.5 1.5 0 000 5.5v8A1.5 1.5 0 001.5 15h8a1.5 1.5 0 001.5-1.5V11h2.5A1.5 1.5 0 0015 9.5v-8A1.5 1.5 0 0013.5 0h-8A1.5 1.5 0 004 1.5V4zm1-2.5a.5.5 0 01.5-.5h8a.5.5 0 01.5.5v8a.5.5 0 01-.5.5h-8a.5.5 0 01-.5-.5v-8z\" clip-rule=\"evenodd\" fill-rule=\"evenodd\"><\/path><\/svg><\/span><\/span>\n\n<\/div>\n\n\n<h3 class=\"gb-headline gb-headline-7625b1b1 gb-headline-text\"><strong>Dragons Den<\/strong><\/h3>\n\n\n\n<p class=\"has-text-align-center\">KW_00003 Tarkvara ei ole absoluutselt seotud kurikuulsa Dragons Den Scam&rsquo;iga. Dragons Den, tuntud ka kui Bitcoin Loophole&rsquo;i pettus, tegutseb petliku skeemina, meelitades pahaaimamatuid kasutajaid investeerima petturlikku ettev&otilde;tmisesse, mis on maskeeritud uuenduslike idufirmade tarkvaraks. Oluline on tunnistada, et see kelmus ei kajastunud telesaates &ldquo;Dragon&rsquo;s Den&rdquo; ja ei saanud mingit toetust saatest ega selle n&auml;itlejatelt.<\/p>\n\n\n\n<p class=\"has-text-align-center\">Oluline on r&otilde;hutada, et Dragons Den kasutas &uuml;ksnes &auml;ra algse maineka tarkvara ja saate kuulsuste mainet, et petlikult petta inimesi, et nad oma raskelt teenitud raha &auml;ra annaksid. Oluline on olla ettevaatlik ja hoiduda igasugustest reklaamidest v&otilde;i v&auml;ljaannetest, mis esitavad alusetuid v&auml;iteid, kuna need ei ole seotud t&otilde;elise KW_00002 tarkvaraga.<\/p>\n\n<\/div><\/div>\n<\/div>\n<\/div>\n<\/div><div class=\"gb-container gb-container-39bfdacb\">\n<div class=\"gb-container gb-container-45f3ab74\">\n\n<h3 class=\"gb-headline gb-headline-e982b89b gb-headline-text\">Registreerige turvaliselt aadressil KW_00001<\/h3>\n\n\n\n<a class=\"gb-button gb-button-a3e3ab09\" href=\"https:\/\/oilevexpro.com\/et\/\"><span class=\"gb-button-text\">Registreeri turvaliselt<\/span><span class=\"gb-icon\"><svg xmlns=\"http:\/\/www.w3.org\/2000\/svg\" aria-hidden=\"true\" role=\"img\" height=\"1em\" width=\"1em\" viewbox=\"0 0 256 512\"><path fill=\"currentColor\" d=\"M224.3 273l-136 136c-9.4 9.4-24.6 9.4-33.9 0l-22.6-22.6c-9.4-9.4-9.4-24.6 0-33.9l96.4-96.4-96.4-96.4c-9.4-9.4-9.4-24.6 0-33.9L54.3 103c9.4-9.4 24.6-9.4 33.9 0l136 136c9.5 9.4 9.5 24.6.1 34z\"><\/path><\/svg><\/span><\/a>\n\n<\/div>\n<\/div>\n","protected":false},"excerpt":{"rendered":"<p>Viimase 2.0 KW_00001 versiooni kohta KW_00001 tarkvara eelised KW_00001 paistab silma reaalajas turuandmete pideva kogumise ja t&otilde;husa anal&uuml;&uuml;si poolest. See ainulaadne v&otilde;ime v&otilde;imaldab meie tarkvaral t&auml;ita teie jaoks kauplemiskorraldusi enneolematu kiirusega, &uuml;letades nii inimkauplejaid kui ka teisi tarkvaralahendusi. KW_00002 mitte ainult ei t&auml;ida tehinguid kiiremini, vaid tugineb kauplemisotsuste tegemisel ka statistikale, loogikale ja matemaatilistele algoritmidele, &#8230; <a title=\"Meie kohta\" class=\"read-more\" href=\"https:\/\/oilevexpro.com\/et\/meie-kohta\/\" aria-label=\"Read more about Meie kohta\">Read more<\/a><\/p>\n","protected":false},"author":1,"featured_media":0,"parent":0,"menu_order":0,"comment_status":"closed","ping_status":"closed","template":"","meta":{"footnotes":""},"class_list":["post-5076","page","type-page","status-publish"],"_links":{"self":[{"href":"https:\/\/oilevexpro.com\/et\/wp-json\/wp\/v2\/pages\/5076","targetHints":{"allow":["GET"]}}],"collection":[{"href":"https:\/\/oilevexpro.com\/et\/wp-json\/wp\/v2\/pages"}],"about":[{"href":"https:\/\/oilevexpro.com\/et\/wp-json\/wp\/v2\/types\/page"}],"author":[{"embeddable":true,"href":"https:\/\/oilevexpro.com\/et\/wp-json\/wp\/v2\/users\/1"}],"replies":[{"embeddable":true,"href":"https:\/\/oilevexpro.com\/et\/wp-json\/wp\/v2\/comments?post=5076"}],"version-history":[{"count":0,"href":"https:\/\/oilevexpro.com\/et\/wp-json\/wp\/v2\/pages\/5076\/revisions"}],"wp:attachment":[{"href":"https:\/\/oilevexpro.com\/et\/wp-json\/wp\/v2\/media?parent=5076"}],"curies":[{"name":"wp","href":"https:\/\/api.w.org\/{rel}","templated":true}]}}