{"id":5005,"date":"2023-07-27T10:28:47","date_gmt":"2023-07-27T10:28:47","guid":{"rendered":"https:\/\/oilevexpro.com\/ehdot-ja-edellytykset\/"},"modified":"2025-06-29T10:37:39","modified_gmt":"2025-06-29T10:37:39","slug":"ehdot-ja-edellytykset","status":"publish","type":"page","link":"https:\/\/oilevexpro.com\/fi\/ehdot-ja-edellytykset\/","title":{"rendered":"K\u00e4ytt\u00f6ehdot"},"content":{"rendered":"<?xml encoding=\"UTF-8\"><div class=\"gb-container gb-container-f493ca47\">\n<div class=\"gb-container gb-container-74097ace\">\n\n<h1 class=\"gb-headline gb-headline-d325e19c gb-headline-text\">K&auml;ytt&ouml;ehdot<\/h1>\n\n<\/div>\n<\/div><div class=\"gb-container gb-container-54f31550\">\n<div class=\"gb-container gb-container-5c3c159e\">\n\n<p>Viimeksi p&auml;ivitetty: 31. toukokuuta 2023<\/p>\n\n\n\n<p>Luethan n&auml;m&auml; k&auml;ytt&ouml;ehdot huolellisesti ennen Palvelumme k&auml;ytt&ouml;&auml;.<\/p>\n\n\n\n<h2 class=\"gb-headline gb-headline-9278717c gb-headline-text\"><strong>Tulkinta ja m&auml;&auml;ritelm&auml;t<\/strong><\/h2>\n\n\n\n<p><strong>Tulkinta<\/strong><\/p>\n\n\n\n<p>Sanoilla, joiden alkukirjain on iso, on seuraavien ehtojen mukainen merkitys. Seuraavilla m&auml;&auml;ritelmill&auml; on sama merkitys riippumatta siit&auml;, esiintyv&auml;tk&ouml; ne yksik&ouml;ss&auml; vai monikossa.<\/p>\n\n\n\n<p><strong>M&auml;&auml;ritelm&auml;t<\/strong><\/p>\n\n\n\n<p>N&auml;iss&auml; k&auml;ytt&ouml;ehdoissa:<\/p>\n\n\n\n<p>Tyt&auml;ryhti&ouml;ll&auml; tarkoitetaan yhteis&ouml;&auml;, joka hallitsee osapuolta, on osapuolen hallitsema tai on osapuolen kanssa yhteisess&auml; hallinnassa, jossa \"hallinta\" tarkoittaa 50 prosentin tai suuremman osuuden omistusta osakkeista, p&auml;&auml;omaosuuksista tai muista arvopapereista, jotka oikeuttavat &auml;&auml;nest&auml;m&auml;&auml;n johtajien tai muun hallintoelimen valinnassa.<\/p>\n\n\n\n<p>Tili tarkoittaa ainutlaatuista tili&auml;, joka on luotu sinulle Palvelumme tai sen osien k&auml;ytt&auml;mist&auml; varten.<\/p>\n\n\n\n<p>Maa viittaa Singaporeen<\/p>\n\n\n\n<p>Yhti&ouml; (t&auml;ss&auml; sopimuksessa \"Yhti&ouml;\", \"Me\", \"Meid&auml;n\" tai \"Meid&auml;n\") viittaa KW_00001&trade; Ltd:hen.<\/p>\n\n\n\n<p>Laite tarkoittaa mit&auml; tahansa laitetta, jolla voi k&auml;ytt&auml;&auml; Palvelua, kuten tietokonetta, matkapuhelinta tai digitaalista tablettia.<\/p>\n\n\n\n<p>Palvelu viittaa verkkosivustoon.<\/p>\n\n\n\n<p>K&auml;ytt&ouml;ehdot (joita kutsutaan my&ouml;s &rdquo;Ehdoiksi&rdquo;) tarkoittavat n&auml;it&auml; K&auml;ytt&ouml;ehtoja, jotka muodostavat koko sopimuksen sinun ja Yhti&ouml;n v&auml;lill&auml; Palvelun k&auml;yt&ouml;st&auml;.<\/p>\n\n\n\n<p>Kolmannen osapuolen sosiaalisen median palvelulla tarkoitetaan mit&auml; tahansa kolmannen osapuolen tarjoamaa palvelua tai sis&auml;lt&ouml;&auml; (mukaan lukien dataa, tietoa, tuotteita tai palveluita), jota Palvelu voi n&auml;ytt&auml;&auml;, sis&auml;llytt&auml;&auml; tai asettaa saataville.<\/p>\n\n\n\n<p>Verkkosivusto viittaa KW_00001:een, johon p&auml;&auml;see <a href=\"https:\/\/OilEvexPro.com\/fi\/\" data-type=\"page\" data-id=\"3554\" target=\"_blank\" rel=\"noopener\">t&auml;st&auml; osoitteesta<\/a><\/p>\n\n\n\n<p>Sin&auml; tarkoittaa henkil&ouml;&auml;, joka k&auml;ytt&auml;&auml; Palvelua, tai yrityst&auml; tai muuta oikeushenkil&ouml;&auml;, jonka puolesta kyseinen henkil&ouml; k&auml;ytt&auml;&auml; Palvelua, soveltuvin osin.<\/p>\n\n\n\n<h2 class=\"gb-headline gb-headline-a8e59a7c gb-headline-text\"><strong>Kuittaus<\/strong><\/h2>\n\n\n\n<p>N&auml;m&auml; ovat t&auml;m&auml;n Palvelun k&auml;ytt&ouml;&auml; koskevat ehdot ja sinun ja Yhti&ouml;n v&auml;linen sopimus. N&auml;m&auml; ehdot m&auml;&auml;rittelev&auml;t kaikkien k&auml;ytt&auml;jien oikeudet ja velvollisuudet Palvelun k&auml;ytt&ouml;&ouml;n liittyen.<\/p>\n\n\n\n<p>Palvelun k&auml;ytt&ouml; edellytt&auml;&auml; n&auml;iden k&auml;ytt&ouml;ehtojen hyv&auml;ksymist&auml; ja noudattamista. N&auml;it&auml; k&auml;ytt&ouml;ehtoja sovelletaan kaikkiin Palvelua k&auml;ytt&auml;viin vierailijoihin, k&auml;ytt&auml;jiin ja muihin.<\/p>\n\n\n\n<p>K&auml;ytt&auml;m&auml;ll&auml; Palvelua sitoudut noudattamaan n&auml;it&auml; K&auml;ytt&ouml;ehtoja. Jos et hyv&auml;ksy jotakin n&auml;iden K&auml;ytt&ouml;ehtojen osaa, et voi k&auml;ytt&auml;&auml; Palvelua.<\/p>\n\n\n\n<p>Vakuutat olevasi yli 18-vuotias. Yhti&ouml; ei salli alle 18-vuotiaiden k&auml;ytt&auml;&auml; Palvelua.<\/p>\n\n\n\n<p>Palvelun k&auml;ytt&ouml; edellytt&auml;&auml; my&ouml;s Yhti&ouml;n tietosuojak&auml;yt&auml;nn&ouml;n hyv&auml;ksymist&auml; ja noudattamista. Tietosuojak&auml;yt&auml;nt&ouml;mme kuvaa k&auml;yt&auml;nt&ouml;j&auml;mme ja menettelytapojamme henkil&ouml;tietojesi ker&auml;&auml;misess&auml;, k&auml;yt&ouml;ss&auml; ja luovuttamisessa, kun k&auml;yt&auml;t Sovellusta tai Verkkosivustoa, ja kertoo sinulle yksityisyyteen liittyvist&auml; oikeuksistasi ja siit&auml;, miten laki suojaa sinua. Lue Tietosuojak&auml;yt&auml;nt&ouml;mme huolellisesti ennen Palvelumme k&auml;ytt&ouml;&auml;.<\/p>\n\n\n\n<h2 class=\"gb-headline gb-headline-b9933f92 gb-headline-text\"><strong>K&auml;ytt&auml;j&auml;tilit<\/strong><\/h2>\n\n\n\n<p>Kun luot tilin meille, sinun on annettava meille tiedot, jotka ovat aina tarkkoja, t&auml;ydellisi&auml; ja ajantasaisia. T&auml;m&auml;n laiminly&ouml;nti katsotaan Ehtojen rikkomiseksi, mik&auml; voi johtaa tilisi v&auml;litt&ouml;m&auml;&auml;n lopettamiseen Palvelussamme.<\/p>\n\n\n\n<p>Olet vastuussa Palveluun kirjautumiseen k&auml;ytt&auml;m&auml;si salasanan suojaamisesta ja kaikista salasanaasi k&auml;ytt&auml;vist&auml; toimista tai toimista riippumatta siit&auml;, onko salasanasi Palvelussamme vai Kolmannen Osapuolen Sosiaalisen Median Palvelussa.<\/p>\n\n\n\n<p>Sitoudut olemaan paljastamatta salasanaasi kolmansille osapuolille. Sinun on ilmoitettava meille v&auml;litt&ouml;m&auml;sti, jos havaitset tietoturvaloukkauksen tai tilisi luvattoman k&auml;yt&ouml;n.<\/p>\n\n\n\n<p>Et saa k&auml;ytt&auml;&auml; k&auml;ytt&auml;j&auml;tunnuksena toisen henkil&ouml;n tai yhteis&ouml;n nime&auml; tai nime&auml;, joka ei ole laillisesti k&auml;ytett&auml;viss&auml;, nime&auml; tai tavaramerkki&auml;, johon sovelletaan muun henkil&ouml;n tai yhteis&ouml;n kuin sinun oikeuksiasi ilman asianmukaista lupaa, tai nime&auml;, joka on muuten loukkaava, mauton tai s&auml;&auml;dyt&ouml;n.<\/p>\n\n\n\n<h2 class=\"gb-headline gb-headline-30dc5235 gb-headline-text\"><strong>Immateriaalioikeudet<\/strong><\/h2>\n\n\n\n<p>Palvelu ja sen alkuper&auml;inen sis&auml;lt&ouml; (lukuun ottamatta sinun tai muiden k&auml;ytt&auml;jien toimittamaa sis&auml;lt&ouml;&auml;), ominaisuudet ja toiminnallisuudet ovat ja pysyv&auml;t Yhti&ouml;n ja sen lisenssinantajien yksinomaisena omaisuutena.<\/p>\n\n\n\n<p>Palvelu on suojattu tekij&auml;noikeus-, tavaramerkki- ja muilla sek&auml; kotimaisilla ett&auml; ulkomaisilla laeilla.<\/p>\n\n\n\n<p>Tavaramerkkej&auml;mme ja tuoteulkoasuamme ei saa k&auml;ytt&auml;&auml; mink&auml;&auml;n tuotteen tai palvelun yhteydess&auml; ilman Yhti&ouml;n etuk&auml;teen antamaa kirjallista suostumusta.<\/p>\n\n\n\n<h2 class=\"gb-headline gb-headline-40e2f142 gb-headline-text\"><strong>Linkit muille verkkosivustoille<\/strong><\/h2>\n\n\n\n<p>Palvelumme saattaa sis&auml;lt&auml;&auml; linkkej&auml; kolmansien osapuolten verkkosivustoille tai palveluihin, jotka eiv&auml;t ole Yhti&ouml;n omistuksessa tai hallinnassa.<\/p>\n\n\n\n<p>Yhti&ouml;ll&auml; ei ole m&auml;&auml;r&auml;ysvaltaa eik&auml; se ota vastuuta mink&auml;&auml;n kolmannen osapuolen verkkosivustojen tai palveluiden sis&auml;ll&ouml;st&auml;, tietosuojak&auml;yt&auml;nn&ouml;ist&auml; tai k&auml;yt&auml;nn&ouml;ist&auml;. Lis&auml;ksi hyv&auml;ksyt ja hyv&auml;ksyt, ett&auml; Yhti&ouml; ei ole suoraan tai ep&auml;suorasti vastuussa mist&auml;&auml;n vahingoista tai menetyksist&auml;, jotka aiheutuvat tai joiden v&auml;itet&auml;&auml;n aiheutuvan t&auml;llaisten verkkosivustojen tai palveluiden kautta saatavilla olevan sis&auml;ll&ouml;n, tavaroiden tai palveluiden k&auml;yt&ouml;st&auml; tai niihin luottamisesta.<\/p>\n\n\n\n<p>Suosittelemme vahvasti, ett&auml; luet kaikkien vierailemiesi kolmansien osapuolten verkkosivustojen tai palveluiden k&auml;ytt&ouml;ehdot ja tietosuojak&auml;yt&auml;nn&ouml;t.<\/p>\n\n\n\n<h2 class=\"gb-headline gb-headline-81a14a2b gb-headline-text\"><strong>Irtisanominen<\/strong><\/h2>\n\n\n\n<p>Voimme irtisanoa tai keskeytt&auml;&auml; tilisi v&auml;litt&ouml;m&auml;sti, ilman ennakkoilmoitusta tai vastuuta, mist&auml; tahansa syyst&auml;, mukaan lukien rajoituksetta, jos rikot n&auml;it&auml; k&auml;ytt&ouml;ehtoja.<\/p>\n\n\n\n<p>Irtisanomisen yhteydess&auml; oikeutesi k&auml;ytt&auml;&auml; Palvelua lakkaa v&auml;litt&ouml;m&auml;sti. Jos haluat irtisanoa Tilisi, voit yksinkertaisesti lopettaa Palvelun k&auml;yt&ouml;n.<\/p>\n\n\n\n<h2 class=\"gb-headline gb-headline-faa58666 gb-headline-text\"><strong>Vastuunrajoitus<\/strong><\/h2>\n\n\n\n<p>Kaikista sinulle mahdollisesti aiheutuneista vahingoista huolimatta Yhti&ouml;n ja sen toimittajien koko vastuu n&auml;iden Ehtojen mink&auml; tahansa m&auml;&auml;r&auml;yksen nojalla ja ainoa oikeussuojakeinosi kaikkien edell&auml; mainittujen osalta rajoittuu Palvelun kautta tosiasiallisesti maksamaasi summaan tai 100 Yhdysvaltain dollariin, jos et ole ostanut mit&auml;&auml;n Palvelun kautta.<\/p>\n\n\n\n<p>Sovellettavan lain sallimissa rajoissa Yhti&ouml; tai sen toimittajat eiv&auml;t miss&auml;&auml;n tapauksessa ole vastuussa mist&auml;&auml;n erityisist&auml;, satunnaisista, ep&auml;suorista tai v&auml;lillisist&auml; vahingoista (mukaan lukien, mutta ei rajoittuen, vahingot voitonmenetyksest&auml;, tietojen tai muiden tietojen menetyksest&auml;, liiketoiminnan keskeytymisest&auml;, henkil&ouml;vahingoista, yksityisyyden menetyksest&auml;, jotka johtuvat tai liittyv&auml;t mill&auml;&auml;n tavalla Palvelun, Palvelun kanssa k&auml;ytett&auml;v&auml;n kolmannen osapuolen ohjelmiston ja\/tai kolmannen osapuolen laitteiston k&auml;ytt&ouml;&ouml;n tai k&auml;ytt&ouml;kyvytt&ouml;myyteen tai muuten n&auml;iden Ehtojen mihin tahansa m&auml;&auml;r&auml;ykseen liittyen), vaikka Yhti&ouml;lle tai mille tahansa toimittajalle olisi ilmoitettu t&auml;llaisten vahinkojen mahdollisuudesta ja vaikka oikeussuojakeino ei t&auml;ytt&auml;isi olennaista tarkoitustaan.<\/p>\n\n\n\n<p>Joissakin osavaltioissa ei sallita oletettujen takuiden poissulkemista tai satunnaisten tai v&auml;lillisten vahinkojen vastuun rajoittamista, mik&auml; tarkoittaa, ett&auml; jotkin yll&auml; mainituista rajoituksista eiv&auml;t v&auml;ltt&auml;m&auml;tt&auml; sovellu. N&auml;iss&auml; osavaltioissa kummankin osapuolen vastuu rajoittuu lain sallimaan enimm&auml;ism&auml;&auml;r&auml;&auml;n.<\/p>\n\n\n\n<h2 class=\"gb-headline gb-headline-e1bcabde gb-headline-text\"><strong>Vastuuvapauslauseke &rdquo;SELLAISENAAN&rdquo; ja &rdquo;SAATAVUUDEN MUKAAN&rdquo;<\/strong><\/h2>\n\n\n\n<p>Palvelu tarjotaan sinulle \"SELLAISENAAN\" ja \"SAATAVUUDEN MUKAAN\" ja kaikkine vikoineen ja puutteineen ilman mink&auml;&auml;nlaista takuuta. Sovellettavan lain sallimissa rajoissa Yhti&ouml; omasta puolestaan ja tyt&auml;ryhti&ouml;idens&auml; sek&auml; niiden lisenssinantajien ja palveluntarjoajien puolesta sanoutuu nimenomaisesti irti kaikista Palvelua koskevista takuista, olivatpa ne nimenomaisia, oletettuja, lakis&auml;&auml;teisi&auml; tai muita, mukaan lukien kaikki oletetut takuut myyntikelpoisuudesta, soveltuvuudesta tiettyyn tarkoitukseen, omistusoikeudesta ja loukkaamattomuudesta sek&auml; takuut, jotka voivat synty&auml; kaupank&auml;ynnist&auml;, suorituskyvyst&auml;, k&auml;yt&ouml;st&auml; tai kauppatavoista. Edell&auml; mainittua rajoittamatta Yhti&ouml; ei anna mit&auml;&auml;n takuita tai sitoumuksia eik&auml; anna mink&auml;&auml;nlaisia vakuutuksia siit&auml;, ett&auml; Palvelu t&auml;ytt&auml;&auml; vaatimuksesi, saavuttaa halutut tulokset, on yhteensopiva tai toimii mink&auml;&auml;n muun ohjelmiston, sovellusten, j&auml;rjestelmien tai palveluiden kanssa, toimii keskeytyksett&auml;, t&auml;ytt&auml;&auml; suorituskyky- tai luotettavuusstandardit tai on virheet&ouml;n tai ett&auml; mahdolliset virheet tai viat voidaan tai tullaan korjaamaan.<\/p>\n\n\n\n<p>Rajoittamatta edell&auml; mainittua, Yhti&ouml; tai mik&auml;&auml;n Yhti&ouml;n palveluntarjoajista ei anna mink&auml;&auml;nlaisia nimenomaisia tai ep&auml;suoria takuita tai vakuutuksia: (i) Palvelun tai siihen sis&auml;ltyvien tietojen, sis&auml;ll&ouml;n ja materiaalien tai tuotteiden toiminnasta tai saatavuudesta; (ii) siit&auml;, ett&auml; Palvelu on keskeytykset&ouml;n tai virheet&ouml;n; (iii) Palvelun kautta tarjottujen tietojen tai sis&auml;ll&ouml;n tarkkuudesta, luotettavuudesta tai ajantasaisuudesta; tai (iv) siit&auml;, ett&auml; Palvelu, sen palvelimet, sis&auml;lt&ouml; tai Yhti&ouml;n puolesta l&auml;hetetyt s&auml;hk&ouml;postit ovat vapaita viruksista, skripteist&auml;, troijalaisista, matoista, haittaohjelmista, aikapommeista tai muista haitallisista komponenteista.<\/p>\n\n\n\n<p>Joissakin laink&auml;ytt&ouml;alueissa ei sallita tietyntyyppisten takuiden poissulkemista tai kuluttajan sovellettavien lakis&auml;&auml;teisten oikeuksien rajoituksia, joten jotkin tai kaikki edell&auml; mainitut poissulkemiset ja rajoitukset eiv&auml;t v&auml;ltt&auml;m&auml;tt&auml; koske sinua. T&auml;llaisessa tapauksessa t&auml;ss&auml; osiossa esitettyj&auml; poissulkemisia ja rajoituksia sovelletaan siin&auml; m&auml;&auml;rin kuin sovellettavan lain mukaan on t&auml;yt&auml;nt&ouml;&ouml;npanokelpoista.<\/p>\n\n\n\n<h2 class=\"gb-headline gb-headline-d5b80c2a gb-headline-text\"><strong>Sovellettava laki<\/strong><\/h2>\n\n\n\n<p>N&auml;ihin ehtoihin ja Palvelun k&auml;ytt&ouml;&ouml;n sovelletaan maan lakeja, lukuun ottamatta sen lainvalintas&auml;&auml;nt&ouml;j&auml;. Sovelluksen k&auml;ytt&ouml;&ouml;n voi soveltua my&ouml;s muita paikallisia, osavaltion, kansallisia tai kansainv&auml;lisi&auml; lakeja.<\/p>\n\n\n\n<p><strong>Riitojenratkaisu<\/strong><\/p>\n\n\n\n<p>Jos sinulla on Palveluun liittyvi&auml; huolenaiheita tai erimielisyyksi&auml;, sitoudut ensin yritt&auml;m&auml;&auml;n ratkaista erimielisyyden ep&auml;virallisesti ottamalla yhteytt&auml; Yhti&ouml;&ouml;n.<\/p>\n\n\n\n<p><strong>Euroopan unionin (EU) k&auml;ytt&auml;jille<\/strong><\/p>\n\n\n\n<p>Jos olet Euroopan unionin kuluttaja, hy&ouml;dyt kaikista asuinmaasi lain pakollisista s&auml;&auml;nn&ouml;ksist&auml;.<\/p>\n\n\n\n<h2 class=\"gb-headline gb-headline-2157cd04 gb-headline-text\"><strong>Yhdysvaltojen lakien noudattaminen<\/strong><\/h2>\n\n\n\n<p>Vakuutat ja takaat, ett&auml; (i) et ole maassa, joka on Yhdysvaltain hallituksen asettaman kauppasaarron alainen tai jonka Yhdysvaltain hallitus on nimennyt \"terrorismia tukevaksi\" maaksi, ja (ii) et ole listattu mill&auml;&auml;n Yhdysvaltain hallituksen kiellettyjen tai rajoitettujen osapuolten luettelolla.<\/p>\n\n\n\n<p><strong>Irrotettavuus ja vastuuvapaus<\/strong><\/p>\n\n\n\n<p><strong>Erotettavuus<\/strong><\/p>\n\n\n\n<p>Jos jokin n&auml;iden Ehtojen m&auml;&auml;r&auml;ys katsotaan t&auml;yt&auml;nt&ouml;&ouml;npanokelvottomaksi tai p&auml;tem&auml;tt&ouml;m&auml;ksi, kyseist&auml; m&auml;&auml;r&auml;yst&auml; muutetaan ja tulkitaan siten, ett&auml; sen tavoitteet saavutetaan mahdollisimman hyvin sovellettavan lain mukaisesti, ja j&auml;ljell&auml; olevat m&auml;&auml;r&auml;ykset pysyv&auml;t t&auml;ysin voimassa.<\/p>\n\n\n\n<p><strong>Luopuminen<\/strong><\/p>\n\n\n\n<p>Ellei t&auml;ss&auml; toisin m&auml;&auml;r&auml;t&auml;, oikeuden k&auml;ytt&auml;m&auml;tt&auml; j&auml;tt&auml;minen tai velvoitteen suorittamisen vaatimatta j&auml;tt&auml;minen n&auml;iden Ehtojen mukaisesti ei vaikuta osapuolen kykyyn k&auml;ytt&auml;&auml; kyseist&auml; oikeutta tai vaatia t&auml;llaista suorittamista milloinkaan my&ouml;hemmin, eik&auml; rikkomuksesta luopuminen tarkoita luopumista mist&auml;&auml;n my&ouml;hemm&auml;st&auml; rikkomuksesta.<\/p>\n\n\n\n<p><strong>K&auml;&auml;nn&ouml;stulkkaus<\/strong><\/p>\n\n\n\n<p>N&auml;m&auml; ehdot on saatettu k&auml;&auml;nt&auml;&auml;, jos olemme asettaneet ne saatavillesi Palvelussamme. Hyv&auml;ksyt, ett&auml; alkuper&auml;inen englanninkielinen teksti on ratkaiseva riitatilanteessa.<\/p>\n\n\n\n<h2 class=\"gb-headline gb-headline-4f64b811 gb-headline-text\"><strong>N&auml;iden ehtojen muutokset<\/strong><\/h2>\n\n\n\n<p>Pid&auml;t&auml;mme oikeuden oman harkintamme mukaan muuttaa tai korvata n&auml;it&auml; ehtoja milloin tahansa. Jos muutos on olennainen, pyrimme kohtuullisin keinoin ilmoittamaan uusista ehdoista v&auml;hint&auml;&auml;n 30 p&auml;iv&auml;&auml; etuk&auml;teen ennen niiden voimaantuloa. M&auml;&auml;rit&auml;mme oman harkintamme mukaan, mik&auml; katsotaan olennaiseksi muutokseksi.<\/p>\n\n\n\n<p>Jatkamalla Palvelumme k&auml;ytt&ouml;&auml; n&auml;iden muutosten voimaantulon j&auml;lkeen sitoudut noudattamaan tarkistettuja ehtoja. Jos et hyv&auml;ksy uusia ehtoja kokonaan tai osittain, lopeta verkkosivuston ja Palvelun k&auml;ytt&ouml;.<\/p>\n\n\n\n<h2 class=\"gb-headline gb-headline-d806d8bf gb-headline-text\"><strong>Ota yhteytt&auml;<\/strong><\/h2>\n\n\n\n<p>Jos sinulla on kysytt&auml;v&auml;&auml; n&auml;ist&auml; k&auml;ytt&ouml;ehdoista, voit ottaa meihin yhteytt&auml;:<\/p>\n\n\n\n<p>S&auml;hk&ouml;postitse: info[at]oilevexpro.com<\/p>\n\n\n\n<p>K&auml;ym&auml;ll&auml; t&auml;ll&auml; sivulla <a href=\"https:\/\/OilEvexPro.com\/fi\/\" data-type=\"page\" data-id=\"3554\" target=\"_blank\" rel=\"noopener\">verkkosivustollamme<\/a> .<\/p>\n\n<\/div>\n<\/div>\n","protected":false},"excerpt":{"rendered":"<p>K&auml;ytt&ouml;ehdot Viimeksi p&auml;ivitetty: 31. toukokuuta 2023 Luethan n&auml;m&auml; k&auml;ytt&ouml;ehdot huolellisesti ennen Palvelumme k&auml;ytt&ouml;&auml;. Tulkinta ja m&auml;&auml;ritelm&auml;t Tulkinta Sanoilla, joiden alkukirjain on iso, on seuraavien ehtojen mukainen merkitys. Seuraavilla m&auml;&auml;ritelmill&auml; on sama merkitys riippumatta siit&auml;, esiintyv&auml;tk&ouml; ne yksik&ouml;ss&auml; vai monikossa. M&auml;&auml;ritelm&auml;t N&auml;iss&auml; k&auml;ytt&ouml;ehdoissa: Tyt&auml;ryhti&ouml;ll&auml; tarkoitetaan yhteis&ouml;&auml;, joka hallitsee osapuolta, on osapuolen hallitsema tai on osapuolen kanssa &#8230; <a title=\"K\u00e4ytt\u00f6ehdot\" class=\"read-more\" href=\"https:\/\/oilevexpro.com\/fi\/ehdot-ja-edellytykset\/\" aria-label=\"Lue lis\u00e4\u00e4 aiheesta K\u00e4ytt\u00f6ehdot\">Lue lis\u00e4\u00e4<\/a><\/p>\n","protected":false},"author":1,"featured_media":0,"parent":0,"menu_order":0,"comment_status":"closed","ping_status":"closed","template":"","meta":{"footnotes":""},"class_list":["post-5005","page","type-page","status-publish"],"_links":{"self":[{"href":"https:\/\/oilevexpro.com\/fi\/wp-json\/wp\/v2\/pages\/5005","targetHints":{"allow":["GET"]}}],"collection":[{"href":"https:\/\/oilevexpro.com\/fi\/wp-json\/wp\/v2\/pages"}],"about":[{"href":"https:\/\/oilevexpro.com\/fi\/wp-json\/wp\/v2\/types\/page"}],"author":[{"embeddable":true,"href":"https:\/\/oilevexpro.com\/fi\/wp-json\/wp\/v2\/users\/1"}],"replies":[{"embeddable":true,"href":"https:\/\/oilevexpro.com\/fi\/wp-json\/wp\/v2\/comments?post=5005"}],"version-history":[{"count":2,"href":"https:\/\/oilevexpro.com\/fi\/wp-json\/wp\/v2\/pages\/5005\/revisions"}],"predecessor-version":[{"id":6196,"href":"https:\/\/oilevexpro.com\/fi\/wp-json\/wp\/v2\/pages\/5005\/revisions\/6196"}],"wp:attachment":[{"href":"https:\/\/oilevexpro.com\/fi\/wp-json\/wp\/v2\/media?parent=5005"}],"curies":[{"name":"wp","href":"https:\/\/api.w.org\/{rel}","templated":true}]}}