{"id":5089,"date":"2020-09-18T14:36:50","date_gmt":"2020-09-18T14:36:50","guid":{"rendered":"https:\/\/oilevexpro.com\/tietoa-meista\/"},"modified":"2024-11-14T20:26:56","modified_gmt":"2024-11-14T20:26:56","slug":"tietoa-meista","status":"publish","type":"page","link":"https:\/\/oilevexpro.com\/fi\/tietoa-meista\/","title":{"rendered":"Tietoa meist\u00e4"},"content":{"rendered":"<?xml encoding=\"UTF-8\"><div class=\"gb-container gb-container-a462a256\">\n<div class=\"gb-container gb-container-2acc6621\">\n\n<h1 class=\"gb-headline gb-headline-d325e19c gb-headline-text\">Tietoja uusimmasta versiosta 2.0 KW_00001 <\/h1>\n\n<\/div>\n<\/div><div class=\"gb-container gb-container-287f468b\">\n<div class=\"gb-grid-wrapper gb-grid-wrapper-b386d038\">\n<div class=\"gb-grid-column gb-grid-column-387381c3\"><div class=\"gb-container gb-container-387381c3\">\n\n<h2 class=\"gb-headline gb-headline-db283a53 gb-headline-text\">Mik&auml; on KW_00001?<\/h2>\n\n\n\n<p>Liittym&auml;ll&auml; KW_00001 j&auml;seneksi saat yksinoikeuden k&auml;ytt&auml;&auml; johtavaa kryptovaluuttakauppaohjelmistoa. Alustamme erottuu muista sen k&auml;ytt&auml;j&auml;yst&auml;v&auml;llinen k&auml;ytt&ouml;liittym&auml;, jonka ansiosta sit&auml; voivat k&auml;ytt&auml;&auml; henkil&ouml;t, joilla ei ole aiempaa kokemusta kaupank&auml;ynnist&auml; tai erikoistaitoja.<\/p>\n\n\n\n<p>Alustamme tarjoaa lukuisia etuja, jotka virtaviivaistavat kaupank&auml;ynti&auml;. Se ei ainoastaan ker&auml;&auml; tietoja vaan my&ouml;s suorittaa kattavan analyysin, joka mahdollistaa rationaalisen ja tunteista vapaan p&auml;&auml;t&ouml;ksenteon. Lis&auml;ksi se toteuttaa kaupat saumattomasti puolestasi ja toimii l&auml;hes ymp&auml;ri vuorokauden.<\/p>\n\n\n\n<p>KW_00002 on enemm&auml;n kuin vain automaattinen kaupank&auml;yntiohjelmisto; se on kukoistava online-kaupank&auml;yntiyhteis&ouml;. J&auml;senen&auml; voit nauttia automatisoidun ja kannattavan kryptovaluuttakaupan eduista tukevassa yhteis&ouml;llisess&auml; ymp&auml;rist&ouml;ss&auml;.<\/p>\n\n\n\n<p>Huipputeknologiamme antaa KW_00003 mahdollisuuden analysoida markkinasuuntauksia ja toteuttaa kauppoja uskomattomalla nopeudella, joka ylitt&auml;&auml; monet muut kaupank&auml;yntiohjelmistot huomattavalla 0,01 sekunnin nopeudella. T&auml;m&auml; etu varmistaa, ett&auml; pysyt k&auml;rjess&auml; kryptovaluuttakaupan nopeatempoisessa maailmassa.<\/p>\n\n<\/div><\/div>\n\n<div class=\"gb-grid-column gb-grid-column-51a60565\"><div class=\"gb-container gb-container-51a60565\">\n\n<h2 class=\"gb-headline gb-headline-d521daef gb-headline-text\">Tutustu alustaan &ndash; Ilmainen rekister&ouml;inti<\/h2>\n\n\n    <script>\n        localStorage.setItem('fxbot_ab_testing', '{\"login\":[],\"registration\":[],\"contactus\":[]}');\n    <\/script>\n    <style>\n        .reCAPTCHAContent {\n            display: none;\n            visibility: hidden;\n        }\n    <\/style>\n\n\n<script>\n    localStorage.setItem('fxbot_api_parameters', '[{\"key\":\"emailmarketing\",\"value\":\"1\",\"override\":true},{\"key\":\"funnel\",\"value\":\"KW_F_00001\",\"override\":true}]');\n    localStorage.setItem('fxbot_alias_url', 'wp-content\/plugins\/fxbot-registration-form\/api.php');\n    localStorage.setItem('fxbot_email_marketing', '1');\n    localStorage.setItem('fxbot_email_marketing_debounce', 'true');\n    localStorage.setItem('fxbot_email_marketing_debounce_time', '1000');\n    localStorage.setItem('fxbot_recaptcha_enabled', 'false');\n    localStorage.setItem('fxbot_recaptcha_site_key', 'EMPTY');\n    localStorage.setItem('fxbot_alt_reg_popup_query_selector', '');\n    localStorage.setItem('fxbot_redirectVariant', '0');\n<\/script>\n<div class=\"form-widget\" id=\"optInFormWrapper\">\n    <form action=\"\" class=\"flex flex-column\" data-form=\"optInForm\" data-urlsearchparams=\"\" data-widget=\"registration_2_step\" id=\"opt-form\" method=\"post\" name=\"optInForm\">\n        <div class=\"elementor-field-type-text elementor-field-group elementor-column elementor-field-group-name elementor-col-100 form-group\">\n            <label for=\"form-first_name\" class=\"elementor-field-label elementor-screen-only\">Etunimi<\/label>\n            <input class=\"elementor-field elementor-size-sm  elementor-field-textual regFormFirstName\" placeholder=\"Etunimi\" data-input=\"firstname\" data-valid=\"false\" id=\"form-first_name\" name=\"firstname\" size=\"1\" type=\"text\">\n            <p class=\"error-message\"><\/p>\n        <\/div>\n\n        <div class=\"elementor-field-type-text elementor-field-group elementor-column elementor-field-group-name elementor-col-100 form-group\">\n            <label for=\"form-last_name\" class=\"elementor-field-label elementor-screen-only\">Sukunimi<\/label>\n            <input class=\"elementor-field elementor-size-sm elementor-field-textual regFormLastNname\" placeholder=\"Sukunimi\" data-input=\"lastname\" data-valid=\"false\" id=\"form-last_name\" name=\"lastname\" size=\"1\" type=\"text\">\n            <p class=\"error-message\"><\/p>\n        <\/div>\n\n        <div class=\"form-group elementor-field-type-text elementor-field-group elementor-column elementor-field-group-name elementor-col-100\">\n            <label class=\"elementor-field-label elementor-screen-only\" for=\"form-email\">S\u00e4hk\u00f6posti<\/label>\n            <input class=\"regFormEmail elementor-field elementor-size-sm elementor-field-textual\" placeholder=\"S\u00e4hk\u00f6posti\" data-input=\"email\" data-valid=\"false\" id=\"form-email\" name=\"email\" type=\"email\">\n            <p class=\"error-message\"><\/p>\n            <div class=\"form-group__emailValid-info\">\n                <span class=\"form-group__emailValid-message\"><span>Tarkoititko<\/span> <b><\/b>?<\/span> <span class=\"form-group__emailValid-btn\">Korvata<\/span>            <\/div>\n        <\/div>\n\n        <p class=\"reCAPTCHAContent\">\n            T\u00e4m\u00e4 sivusto on suojattu reCAPTCHA:lla, ja <a href=\"https:\/\/policies.google.com\/privacy\" target=\"_blank\" rel=\"noopener\">Googlen tietosuojak\u00e4yt\u00e4nt\u00f6<\/a> ja <a href=\"https:\/\/policies.google.com\/terms\" target=\"_blank\" rel=\"noopener\">k\u00e4ytt\u00f6ehdot<\/a> ovat voimassa.        <\/p>\n\n        <button class=\"zoom regFormButton elementor-button elementor-size-sm\" data-button=\"submit\" id=\"optInForm-btn\">\n            Learn More        <\/button>\n    <\/form>\n<\/div>\n<div class=\"form-widget\" id=\"regFormWrapper\" style=\"visibility: hidden; width: 0; height:0\">\n    <form action=\"\" class=\"flex flex-column\" data-form=\"registrationForm\" data-urlsearchparams=\"\" data-widget=\"registration_2_step\" id=\"reg-form\" method=\"post\" name=\"registrationForm\">\n        <div class=\"elementor-field-type-text elementor-field-group elementor-column elementor-field-group-name elementor-col-100 form-group\">\n            <label for=\"form-first_name\" class=\"elementor-field-label elementor-screen-only\">Etunimi<\/label>\n            <input class=\"elementor-field elementor-size-sm  elementor-field-textual regFormFirstName\" placeholder=\"Etunimi\" data-input=\"firstname\" data-valid=\"false\" id=\"form-first_name\" name=\"firstname\" size=\"1\" type=\"text\">\n            <p class=\"error-message\"><\/p>\n        <\/div>\n\n        <div class=\"elementor-field-type-text elementor-field-group elementor-column elementor-field-group-name elementor-col-100 form-group\">\n            <label for=\"form-last_name\" class=\"elementor-field-label elementor-screen-only\">Sukunimi<\/label>\n            <input class=\"elementor-field elementor-size-sm elementor-field-textual regFormLastNname\" placeholder=\"Sukunimi\" data-input=\"lastname\" data-valid=\"false\" id=\"form-last_name\" name=\"lastname\" size=\"1\" type=\"text\">\n            <p class=\"error-message\"><\/p>\n        <\/div>\n\n        <div class=\"elementor-field-type-text elementor-field-group elementor-column elementor-field-group-name elementor-col-100 form-group form-group__emailValid\">\n            <label class=\"elementor-field-label elementor-screen-only\" for=\"form-email\">S\u00e4hk\u00f6posti<\/label>\n            <input class=\"elementor-field elementor-size-sm elementor-field-textual regFormEmail\" placeholder=\"S\u00e4hk\u00f6posti\" data-input=\"email\" data-valid=\"false\" id=\"form-email\" name=\"email\" type=\"email\">\n            <p class=\"error-message\"><\/p>\n            <p class=\"form-group__emailValid-info\">\n                <span class=\"form-group__emailValid-message\"><span>Tarkoititko<\/span> <b><\/b>?<\/span> <span class=\"form-group__emailValid-btn\">Korvata<\/span>            <\/p>\n        <\/div>\n\n        <div class=\"elementor-field-type-tel elementor-field-group elementor-column elementor-field-group-field_fad38fc elementor-col-100 form-group reg-phone\">\n            <label class=\"elementor-field-label elementor-screen-only\" for=\"form-phone_number\">Puhelinnumero<\/label>\n            <input class=\"elementor-field elementor-size-sm elementor-field-textual regFormPhoneNumber\" placeholder=\"Puhelinnumero\" autocompvare=\"off\" data-input=\"phone_number\" data-valid=\"false\" id=\"form-phone_number\" name=\"phone_number\" size=\"1\" type=\"text\">\n            <p class=\"error-message\"><\/p>\n        <\/div>\n\n        <p class=\"reCAPTCHAContent\">\n            T\u00e4m\u00e4 sivusto on suojattu reCAPTCHA:lla, ja <a href=\"https:\/\/policies.google.com\/privacy\" target=\"_blank\" rel=\"noopener\">Googlen tietosuojak\u00e4yt\u00e4nt\u00f6<\/a> ja <a href=\"https:\/\/policies.google.com\/terms\" target=\"_blank\" rel=\"noopener\">k\u00e4ytt\u00f6ehdot<\/a> ovat voimassa.        <\/p>\n\n        <button class=\"elementor-button zoom regFormButton\" data-button=\"submit\" id=\"form-btn\" type=\"button\">\n            Learn More        <\/button>\n\n        <div class=\"wrapper__rar-no\" data-modal=\"success\" style=\"display: none\">\n            <div class=\"success\">\n                <img decoding=\"async\" src=\"\/wp-content\/plugins\/fxbot-registration-form\/assets\/images\/regSuccess.png\" alt=\"Kiitos rekister\u00f6innist\u00e4\">\n                <p>Kiitos rekister\u00f6innist\u00e4.<br\/>Edustajamme ottaa sinuun yhteytt\u00e4 pian.<br\/>Varmista, ett\u00e4 k\u00e4ytit oikeaa puhelinnumeroa.<br\/>Kippis.<\/p>\n            <\/div>\n        <\/div>\n\n        <div class=\"wrapper__rar-no\" data-modal=\"alternative_success\" style=\"display: none\">\n            <div class=\"success\">\n                <p class=\"reg_title\">\n                    <b>Olet onnistuneesti yhdist\u00e4nyt.<\/b>\n                <\/p>\n                <p>Yrityksen edustaja ottaa sinuun pian yhteytt\u00e4. Varmista, ett\u00e4 olet puhelimitse tavoitettavissa, jotta et missaa puhelua.<\/p>\n            <\/div>\n        <\/div>\n\n        <div class=\"wrapper__error\" data-modal=\"error\" style=\"display: none\"><\/div>\n    <\/form>\n<\/div>\n\n<div class=\"submit-overlay\" style=\"display: none;\">\n    <div class=\"lds-spinner\">\n        <div><\/div>\n        <div><\/div>\n        <div><\/div>\n        <div><\/div>\n        <div><\/div>\n        <div><\/div>\n        <div><\/div>\n        <div><\/div>\n    <\/div>\n    <p class=\"overlay-text\">Yhdist\u00e4\u00e4 sinut alueesi parhaaseen v\u00e4litt\u00e4j\u00e4\u00e4n<\/p>\n<\/div>\n\n\n<\/div><\/div>\n<\/div>\n<\/div><div class=\"gb-container gb-container-197d4570\">\n\n<a class=\"gb-button gb-button-e8c7dfa5\" href=\"https:\/\/oilevexpro.com\/fi\/\"><span class=\"gb-button-text\">P&Auml;&Auml;SET KW_00001:EEN NYT<\/span><span class=\"gb-icon\"><svg xmlns=\"http:\/\/www.w3.org\/2000\/svg\" aria-hidden=\"true\" role=\"img\" height=\"1em\" width=\"1em\" viewbox=\"0 0 256 512\"><path fill=\"currentColor\" d=\"M224.3 273l-136 136c-9.4 9.4-24.6 9.4-33.9 0l-22.6-22.6c-9.4-9.4-9.4-24.6 0-33.9l96.4-96.4-96.4-96.4c-9.4-9.4-9.4-24.6 0-33.9L54.3 103c9.4-9.4 24.6-9.4 33.9 0l136 136c9.5 9.4 9.5 24.6.1 34z\"><\/path><\/svg><\/span><\/a>\n\n<\/div><div class=\"gb-container gb-container-1bdeec8b\">\n<div class=\"gb-container gb-container-9d34a979\"><\/div>\n\n<div class=\"gb-container gb-container-1e789d4e\">\n\n<h3 class=\"gb-headline gb-headline-29613722 gb-headline-text\"><strong>KW_00001 edut<\/strong><\/h3>\n\n\n\n<p>KW_00001 on erinomainen reaaliaikaisten markkinatietojen jatkuvassa ker&auml;&auml;misess&auml; ja tehokkaassa analysoinnissa. T&auml;m&auml;n ainutlaatuisen kyvyn ansiosta ohjelmistomme voi toteuttaa kauppatilaukset ennenn&auml;kem&auml;tt&ouml;m&auml;ll&auml; nopeudella, joka ylitt&auml;&auml; sek&auml; ihmiskauppiaat ett&auml; muut ohjelmistoratkaisut. KW_00002 ei ainoastaan toteuta kauppoja nopeammin, vaan se my&ouml;s luottaa tilastoihin, logiikkaan ja matemaattisiin algoritmeihin tehdess&auml;&auml;n kaupank&auml;yntip&auml;&auml;t&ouml;ksi&auml;, mik&auml; eliminoi inhimillisten tunteiden vaikutuksen ja varmistaa objektiivisen kaupank&auml;ynnin.<\/p>\n\n\n\n<p>Yksi KW_00003:n erityispiirteist&auml; on sen kyky helpottaa backstaging-toimintoa. T&auml;m&auml;n korvaamattoman arvokkaan ty&ouml;kalun avulla voit testata valitsemiasi asetuksia historiallisten markkinaolosuhteiden perusteella. T&auml;t&auml; ominaisuutta hy&ouml;dynt&auml;m&auml;ll&auml; voit hienos&auml;&auml;t&auml;&auml; asetuksia kannattavuuden maksimoimiseksi. Voit olla varma siit&auml;, ett&auml; kehittynyt ohjelmistomme noudattaa ahkerasti asettamiasi s&auml;&auml;nt&ouml;j&auml; ja hoitaa kaikki kaupank&auml;yntiteht&auml;v&auml;t puolestasi.<\/p>\n\n\n\n<p>KW_00003 tarjoaa joustavuutta sek&auml; automaattisen ett&auml; manuaalisen kaupank&auml;ynnin vaihtoehdoissa, jotka palvelevat k&auml;ytt&auml;ji&auml;, joilla on erilaiset taitotasot, aikarajoitukset ja kiinnostuksen kohteet. Alustamme avulla voit hallita useita tilej&auml;, jolloin voit kokeilla, muokata ja vertailla eri strategioita. Hyv&auml;ksy KW_00002 n tarjoamat lukuisat kaupank&auml;yntimahdollisuudet ja tartu runsaisiin mahdollisuuksiin maksimoida voittosi.<\/p>\n\n<\/div>\n<\/div><div class=\"gb-container gb-container-67945ee0\">\n<div class=\"gb-container gb-container-12a13938\">\n\n<a class=\"gb-button gb-button-15cad45f\" href=\"https:\/\/oilevexpro.com\/fi\/\"><span class=\"gb-button-text\"><strong>TESTI KW_00001<\/strong><\/span><span class=\"gb-icon\"><svg xmlns=\"http:\/\/www.w3.org\/2000\/svg\" aria-hidden=\"true\" role=\"img\" height=\"1em\" width=\"1em\" viewbox=\"0 0 256 512\"><path fill=\"currentColor\" d=\"M224.3 273l-136 136c-9.4 9.4-24.6 9.4-33.9 0l-22.6-22.6c-9.4-9.4-9.4-24.6 0-33.9l96.4-96.4-96.4-96.4c-9.4-9.4-9.4-24.6 0-33.9L54.3 103c9.4-9.4 24.6-9.4 33.9 0l136 136c9.5 9.4 9.5 24.6.1 34z\"><\/path><\/svg><\/span><\/a>\n\n<\/div>\n<\/div><div class=\"gb-container gb-container-5d2e4740\">\n<div class=\"gb-container gb-container-d34d15be\">\n<div class=\"gb-grid-wrapper gb-grid-wrapper-4257ebc4\">\n<div class=\"gb-grid-column gb-grid-column-60a1d140\"><div class=\"gb-container gb-container-60a1d140\">\n<div class=\"gb-container gb-container-d446dbb2\">\n\n<span class=\"gb-button gb-button-4f39012e\"><span class=\"gb-icon\"><svg xmlns=\"http:\/\/www.w3.org\/2000\/svg\" height=\"15\" width=\"15\" fill=\"none\" viewbox=\"0 0 15 15\"><path fill=\"currentColor\" d=\"M4 1.5V4H1.5A1.5 1.5 0 000 5.5v8A1.5 1.5 0 001.5 15h8a1.5 1.5 0 001.5-1.5V11h2.5A1.5 1.5 0 0015 9.5v-8A1.5 1.5 0 0013.5 0h-8A1.5 1.5 0 004 1.5zM5.5 1a.5.5 0 00-.5.5V4h4.5A1.5 1.5 0 0111 5.5V10h2.5a.5.5 0 00.5-.5v-8a.5.5 0 00-.5-.5h-8zm0 10A1.5 1.5 0 014 9.5V5H1.5a.5.5 0 00-.5.5v8a.5.5 0 00.5.5h8a.5.5 0 00.5-.5V11H5.5z\" clip-rule=\"evenodd\" fill-rule=\"evenodd\"><\/path><\/svg><\/span><\/span>\n\n<\/div>\n\n\n<h3 class=\"gb-headline gb-headline-f8d314cb gb-headline-text\"><strong>Ohjelmistoratkaisu<\/strong><\/h3>\n\n\n\n<p class=\"has-text-align-center\">KW_00001 on huolellisesti suunniteltu t&auml;ytt&auml;m&auml;&auml;n tarkoituksensa arvokkaana ja k&auml;ytt&auml;j&auml;yst&auml;v&auml;llisen&auml; ty&ouml;kaluna kaiken tasoisille kauppiaille. Se antaa sinulle mahdollisuuden k&auml;yd&auml; vaivattomasti ja tehokkaasti kauppaa Bitcoinilla ja erilaisilla kryptovaluutoilla &auml;&auml;rimm&auml;isen k&auml;tev&auml;sti.<\/p>\n\n\n\n<p class=\"has-text-align-center\">KW_00002:n avulla voit sukeltaa kryptovaluuttakaupan maailmaan kuluttamatta paljon aikaa ja vaivaa markkinatietojen ja trendien tutkimiseen. Menneet ovat ne p&auml;iv&auml;t, jolloin kaupank&auml;ynnin opettelu oli pelottavaa ja voiton tavoittelu vaikeaa. Ratkaisumme poistaa tarpeen aiempaan tiet&auml;mykseen ja kokemukseen, joten voit aloittaa kaupank&auml;ynnin matkan mahdollisimman v&auml;h&auml;ll&auml; ajalla ja vaivalla.<\/p>\n\n<\/div><\/div>\n\n<div class=\"gb-grid-column gb-grid-column-6922dcd9\"><div class=\"gb-container gb-container-6922dcd9\">\n<div class=\"gb-container gb-container-b5c2993b\">\n\n<span class=\"gb-button gb-button-05b34aef\"><span class=\"gb-icon\"><svg xmlns=\"http:\/\/www.w3.org\/2000\/svg\" height=\"15\" width=\"15\" fill=\"none\" viewbox=\"0 0 15 15\"><path fill=\"currentColor\" d=\"M4 4V1.5A1.5 1.5 0 015.5 0h8A1.5 1.5 0 0115 1.5v8a1.5 1.5 0 01-1.5 1.5H11v2.5A1.5 1.5 0 019.5 15h-8A1.5 1.5 0 010 13.5v-8A1.5 1.5 0 011.5 4H4zm6 1v5H5V5h5z\" clip-rule=\"evenodd\" fill-rule=\"evenodd\"><\/path><\/svg><\/span><\/span>\n\n<\/div>\n\n\n<h3 class=\"gb-headline gb-headline-13950594 gb-headline-text\"><strong>KW_00001 Trader Review<\/strong><\/h3>\n\n\n\n<p class=\"has-text-align-center\">KW_00001 on luotettava kaupank&auml;yntity&ouml;kalu, joka tarjoaa sek&auml; manuaalisia ett&auml; t&auml;ysin automatisoituja vaihtoehtoja, jotka on suunniteltu suorittamaan tarkkoja kryptovaluuttakauppoja puolestasi. Toisin kuin muut Bitcoin-valuuttakauppaohjelmistot, alustamme toimii kehittyneill&auml; algoritmeilla, jotka analysoivat markkinatietoja ja varmistavat 99,4 prosentin tarkkuuden kauppojen avaamisessa ja sulkemisessa. KW_00002:n erottaa toisistaan sen huomattava 0,01 sekunnin etumatka kilpaileviin ohjelmistoihin n&auml;hden, mik&auml; tekee siit&auml; kauppiaiden ensisijaisen valinnan.<\/p>\n\n\n\n<p class=\"has-text-align-center\">Arvostetun US Trading Associationin tunnustama KW_00003 on saavuttanut k&auml;rkipaikan kaupank&auml;yntiohjelmistoluokassa. Lis&auml;ksi sen verkkopohjainen luonne poistaa lataustarpeen, ja se on saanut virustorjuntayhti&ouml;iden hyv&auml;ksynn&auml;n parannetun turvallisuuden vuoksi.<\/p>\n\n<\/div><\/div>\n\n<div class=\"gb-grid-column gb-grid-column-58d3b69b\"><div class=\"gb-container gb-container-58d3b69b\">\n<div class=\"gb-container gb-container-7f21e89f\">\n\n<span class=\"gb-button gb-button-df17151f\"><span class=\"gb-icon\"><svg xmlns=\"http:\/\/www.w3.org\/2000\/svg\" height=\"15\" width=\"15\" fill=\"none\" viewbox=\"0 0 15 15\"><path fill=\"currentColor\" d=\"M4 4H1.5A1.5 1.5 0 000 5.5v8A1.5 1.5 0 001.5 15h8a1.5 1.5 0 001.5-1.5V11h2.5A1.5 1.5 0 0015 9.5v-8A1.5 1.5 0 0013.5 0h-8A1.5 1.5 0 004 1.5V4zm1-2.5a.5.5 0 01.5-.5h8a.5.5 0 01.5.5v8a.5.5 0 01-.5.5h-8a.5.5 0 01-.5-.5v-8z\" clip-rule=\"evenodd\" fill-rule=\"evenodd\"><\/path><\/svg><\/span><\/span>\n\n<\/div>\n\n\n<h3 class=\"gb-headline gb-headline-7625b1b1 gb-headline-text\"><strong>Dragons Den<\/strong><\/h3>\n\n\n\n<p class=\"has-text-align-center\">KW_00003 ei ole mink&auml;&auml;nlaista yhteytt&auml; pahamaineiseen Dragons Den -huijaukseen. Dragons Den, joka tunnetaan my&ouml;s nimell&auml; Bitcoin Loophole -huijaus, toimii harhaanjohtavana j&auml;rjestelm&auml;n&auml;, joka houkuttelee pahaa aavistamattomia k&auml;ytt&auml;ji&auml; sijoittamaan petolliseen yritykseen, joka on naamioitu innovatiiviseksi startup-ohjelmistoksi. On t&auml;rke&auml;&auml; huomata, ett&auml; t&auml;m&auml; huijaus ei esiintynyt Dragon&rsquo;s Den -televisio-ohjelmassa eik&auml; se saanut mit&auml;&auml;n hyv&auml;ksynt&auml;&auml; ohjelmasta tai sen n&auml;yttelij&ouml;ilt&auml;.<\/p>\n\n\n\n<p class=\"has-text-align-center\">On t&auml;rke&auml;&auml; korostaa, ett&auml; Dragons Den k&auml;ytti vain hyv&auml;kseen alkuper&auml;isen hyv&auml;maineisen ohjelmiston ja ohjelman julkkisten mainetta huijatakseen ihmisi&auml; petollisesti antamaan kovalla ty&ouml;ll&auml; ansaitut rahansa. On eritt&auml;in t&auml;rke&auml;&auml; olla varovainen ja v&auml;ltt&auml;&auml; mainoksia tai julkaisuja, joissa esitet&auml;&auml;n perusteettomia v&auml;itteit&auml;, koska niill&auml; ei ole mit&auml;&auml;n yhteytt&auml; aitoon KW_00002.<\/p>\n\n<\/div><\/div>\n<\/div>\n<\/div>\n<\/div><div class=\"gb-container gb-container-39bfdacb\">\n<div class=\"gb-container gb-container-45f3ab74\">\n\n<h3 class=\"gb-headline gb-headline-e982b89b gb-headline-text\">Rekister&ouml;idy turvallisesti osoitteeseen KW_00001<\/h3>\n\n\n\n<a class=\"gb-button gb-button-a3e3ab09\" href=\"https:\/\/oilevexpro.com\/fi\/\"><span class=\"gb-button-text\">Rekister&ouml;idy turvallisesti<\/span><span class=\"gb-icon\"><svg xmlns=\"http:\/\/www.w3.org\/2000\/svg\" aria-hidden=\"true\" role=\"img\" height=\"1em\" width=\"1em\" viewbox=\"0 0 256 512\"><path fill=\"currentColor\" d=\"M224.3 273l-136 136c-9.4 9.4-24.6 9.4-33.9 0l-22.6-22.6c-9.4-9.4-9.4-24.6 0-33.9l96.4-96.4-96.4-96.4c-9.4-9.4-9.4-24.6 0-33.9L54.3 103c9.4-9.4 24.6-9.4 33.9 0l136 136c9.5 9.4 9.5 24.6.1 34z\"><\/path><\/svg><\/span><\/a>\n\n<\/div>\n<\/div>\n","protected":false},"excerpt":{"rendered":"<p>Tietoja uusimmasta versiosta 2.0 KW_00001 KW_00001 edut KW_00001 on erinomainen reaaliaikaisten markkinatietojen jatkuvassa ker&auml;&auml;misess&auml; ja tehokkaassa analysoinnissa. T&auml;m&auml;n ainutlaatuisen kyvyn ansiosta ohjelmistomme voi toteuttaa kauppatilaukset ennenn&auml;kem&auml;tt&ouml;m&auml;ll&auml; nopeudella, joka ylitt&auml;&auml; sek&auml; ihmiskauppiaat ett&auml; muut ohjelmistoratkaisut. KW_00002 ei ainoastaan toteuta kauppoja nopeammin, vaan se my&ouml;s luottaa tilastoihin, logiikkaan ja matemaattisiin algoritmeihin tehdess&auml;&auml;n kaupank&auml;yntip&auml;&auml;t&ouml;ksi&auml;, mik&auml; eliminoi inhimillisten tunteiden &#8230; <a title=\"Tietoa meist\u00e4\" class=\"read-more\" href=\"https:\/\/oilevexpro.com\/fi\/tietoa-meista\/\" aria-label=\"Lue lis\u00e4\u00e4 aiheesta Tietoa meist\u00e4\">Lue lis\u00e4\u00e4<\/a><\/p>\n","protected":false},"author":1,"featured_media":0,"parent":0,"menu_order":0,"comment_status":"closed","ping_status":"closed","template":"","meta":{"footnotes":""},"class_list":["post-5089","page","type-page","status-publish"],"_links":{"self":[{"href":"https:\/\/oilevexpro.com\/fi\/wp-json\/wp\/v2\/pages\/5089","targetHints":{"allow":["GET"]}}],"collection":[{"href":"https:\/\/oilevexpro.com\/fi\/wp-json\/wp\/v2\/pages"}],"about":[{"href":"https:\/\/oilevexpro.com\/fi\/wp-json\/wp\/v2\/types\/page"}],"author":[{"embeddable":true,"href":"https:\/\/oilevexpro.com\/fi\/wp-json\/wp\/v2\/users\/1"}],"replies":[{"embeddable":true,"href":"https:\/\/oilevexpro.com\/fi\/wp-json\/wp\/v2\/comments?post=5089"}],"version-history":[{"count":0,"href":"https:\/\/oilevexpro.com\/fi\/wp-json\/wp\/v2\/pages\/5089\/revisions"}],"wp:attachment":[{"href":"https:\/\/oilevexpro.com\/fi\/wp-json\/wp\/v2\/media?parent=5089"}],"curies":[{"name":"wp","href":"https:\/\/api.w.org\/{rel}","templated":true}]}}