{"id":5103,"date":"2020-09-18T14:36:50","date_gmt":"2020-09-18T14:36:50","guid":{"rendered":"https:\/\/oilevexpro.com\/a-propos-de-nous\/"},"modified":"2024-11-14T20:27:06","modified_gmt":"2024-11-14T20:27:06","slug":"a-propos-de-nous","status":"publish","type":"page","link":"https:\/\/oilevexpro.com\/fr\/a-propos-de-nous\/","title":{"rendered":"A propos de nous"},"content":{"rendered":"<?xml encoding=\"UTF-8\"><div class=\"gb-container gb-container-a462a256\">\n<div class=\"gb-container gb-container-2acc6621\">\n\n<h1 class=\"gb-headline gb-headline-d325e19c gb-headline-text\">A propos de la derni&egrave;re version 2.0 KW_00001<\/h1>\n\n<\/div>\n<\/div><div class=\"gb-container gb-container-287f468b\">\n<div class=\"gb-grid-wrapper gb-grid-wrapper-b386d038\">\n<div class=\"gb-grid-column gb-grid-column-387381c3\"><div class=\"gb-container gb-container-387381c3\">\n\n<h2 class=\"gb-headline gb-headline-db283a53 gb-headline-text\">Qu&rsquo;est-ce que KW_00001 ?<\/h2>\n\n\n\n<p>En devenant membre de la communaut&eacute; KW_00001, vous b&eacute;n&eacute;ficiez d&rsquo;un acc&egrave;s exclusif au logiciel leader de trading de crypto-monnaies. Notre plateforme se distingue par son interface conviviale, qui la rend accessible aux personnes n&rsquo;ayant pas d&rsquo;exp&eacute;rience pr&eacute;alable en mati&egrave;re de trading ou de comp&eacute;tences sp&eacute;cialis&eacute;es.<\/p>\n\n\n\n<p>Notre plateforme offre une multitude d&rsquo;avantages qui simplifient votre parcours de trading. Il ne se contente pas de collecter des donn&eacute;es, il effectue &eacute;galement une analyse compl&egrave;te, ce qui permet une prise de d&eacute;cision rationnelle et exempte d&rsquo;&eacute;motions. En outre, il ex&eacute;cute les transactions en votre nom de mani&egrave;re transparente, presque 24 heures sur 24.<\/p>\n\n\n\n<p>KW_00002 est plus qu&rsquo;un simple logiciel de trading automatis&eacute;, c&rsquo;est une communaut&eacute; de trading en ligne prosp&egrave;re. En tant que membre, vous pouvez profiter des avantages du trading automatis&eacute; et rentable des crypto-monnaies dans un environnement communautaire favorable.<\/p>\n\n\n\n<p>Notre technologie de pointe permet &agrave; KW_00003 d&rsquo;analyser les tendances du march&eacute; et d&rsquo;ex&eacute;cuter des transactions &agrave; une vitesse incroyable, d&eacute;passant de 0,01 seconde de nombreux autres logiciels de trading. Cet avantage vous permet de garder une longueur d&rsquo;avance dans le monde en constante &eacute;volution de l&rsquo;&eacute;change de crypto-monnaies.<\/p>\n\n<\/div><\/div>\n\n<div class=\"gb-grid-column gb-grid-column-51a60565\"><div class=\"gb-container gb-container-51a60565\">\n\n<h2 class=\"gb-headline gb-headline-d521daef gb-headline-text\">D&eacute;couvrez notre plateforme &ndash; Inscription gratuite<\/h2>\n\n\n    <script>\n        localStorage.setItem('fxbot_ab_testing', '{\"login\":[],\"registration\":[],\"contactus\":[]}');\n    <\/script>\n    <style>\n        .reCAPTCHAContent {\n            display: none;\n            visibility: hidden;\n        }\n    <\/style>\n\n\n<script>\n    localStorage.setItem('fxbot_api_parameters', '[{\"key\":\"emailmarketing\",\"value\":\"1\",\"override\":true},{\"key\":\"funnel\",\"value\":\"KW_F_00001\",\"override\":true}]');\n    localStorage.setItem('fxbot_alias_url', 'wp-content\/plugins\/fxbot-registration-form\/api.php');\n    localStorage.setItem('fxbot_email_marketing', '1');\n    localStorage.setItem('fxbot_email_marketing_debounce', 'true');\n    localStorage.setItem('fxbot_email_marketing_debounce_time', '1000');\n    localStorage.setItem('fxbot_recaptcha_enabled', 'false');\n    localStorage.setItem('fxbot_recaptcha_site_key', 'EMPTY');\n    localStorage.setItem('fxbot_alt_reg_popup_query_selector', '');\n    localStorage.setItem('fxbot_redirectVariant', '0');\n<\/script>\n<div class=\"form-widget\" id=\"optInFormWrapper\">\n    <form action=\"\" class=\"flex flex-column\" data-form=\"optInForm\" data-urlsearchparams=\"\" data-widget=\"registration_2_step\" id=\"opt-form\" method=\"post\" name=\"optInForm\">\n        <div class=\"elementor-field-type-text elementor-field-group elementor-column elementor-field-group-name elementor-col-100 form-group\">\n            <label for=\"form-first_name\" class=\"elementor-field-label elementor-screen-only\">Pr\u00e9nom<\/label>\n            <input class=\"elementor-field elementor-size-sm  elementor-field-textual regFormFirstName\" placeholder=\"Pr\u00e9nom\" data-input=\"firstname\" data-valid=\"false\" id=\"form-first_name\" name=\"firstname\" size=\"1\" type=\"text\">\n            <p class=\"error-message\"><\/p>\n        <\/div>\n\n        <div class=\"elementor-field-type-text elementor-field-group elementor-column elementor-field-group-name elementor-col-100 form-group\">\n            <label for=\"form-last_name\" class=\"elementor-field-label elementor-screen-only\">Nom de famille<\/label>\n            <input class=\"elementor-field elementor-size-sm elementor-field-textual regFormLastNname\" placeholder=\"Nom de famille\" data-input=\"lastname\" data-valid=\"false\" id=\"form-last_name\" name=\"lastname\" size=\"1\" type=\"text\">\n            <p class=\"error-message\"><\/p>\n        <\/div>\n\n        <div class=\"form-group elementor-field-type-text elementor-field-group elementor-column elementor-field-group-name elementor-col-100\">\n            <label class=\"elementor-field-label elementor-screen-only\" for=\"form-email\">E-mail<\/label>\n            <input class=\"regFormEmail elementor-field elementor-size-sm elementor-field-textual\" placeholder=\"E-mail\" data-input=\"email\" data-valid=\"false\" id=\"form-email\" name=\"email\" type=\"email\">\n            <p class=\"error-message\"><\/p>\n            <div class=\"form-group__emailValid-info\">\n                <span class=\"form-group__emailValid-message\"><span>Vouliez-vous dire<\/span> <b><\/b>?<\/span> <span class=\"form-group__emailValid-btn\">Remplacer<\/span>            <\/div>\n        <\/div>\n\n        <p class=\"reCAPTCHAContent\">\n            Ce site est prot\u00e9g\u00e9 par reCAPTCHA et la <a href=\"https:\/\/policies.google.com\/privacy\" target=\"_blank\" rel=\"noopener\">Politique de confidentialit\u00e9<\/a> et les <a href=\"https:\/\/policies.google.com\/terms\" target=\"_blank\" rel=\"noopener\">Conditions d\u2019utilisation<\/a> de Google s\u2019appliquent.        <\/p>\n\n        <button class=\"zoom regFormButton elementor-button elementor-size-sm\" data-button=\"submit\" id=\"optInForm-btn\">\n            Learn More        <\/button>\n    <\/form>\n<\/div>\n<div class=\"form-widget\" id=\"regFormWrapper\" style=\"visibility: hidden; width: 0; height:0\">\n    <form action=\"\" class=\"flex flex-column\" data-form=\"registrationForm\" data-urlsearchparams=\"\" data-widget=\"registration_2_step\" id=\"reg-form\" method=\"post\" name=\"registrationForm\">\n        <div class=\"elementor-field-type-text elementor-field-group elementor-column elementor-field-group-name elementor-col-100 form-group\">\n            <label for=\"form-first_name\" class=\"elementor-field-label elementor-screen-only\">Pr\u00e9nom<\/label>\n            <input class=\"elementor-field elementor-size-sm  elementor-field-textual regFormFirstName\" placeholder=\"Pr\u00e9nom\" data-input=\"firstname\" data-valid=\"false\" id=\"form-first_name\" name=\"firstname\" size=\"1\" type=\"text\">\n            <p class=\"error-message\"><\/p>\n        <\/div>\n\n        <div class=\"elementor-field-type-text elementor-field-group elementor-column elementor-field-group-name elementor-col-100 form-group\">\n            <label for=\"form-last_name\" class=\"elementor-field-label elementor-screen-only\">Nom de famille<\/label>\n            <input class=\"elementor-field elementor-size-sm elementor-field-textual regFormLastNname\" placeholder=\"Nom de famille\" data-input=\"lastname\" data-valid=\"false\" id=\"form-last_name\" name=\"lastname\" size=\"1\" type=\"text\">\n            <p class=\"error-message\"><\/p>\n        <\/div>\n\n        <div class=\"elementor-field-type-text elementor-field-group elementor-column elementor-field-group-name elementor-col-100 form-group form-group__emailValid\">\n            <label class=\"elementor-field-label elementor-screen-only\" for=\"form-email\">E-mail<\/label>\n            <input class=\"elementor-field elementor-size-sm elementor-field-textual regFormEmail\" placeholder=\"E-mail\" data-input=\"email\" data-valid=\"false\" id=\"form-email\" name=\"email\" type=\"email\">\n            <p class=\"error-message\"><\/p>\n            <p class=\"form-group__emailValid-info\">\n                <span class=\"form-group__emailValid-message\"><span>Vouliez-vous dire<\/span> <b><\/b>?<\/span> <span class=\"form-group__emailValid-btn\">Remplacer<\/span>            <\/p>\n        <\/div>\n\n        <div class=\"elementor-field-type-tel elementor-field-group elementor-column elementor-field-group-field_fad38fc elementor-col-100 form-group reg-phone\">\n            <label class=\"elementor-field-label elementor-screen-only\" for=\"form-phone_number\">Num\u00e9ro de t\u00e9l\u00e9phone<\/label>\n            <input class=\"elementor-field elementor-size-sm elementor-field-textual regFormPhoneNumber\" placeholder=\"Num\u00e9ro de t\u00e9l\u00e9phone\" autocompvare=\"off\" data-input=\"phone_number\" data-valid=\"false\" id=\"form-phone_number\" name=\"phone_number\" size=\"1\" type=\"text\">\n            <p class=\"error-message\"><\/p>\n        <\/div>\n\n        <p class=\"reCAPTCHAContent\">\n            Ce site est prot\u00e9g\u00e9 par reCAPTCHA et la <a href=\"https:\/\/policies.google.com\/privacy\" target=\"_blank\" rel=\"noopener\">Politique de confidentialit\u00e9<\/a> et les <a href=\"https:\/\/policies.google.com\/terms\" target=\"_blank\" rel=\"noopener\">Conditions d\u2019utilisation<\/a> de Google s\u2019appliquent.        <\/p>\n\n        <button class=\"elementor-button zoom regFormButton\" data-button=\"submit\" id=\"form-btn\" type=\"button\">\n            Learn More        <\/button>\n\n        <div class=\"wrapper__rar-no\" data-modal=\"success\" style=\"display: none\">\n            <div class=\"success\">\n                <img decoding=\"async\" src=\"\/wp-content\/plugins\/fxbot-registration-form\/assets\/images\/regSuccess.png\" alt=\"Merci pour l'inscription\">\n                <p>Merci pour l'inscription.<br\/> Notre agent vous contactera sous peu.<br\/>Veuillez vous assurer que vous avez utilis\u00e9 le num\u00e9ro de t\u00e9l\u00e9phone r\u00e9el.<br\/>Acclamations.<\/p>\n            <\/div>\n        <\/div>\n\n        <div class=\"wrapper__rar-no\" data-modal=\"alternative_success\" style=\"display: none\">\n            <div class=\"success\">\n                <p class=\"reg_title\">\n                    <b>Vous \u00eates connect\u00e9 avec succ\u00e8s.<\/b>\n                <\/p>\n                <p>Un agent de l'entreprise vous contactera bient\u00f4t. Veuillez vous assurer d'\u00eatre disponible par t\u00e9l\u00e9phone pour ne pas manquer l'appel.<\/p>\n            <\/div>\n        <\/div>\n\n        <div class=\"wrapper__error\" data-modal=\"error\" style=\"display: none\"><\/div>\n    <\/form>\n<\/div>\n\n<div class=\"submit-overlay\" style=\"display: none;\">\n    <div class=\"lds-spinner\">\n        <div><\/div>\n        <div><\/div>\n        <div><\/div>\n        <div><\/div>\n        <div><\/div>\n        <div><\/div>\n        <div><\/div>\n        <div><\/div>\n    <\/div>\n    <p class=\"overlay-text\">Vous connecter au meilleur courtier de votre r\u00e9gion<\/p>\n<\/div>\n\n\n<\/div><\/div>\n<\/div>\n<\/div><div class=\"gb-container gb-container-197d4570\">\n\n<a class=\"gb-button gb-button-e8c7dfa5\" href=\"https:\/\/oilevexpro.com\/fr\/\"><span class=\"gb-button-text\">ACC&Eacute;DEZ D&Egrave;S MAINTENANT &Agrave; KW_00001<\/span><span class=\"gb-icon\"><svg xmlns=\"http:\/\/www.w3.org\/2000\/svg\" aria-hidden=\"true\" role=\"img\" height=\"1em\" width=\"1em\" viewbox=\"0 0 256 512\"><path fill=\"currentColor\" d=\"M224.3 273l-136 136c-9.4 9.4-24.6 9.4-33.9 0l-22.6-22.6c-9.4-9.4-9.4-24.6 0-33.9l96.4-96.4-96.4-96.4c-9.4-9.4-9.4-24.6 0-33.9L54.3 103c9.4-9.4 24.6-9.4 33.9 0l136 136c9.5 9.4 9.5 24.6.1 34z\"><\/path><\/svg><\/span><\/a>\n\n<\/div><div class=\"gb-container gb-container-1bdeec8b\">\n<div class=\"gb-container gb-container-9d34a979\"><\/div>\n\n<div class=\"gb-container gb-container-1e789d4e\">\n\n<h3 class=\"gb-headline gb-headline-29613722 gb-headline-text\"><strong>Les avantages du logiciel KW_00001<\/strong><\/h3>\n\n\n\n<p>KW_00001 excelle dans la collecte constante et l&rsquo;analyse efficace de donn&eacute;es de march&eacute; en temps r&eacute;el. Cette capacit&eacute; unique permet &agrave; notre logiciel d&rsquo;ex&eacute;cuter des ordres de transaction pour vous &agrave; une vitesse sans pr&eacute;c&eacute;dent, surpassant &agrave; la fois les traders humains et les autres solutions logicielles. Non seulement KW_00002 ex&eacute;cute les transactions plus rapidement, mais il s&rsquo;appuie &eacute;galement sur les statistiques, la logique et les algorithmes math&eacute;matiques pour prendre des d&eacute;cisions de trading, &eacute;liminant ainsi l&rsquo;influence des &eacute;motions humaines et garantissant un trading objectif.<\/p>\n\n\n\n<p>L&rsquo;une des caract&eacute;ristiques les plus remarquables de la KW_00003 est sa capacit&eacute; &agrave; faciliter le backstaging. Cet outil pr&eacute;cieux vous permet de tester les param&egrave;tres choisis sur la base des conditions historiques du march&eacute;. En tirant parti de cette fonction, vous pouvez affiner vos param&egrave;tres pour maximiser la rentabilit&eacute;. Soyez assur&eacute; que notre logiciel sophistiqu&eacute; respectera avec diligence les r&egrave;gles que vous avez &eacute;tablies tout en effectuant toutes les t&acirc;ches de trading en votre nom.<\/p>\n\n\n\n<p>KW_00003 offre la flexibilit&eacute; d&rsquo;options de trading automatiques et manuelles, pour r&eacute;pondre aux besoins des utilisateurs ayant des niveaux de comp&eacute;tence, des contraintes de temps et des int&eacute;r&ecirc;ts diff&eacute;rents. Avec notre plateforme, vous pouvez g&eacute;rer plusieurs comptes, ce qui vous permet d&rsquo;exp&eacute;rimenter, de modifier et de comparer diff&eacute;rentes strat&eacute;gies. Embrassez la multitude de possibilit&eacute;s de trading que pr&eacute;sente KW_00002, et saisissez de nombreuses opportunit&eacute;s pour maximiser vos profits.<\/p>\n\n<\/div>\n<\/div><div class=\"gb-container gb-container-67945ee0\">\n<div class=\"gb-container gb-container-12a13938\">\n\n<a class=\"gb-button gb-button-15cad45f\" href=\"https:\/\/oilevexpro.com\/fr\/\"><span class=\"gb-button-text\"><strong>TEST KW_00001<\/strong><\/span><span class=\"gb-icon\"><svg xmlns=\"http:\/\/www.w3.org\/2000\/svg\" aria-hidden=\"true\" role=\"img\" height=\"1em\" width=\"1em\" viewbox=\"0 0 256 512\"><path fill=\"currentColor\" d=\"M224.3 273l-136 136c-9.4 9.4-24.6 9.4-33.9 0l-22.6-22.6c-9.4-9.4-9.4-24.6 0-33.9l96.4-96.4-96.4-96.4c-9.4-9.4-9.4-24.6 0-33.9L54.3 103c9.4-9.4 24.6-9.4 33.9 0l136 136c9.5 9.4 9.5 24.6.1 34z\"><\/path><\/svg><\/span><\/a>\n\n<\/div>\n<\/div><div class=\"gb-container gb-container-5d2e4740\">\n<div class=\"gb-container gb-container-d34d15be\">\n<div class=\"gb-grid-wrapper gb-grid-wrapper-4257ebc4\">\n<div class=\"gb-grid-column gb-grid-column-60a1d140\"><div class=\"gb-container gb-container-60a1d140\">\n<div class=\"gb-container gb-container-d446dbb2\">\n\n<span class=\"gb-button gb-button-4f39012e\"><span class=\"gb-icon\"><svg xmlns=\"http:\/\/www.w3.org\/2000\/svg\" height=\"15\" width=\"15\" fill=\"none\" viewbox=\"0 0 15 15\"><path fill=\"currentColor\" d=\"M4 1.5V4H1.5A1.5 1.5 0 000 5.5v8A1.5 1.5 0 001.5 15h8a1.5 1.5 0 001.5-1.5V11h2.5A1.5 1.5 0 0015 9.5v-8A1.5 1.5 0 0013.5 0h-8A1.5 1.5 0 004 1.5zM5.5 1a.5.5 0 00-.5.5V4h4.5A1.5 1.5 0 0111 5.5V10h2.5a.5.5 0 00.5-.5v-8a.5.5 0 00-.5-.5h-8zm0 10A1.5 1.5 0 014 9.5V5H1.5a.5.5 0 00-.5.5v8a.5.5 0 00.5.5h8a.5.5 0 00.5-.5V11H5.5z\" clip-rule=\"evenodd\" fill-rule=\"evenodd\"><\/path><\/svg><\/span><\/span>\n\n<\/div>\n\n\n<h3 class=\"gb-headline gb-headline-f8d314cb gb-headline-text\"><strong>La solution logicielle<\/strong><\/h3>\n\n\n\n<p class=\"has-text-align-center\">KW_00001 est m&eacute;ticuleusement con&ccedil;u pour &ecirc;tre un outil pr&eacute;cieux et convivial pour les traders de tous niveaux. Il vous permet de n&eacute;gocier sans effort et efficacement le bitcoin et diverses crypto-monnaies avec la plus grande commodit&eacute;.<\/p>\n\n\n\n<p class=\"has-text-align-center\">Avec KW_00002, vous pouvez plonger dans le monde du trading de crypto-monnaies sans consacrer beaucoup de temps et d&rsquo;efforts &agrave; l&rsquo;&eacute;tude des informations et des tendances du march&eacute;. Fini le temps o&ugrave; l&rsquo;on apprenait &agrave; trader de mani&egrave;re intimidante et o&ugrave; l&rsquo;on s&rsquo;effor&ccedil;ait de r&eacute;aliser des b&eacute;n&eacute;fices potentiels. Notre solution &eacute;limine le besoin de connaissances et d&rsquo;exp&eacute;riences pr&eacute;alables, ce qui vous permet de vous lancer dans le trading en investissant un minimum de temps et d&rsquo;efforts.<\/p>\n\n<\/div><\/div>\n\n<div class=\"gb-grid-column gb-grid-column-6922dcd9\"><div class=\"gb-container gb-container-6922dcd9\">\n<div class=\"gb-container gb-container-b5c2993b\">\n\n<span class=\"gb-button gb-button-05b34aef\"><span class=\"gb-icon\"><svg xmlns=\"http:\/\/www.w3.org\/2000\/svg\" height=\"15\" width=\"15\" fill=\"none\" viewbox=\"0 0 15 15\"><path fill=\"currentColor\" d=\"M4 4V1.5A1.5 1.5 0 015.5 0h8A1.5 1.5 0 0115 1.5v8a1.5 1.5 0 01-1.5 1.5H11v2.5A1.5 1.5 0 019.5 15h-8A1.5 1.5 0 010 13.5v-8A1.5 1.5 0 011.5 4H4zm6 1v5H5V5h5z\" clip-rule=\"evenodd\" fill-rule=\"evenodd\"><\/path><\/svg><\/span><\/span>\n\n<\/div>\n\n\n<h3 class=\"gb-headline gb-headline-13950594 gb-headline-text\"><strong>KW_00001 Trader Review<\/strong><\/h3>\n\n\n\n<p class=\"has-text-align-center\">KW_00001 est un outil de trading fiable qui offre &agrave; la fois des options manuelles et enti&egrave;rement automatis&eacute;es, con&ccedil;ues pour ex&eacute;cuter en votre nom des transactions pr&eacute;cises sur les crypto-monnaies. Contrairement &agrave; d&rsquo;autres logiciels de trading de devises Bitcoin, notre plateforme est aliment&eacute;e par des algorithmes avanc&eacute;s qui analysent les donn&eacute;es du march&eacute;, garantissant un taux de pr&eacute;cision impressionnant de 99,4 % lors de l&rsquo;ouverture et de la cl&ocirc;ture des transactions. Ce qui distingue KW_00002, c&rsquo;est sa remarquable avance de 0,01 seconde sur les logiciels concurrents, ce qui en fait le choix privil&eacute;gi&eacute; des traders.<\/p>\n\n\n\n<p class=\"has-text-align-center\">Reconnu par la prestigieuse US Trading Association, KW_00003 s&rsquo;est assur&eacute; la premi&egrave;re place dans la cat&eacute;gorie des logiciels de trading. En outre, le fait qu&rsquo;il soit bas&eacute; sur le web &eacute;limine le besoin de t&eacute;l&eacute;chargement, ce qui lui vaut l&rsquo;approbation des soci&eacute;t&eacute;s d&rsquo;antivirus pour une s&eacute;curit&eacute; accrue.<\/p>\n\n<\/div><\/div>\n\n<div class=\"gb-grid-column gb-grid-column-58d3b69b\"><div class=\"gb-container gb-container-58d3b69b\">\n<div class=\"gb-container gb-container-7f21e89f\">\n\n<span class=\"gb-button gb-button-df17151f\"><span class=\"gb-icon\"><svg xmlns=\"http:\/\/www.w3.org\/2000\/svg\" height=\"15\" width=\"15\" fill=\"none\" viewbox=\"0 0 15 15\"><path fill=\"currentColor\" d=\"M4 4H1.5A1.5 1.5 0 000 5.5v8A1.5 1.5 0 001.5 15h8a1.5 1.5 0 001.5-1.5V11h2.5A1.5 1.5 0 0015 9.5v-8A1.5 1.5 0 0013.5 0h-8A1.5 1.5 0 004 1.5V4zm1-2.5a.5.5 0 01.5-.5h8a.5.5 0 01.5.5v8a.5.5 0 01-.5.5h-8a.5.5 0 01-.5-.5v-8z\" clip-rule=\"evenodd\" fill-rule=\"evenodd\"><\/path><\/svg><\/span><\/span>\n\n<\/div>\n\n\n<h3 class=\"gb-headline gb-headline-7625b1b1 gb-headline-text\"><strong>Dragons Den<\/strong><\/h3>\n\n\n\n<p class=\"has-text-align-center\">Le logiciel KW_00003 n&rsquo;a absolument rien &agrave; voir avec la tristement c&eacute;l&egrave;bre arnaque du &laquo;&nbsp;Dragons Den&nbsp;&raquo;. Dragons Den, &eacute;galement connu sous le nom d&rsquo;escroquerie Bitcoin Loophole, fonctionne comme un syst&egrave;me trompeur, incitant des utilisateurs peu m&eacute;fiants &agrave; investir dans une entreprise frauduleuse d&eacute;guis&eacute;e en logiciel de d&eacute;marrage innovant. Il est essentiel de reconna&icirc;tre que cette escroquerie n&rsquo;a pas &eacute;t&eacute; pr&eacute;sent&eacute;e dans l&rsquo;&eacute;mission t&eacute;l&eacute;vis&eacute;e Dragon&rsquo;s Den et qu&rsquo;elle n&rsquo;a re&ccedil;u aucun soutien de la part de l&rsquo;&eacute;mission ou de ses acteurs.<\/p>\n\n\n\n<p class=\"has-text-align-center\">Il est important de souligner que Dragons Den n&rsquo;a fait qu&rsquo;exploiter la r&eacute;putation du logiciel original r&eacute;put&eacute; et des c&eacute;l&eacute;brit&eacute;s de l&rsquo;&eacute;mission pour tromper les individus et les amener &agrave; se s&eacute;parer de leur argent durement gagn&eacute;. Il est essentiel de faire preuve de prudence et de se tenir &agrave; l&rsquo;&eacute;cart des publicit&eacute;s ou des publications qui font des affirmations sans fondement, car elles n&rsquo;ont aucune corr&eacute;lation avec le v&eacute;ritable logiciel KW_00002.<\/p>\n\n<\/div><\/div>\n<\/div>\n<\/div>\n<\/div><div class=\"gb-container gb-container-39bfdacb\">\n<div class=\"gb-container gb-container-45f3ab74\">\n\n<h3 class=\"gb-headline gb-headline-e982b89b gb-headline-text\">S&rsquo;inscrire en toute s&eacute;curit&eacute; &agrave; KW_00001<\/h3>\n\n\n\n<a class=\"gb-button gb-button-a3e3ab09\" href=\"https:\/\/oilevexpro.com\/fr\/\"><span class=\"gb-button-text\">S&rsquo;inscrire en toute s&eacute;curit&eacute;<\/span><span class=\"gb-icon\"><svg xmlns=\"http:\/\/www.w3.org\/2000\/svg\" aria-hidden=\"true\" role=\"img\" height=\"1em\" width=\"1em\" viewbox=\"0 0 256 512\"><path fill=\"currentColor\" d=\"M224.3 273l-136 136c-9.4 9.4-24.6 9.4-33.9 0l-22.6-22.6c-9.4-9.4-9.4-24.6 0-33.9l96.4-96.4-96.4-96.4c-9.4-9.4-9.4-24.6 0-33.9L54.3 103c9.4-9.4 24.6-9.4 33.9 0l136 136c9.5 9.4 9.5 24.6.1 34z\"><\/path><\/svg><\/span><\/a>\n\n<\/div>\n<\/div>\n","protected":false},"excerpt":{"rendered":"<p>A propos de la derni&egrave;re version 2.0 KW_00001 Les avantages du logiciel KW_00001 KW_00001 excelle dans la collecte constante et l&rsquo;analyse efficace de donn&eacute;es de march&eacute; en temps r&eacute;el. Cette capacit&eacute; unique permet &agrave; notre logiciel d&rsquo;ex&eacute;cuter des ordres de transaction pour vous &agrave; une vitesse sans pr&eacute;c&eacute;dent, surpassant &agrave; la fois les traders humains &#8230; <a title=\"A propos de nous\" class=\"read-more\" href=\"https:\/\/oilevexpro.com\/fr\/a-propos-de-nous\/\" aria-label=\"En savoir plus sur A propos de nous\">Lire plus<\/a><\/p>\n","protected":false},"author":1,"featured_media":0,"parent":0,"menu_order":0,"comment_status":"closed","ping_status":"closed","template":"","meta":{"footnotes":""},"class_list":["post-5103","page","type-page","status-publish"],"_links":{"self":[{"href":"https:\/\/oilevexpro.com\/fr\/wp-json\/wp\/v2\/pages\/5103","targetHints":{"allow":["GET"]}}],"collection":[{"href":"https:\/\/oilevexpro.com\/fr\/wp-json\/wp\/v2\/pages"}],"about":[{"href":"https:\/\/oilevexpro.com\/fr\/wp-json\/wp\/v2\/types\/page"}],"author":[{"embeddable":true,"href":"https:\/\/oilevexpro.com\/fr\/wp-json\/wp\/v2\/users\/1"}],"replies":[{"embeddable":true,"href":"https:\/\/oilevexpro.com\/fr\/wp-json\/wp\/v2\/comments?post=5103"}],"version-history":[{"count":0,"href":"https:\/\/oilevexpro.com\/fr\/wp-json\/wp\/v2\/pages\/5103\/revisions"}],"wp:attachment":[{"href":"https:\/\/oilevexpro.com\/fr\/wp-json\/wp\/v2\/media?parent=5103"}],"curies":[{"name":"wp","href":"https:\/\/api.w.org\/{rel}","templated":true}]}}