{"id":4753,"date":"2020-09-18T14:37:23","date_gmt":"2020-09-18T14:37:23","guid":{"rendered":"https:\/\/oilevexpro.com\/kapcsolatfelvetel\/"},"modified":"2024-10-27T12:51:51","modified_gmt":"2024-10-27T12:51:51","slug":"kapcsolatfelvetel","status":"publish","type":"page","link":"https:\/\/oilevexpro.com\/hu\/kapcsolatfelvetel\/","title":{"rendered":"Kapcsolatfelv\u00e9tel"},"content":{"rendered":"<?xml encoding=\"UTF-8\"><div class=\"gb-container gb-container-e7990ed0\">\n<div class=\"gb-container gb-container-143b77ca\">\n\n<h1 class=\"gb-headline gb-headline-d325e19c gb-headline-text\">L&eacute;pjen kapcsolatba vel&uuml;nk &ndash; KW_00001 &ndash; GPT motoros eszk&ouml;z<\/h1>\n\n<\/div>\n<\/div><div class=\"gb-container gb-container-e6cfd54a\">\n<div class=\"gb-container gb-container-c74301cf\">\n<div class=\"gb-grid-wrapper gb-grid-wrapper-80bc0e69\">\n<div class=\"gb-grid-column gb-grid-column-358e8ba0\"><div class=\"gb-container gb-container-358e8ba0\">\n\n<h2 class=\"gb-headline gb-headline-183e6841 gb-headline-text\"><strong>K&ouml;sz&ouml;nj&uuml;k &eacute;rdekl&#337;d&eacute;s&eacute;t a <\/strong><br><strong>KW_00001<\/strong><\/h2>\n\n\n\n<p>A KW_00002 elk&ouml;telezettek vagyunk a sz&eacute;lesk&ouml;r&#369; &uuml;gyf&eacute;lszolg&aacute;lat biztos&iacute;t&aacute;sa mellett, hogy garant&aacute;ljuk az optim&aacute;lis keresked&eacute;si &eacute;lm&eacute;nyt &eacute;s a maxim&aacute;lis keresked&eacute;si potenci&aacute;l felszabad&iacute;t&aacute;s&aacute;t.<\/p>\n\n\n\n<p>Legf&#337;bb c&eacute;lunk, hogy &Ouml;n teljes m&eacute;rt&eacute;kben kiakn&aacute;zhassa a rendszerben rejl&#337; lehet&#337;s&eacute;geket, &eacute;s &eacute;lvezze a z&ouml;kken&#337;mentes, felhaszn&aacute;l&oacute;bar&aacute;t &eacute;lm&eacute;nyt. Ennek &eacute;rdek&eacute;ben partners&eacute;get alak&iacute;tottunk ki az ipar&aacute;g vezet&#337;, enged&eacute;llyel rendelkez&#337; br&oacute;kerekkel, akik seg&iacute;tenek &Ouml;nnek a digit&aacute;lis eszk&ouml;z&ouml;kkel val&oacute; keresked&eacute;sben. Ezt a sz&iacute;vess&eacute;gi szolg&aacute;ltat&aacute;st teljesen ingyenesen ny&uacute;jtjuk &Ouml;nnek, biztos&iacute;tva, hogy &Ouml;n a sz&uuml;ks&eacute;ges &uacute;tmutat&aacute;st &eacute;s szak&eacute;rtelmet megkapja, f&uuml;ggetlen&uuml;l az &Ouml;n k&eacute;pzetts&eacute;gi szintj&eacute;t&#337;l, tud&aacute;s&aacute;t&oacute;l vagy tapasztalat&aacute;t&oacute;l.<\/p>\n\n<\/div><\/div>\n\n<div class=\"gb-grid-column gb-grid-column-07c2a368\"><div class=\"gb-container gb-container-07c2a368\">\n\n<h2 class=\"gb-headline gb-headline-a0231c48 gb-headline-text\">Kapcsolatfelv&eacute;tel &amp; Ingyenes regisztr&aacute;ci&oacute;<\/h2>\n\n\n    <script>\n        localStorage.setItem('fxbot_ab_testing', '{\"login\":[],\"registration\":[],\"contactus\":[]}');\n    <\/script>\n    <style>\n        .reCAPTCHAContent {\n            display: none;\n            visibility: hidden;\n        }\n    <\/style>\n\n\n<script>\n    localStorage.setItem('fxbot_api_parameters', '[{\"key\":\"emailmarketing\",\"value\":\"1\",\"override\":true},{\"key\":\"funnel\",\"value\":\"KW_F_00001\",\"override\":true}]');\n    localStorage.setItem('fxbot_alias_url', 'wp-content\/plugins\/fxbot-registration-form\/api.php');\n    localStorage.setItem('fxbot_email_marketing', '1');\n    localStorage.setItem('fxbot_email_marketing_debounce', 'true');\n    localStorage.setItem('fxbot_email_marketing_debounce_time', '1000');\n    localStorage.setItem('fxbot_recaptcha_enabled', 'false');\n    localStorage.setItem('fxbot_recaptcha_site_key', 'EMPTY');\n    localStorage.setItem('fxbot_alt_reg_popup_query_selector', '');\n    localStorage.setItem('fxbot_redirectVariant', '0');\n<\/script>\n<div class=\"form-widget\" id=\"optInFormWrapper\">\n    <form action=\"\" class=\"flex flex-column\" data-form=\"optInForm\" data-urlsearchparams=\"\" data-widget=\"registration_2_step\" id=\"opt-form\" method=\"post\" name=\"optInForm\">\n        <div class=\"elementor-field-type-text elementor-field-group elementor-column elementor-field-group-name elementor-col-100 form-group\">\n            <label for=\"form-first_name\" class=\"elementor-field-label elementor-screen-only\">Keresztn\u00e9v<\/label>\n            <input class=\"elementor-field elementor-size-sm  elementor-field-textual regFormFirstName\" placeholder=\"Keresztn\u00e9v\" data-input=\"firstname\" data-valid=\"false\" id=\"form-first_name\" name=\"firstname\" size=\"1\" type=\"text\">\n            <p class=\"error-message\"><\/p>\n        <\/div>\n\n        <div class=\"elementor-field-type-text elementor-field-group elementor-column elementor-field-group-name elementor-col-100 form-group\">\n            <label for=\"form-last_name\" class=\"elementor-field-label elementor-screen-only\">Vezet\u00e9kn\u00e9v<\/label>\n            <input class=\"elementor-field elementor-size-sm elementor-field-textual regFormLastNname\" placeholder=\"Vezet\u00e9kn\u00e9v\" data-input=\"lastname\" data-valid=\"false\" id=\"form-last_name\" name=\"lastname\" size=\"1\" type=\"text\">\n            <p class=\"error-message\"><\/p>\n        <\/div>\n\n        <div class=\"form-group elementor-field-type-text elementor-field-group elementor-column elementor-field-group-name elementor-col-100\">\n            <label class=\"elementor-field-label elementor-screen-only\" for=\"form-email\">Email<\/label>\n            <input class=\"regFormEmail elementor-field elementor-size-sm elementor-field-textual\" placeholder=\"Email\" data-input=\"email\" data-valid=\"false\" id=\"form-email\" name=\"email\" type=\"email\">\n            <p class=\"error-message\"><\/p>\n            <div class=\"form-group__emailValid-info\">\n                <span class=\"form-group__emailValid-message\"><span>A<\/span><b><\/b><\/span><span>-ra gondolt?<\/span> <span class=\"form-group__emailValid-btn\">Cser\u00e9lje ki<\/span>            <\/div>\n        <\/div>\n\n        <p class=\"reCAPTCHAContent\">\n            Ezt a webhelyet a reCAPTCHA v\u00e9di, \u00e9s \u00e9rv\u00e9nyesek a <a href=\"https:\/\/policies.google.com\/privacy\" target=\"_blank\" rel=\"noopener\">Google Adatv\u00e9delmi Szab\u00e1lyzata<\/a> \u00e9s a <a href=\"https:\/\/policies.google.com\/terms\" target=\"_blank\" rel=\"noopener\">Szolg\u00e1ltat\u00e1si Felt\u00e9telek<\/a>.        <\/p>\n\n        <button class=\"zoom regFormButton elementor-button elementor-size-sm\" data-button=\"submit\" id=\"optInForm-btn\">\n            Submit        <\/button>\n    <\/form>\n<\/div>\n<div class=\"form-widget\" id=\"regFormWrapper\" style=\"visibility: hidden; width: 0; height:0\">\n    <form action=\"\" class=\"flex flex-column\" data-form=\"registrationForm\" data-urlsearchparams=\"\" data-widget=\"registration_2_step\" id=\"reg-form\" method=\"post\" name=\"registrationForm\">\n        <div class=\"elementor-field-type-text elementor-field-group elementor-column elementor-field-group-name elementor-col-100 form-group\">\n            <label for=\"form-first_name\" class=\"elementor-field-label elementor-screen-only\">Keresztn\u00e9v<\/label>\n            <input class=\"elementor-field elementor-size-sm  elementor-field-textual regFormFirstName\" placeholder=\"Keresztn\u00e9v\" data-input=\"firstname\" data-valid=\"false\" id=\"form-first_name\" name=\"firstname\" size=\"1\" type=\"text\">\n            <p class=\"error-message\"><\/p>\n        <\/div>\n\n        <div class=\"elementor-field-type-text elementor-field-group elementor-column elementor-field-group-name elementor-col-100 form-group\">\n            <label for=\"form-last_name\" class=\"elementor-field-label elementor-screen-only\">Vezet\u00e9kn\u00e9v<\/label>\n            <input class=\"elementor-field elementor-size-sm elementor-field-textual regFormLastNname\" placeholder=\"Vezet\u00e9kn\u00e9v\" data-input=\"lastname\" data-valid=\"false\" id=\"form-last_name\" name=\"lastname\" size=\"1\" type=\"text\">\n            <p class=\"error-message\"><\/p>\n        <\/div>\n\n        <div class=\"elementor-field-type-text elementor-field-group elementor-column elementor-field-group-name elementor-col-100 form-group form-group__emailValid\">\n            <label class=\"elementor-field-label elementor-screen-only\" for=\"form-email\">Email<\/label>\n            <input class=\"elementor-field elementor-size-sm elementor-field-textual regFormEmail\" placeholder=\"Email\" data-input=\"email\" data-valid=\"false\" id=\"form-email\" name=\"email\" type=\"email\">\n            <p class=\"error-message\"><\/p>\n            <p class=\"form-group__emailValid-info\">\n                <span class=\"form-group__emailValid-message\"><span>A<\/span><b><\/b><\/span><span>-ra gondolt?<\/span> <span class=\"form-group__emailValid-btn\">Cser\u00e9lje ki<\/span>            <\/p>\n        <\/div>\n\n        <div class=\"elementor-field-type-tel elementor-field-group elementor-column elementor-field-group-field_fad38fc elementor-col-100 form-group reg-phone\">\n            <label class=\"elementor-field-label elementor-screen-only\" for=\"form-phone_number\">Telefonsz\u00e1m<\/label>\n            <input class=\"elementor-field elementor-size-sm elementor-field-textual regFormPhoneNumber\" placeholder=\"Telefonsz\u00e1m\" autocompvare=\"off\" data-input=\"phone_number\" data-valid=\"false\" id=\"form-phone_number\" name=\"phone_number\" size=\"1\" type=\"text\">\n            <p class=\"error-message\"><\/p>\n        <\/div>\n\n        <p class=\"reCAPTCHAContent\">\n            Ezt a webhelyet a reCAPTCHA v\u00e9di, \u00e9s \u00e9rv\u00e9nyesek a <a href=\"https:\/\/policies.google.com\/privacy\" target=\"_blank\" rel=\"noopener\">Google Adatv\u00e9delmi Szab\u00e1lyzata<\/a> \u00e9s a <a href=\"https:\/\/policies.google.com\/terms\" target=\"_blank\" rel=\"noopener\">Szolg\u00e1ltat\u00e1si Felt\u00e9telek<\/a>.        <\/p>\n\n        <button class=\"elementor-button zoom regFormButton\" data-button=\"submit\" id=\"form-btn\" type=\"button\">\n            Submit        <\/button>\n\n        <div class=\"wrapper__rar-no\" data-modal=\"success\" style=\"display: none\">\n            <div class=\"success\">\n                <img decoding=\"async\" src=\"\/wp-content\/plugins\/fxbot-registration-form\/assets\/images\/regSuccess.png\" alt=\"K\u00f6sz\u00f6nj\u00fck a regisztr\u00e1ci\u00f3t\">\n                <p>K\u00f6sz\u00f6nj\u00fck a regisztr\u00e1ci\u00f3t.<br\/>\u00dcgyn\u00f6k\u00fcnk hamarosan felveszi \u00d6nnel a kapcsolatot.<br\/>K\u00e9rj\u00fck, gy\u0151z\u0151dj\u00f6n meg arr\u00f3l, hogy a val\u00f3di telefonsz\u00e1mot haszn\u00e1lta.<br\/>Eg\u00e9szs\u00e9g\u00e9re.<\/p>\n            <\/div>\n        <\/div>\n\n        <div class=\"wrapper__rar-no\" data-modal=\"alternative_success\" style=\"display: none\">\n            <div class=\"success\">\n                <p class=\"reg_title\">\n                    <b>Sikeresen csatlakozt\u00e1l.<\/b>\n                <\/p>\n                <p>A v\u00e1llalat egy \u00fcgyn\u00f6ke hamarosan fel fogja venni \u00d6nnel a kapcsolatot. K\u00e9rj\u00fck, gy\u0151z\u0151dj\u00f6n meg r\u00f3la, hogy telefonon el\u00e9rhet\u0151, hogy ne hagyja ki a h\u00edv\u00e1st.<\/p>\n            <\/div>\n        <\/div>\n\n        <div class=\"wrapper__error\" data-modal=\"error\" style=\"display: none\"><\/div>\n    <\/form>\n<\/div>\n\n<div class=\"submit-overlay\" style=\"display: none;\">\n    <div class=\"lds-spinner\">\n        <div><\/div>\n        <div><\/div>\n        <div><\/div>\n        <div><\/div>\n        <div><\/div>\n        <div><\/div>\n        <div><\/div>\n        <div><\/div>\n    <\/div>\n    <p class=\"overlay-text\">\u00d6sszekapcsolja \u00d6nt a k\u00f6rny\u00e9k legjobb br\u00f3ker\u00e9vel<\/p>\n<\/div>\n\n\n<\/div><\/div>\n<\/div>\n<\/div>\n<\/div><div class=\"gb-container gb-container-60bbda29\">\n<div class=\"gb-container gb-container-0b4cfa6a\">\n\n<h2 class=\"gb-headline gb-headline-38a74e45 gb-headline-text\">KW_00003 Kapcsolattart&aacute;si &uacute;tmutat&oacute;<\/h2>\n\n\n\n<p class=\"gb-headline gb-headline-6c77b38e gb-headline-text\">K&eacute;rj&uuml;k, sz&aacute;njon id&#337;t arra, hogy &aacute;tolvassa ezt a kapcsolattart&aacute;si &uacute;tmutat&oacute;t, hogy k&eacute;rd&eacute;s&eacute;t a t&eacute;m&aacute;nak megfelel&#337;en az elk&ouml;telezett &uuml;gyf&eacute;lszolg&aacute;lati csapat v&aacute;laszolhassa meg.<\/p>\n\n\n\n<p class=\"has-base-2-color has-text-color\" style=\"font-style:normal;font-weight:200\">*Ha tov&aacute;bbi inform&aacute;ci&oacute;ra, seg&iacute;ts&eacute;gre van sz&uuml;ks&eacute;ge a regisztr&aacute;ci&oacute;hoz, vagy ha b&aacute;rmilyen technikai probl&eacute;m&aacute;ja van, k&eacute;rj&uuml;k, haszn&aacute;lja az al&aacute;bbi &#369;rlapot:<strong> <\/strong>; az &uuml;gyf&eacute;lszolg&aacute;lat munkat&aacute;rsa azonnal v&aacute;laszol.<\/p>\n\n<\/div>\n<\/div><section class=\"gb-container gb-container-1537fc24\">\n<div class=\"gb-container gb-container-489b4d10\">\n<div class=\"gb-grid-wrapper gb-grid-wrapper-9ec40c2c\">\n<div class=\"gb-grid-column gb-grid-column-1d94304b\"><div class=\"gb-container gb-container-1d94304b\">\n<div class=\"gb-container gb-container-c1d4759b\">\n\n<span class=\"gb-button gb-button-10e59523\"><span class=\"gb-icon\"><svg xmlns=\"http:\/\/www.w3.org\/2000\/svg\" viewbox=\"0 0 512 512\" width=\"1em\" height=\"1em\" aria-hidden=\"true\"><path d=\"M464 64H48C21.49 64 0 85.49 0 112v288c0 26.51 21.49 48 48 48h416c26.51 0 48-21.49 48-48V112c0-26.51-21.49-48-48-48zm0 48v40.805c-22.422 18.259-58.168 46.651-134.587 106.49-16.841 13.247-50.201 45.072-73.413 44.701-23.208.375-56.579-31.459-73.413-44.701C106.18 199.465 70.425 171.067 48 152.805V112h416zM48 400V214.398c22.914 18.251 55.409 43.862 104.938 82.646 21.857 17.205 60.134 55.186 103.062 54.955 42.717.231 80.509-37.199 103.053-54.947 49.528-38.783 82.032-64.401 104.947-82.653V400H48z\" fill=\"currentColor\"><\/path><\/svg><\/span><\/span>\n\n\n<div class=\"gb-container gb-container-73575364\">\n\n<h3 class=\"gb-headline gb-headline-c3604ae8 gb-headline-text\">E-mail<\/h3>\n\n\n\n<p class=\"gb-headline gb-headline-f3e4fae6 gb-headline-text\">support@OilEvexPro.com<\/p>\n\n<\/div>\n<\/div>\n\n<div class=\"gb-container gb-container-0a31b6cd\">\n\n<span class=\"gb-button gb-button-e9624d06\"><span class=\"gb-icon\"><svg xmlns=\"http:\/\/www.w3.org\/2000\/svg\" viewbox=\"0 0 368.666 368.666\" style=\"enable-background:new 0 0 368.666 368.666\" xml:space=\"preserve\"><path d=\"M184.333 0C102.01 0 35.036 66.974 35.036 149.297c0 33.969 11.132 65.96 32.193 92.515 27.27 34.383 106.572 116.021 109.934 119.479l7.169 7.375 7.17-7.374c3.364-3.46 82.69-85.116 109.964-119.51 21.042-26.534 32.164-58.514 32.164-92.485C333.63 66.974 266.656 0 184.333 0zm101.462 229.355c-21.956 27.687-80.92 89.278-101.462 110.581-20.54-21.302-79.483-82.875-101.434-110.552-18.228-22.984-27.863-50.677-27.863-80.087C55.036 78.002 113.038 20 184.333 20c71.294 0 129.297 58.002 129.296 129.297 0 29.412-9.625 57.096-27.834 80.058z\"><\/path><path d=\"M184.333 59.265c-48.73 0-88.374 39.644-88.374 88.374s39.645 88.374 88.374 88.374 88.374-39.645 88.374-88.374-39.644-88.374-88.374-88.374zm0 156.748c-37.702 0-68.374-30.673-68.374-68.374 0-37.702 30.673-68.374 68.374-68.374s68.373 30.673 68.374 68.374c0 37.702-30.672 68.374-68.374 68.374z\"><\/path><\/svg><\/span><\/span>\n\n\n<div class=\"gb-container gb-container-25a02a25\">\n\n<h3 class=\"gb-headline gb-headline-eec48bfe gb-headline-text\">Helysz&iacute;n<\/h3>\n\n\n\n<p class=\"gb-headline gb-headline-ea38b2da gb-headline-text\">WeWork 380 Jalan Besar: Jalan Besar 380, Arc 380, Szingap&uacute;r 209000<\/p>\n\n<\/div>\n<\/div>\n<\/div><\/div>\n\n<div class=\"gb-grid-column gb-grid-column-e6476df9\"><div class=\"gb-container gb-container-e6476df9\">\n\n<iframe src=\"https:\/\/www.google.com\/maps\/embed?pb=!1m18!1m12!1m3!1d3988.7708174521176!2d103.8600594!3d1.3129499999999998!2m3!1f0!2f0!3f0!3m2!1i1024!2i768!4f13.1!3m3!1m2!1s0x31da19a3cdf92b65%3A0xd17b10876ac473a3!2sWeWork%20-%20Office%20Space%20%26%20Coworking!5e0!3m2!1sen!2snl!4v1691417076881!5m2!1sen!2snl\" width=\"600\" height=\"450\" style=\"border:0;\" allowfullscreen=\"\" loading=\"lazy\" referrerpolicy=\"no-referrer-when-downgrade\"><\/iframe>\n\n<\/div><\/div>\n<\/div>\n<\/div>\n<\/section>\n","protected":false},"excerpt":{"rendered":"<p>L&eacute;pjen kapcsolatba vel&uuml;nk &ndash; KW_00001 &ndash; GPT motoros eszk&ouml;z KW_00003 Kapcsolattart&aacute;si &uacute;tmutat&oacute; K&eacute;rj&uuml;k, sz&aacute;njon id&#337;t arra, hogy &aacute;tolvassa ezt a kapcsolattart&aacute;si &uacute;tmutat&oacute;t, hogy k&eacute;rd&eacute;s&eacute;t a t&eacute;m&aacute;nak megfelel&#337;en az elk&ouml;telezett &uuml;gyf&eacute;lszolg&aacute;lati csapat v&aacute;laszolhassa meg. *Ha tov&aacute;bbi inform&aacute;ci&oacute;ra, seg&iacute;ts&eacute;gre van sz&uuml;ks&eacute;ge a regisztr&aacute;ci&oacute;hoz, vagy ha b&aacute;rmilyen technikai probl&eacute;m&aacute;ja van, k&eacute;rj&uuml;k, haszn&aacute;lja az al&aacute;bbi &#369;rlapot: ; az &uuml;gyf&eacute;lszolg&aacute;lat &#8230; <a title=\"Kapcsolatfelv\u00e9tel\" class=\"read-more\" href=\"https:\/\/oilevexpro.com\/hu\/kapcsolatfelvetel\/\" aria-label=\"Read more about Kapcsolatfelv\u00e9tel\">Olvass tov\u00e1bb<\/a><\/p>\n","protected":false},"author":1,"featured_media":0,"parent":0,"menu_order":0,"comment_status":"closed","ping_status":"closed","template":"","meta":{"footnotes":""},"class_list":["post-4753","page","type-page","status-publish"],"_links":{"self":[{"href":"https:\/\/oilevexpro.com\/hu\/wp-json\/wp\/v2\/pages\/4753","targetHints":{"allow":["GET"]}}],"collection":[{"href":"https:\/\/oilevexpro.com\/hu\/wp-json\/wp\/v2\/pages"}],"about":[{"href":"https:\/\/oilevexpro.com\/hu\/wp-json\/wp\/v2\/types\/page"}],"author":[{"embeddable":true,"href":"https:\/\/oilevexpro.com\/hu\/wp-json\/wp\/v2\/users\/1"}],"replies":[{"embeddable":true,"href":"https:\/\/oilevexpro.com\/hu\/wp-json\/wp\/v2\/comments?post=4753"}],"version-history":[{"count":0,"href":"https:\/\/oilevexpro.com\/hu\/wp-json\/wp\/v2\/pages\/4753\/revisions"}],"wp:attachment":[{"href":"https:\/\/oilevexpro.com\/hu\/wp-json\/wp\/v2\/media?parent=4753"}],"curies":[{"name":"wp","href":"https:\/\/api.w.org\/{rel}","templated":true}]}}