{"id":4993,"date":"2023-07-27T10:28:47","date_gmt":"2023-07-27T10:28:47","guid":{"rendered":"https:\/\/oilevexpro.com\/feltetelek-es-feltetelek\/"},"modified":"2024-05-13T12:45:17","modified_gmt":"2024-05-13T12:45:17","slug":"feltetelek-es-feltetelek","status":"publish","type":"page","link":"https:\/\/oilevexpro.com\/hu\/feltetelek-es-feltetelek\/","title":{"rendered":"Felt\u00e9telek \u00e9s felt\u00e9telek"},"content":{"rendered":"<?xml encoding=\"UTF-8\"><div class=\"gb-container gb-container-f493ca47\">\n<div class=\"gb-container gb-container-74097ace\">\n\n<h1 class=\"gb-headline gb-headline-d325e19c gb-headline-text\">Felt&eacute;telek &eacute;s felt&eacute;telek<\/h1>\n\n<\/div>\n<\/div><div class=\"gb-container gb-container-54f31550\">\n<div class=\"gb-container gb-container-5c3c159e\">\n\n<p>Utols&oacute; friss&iacute;t&eacute;s: m&aacute;jus 31, 2023<\/p>\n\n\n\n<p>K&eacute;rj&uuml;k, figyelmesen olvassa el ezeket a felt&eacute;teleket, miel&#337;tt ig&eacute;nybe venn&eacute; a Szolg&aacute;ltat&aacute;sunkat.<\/p>\n\n\n\n<h2 class=\"gb-headline gb-headline-9278717c gb-headline-text\"><strong>&Eacute;rtelmez&eacute;s &eacute;s fogalommeghat&aacute;roz&aacute;sok<\/strong><\/h2>\n\n\n\n<p><strong>Tolm&aacute;csol&aacute;s<\/strong><\/p>\n\n\n\n<p>Azoknak a szavaknak, amelyeknek a kezd&#337;bet&#369;je nagybet&#369;vel van &iacute;rva, a k&ouml;vetkez&#337; felt&eacute;telek szerint meghat&aacute;rozott jelent&eacute;se van. Az al&aacute;bbi fogalommeghat&aacute;roz&aacute;sok jelent&eacute;se azonos, f&uuml;ggetlen&uuml;l att&oacute;l, hogy egyes vagy t&ouml;bbes sz&aacute;mban szerepelnek.<\/p>\n\n\n\n<p><strong>Fogalommeghat&aacute;roz&aacute;sok<\/strong><\/p>\n\n\n\n<p>A jelen &Aacute;ltal&aacute;nos Szerz&#337;d&eacute;si Felt&eacute;telek alkalmaz&aacute;s&aacute;ban:<\/p>\n\n\n\n<p>A kapcsolt v&aacute;llalkoz&aacute;s olyan szervezetet jelent, amely egy felet ir&aacute;ny&iacute;t, amelyet egy f&eacute;l ir&aacute;ny&iacute;t, vagy amely egy f&eacute;llel k&ouml;z&ouml;s ir&aacute;ny&iacute;t&aacute;s alatt &aacute;ll, ahol az &bdquo;ir&aacute;ny&iacute;t&aacute;s&rdquo; a r&eacute;szv&eacute;nyek, r&eacute;szesed&eacute;sek vagy egy&eacute;b, az igazgat&oacute;v&aacute;laszt&aacute;sra vagy m&aacute;s ir&aacute;ny&iacute;t&oacute; hat&oacute;s&aacute;g megv&aacute;laszt&aacute;s&aacute;ra szavaz&aacute;sra jogos&iacute;t&oacute; &eacute;rt&eacute;kpap&iacute;rok legal&aacute;bb 50%-&aacute;nak tulajdonjog&aacute;t jelenti.<\/p>\n\n\n\n<p>Fi&oacute;k: az &Ouml;n sz&aacute;m&aacute;ra l&eacute;trehozott egyedi fi&oacute;k, amellyel hozz&aacute;f&eacute;rhet a Szolg&aacute;ltat&aacute;sunkhoz vagy annak egyes r&eacute;szeihez.<\/p>\n\n\n\n<p>Az orsz&aacute;g Szingap&uacute;rra vonatkozik<\/p>\n\n\n\n<p>A v&aacute;llalat (a jelen meg&aacute;llapod&aacute;sban a &bdquo;v&aacute;llalat&rdquo;, &bdquo;mi&rdquo;, &bdquo;minket&rdquo; vagy &bdquo;mi&eacute;nk&rdquo;) a KW_00001Kft.<\/p>\n\n\n\n<p>Eszk&ouml;znek min&#337;s&uuml;l minden olyan eszk&ouml;z, amely k&eacute;pes a Szolg&aacute;ltat&aacute;shoz hozz&aacute;f&eacute;rni, p&eacute;ld&aacute;ul sz&aacute;m&iacute;t&oacute;g&eacute;p, mobiltelefon vagy digit&aacute;lis t&aacute;blag&eacute;p.<\/p>\n\n\n\n<p>A szolg&aacute;ltat&aacute;s a Weboldalra vonatkozik.<\/p>\n\n\n\n<p>Felt&eacute;telek (m&aacute;s n&eacute;ven &bdquo;Felt&eacute;telek&rdquo;): a jelen Felt&eacute;telek, amelyek az &Ouml;n &eacute;s a V&aacute;llalat k&ouml;z&ouml;tti teljes meg&aacute;llapod&aacute;st k&eacute;pezik a Szolg&aacute;ltat&aacute;s haszn&aacute;lat&aacute;ra vonatkoz&oacute;an.<\/p>\n\n\n\n<p>Harmadik f&eacute;l &aacute;ltal ny&uacute;jtott k&ouml;z&ouml;ss&eacute;gi m&eacute;diaszolg&aacute;ltat&aacute;s: b&aacute;rmely harmadik f&eacute;l &aacute;ltal ny&uacute;jtott szolg&aacute;ltat&aacute;s vagy tartalom (bele&eacute;rtve az adatokat, inform&aacute;ci&oacute;kat, term&eacute;keket vagy szolg&aacute;ltat&aacute;sokat), amelyet a Szolg&aacute;ltat&aacute;s megjelen&iacute;thet, tartalmazhat vagy el&eacute;rhet&#337;v&eacute; tehet.<\/p>\n\n\n\n<p>A weboldal a KW_00001 hivatkozik, amely <a href=\"https:\/\/OilEvexPro.com\/hu\/\" data-type=\"page\" data-id=\"3554\" target=\"_blank\" rel=\"noopener\">err&#337;l a c&iacute;mr&#337;l<\/a> &eacute;rhet&#337; el.<\/p>\n\n\n\n<p>&Ouml;n a Szolg&aacute;ltat&aacute;shoz hozz&aacute;f&eacute;r&#337; vagy azt haszn&aacute;l&oacute; mag&aacute;nszem&eacute;lyt, illetve azt a v&aacute;llalatot vagy m&aacute;s jogi szem&eacute;lyt jelenti, amelynek nev&eacute;ben az ilyen mag&aacute;nszem&eacute;ly a Szolg&aacute;ltat&aacute;st ig&eacute;nybe veszi vagy haszn&aacute;lja.<\/p>\n\n\n\n<h2 class=\"gb-headline gb-headline-a8e59a7c gb-headline-text\"><strong>Visszaigazol&aacute;s<\/strong><\/h2>\n\n\n\n<p>Ezek az &Aacute;ltal&aacute;nos Szerz&#337;d&eacute;si Felt&eacute;telek szab&aacute;lyozz&aacute;k a Szolg&aacute;ltat&aacute;s haszn&aacute;lat&aacute;t, valamint az &Ouml;n &eacute;s a T&aacute;rsas&aacute;g k&ouml;z&ouml;tt l&eacute;trej&ouml;tt meg&aacute;llapod&aacute;st. A jelen &Aacute;ltal&aacute;nos Szerz&#337;d&eacute;si Felt&eacute;telek meghat&aacute;rozz&aacute;k valamennyi felhaszn&aacute;l&oacute; jogait &eacute;s k&ouml;telezetts&eacute;geit a Szolg&aacute;ltat&aacute;s haszn&aacute;lat&aacute;val kapcsolatban.<\/p>\n\n\n\n<p>A Szolg&aacute;ltat&aacute;shoz val&oacute; hozz&aacute;f&eacute;r&eacute;s &eacute;s annak haszn&aacute;lata a jelen &Aacute;ltal&aacute;nos Szerz&#337;d&eacute;si Felt&eacute;telek elfogad&aacute;s&aacute;hoz &eacute;s betart&aacute;s&aacute;hoz k&ouml;t&ouml;tt. A jelen &Aacute;ltal&aacute;nos Szerz&#337;d&eacute;si Felt&eacute;telek minden l&aacute;togat&oacute;ra, felhaszn&aacute;l&oacute;ra &eacute;s m&aacute;s, a Szolg&aacute;ltat&aacute;shoz hozz&aacute;f&eacute;r&#337; vagy azt haszn&aacute;l&oacute; szem&eacute;lyre vonatkoznak.<\/p>\n\n\n\n<p>A Szolg&aacute;ltat&aacute;shoz val&oacute; hozz&aacute;f&eacute;r&eacute;ssel vagy annak haszn&aacute;lat&aacute;val &Ouml;n elfogadja, hogy a jelen &Aacute;ltal&aacute;nos Szerz&#337;d&eacute;si Felt&eacute;telek k&ouml;telez&#337; &eacute;rv&eacute;ny&#369;ek. Ha &Ouml;n nem &eacute;rt egyet a jelen &Aacute;ltal&aacute;nos Szerz&#337;d&eacute;si Felt&eacute;telek b&aacute;rmely r&eacute;sz&eacute;vel, akkor nem f&eacute;rhet hozz&aacute; a Szolg&aacute;ltat&aacute;shoz.<\/p>\n\n\n\n<p>&Ouml;n kijelenti, hogy elm&uacute;lt 18 &eacute;ves. A T&aacute;rsas&aacute;g nem enged&eacute;lyezi 18 &eacute;v alattiak sz&aacute;m&aacute;ra a Szolg&aacute;ltat&aacute;s haszn&aacute;lat&aacute;t.<\/p>\n\n\n\n<p>A Szolg&aacute;ltat&aacute;shoz val&oacute; hozz&aacute;f&eacute;r&eacute;s &eacute;s annak haszn&aacute;lata az &Ouml;n sz&aacute;m&aacute;ra a T&aacute;rsas&aacute;g Adatv&eacute;delmi szab&aacute;lyzat&aacute;nak elfogad&aacute;s&aacute;hoz &eacute;s betart&aacute;s&aacute;hoz is k&ouml;t&ouml;tt. Adatv&eacute;delmi szab&aacute;lyzatunk le&iacute;rja az &Ouml;n szem&eacute;lyes adatainak gy&#369;jt&eacute;s&eacute;re, felhaszn&aacute;l&aacute;s&aacute;ra &eacute;s k&ouml;zz&eacute;t&eacute;tel&eacute;re vonatkoz&oacute; ir&aacute;nyelveinket &eacute;s elj&aacute;r&aacute;sainkat, amikor &Ouml;n az Alkalmaz&aacute;st vagy a Weboldalt haszn&aacute;lja, valamint t&aacute;j&eacute;koztatja &Ouml;nt az &Ouml;n adatv&eacute;delmi jogair&oacute;l &eacute;s arr&oacute;l, hogy a t&ouml;rv&eacute;ny hogyan v&eacute;di &Ouml;nt. K&eacute;rj&uuml;k, figyelmesen olvassa el Adatv&eacute;delmi szab&aacute;lyzatunkat, miel&#337;tt ig&eacute;nybe venn&eacute; szolg&aacute;ltat&aacute;sunkat.<\/p>\n\n\n\n<h2 class=\"gb-headline gb-headline-b9933f92 gb-headline-text\"><strong>Felhaszn&aacute;l&oacute;i fi&oacute;kok<\/strong><\/h2>\n\n\n\n<p>Amikor &Ouml;n fi&oacute;kot hoz l&eacute;tre n&aacute;lunk, &Ouml;nnek mindenkor pontos, teljes &eacute;s aktu&aacute;lis adatokat kell megadnia nek&uuml;nk. Ennek elmulaszt&aacute;sa a Felt&eacute;telek megszeg&eacute;s&eacute;nek min&#337;s&uuml;l, ami az &Ouml;n Szolg&aacute;ltat&aacute;sunkban l&eacute;v&#337; fi&oacute;kj&aacute;nak azonnali megsz&uuml;ntet&eacute;s&eacute;t eredm&eacute;nyezheti.<\/p>\n\n\n\n<p>&Ouml;n felel&#337;s a Szolg&aacute;ltat&aacute;shoz val&oacute; hozz&aacute;f&eacute;r&eacute;shez haszn&aacute;lt jelszav&aacute;nak meg&#337;rz&eacute;s&eacute;&eacute;rt, valamint a jelszava alatt v&eacute;gzett minden tev&eacute;kenys&eacute;g&eacute;rt vagy m&#369;velet&eacute;rt, f&uuml;ggetlen&uuml;l att&oacute;l, hogy az &Ouml;n jelszava a Szolg&aacute;ltat&aacute;sunkhoz vagy egy harmadik f&eacute;l k&ouml;z&ouml;ss&eacute;gi m&eacute;diaszolg&aacute;ltat&aacute;s&aacute;hoz tartozik.<\/p>\n\n\n\n<p>&Ouml;n beleegyezik, hogy jelszav&aacute;t nem adja &aacute;t harmadik f&eacute;lnek. Ha tudom&aacute;st szerez a biztons&aacute;g megs&eacute;rt&eacute;s&eacute;r&#337;l vagy a fi&oacute;kja jogosulatlan haszn&aacute;lat&aacute;r&oacute;l, azonnal &eacute;rtes&iacute;tenie kell minket.<\/p>\n\n\n\n<p>&Ouml;n nem haszn&aacute;lhat felhaszn&aacute;l&oacute;n&eacute;vk&eacute;nt m&aacute;s szem&eacute;ly vagy szervezet nev&eacute;t, vagy olyan nevet, amely nem jogszer&#369;en haszn&aacute;lhat&oacute;, olyan nevet vagy v&eacute;djegyet, amely az &Ouml;nt&#337;l elt&eacute;r&#337; m&aacute;s szem&eacute;ly vagy szervezet jogainak t&aacute;rgya, megfelel&#337; enged&eacute;ly n&eacute;lk&uuml;l, vagy olyan nevet, amely egy&eacute;bk&eacute;nt s&eacute;rt&#337;, vulg&aacute;ris vagy obszc&eacute;n.<\/p>\n\n\n\n<h2 class=\"gb-headline gb-headline-30dc5235 gb-headline-text\"><strong>Szellemi tulajdon<\/strong><\/h2>\n\n\n\n<p>A Szolg&aacute;ltat&aacute;s &eacute;s annak eredeti tartalma (kiv&eacute;ve az &Ouml;n vagy m&aacute;s felhaszn&aacute;l&oacute;k &aacute;ltal biztos&iacute;tott Tartalmat), funkci&oacute;i &eacute;s funkci&oacute;i a T&aacute;rsas&aacute;g &eacute;s licencad&oacute;i kiz&aacute;r&oacute;lagos tulajdon&aacute;t k&eacute;pezik &eacute;s k&eacute;pezik.<\/p>\n\n\n\n<p>A Szolg&aacute;ltat&aacute;s szerz&#337;i jog, v&eacute;djegy &eacute;s egy&eacute;b t&ouml;rv&eacute;nyek &aacute;ltal v&eacute;dett mind az orsz&aacute;g, mind a k&uuml;lf&ouml;ldi orsz&aacute;gok szerz&#337;i jogai &aacute;ltal.<\/p>\n\n\n\n<p>V&eacute;djegyeink &eacute;s v&eacute;djegyeink nem haszn&aacute;lhat&oacute;k fel semmilyen term&eacute;kkel vagy szolg&aacute;ltat&aacute;ssal kapcsolatban a T&aacute;rsas&aacute;g el&#337;zetes &iacute;r&aacute;sbeli hozz&aacute;j&aacute;rul&aacute;sa n&eacute;lk&uuml;l.<\/p>\n\n\n\n<h2 class=\"gb-headline gb-headline-40e2f142 gb-headline-text\"><strong>Linkek m&aacute;s weboldalakra<\/strong><\/h2>\n\n\n\n<p>Szolg&aacute;ltat&aacute;sunk tartalmazhat olyan harmadik f&eacute;l webhelyeire vagy szolg&aacute;ltat&aacute;saira mutat&oacute; linkeket, amelyek nem a T&aacute;rsas&aacute;g tulajdon&aacute;ban vagy ellen&#337;rz&eacute;se alatt &aacute;llnak.<\/p>\n\n\n\n<p>A T&aacute;rsas&aacute;g nem ellen&#337;rzi &eacute;s nem v&aacute;llal felel&#337;ss&eacute;get harmadik felek weboldalainak vagy szolg&aacute;ltat&aacute;sainak tartalm&aacute;&eacute;rt, adatv&eacute;delmi ir&aacute;nyelvei&eacute;rt vagy gyakorlat&aacute;&eacute;rt. &Ouml;n tov&aacute;bb&aacute; tudom&aacute;sul veszi &eacute;s elfogadja, hogy a T&aacute;rsas&aacute;g sem k&ouml;zvetlen&uuml;l, sem k&ouml;zvetve nem felel&#337;s &eacute;s nem v&aacute;llal felel&#337;ss&eacute;get semmilyen k&aacute;r&eacute;rt vagy vesztes&eacute;g&eacute;rt, amelyet az ilyen weboldalakon vagy szolg&aacute;ltat&aacute;sokon kereszt&uuml;l el&eacute;rhet&#337; tartalmak, &aacute;ruk vagy szolg&aacute;ltat&aacute;sok haszn&aacute;lata vagy az azokra val&oacute; t&aacute;maszkod&aacute;s okozott vagy &aacute;ll&iacute;t&oacute;lagosan okozott.<\/p>\n\n\n\n<p>Nyomat&eacute;kosan javasoljuk, hogy olvassa el az &Ouml;n &aacute;ltal megl&aacute;togatott harmadik f&eacute;lt&#337;l sz&aacute;rmaz&oacute; webhelyek vagy szolg&aacute;ltat&aacute;sok &aacute;ltal&aacute;nos szerz&#337;d&eacute;si felt&eacute;teleit &eacute;s adatv&eacute;delmi ir&aacute;nyelveit.<\/p>\n\n\n\n<h2 class=\"gb-headline gb-headline-81a14a2b gb-headline-text\"><strong>Megsz&uuml;ntet&eacute;s<\/strong><\/h2>\n\n\n\n<p>B&aacute;rmilyen okb&oacute;l azonnal, el&#337;zetes &eacute;rtes&iacute;t&eacute;s vagy felel&#337;ss&eacute;gv&aacute;llal&aacute;s n&eacute;lk&uuml;l megsz&uuml;ntethetj&uuml;k vagy felf&uuml;ggeszthetj&uuml;k az &Ouml;n fi&oacute;kj&aacute;t, bele&eacute;rtve, de nem kiz&aacute;r&oacute;lagosan, ha &Ouml;n megszegi a jelen &Aacute;ltal&aacute;nos Szerz&#337;d&eacute;si Felt&eacute;teleket.<\/p>\n\n\n\n<p>A felmond&aacute;s eset&eacute;n az &Ouml;n joga a Szolg&aacute;ltat&aacute;s haszn&aacute;lat&aacute;ra azonnal megsz&#369;nik. Ha meg k&iacute;v&aacute;nja sz&uuml;ntetni a Fi&oacute;kj&aacute;t, egyszer&#369;en csak felhagyhat a Szolg&aacute;ltat&aacute;s haszn&aacute;lat&aacute;val.<\/p>\n\n\n\n<h2 class=\"gb-headline gb-headline-faa58666 gb-headline-text\"><strong>A felel&#337;ss&eacute;g korl&aacute;toz&aacute;sa<\/strong><\/h2>\n\n\n\n<p>Az &Ouml;nt esetlegesen &eacute;rt k&aacute;rokt&oacute;l f&uuml;ggetlen&uuml;l a T&aacute;rsas&aacute;g &eacute;s b&aacute;rmely besz&aacute;ll&iacute;t&oacute;j&aacute;nak a jelen Felt&eacute;telek b&aacute;rmely rendelkez&eacute;se alapj&aacute;n fenn&aacute;ll&oacute; teljes felel&#337;ss&eacute;ge &eacute;s az &Ouml;n kiz&aacute;r&oacute;lagos jogorvoslata a fentiekkel kapcsolatban az &Ouml;n &aacute;ltal a Szolg&aacute;ltat&aacute;son kereszt&uuml;l t&eacute;nylegesen kifizetett &ouml;sszegre vagy 100 USD-re korl&aacute;toz&oacute;dik, ha &Ouml;n nem v&aacute;s&aacute;rolt semmit a Szolg&aacute;ltat&aacute;son kereszt&uuml;l.<\/p>\n\n\n\n<p>Az alkalmazand&oacute; jogszab&aacute;lyok &aacute;ltal megengedett legnagyobb m&eacute;rt&eacute;kben a T&aacute;rsas&aacute;g vagy besz&aacute;ll&iacute;t&oacute;i semmilyen esetben sem v&aacute;llalnak felel&#337;ss&eacute;get semmilyen k&uuml;l&ouml;nleges, v&eacute;letlen, k&ouml;zvetett vagy k&ouml;vetkezm&eacute;nyes k&aacute;r&eacute;rt (bele&eacute;rtve, de nem kiz&aacute;r&oacute;lagosan a nyeres&eacute;gkies&eacute;sb&#337;l, adatveszt&eacute;sb&#337;l vagy m&aacute;s inform&aacute;ci&oacute;k elveszt&eacute;s&eacute;b&#337;l, az &uuml;zletmenet megszak&iacute;t&aacute;s&aacute;b&oacute;l, szem&eacute;lyi s&eacute;r&uuml;l&eacute;sb&#337;l ered&#337; k&aacute;rokat), a mag&aacute;n&eacute;let elveszt&eacute;s&eacute;&eacute;rt, amely a Szolg&aacute;ltat&aacute;s, a Szolg&aacute;ltat&aacute;ssal egy&uuml;tt haszn&aacute;lt harmadik f&eacute;lt&#337;l sz&aacute;rmaz&oacute; szoftver &eacute;s\/vagy harmadik f&eacute;lt&#337;l sz&aacute;rmaz&oacute; hardver haszn&aacute;lat&aacute;b&oacute;l vagy a Szolg&aacute;ltat&aacute;s haszn&aacute;lat&aacute;nak lehetetlens&eacute;g&eacute;b&#337;l ered, vagy azzal b&aacute;rmilyen m&oacute;don &ouml;sszef&uuml;gg), m&eacute;g akkor is, ha a T&aacute;rsas&aacute;got vagy b&aacute;rmely besz&aacute;ll&iacute;t&oacute;j&aacute;t t&aacute;j&eacute;koztatt&aacute;k az ilyen k&aacute;rok lehet&#337;s&eacute;g&eacute;r&#337;l, &eacute;s m&eacute;g akkor is, ha a jogorvoslat nem &eacute;ri el alapvet&#337; c&eacute;lj&aacute;t.<\/p>\n\n\n\n<p>Egyes &aacute;llamok nem enged&eacute;lyezik a hallgat&oacute;lagos garanci&aacute;k kiz&aacute;r&aacute;s&aacute;t vagy a v&eacute;letlen vagy k&ouml;vetkezm&eacute;nyes k&aacute;rok&eacute;rt val&oacute; felel&#337;ss&eacute;g korl&aacute;toz&aacute;s&aacute;t, ami azt jelenti, hogy a fenti korl&aacute;toz&aacute;sok n&eacute;melyike nem alkalmazhat&oacute;. Ezekben az &aacute;llamokban mindk&eacute;t f&eacute;l felel&#337;ss&eacute;ge a t&ouml;rv&eacute;ny &aacute;ltal megengedett legnagyobb m&eacute;rt&eacute;kben korl&aacute;tozott.<\/p>\n\n\n\n<h2 class=\"gb-headline gb-headline-e1bcabde gb-headline-text\"><strong>&bdquo;AS IS&rdquo; &eacute;s &bdquo;AS AVAILABLE&rdquo; Felel&#337;ss&eacute;gi nyilatkozat<\/strong><\/h2>\n\n\n\n<p>A Szolg&aacute;ltat&aacute;s az &Ouml;n rendelkez&eacute;s&eacute;re &aacute;ll &bdquo;AZONOSAN&rdquo; &eacute;s &bdquo;K&Eacute;SZENL&Eacute;TESEN&rdquo;, minden hib&aacute;val &eacute;s hi&aacute;nyoss&aacute;ggal, mindenf&eacute;le garancia n&eacute;lk&uuml;l. Az alkalmazand&oacute; jogszab&aacute;lyok &aacute;ltal megengedett legnagyobb m&eacute;rt&eacute;kben a T&aacute;rsas&aacute;g a saj&aacute;t nev&eacute;ben, valamint a T&aacute;rsas&aacute;ghoz tartoz&oacute; v&aacute;llalatok, licencad&oacute;i &eacute;s szolg&aacute;ltat&oacute;i nev&eacute;ben kifejezetten kiz&aacute;r minden kifejezett, hallgat&oacute;lagos, t&ouml;rv&eacute;nyes vagy egy&eacute;b garanci&aacute;t a Szolg&aacute;ltat&aacute;ssal kapcsolatban, bele&eacute;rtve az eladhat&oacute;s&aacute;gra, a meghat&aacute;rozott c&eacute;lra val&oacute; alkalmass&aacute;gra, a jogc&iacute;mre &eacute;s a jogs&eacute;rt&eacute;smentess&eacute;gre vonatkoz&oacute; minden hallgat&oacute;lagos garanci&aacute;t, valamint a kereskedelmi forgalomb&oacute;l, a teljes&iacute;t&eacute;s menet&eacute;b&#337;l, a szok&aacute;sokb&oacute;l vagy a kereskedelmi gyakorlatb&oacute;l ered&#337; garanci&aacute;kat. A fentiek korl&aacute;toz&aacute;sa n&eacute;lk&uuml;l, a T&aacute;rsas&aacute;g nem v&aacute;llal garanci&aacute;t vagy k&ouml;telezetts&eacute;get, &eacute;s nem v&aacute;llal semmilyen garanci&aacute;t arra vonatkoz&oacute;an, hogy a Szolg&aacute;ltat&aacute;s megfelel az &Ouml;n ig&eacute;nyeinek, el&eacute;r b&aacute;rmilyen k&iacute;v&aacute;nt eredm&eacute;nyt, kompatibilis vagy egy&uuml;ttm&#369;k&ouml;dik m&aacute;s szoftverekkel, alkalmaz&aacute;sokkal, rendszerekkel vagy szolg&aacute;ltat&aacute;sokkal, megszak&iacute;t&aacute;s n&eacute;lk&uuml;l m&#369;k&ouml;dik, megfelel b&aacute;rmilyen teljes&iacute;tm&eacute;ny- vagy megb&iacute;zhat&oacute;s&aacute;gi szabv&aacute;nynak, vagy hibamentes, illetve hogy b&aacute;rmilyen hiba vagy hi&aacute;nyoss&aacute;g kijav&iacute;that&oacute; vagy kijav&iacute;t&aacute;sra ker&uuml;l.<\/p>\n\n\n\n<p>A fentiek korl&aacute;toz&aacute;sa n&eacute;lk&uuml;l, sem a T&aacute;rsas&aacute;g, sem a T&aacute;rsas&aacute;g b&aacute;rmely szolg&aacute;ltat&oacute;ja nem v&aacute;llal semmif&eacute;le kifejezett vagy hallgat&oacute;lagos k&eacute;pviseletet vagy garanci&aacute;t: (i) a Szolg&aacute;ltat&aacute;s, illetve az abban szerepl&#337; inform&aacute;ci&oacute;k, tartalmak, anyagok vagy term&eacute;kek m&#369;k&ouml;d&eacute;s&eacute;vel vagy el&eacute;rhet&#337;s&eacute;g&eacute;vel kapcsolatban; (ii) hogy a Szolg&aacute;ltat&aacute;s megszak&iacute;t&aacute;s n&eacute;lk&uuml;l vagy hibamentesen fog m&#369;k&ouml;dni; (iii) a Szolg&aacute;ltat&aacute;son kereszt&uuml;l ny&uacute;jtott b&aacute;rmely inform&aacute;ci&oacute; vagy tartalom pontoss&aacute;g&aacute;t, megb&iacute;zhat&oacute;s&aacute;g&aacute;t vagy naprak&eacute;szs&eacute;g&eacute;t illet&#337;en; vagy (iv) hogy a Szolg&aacute;ltat&aacute;s, annak szerverei, a tartalom vagy a T&aacute;rsas&aacute;gt&oacute;l vagy annak nev&eacute;ben k&uuml;ld&ouml;tt e-mailek nem tartalmaznak v&iacute;rusokat, szkripteket, tr&oacute;jai falovakat, f&eacute;rgeket, rosszindulat&uacute; szoftvereket, id&#337;z&iacute;tett bomb&aacute;kat vagy m&aacute;s k&aacute;ros &ouml;sszetev&#337;ket.<\/p>\n\n\n\n<p>Egyes joghat&oacute;s&aacute;gok nem teszik lehet&#337;v&eacute; bizonyos t&iacute;pus&uacute; garanci&aacute;k kiz&aacute;r&aacute;s&aacute;t vagy a fogyaszt&oacute;k alkalmazand&oacute; t&ouml;rv&eacute;nyes jogainak korl&aacute;toz&aacute;s&aacute;t, &iacute;gy el&#337;fordulhat, hogy a fenti kiz&aacute;r&aacute;sok &eacute;s korl&aacute;toz&aacute;sok egy r&eacute;sze vagy eg&eacute;sze nem vonatkozik &Ouml;nre. Ilyen esetben azonban az ebben a szakaszban meghat&aacute;rozott kiz&aacute;r&aacute;sokat &eacute;s korl&aacute;toz&aacute;sokat kell alkalmazni, amennyire az alkalmazand&oacute; jog szerint &eacute;rv&eacute;nyes&iacute;thet&#337;.<\/p>\n\n\n\n<h2 class=\"gb-headline gb-headline-d5b80c2a gb-headline-text\"><strong>Ir&aacute;nyad&oacute; jog<\/strong><\/h2>\n\n\n\n<p>A jelen Felt&eacute;telekre &eacute;s a Szolg&aacute;ltat&aacute;s &Ouml;n &aacute;ltali haszn&aacute;lat&aacute;ra az orsz&aacute;g t&ouml;rv&eacute;nyei az ir&aacute;nyad&oacute;k, kiv&eacute;ve a koll&iacute;zi&oacute;s szab&aacute;lyokat. Az Alkalmaz&aacute;s haszn&aacute;lata m&aacute;s helyi, &aacute;llami, nemzeti vagy nemzetk&ouml;zi t&ouml;rv&eacute;nyek hat&aacute;lya al&aacute; is tartozhat.<\/p>\n\n\n\n<p><strong>Vitarendez&eacute;s<\/strong><\/p>\n\n\n\n<p>Ha &Ouml;nnek b&aacute;rmilyen agg&aacute;lya vagy vit&aacute;ja van a Szolg&aacute;ltat&aacute;ssal kapcsolatban, &Ouml;n beleegyezik, hogy el&#337;sz&ouml;r megpr&oacute;b&aacute;lja a vit&aacute;t inform&aacute;lisan, a T&aacute;rsas&aacute;ggal val&oacute; kapcsolatfelv&eacute;tel &uacute;tj&aacute;n megoldani.<\/p>\n\n\n\n<p><strong>Az Eur&oacute;pai Uni&oacute; (EU) felhaszn&aacute;l&oacute;i sz&aacute;m&aacute;ra<\/strong><\/p>\n\n\n\n<p>Ha &Ouml;n eur&oacute;pai uni&oacute;s fogyaszt&oacute;, akkor az &Ouml;n lak&oacute;helye szerinti orsz&aacute;g jogszab&aacute;lyainak k&ouml;telez&#337; rendelkez&eacute;sei vonatkoznak &Ouml;nre.<\/p>\n\n\n\n<h2 class=\"gb-headline gb-headline-2157cd04 gb-headline-text\"><strong>Az Egyes&uuml;lt &Aacute;llamok Jogi megfelel&eacute;s<\/strong><\/h2>\n\n\n\n<p>&Ouml;n kijelenti &eacute;s garant&aacute;lja, hogy (i) &Ouml;n nem tart&oacute;zkodik olyan orsz&aacute;gban, amely az Egyes&uuml;lt &Aacute;llamok korm&aacute;ny&aacute;nak embarg&oacute;ja alatt &aacute;ll, vagy amelyet az Egyes&uuml;lt &Aacute;llamok korm&aacute;nya &bdquo;terrorizmust t&aacute;mogat&oacute;&rdquo; orsz&aacute;gk&eacute;nt jel&ouml;lt meg, &eacute;s (ii) &Ouml;n nem szerepel az Egyes&uuml;lt &Aacute;llamok korm&aacute;ny&aacute;nak tiltott vagy korl&aacute;tozott felek list&aacute;j&aacute;n.<\/p>\n\n\n\n<p><strong>Elv&aacute;laszthat&oacute;s&aacute;g &eacute;s lemond&aacute;s<\/strong><\/p>\n\n\n\n<p><strong>Elv&aacute;laszthat&oacute;s&aacute;g<\/strong><\/p>\n\n\n\n<p>Ha a jelen Felt&eacute;telek b&aacute;rmely rendelkez&eacute;se v&eacute;grehajthatatlannak vagy &eacute;rv&eacute;nytelennek min&#337;s&uuml;l, az ilyen rendelkez&eacute;st &uacute;gy m&oacute;dos&iacute;tjuk &eacute;s &eacute;rtelmezz&uuml;k, hogy az adott rendelkez&eacute;s c&eacute;ljait az alkalmazand&oacute; jog szerint a lehet&#337; legnagyobb m&eacute;rt&eacute;kben el&eacute;rj&uuml;k, a fennmarad&oacute; rendelkez&eacute;sek pedig tov&aacute;bbra is teljes m&eacute;rt&eacute;kben hat&aacute;lyban maradnak.<\/p>\n\n\n\n<p><strong>Lemond&aacute;s<\/strong><\/p>\n\n\n\n<p>A jelen Felt&eacute;telekben foglaltak kiv&eacute;tel&eacute;vel a jelen Felt&eacute;telek szerinti jog gyakorl&aacute;s&aacute;nak vagy k&ouml;telezetts&eacute;g teljes&iacute;t&eacute;s&eacute;nek elmulaszt&aacute;sa nem befoly&aacute;solja a f&eacute;l azon k&eacute;pess&eacute;g&eacute;t, hogy ezt k&ouml;vet&#337;en b&aacute;rmikor gyakorolhassa az adott jogot vagy k&ouml;vetelhesse az adott teljes&iacute;t&eacute;st, &eacute;s a jogs&eacute;rt&eacute;sr&#337;l val&oacute; lemond&aacute;s nem jelenti a k&eacute;s&#337;bbi jogs&eacute;rt&eacute;sekr&#337;l val&oacute; lemond&aacute;st.<\/p>\n\n\n\n<p><strong>Ford&iacute;t&aacute;s Tolm&aacute;csol&aacute;s<\/strong><\/p>\n\n\n\n<p>A jelen &Aacute;ltal&aacute;nos Szerz&#337;d&eacute;si Felt&eacute;teleket leford&iacute;thattuk, ha azokat el&eacute;rhet&#337;v&eacute; tett&uuml;k az &Ouml;n sz&aacute;m&aacute;ra a Szolg&aacute;ltat&aacute;sunkon. &Ouml;n elfogadja, hogy vita eset&eacute;n az eredeti angol nyelv&#369; sz&ouml;veg az ir&aacute;nyad&oacute;.<\/p>\n\n\n\n<h2 class=\"gb-headline gb-headline-4f64b811 gb-headline-text\"><strong>A jelen &Aacute;ltal&aacute;nos Szerz&#337;d&eacute;si Felt&eacute;telek m&oacute;dos&iacute;t&aacute;sa<\/strong><\/h2>\n\n\n\n<p>Fenntartjuk a jogot, hogy saj&aacute;t bel&aacute;t&aacute;sunk szerint b&aacute;rmikor m&oacute;dos&iacute;tsuk vagy helyettes&iacute;ts&uuml;k a jelen Felt&eacute;teleket. Ha a m&oacute;dos&iacute;t&aacute;s l&eacute;nyeges, &eacute;sszer&#369; er&#337;fesz&iacute;t&eacute;seket tesz&uuml;nk annak &eacute;rdek&eacute;ben, hogy legal&aacute;bb 30 nappal az &uacute;j felt&eacute;telek hat&aacute;lyba l&eacute;p&eacute;se el&#337;tt &eacute;rtes&iacute;t&eacute;st k&uuml;ldj&uuml;nk. Azt, hogy mi min&#337;s&uuml;l l&eacute;nyeges v&aacute;ltoz&aacute;snak, a mi kiz&aacute;r&oacute;lagos bel&aacute;t&aacute;sunk szerint hat&aacute;rozzuk meg.<\/p>\n\n\n\n<p>Azzal, hogy a m&oacute;dos&iacute;t&aacute;sok hat&aacute;lyba l&eacute;p&eacute;s&eacute;t k&ouml;vet&#337;en tov&aacute;bbra is hozz&aacute;f&eacute;r vagy haszn&aacute;lja a Szolg&aacute;ltat&aacute;sunkat, &Ouml;n elfogadja, hogy a m&oacute;dos&iacute;tott felt&eacute;telek k&ouml;telez&#337; &eacute;rv&eacute;ny&#369;ek. Ha &Ouml;n r&eacute;szben vagy eg&eacute;szben nem &eacute;rt egyet az &uacute;j felt&eacute;telekkel, k&eacute;rj&uuml;k, hagyja abba a weboldal &eacute;s a Szolg&aacute;ltat&aacute;s haszn&aacute;lat&aacute;t.<\/p>\n\n\n\n<h2 class=\"gb-headline gb-headline-d806d8bf gb-headline-text\"><strong>Kapcsolatfelv&eacute;tel<\/strong><\/h2>\n\n\n\n<p>Ha b&aacute;rmilyen k&eacute;rd&eacute;se van a jelen &Aacute;ltal&aacute;nos Szerz&#337;d&eacute;si Felt&eacute;telekkel kapcsolatban, forduljon hozz&aacute;nk:<\/p>\n\n\n\n<p>E-mailben: info[at]bitcointrader.ai<\/p>\n\n\n\n<p>Ha megl&aacute;togatja ezt az oldalt a <a href=\"https:\/\/OilEvexPro.com\/hu\/\" data-type=\"page\" data-id=\"3554\" target=\"_blank\" rel=\"noopener\">weboldalunkon<\/a>.<\/p>\n\n<\/div>\n<\/div>\n","protected":false},"excerpt":{"rendered":"<p>Felt&eacute;telek &eacute;s felt&eacute;telek Utols&oacute; friss&iacute;t&eacute;s: m&aacute;jus 31, 2023 K&eacute;rj&uuml;k, figyelmesen olvassa el ezeket a felt&eacute;teleket, miel&#337;tt ig&eacute;nybe venn&eacute; a Szolg&aacute;ltat&aacute;sunkat. &Eacute;rtelmez&eacute;s &eacute;s fogalommeghat&aacute;roz&aacute;sok Tolm&aacute;csol&aacute;s Azoknak a szavaknak, amelyeknek a kezd&#337;bet&#369;je nagybet&#369;vel van &iacute;rva, a k&ouml;vetkez&#337; felt&eacute;telek szerint meghat&aacute;rozott jelent&eacute;se van. Az al&aacute;bbi fogalommeghat&aacute;roz&aacute;sok jelent&eacute;se azonos, f&uuml;ggetlen&uuml;l att&oacute;l, hogy egyes vagy t&ouml;bbes sz&aacute;mban szerepelnek. Fogalommeghat&aacute;roz&aacute;sok A &#8230; <a title=\"Felt\u00e9telek \u00e9s felt\u00e9telek\" class=\"read-more\" href=\"https:\/\/oilevexpro.com\/hu\/feltetelek-es-feltetelek\/\" aria-label=\"Read more about Felt\u00e9telek \u00e9s felt\u00e9telek\">Olvass tov\u00e1bb<\/a><\/p>\n","protected":false},"author":1,"featured_media":0,"parent":0,"menu_order":0,"comment_status":"closed","ping_status":"closed","template":"","meta":{"footnotes":""},"class_list":["post-4993","page","type-page","status-publish"],"_links":{"self":[{"href":"https:\/\/oilevexpro.com\/hu\/wp-json\/wp\/v2\/pages\/4993","targetHints":{"allow":["GET"]}}],"collection":[{"href":"https:\/\/oilevexpro.com\/hu\/wp-json\/wp\/v2\/pages"}],"about":[{"href":"https:\/\/oilevexpro.com\/hu\/wp-json\/wp\/v2\/types\/page"}],"author":[{"embeddable":true,"href":"https:\/\/oilevexpro.com\/hu\/wp-json\/wp\/v2\/users\/1"}],"replies":[{"embeddable":true,"href":"https:\/\/oilevexpro.com\/hu\/wp-json\/wp\/v2\/comments?post=4993"}],"version-history":[{"count":0,"href":"https:\/\/oilevexpro.com\/hu\/wp-json\/wp\/v2\/pages\/4993\/revisions"}],"wp:attachment":[{"href":"https:\/\/oilevexpro.com\/hu\/wp-json\/wp\/v2\/media?parent=4993"}],"curies":[{"name":"wp","href":"https:\/\/api.w.org\/{rel}","templated":true}]}}