{"id":5078,"date":"2020-09-18T14:36:50","date_gmt":"2020-09-18T14:36:50","guid":{"rendered":"https:\/\/oilevexpro.com\/rolunk\/"},"modified":"2024-11-14T20:29:05","modified_gmt":"2024-11-14T20:29:05","slug":"rolunk","status":"publish","type":"page","link":"https:\/\/oilevexpro.com\/hu\/rolunk\/","title":{"rendered":"R\u00f3lunk"},"content":{"rendered":"<?xml encoding=\"UTF-8\"><div class=\"gb-container gb-container-a462a256\">\n<div class=\"gb-container gb-container-2acc6621\">\n\n<h1 class=\"gb-headline gb-headline-d325e19c gb-headline-text\">A leg&uacute;jabb 2.0 KW_00001 verzi&oacute;r&oacute;l<\/h1>\n\n<\/div>\n<\/div><div class=\"gb-container gb-container-287f468b\">\n<div class=\"gb-grid-wrapper gb-grid-wrapper-b386d038\">\n<div class=\"gb-grid-column gb-grid-column-387381c3\"><div class=\"gb-container gb-container-387381c3\">\n\n<h2 class=\"gb-headline gb-headline-db283a53 gb-headline-text\">Mi az a KW_00001?<\/h2>\n\n\n\n<p>A KW_00001 k&ouml;z&ouml;ss&eacute;g tagj&aacute;v&aacute; v&aacute;lva exkluz&iacute;v hozz&aacute;f&eacute;r&eacute;st kap a vezet&#337; kriptop&eacute;nz keresked&eacute;si szoftverhez. Platformunkat a felhaszn&aacute;l&oacute;bar&aacute;t kezel&#337;fel&uuml;let k&uuml;l&ouml;nb&ouml;zteti meg, &iacute;gy a kor&aacute;bbi keresked&eacute;si tapasztalattal vagy speci&aacute;lis k&eacute;szs&eacute;gekkel nem rendelkez&#337; egy&eacute;nek sz&aacute;m&aacute;ra is el&eacute;rhet&#337;v&eacute; v&aacute;lik.<\/p>\n\n\n\n<p>Platformunk sz&aacute;mos el&#337;nyt k&iacute;n&aacute;l, &eacute;sszer&#369;s&iacute;tve a keresked&eacute;si utat. Nemcsak adatokat gy&#369;jt, hanem &aacute;tfog&oacute; elemz&eacute;st is v&eacute;gez, lehet&#337;v&eacute; t&eacute;ve a racion&aacute;lis &eacute;s &eacute;rzelemmentes d&ouml;nt&eacute;shozatalt. Ezenk&iacute;v&uuml;l z&ouml;kken&#337;mentesen hajtja v&eacute;gre a keresked&eacute;seket az &Ouml;n nev&eacute;ben, &eacute;s szinte &eacute;jjel-nappal m&#369;k&ouml;dik.<\/p>\n\n\n\n<p>A KW_00002 t&ouml;bb mint egy automatiz&aacute;lt keresked&eacute;si szoftver; ez egy vir&aacute;gz&oacute; online keresked&eacute;si k&ouml;z&ouml;ss&eacute;g. Tagk&eacute;nt &eacute;lvezheti az automatiz&aacute;lt &eacute;s nyeres&eacute;ges kriptop&eacute;nz keresked&eacute;s el&#337;nyeit egy t&aacute;mogat&oacute; k&ouml;z&ouml;ss&eacute;gi k&ouml;rnyezetben.<\/p>\n\n\n\n<p>A legmodernebb technol&oacute;gi&aacute;nk lehet&#337;v&eacute; teszi a KW_00003 sz&aacute;m&aacute;ra, hogy hihetetlen gyorsas&aacute;ggal elemezze a piaci trendeket &eacute;s hajtsa v&eacute;gre a keresked&eacute;seket, ami sok m&aacute;s keresked&eacute;si szoftvert 0,01 m&aacute;sodperccel m&uacute;lja fel&uuml;l. Ez az el&#337;ny biztos&iacute;tja, hogy a kriptop&eacute;nz-kereskedelem gyors temp&oacute;j&uacute; vil&aacute;g&aacute;ban mindig az &eacute;len j&aacute;rjon.<\/p>\n\n<\/div><\/div>\n\n<div class=\"gb-grid-column gb-grid-column-51a60565\"><div class=\"gb-container gb-container-51a60565\">\n\n<h2 class=\"gb-headline gb-headline-d521daef gb-headline-text\">Ismerje meg platformunkat &ndash; Ingyenes regisztr&aacute;ci&oacute;<\/h2>\n\n\n    <script>\n        localStorage.setItem('fxbot_ab_testing', '{\"login\":[],\"registration\":[],\"contactus\":[]}');\n    <\/script>\n    <style>\n        .reCAPTCHAContent {\n            display: none;\n            visibility: hidden;\n        }\n    <\/style>\n\n\n<script>\n    localStorage.setItem('fxbot_api_parameters', '[{\"key\":\"emailmarketing\",\"value\":\"1\",\"override\":true},{\"key\":\"funnel\",\"value\":\"KW_F_00001\",\"override\":true}]');\n    localStorage.setItem('fxbot_alias_url', 'wp-content\/plugins\/fxbot-registration-form\/api.php');\n    localStorage.setItem('fxbot_email_marketing', '1');\n    localStorage.setItem('fxbot_email_marketing_debounce', 'true');\n    localStorage.setItem('fxbot_email_marketing_debounce_time', '1000');\n    localStorage.setItem('fxbot_recaptcha_enabled', 'false');\n    localStorage.setItem('fxbot_recaptcha_site_key', 'EMPTY');\n    localStorage.setItem('fxbot_alt_reg_popup_query_selector', '');\n    localStorage.setItem('fxbot_redirectVariant', '0');\n<\/script>\n<div class=\"form-widget\" id=\"optInFormWrapper\">\n    <form action=\"\" class=\"flex flex-column\" data-form=\"optInForm\" data-urlsearchparams=\"\" data-widget=\"registration_2_step\" id=\"opt-form\" method=\"post\" name=\"optInForm\">\n        <div class=\"elementor-field-type-text elementor-field-group elementor-column elementor-field-group-name elementor-col-100 form-group\">\n            <label for=\"form-first_name\" class=\"elementor-field-label elementor-screen-only\">Keresztn\u00e9v<\/label>\n            <input class=\"elementor-field elementor-size-sm  elementor-field-textual regFormFirstName\" placeholder=\"Keresztn\u00e9v\" data-input=\"firstname\" data-valid=\"false\" id=\"form-first_name\" name=\"firstname\" size=\"1\" type=\"text\">\n            <p class=\"error-message\"><\/p>\n        <\/div>\n\n        <div class=\"elementor-field-type-text elementor-field-group elementor-column elementor-field-group-name elementor-col-100 form-group\">\n            <label for=\"form-last_name\" class=\"elementor-field-label elementor-screen-only\">Vezet\u00e9kn\u00e9v<\/label>\n            <input class=\"elementor-field elementor-size-sm elementor-field-textual regFormLastNname\" placeholder=\"Vezet\u00e9kn\u00e9v\" data-input=\"lastname\" data-valid=\"false\" id=\"form-last_name\" name=\"lastname\" size=\"1\" type=\"text\">\n            <p class=\"error-message\"><\/p>\n        <\/div>\n\n        <div class=\"form-group elementor-field-type-text elementor-field-group elementor-column elementor-field-group-name elementor-col-100\">\n            <label class=\"elementor-field-label elementor-screen-only\" for=\"form-email\">Email<\/label>\n            <input class=\"regFormEmail elementor-field elementor-size-sm elementor-field-textual\" placeholder=\"Email\" data-input=\"email\" data-valid=\"false\" id=\"form-email\" name=\"email\" type=\"email\">\n            <p class=\"error-message\"><\/p>\n            <div class=\"form-group__emailValid-info\">\n                <span class=\"form-group__emailValid-message\"><span>A<\/span><b><\/b><\/span><span>-ra gondolt?<\/span> <span class=\"form-group__emailValid-btn\">Cser\u00e9lje ki<\/span>            <\/div>\n        <\/div>\n\n        <p class=\"reCAPTCHAContent\">\n            Ezt a webhelyet a reCAPTCHA v\u00e9di, \u00e9s \u00e9rv\u00e9nyesek a <a href=\"https:\/\/policies.google.com\/privacy\" target=\"_blank\" rel=\"noopener\">Google Adatv\u00e9delmi Szab\u00e1lyzata<\/a> \u00e9s a <a href=\"https:\/\/policies.google.com\/terms\" target=\"_blank\" rel=\"noopener\">Szolg\u00e1ltat\u00e1si Felt\u00e9telek<\/a>.        <\/p>\n\n        <button class=\"zoom regFormButton elementor-button elementor-size-sm\" data-button=\"submit\" id=\"optInForm-btn\">\n            Learn More        <\/button>\n    <\/form>\n<\/div>\n<div class=\"form-widget\" id=\"regFormWrapper\" style=\"visibility: hidden; width: 0; height:0\">\n    <form action=\"\" class=\"flex flex-column\" data-form=\"registrationForm\" data-urlsearchparams=\"\" data-widget=\"registration_2_step\" id=\"reg-form\" method=\"post\" name=\"registrationForm\">\n        <div class=\"elementor-field-type-text elementor-field-group elementor-column elementor-field-group-name elementor-col-100 form-group\">\n            <label for=\"form-first_name\" class=\"elementor-field-label elementor-screen-only\">Keresztn\u00e9v<\/label>\n            <input class=\"elementor-field elementor-size-sm  elementor-field-textual regFormFirstName\" placeholder=\"Keresztn\u00e9v\" data-input=\"firstname\" data-valid=\"false\" id=\"form-first_name\" name=\"firstname\" size=\"1\" type=\"text\">\n            <p class=\"error-message\"><\/p>\n        <\/div>\n\n        <div class=\"elementor-field-type-text elementor-field-group elementor-column elementor-field-group-name elementor-col-100 form-group\">\n            <label for=\"form-last_name\" class=\"elementor-field-label elementor-screen-only\">Vezet\u00e9kn\u00e9v<\/label>\n            <input class=\"elementor-field elementor-size-sm elementor-field-textual regFormLastNname\" placeholder=\"Vezet\u00e9kn\u00e9v\" data-input=\"lastname\" data-valid=\"false\" id=\"form-last_name\" name=\"lastname\" size=\"1\" type=\"text\">\n            <p class=\"error-message\"><\/p>\n        <\/div>\n\n        <div class=\"elementor-field-type-text elementor-field-group elementor-column elementor-field-group-name elementor-col-100 form-group form-group__emailValid\">\n            <label class=\"elementor-field-label elementor-screen-only\" for=\"form-email\">Email<\/label>\n            <input class=\"elementor-field elementor-size-sm elementor-field-textual regFormEmail\" placeholder=\"Email\" data-input=\"email\" data-valid=\"false\" id=\"form-email\" name=\"email\" type=\"email\">\n            <p class=\"error-message\"><\/p>\n            <p class=\"form-group__emailValid-info\">\n                <span class=\"form-group__emailValid-message\"><span>A<\/span><b><\/b><\/span><span>-ra gondolt?<\/span> <span class=\"form-group__emailValid-btn\">Cser\u00e9lje ki<\/span>            <\/p>\n        <\/div>\n\n        <div class=\"elementor-field-type-tel elementor-field-group elementor-column elementor-field-group-field_fad38fc elementor-col-100 form-group reg-phone\">\n            <label class=\"elementor-field-label elementor-screen-only\" for=\"form-phone_number\">Telefonsz\u00e1m<\/label>\n            <input class=\"elementor-field elementor-size-sm elementor-field-textual regFormPhoneNumber\" placeholder=\"Telefonsz\u00e1m\" autocompvare=\"off\" data-input=\"phone_number\" data-valid=\"false\" id=\"form-phone_number\" name=\"phone_number\" size=\"1\" type=\"text\">\n            <p class=\"error-message\"><\/p>\n        <\/div>\n\n        <p class=\"reCAPTCHAContent\">\n            Ezt a webhelyet a reCAPTCHA v\u00e9di, \u00e9s \u00e9rv\u00e9nyesek a <a href=\"https:\/\/policies.google.com\/privacy\" target=\"_blank\" rel=\"noopener\">Google Adatv\u00e9delmi Szab\u00e1lyzata<\/a> \u00e9s a <a href=\"https:\/\/policies.google.com\/terms\" target=\"_blank\" rel=\"noopener\">Szolg\u00e1ltat\u00e1si Felt\u00e9telek<\/a>.        <\/p>\n\n        <button class=\"elementor-button zoom regFormButton\" data-button=\"submit\" id=\"form-btn\" type=\"button\">\n            Learn More        <\/button>\n\n        <div class=\"wrapper__rar-no\" data-modal=\"success\" style=\"display: none\">\n            <div class=\"success\">\n                <img decoding=\"async\" src=\"\/wp-content\/plugins\/fxbot-registration-form\/assets\/images\/regSuccess.png\" alt=\"K\u00f6sz\u00f6nj\u00fck a regisztr\u00e1ci\u00f3t\">\n                <p>K\u00f6sz\u00f6nj\u00fck a regisztr\u00e1ci\u00f3t.<br\/>\u00dcgyn\u00f6k\u00fcnk hamarosan felveszi \u00d6nnel a kapcsolatot.<br\/>K\u00e9rj\u00fck, gy\u0151z\u0151dj\u00f6n meg arr\u00f3l, hogy a val\u00f3di telefonsz\u00e1mot haszn\u00e1lta.<br\/>Eg\u00e9szs\u00e9g\u00e9re.<\/p>\n            <\/div>\n        <\/div>\n\n        <div class=\"wrapper__rar-no\" data-modal=\"alternative_success\" style=\"display: none\">\n            <div class=\"success\">\n                <p class=\"reg_title\">\n                    <b>Sikeresen csatlakozt\u00e1l.<\/b>\n                <\/p>\n                <p>A v\u00e1llalat egy \u00fcgyn\u00f6ke hamarosan fel fogja venni \u00d6nnel a kapcsolatot. K\u00e9rj\u00fck, gy\u0151z\u0151dj\u00f6n meg r\u00f3la, hogy telefonon el\u00e9rhet\u0151, hogy ne hagyja ki a h\u00edv\u00e1st.<\/p>\n            <\/div>\n        <\/div>\n\n        <div class=\"wrapper__error\" data-modal=\"error\" style=\"display: none\"><\/div>\n    <\/form>\n<\/div>\n\n<div class=\"submit-overlay\" style=\"display: none;\">\n    <div class=\"lds-spinner\">\n        <div><\/div>\n        <div><\/div>\n        <div><\/div>\n        <div><\/div>\n        <div><\/div>\n        <div><\/div>\n        <div><\/div>\n        <div><\/div>\n    <\/div>\n    <p class=\"overlay-text\">\u00d6sszekapcsolja \u00d6nt a k\u00f6rny\u00e9k legjobb br\u00f3ker\u00e9vel<\/p>\n<\/div>\n\n\n<\/div><\/div>\n<\/div>\n<\/div><div class=\"gb-container gb-container-197d4570\">\n\n<a class=\"gb-button gb-button-e8c7dfa5\" href=\"https:\/\/oilevexpro.com\/hu\/\"><span class=\"gb-button-text\">HOZZ&Aacute;F&Eacute;RHET A KW_00001 MOST<\/span><span class=\"gb-icon\"><svg xmlns=\"http:\/\/www.w3.org\/2000\/svg\" aria-hidden=\"true\" role=\"img\" height=\"1em\" width=\"1em\" viewbox=\"0 0 256 512\"><path fill=\"currentColor\" d=\"M224.3 273l-136 136c-9.4 9.4-24.6 9.4-33.9 0l-22.6-22.6c-9.4-9.4-9.4-24.6 0-33.9l96.4-96.4-96.4-96.4c-9.4-9.4-9.4-24.6 0-33.9L54.3 103c9.4-9.4 24.6-9.4 33.9 0l136 136c9.5 9.4 9.5 24.6.1 34z\"><\/path><\/svg><\/span><\/a>\n\n<\/div><div class=\"gb-container gb-container-1bdeec8b\">\n<div class=\"gb-container gb-container-9d34a979\"><\/div>\n\n<div class=\"gb-container gb-container-1e789d4e\">\n\n<h3 class=\"gb-headline gb-headline-29613722 gb-headline-text\"><strong>A KW_00001 szoftver el&#337;nyei<\/strong><\/h3>\n\n\n\n<p>A KW_00001 a val&oacute;s idej&#369; piaci adatok folyamatos gy&#369;jt&eacute;s&eacute;vel &eacute;s hat&eacute;kony elemz&eacute;s&eacute;vel t&#369;nik ki. Ez az egyed&uuml;l&aacute;ll&oacute; k&eacute;pess&eacute;g lehet&#337;v&eacute; teszi, hogy szoftver&uuml;nk soha nem l&aacute;tott sebess&eacute;ggel hajtsa v&eacute;gre az &Ouml;n sz&aacute;m&aacute;ra a kereskedelmi megb&iacute;z&aacute;sokat, fel&uuml;lm&uacute;lva mind az emberi keresked&#337;ket, mind m&aacute;s szoftveres megold&aacute;sokat. A KW_00002 nem csak gyorsabban hajtja v&eacute;gre a keresked&eacute;seket, de a keresked&eacute;si d&ouml;nt&eacute;sek meghozatalakor statisztik&aacute;kra, logik&aacute;ra &eacute;s matematikai algoritmusokra t&aacute;maszkodik, kik&uuml;sz&ouml;b&ouml;lve az emberi &eacute;rzelmek befoly&aacute;s&aacute;t &eacute;s biztos&iacute;tva az objekt&iacute;v keresked&eacute;st.<\/p>\n\n\n\n<p>A KW_00003 egyik kiemelked&#337; jellemz&#337;je a backstaging megk&ouml;nny&iacute;t&eacute;se. Ez a felbecs&uuml;lhetetlen &eacute;rt&eacute;k&#369; eszk&ouml;z lehet&#337;v&eacute; teszi, hogy a kiv&aacute;lasztott be&aacute;ll&iacute;t&aacute;sokat a m&uacute;ltbeli piaci felt&eacute;telek alapj&aacute;n tesztelje. Ezt a funkci&oacute;t kihaszn&aacute;lva finomhangolhatja be&aacute;ll&iacute;t&aacute;sait a nyeres&eacute;gess&eacute;g maximaliz&aacute;l&aacute;sa &eacute;rdek&eacute;ben. Biztos lehet benne, hogy kifinomult szoftver&uuml;nk szorgalmasan betartja az &Ouml;n &aacute;ltal meghat&aacute;rozott szab&aacute;lyokat, mik&ouml;zben az &Ouml;n nev&eacute;ben az &ouml;sszes keresked&eacute;si feladatot elv&eacute;gzi.<\/p>\n\n\n\n<p>A KW_00003 az automatikus &eacute;s a manu&aacute;lis keresked&eacute;si lehet&#337;s&eacute;gek rugalmass&aacute;g&aacute;t k&iacute;n&aacute;lja, &iacute;gy a k&uuml;l&ouml;nb&ouml;z&#337; k&eacute;szs&eacute;gszint&#369;, id&#337;beli korl&aacute;tokkal &eacute;s &eacute;rdekl&#337;d&eacute;si k&ouml;rrel rendelkez&#337; felhaszn&aacute;l&oacute;knak is megfelel. Platformunkkal t&ouml;bb sz&aacute;ml&aacute;t is kezelhet, &iacute;gy k&iacute;s&eacute;rletezhet, m&oacute;dos&iacute;thatja &eacute;s &ouml;sszehasonl&iacute;thatja a k&uuml;l&ouml;nb&ouml;z&#337; strat&eacute;gi&aacute;kat. Haszn&aacute;lja ki a KW_00002 &aacute;ltal k&iacute;n&aacute;lt keresked&eacute;si lehet&#337;s&eacute;gek sokas&aacute;g&aacute;t, &eacute;s ragadja meg a nyeres&eacute;g maximaliz&aacute;l&aacute;s&aacute;nak lehet&#337;s&eacute;geit.<\/p>\n\n<\/div>\n<\/div><div class=\"gb-container gb-container-67945ee0\">\n<div class=\"gb-container gb-container-12a13938\">\n\n<a class=\"gb-button gb-button-15cad45f\" href=\"https:\/\/oilevexpro.com\/hu\/\"><span class=\"gb-button-text\"><strong>TEST KW_00001<\/strong><\/span><span class=\"gb-icon\"><svg xmlns=\"http:\/\/www.w3.org\/2000\/svg\" aria-hidden=\"true\" role=\"img\" height=\"1em\" width=\"1em\" viewbox=\"0 0 256 512\"><path fill=\"currentColor\" d=\"M224.3 273l-136 136c-9.4 9.4-24.6 9.4-33.9 0l-22.6-22.6c-9.4-9.4-9.4-24.6 0-33.9l96.4-96.4-96.4-96.4c-9.4-9.4-9.4-24.6 0-33.9L54.3 103c9.4-9.4 24.6-9.4 33.9 0l136 136c9.5 9.4 9.5 24.6.1 34z\"><\/path><\/svg><\/span><\/a>\n\n<\/div>\n<\/div><div class=\"gb-container gb-container-5d2e4740\">\n<div class=\"gb-container gb-container-d34d15be\">\n<div class=\"gb-grid-wrapper gb-grid-wrapper-4257ebc4\">\n<div class=\"gb-grid-column gb-grid-column-60a1d140\"><div class=\"gb-container gb-container-60a1d140\">\n<div class=\"gb-container gb-container-d446dbb2\">\n\n<span class=\"gb-button gb-button-4f39012e\"><span class=\"gb-icon\"><svg xmlns=\"http:\/\/www.w3.org\/2000\/svg\" height=\"15\" width=\"15\" fill=\"none\" viewbox=\"0 0 15 15\"><path fill=\"currentColor\" d=\"M4 1.5V4H1.5A1.5 1.5 0 000 5.5v8A1.5 1.5 0 001.5 15h8a1.5 1.5 0 001.5-1.5V11h2.5A1.5 1.5 0 0015 9.5v-8A1.5 1.5 0 0013.5 0h-8A1.5 1.5 0 004 1.5zM5.5 1a.5.5 0 00-.5.5V4h4.5A1.5 1.5 0 0111 5.5V10h2.5a.5.5 0 00.5-.5v-8a.5.5 0 00-.5-.5h-8zm0 10A1.5 1.5 0 014 9.5V5H1.5a.5.5 0 00-.5.5v8a.5.5 0 00.5.5h8a.5.5 0 00.5-.5V11H5.5z\" clip-rule=\"evenodd\" fill-rule=\"evenodd\"><\/path><\/svg><\/span><\/span>\n\n<\/div>\n\n\n<h3 class=\"gb-headline gb-headline-f8d314cb gb-headline-text\"><strong>A szoftveres megold&aacute;s<\/strong><\/h3>\n\n\n\n<p class=\"has-text-align-center\">A KW_00001 apr&oacute;l&eacute;kosan kidolgozott, hogy &eacute;rt&eacute;kes &eacute;s felhaszn&aacute;l&oacute;bar&aacute;t eszk&ouml;zk&eacute;nt teljes&iacute;tse c&eacute;lj&aacute;t minden k&eacute;pzetts&eacute;gi szint keresked&#337;i sz&aacute;m&aacute;ra. Lehet&#337;v&eacute; teszi, hogy k&ouml;nnyed&eacute;n &eacute;s hat&eacute;konyan kereskedjen a Bitcoin &eacute;s a k&uuml;l&ouml;nb&ouml;z&#337; kriptovalut&aacute;kkal a legnagyobb k&eacute;nyelemmel.<\/p>\n\n\n\n<p class=\"has-text-align-center\">A KW_00002 seg&iacute;ts&eacute;g&eacute;vel belevetheti mag&aacute;t a kriptop&eacute;nz-kereskedelem vil&aacute;g&aacute;ba an&eacute;lk&uuml;l, hogy sok id&#337;t &eacute;s energi&aacute;t kellene ford&iacute;tania a piaci inform&aacute;ci&oacute;k &eacute;s trendek tanulm&aacute;nyoz&aacute;s&aacute;ra. Elm&uacute;ltak azok a napok, amikor a keresked&eacute;s megtanul&aacute;sa &eacute;s a potenci&aacute;lis nyeres&eacute;g&eacute;rt val&oacute; k&uuml;zdelem ijeszt&#337; volt. Megold&aacute;sunk kik&uuml;sz&ouml;b&ouml;li az el&#337;zetes tud&aacute;s &eacute;s tapasztalat sz&uuml;ks&eacute;gess&eacute;g&eacute;t, lehet&#337;v&eacute; t&eacute;ve, hogy minim&aacute;lis id&#337; &eacute;s er&#337;fesz&iacute;t&eacute;s befektet&eacute;s&eacute;vel megkezdhesse keresked&eacute;si &uacute;tj&aacute;t.<\/p>\n\n<\/div><\/div>\n\n<div class=\"gb-grid-column gb-grid-column-6922dcd9\"><div class=\"gb-container gb-container-6922dcd9\">\n<div class=\"gb-container gb-container-b5c2993b\">\n\n<span class=\"gb-button gb-button-05b34aef\"><span class=\"gb-icon\"><svg xmlns=\"http:\/\/www.w3.org\/2000\/svg\" height=\"15\" width=\"15\" fill=\"none\" viewbox=\"0 0 15 15\"><path fill=\"currentColor\" d=\"M4 4V1.5A1.5 1.5 0 015.5 0h8A1.5 1.5 0 0115 1.5v8a1.5 1.5 0 01-1.5 1.5H11v2.5A1.5 1.5 0 019.5 15h-8A1.5 1.5 0 010 13.5v-8A1.5 1.5 0 011.5 4H4zm6 1v5H5V5h5z\" clip-rule=\"evenodd\" fill-rule=\"evenodd\"><\/path><\/svg><\/span><\/span>\n\n<\/div>\n\n\n<h3 class=\"gb-headline gb-headline-13950594 gb-headline-text\"><strong>KW_00001 Keresked&#337; fel&uuml;lvizsg&aacute;lata<\/strong><\/h3>\n\n\n\n<p class=\"has-text-align-center\">A KW_00001 egy megb&iacute;zhat&oacute; keresked&eacute;si eszk&ouml;z, amely k&eacute;zi &eacute;s teljesen automatiz&aacute;lt lehet&#337;s&eacute;geket is k&iacute;n&aacute;l, &eacute;s amelynek c&eacute;lja, hogy pontos kriptop&eacute;nz keresked&eacute;seket hajtson v&eacute;gre az &Ouml;n nev&eacute;ben. M&aacute;s Bitcoin devizakeresked&#337; szoftverekkel ellent&eacute;tben a mi platformunk fejlett algoritmusokkal m&#369;k&ouml;dik, amelyek elemzik a piaci adatokat, &eacute;s 99,4%-os pontoss&aacute;got biztos&iacute;tanak a keresked&eacute;sek megnyit&aacute;sakor &eacute;s lez&aacute;r&aacute;sakor. Ami a KW_00002 kiemeli a t&ouml;bbi konkurens szoftverrel szemben, az a figyelemre m&eacute;lt&oacute; 0,01 m&aacute;sodperces el&#337;nye, ami a keresked&#337;k sz&aacute;m&aacute;ra a legkedvez&#337;bb v&aacute;laszt&aacute;ss&aacute; teszi.<\/p>\n\n\n\n<p class=\"has-text-align-center\">A nagyra becs&uuml;lt amerikai keresked&eacute;si sz&ouml;vets&eacute;g &aacute;ltal elismert KW_00003 a keresked&eacute;si szoftverek kateg&oacute;ri&aacute;j&aacute;ban az els&#337; helyet szerezte meg. Emellett webes jellege kik&uuml;sz&ouml;b&ouml;li a let&ouml;lt&eacute;sek sz&uuml;ks&eacute;gess&eacute;g&eacute;t, ami a v&iacute;rusirt&oacute; c&eacute;gek j&oacute;v&aacute;hagy&aacute;s&aacute;t is kiv&iacute;vja a fokozott biztons&aacute;g &eacute;rdek&eacute;ben.<\/p>\n\n<\/div><\/div>\n\n<div class=\"gb-grid-column gb-grid-column-58d3b69b\"><div class=\"gb-container gb-container-58d3b69b\">\n<div class=\"gb-container gb-container-7f21e89f\">\n\n<span class=\"gb-button gb-button-df17151f\"><span class=\"gb-icon\"><svg xmlns=\"http:\/\/www.w3.org\/2000\/svg\" height=\"15\" width=\"15\" fill=\"none\" viewbox=\"0 0 15 15\"><path fill=\"currentColor\" d=\"M4 4H1.5A1.5 1.5 0 000 5.5v8A1.5 1.5 0 001.5 15h8a1.5 1.5 0 001.5-1.5V11h2.5A1.5 1.5 0 0015 9.5v-8A1.5 1.5 0 0013.5 0h-8A1.5 1.5 0 004 1.5V4zm1-2.5a.5.5 0 01.5-.5h8a.5.5 0 01.5.5v8a.5.5 0 01-.5.5h-8a.5.5 0 01-.5-.5v-8z\" clip-rule=\"evenodd\" fill-rule=\"evenodd\"><\/path><\/svg><\/span><\/span>\n\n<\/div>\n\n\n<h3 class=\"gb-headline gb-headline-7625b1b1 gb-headline-text\"><strong>Dragons Den<\/strong><\/h3>\n\n\n\n<p class=\"has-text-align-center\">A KW_00003 Software egy&aacute;ltal&aacute;n nem &aacute;ll kapcsolatban a h&iacute;rhedt Dragons Den &aacute;tver&eacute;ssel. A Dragons Den, m&aacute;s n&eacute;ven Bitcoin Loophole &aacute;tver&eacute;s megt&eacute;veszt&#337; m&oacute;don m&#369;k&ouml;dik, &eacute;s arra cs&aacute;b&iacute;tja a gyan&uacute;tlan felhaszn&aacute;l&oacute;kat, hogy egy innovat&iacute;v startup-szoftvernek &aacute;lc&aacute;zott csal&aacute;rd v&aacute;llalkoz&aacute;sba fektessenek be. Fontos megjegyezni, hogy ez az &aacute;tver&eacute;s nem szerepelt a Dragon&rsquo;s Den TV-showban, &eacute;s nem kapott semmilyen t&aacute;mogat&aacute;st a m&#369;sort&oacute;l vagy annak szerepl&#337;it&#337;l.<\/p>\n\n\n\n<p class=\"has-text-align-center\">Fontos hangs&uacute;lyozni, hogy a Dragons Den csup&aacute;n kihaszn&aacute;lta az eredeti, j&oacute; h&iacute;r&#369; szoftver &eacute;s a m&#369;sor h&iacute;ress&eacute;geinek h&iacute;rnev&eacute;t, hogy megt&eacute;veszt&#337; m&oacute;don r&aacute;vegye az embereket, hogy nehezen megkeresett p&eacute;nz&uuml;kt&#337;l v&aacute;ljanak meg. Nagyon fontos, hogy &oacute;vatosan j&aacute;rjon el, &eacute;s ker&uuml;lje az olyan hirdet&eacute;seket vagy kiadv&aacute;nyokat, amelyek alaptalan &aacute;ll&iacute;t&aacute;sokat tesznek, mivel ezek nem &aacute;llnak &ouml;sszef&uuml;gg&eacute;sben a val&oacute;di KW_00002 szoftverrel.<\/p>\n\n<\/div><\/div>\n<\/div>\n<\/div>\n<\/div><div class=\"gb-container gb-container-39bfdacb\">\n<div class=\"gb-container gb-container-45f3ab74\">\n\n<h3 class=\"gb-headline gb-headline-e982b89b gb-headline-text\">Biztons&aacute;gos regisztr&aacute;ci&oacute; a KW_00001 c&iacute;mre<\/h3>\n\n\n\n<a class=\"gb-button gb-button-a3e3ab09\" href=\"https:\/\/oilevexpro.com\/hu\/\"><span class=\"gb-button-text\">Biztons&aacute;gos regisztr&aacute;ci&oacute;<\/span><span class=\"gb-icon\"><svg xmlns=\"http:\/\/www.w3.org\/2000\/svg\" aria-hidden=\"true\" role=\"img\" height=\"1em\" width=\"1em\" viewbox=\"0 0 256 512\"><path fill=\"currentColor\" d=\"M224.3 273l-136 136c-9.4 9.4-24.6 9.4-33.9 0l-22.6-22.6c-9.4-9.4-9.4-24.6 0-33.9l96.4-96.4-96.4-96.4c-9.4-9.4-9.4-24.6 0-33.9L54.3 103c9.4-9.4 24.6-9.4 33.9 0l136 136c9.5 9.4 9.5 24.6.1 34z\"><\/path><\/svg><\/span><\/a>\n\n<\/div>\n<\/div>\n","protected":false},"excerpt":{"rendered":"<p>A leg&uacute;jabb 2.0 KW_00001 verzi&oacute;r&oacute;l A KW_00001 szoftver el&#337;nyei A KW_00001 a val&oacute;s idej&#369; piaci adatok folyamatos gy&#369;jt&eacute;s&eacute;vel &eacute;s hat&eacute;kony elemz&eacute;s&eacute;vel t&#369;nik ki. Ez az egyed&uuml;l&aacute;ll&oacute; k&eacute;pess&eacute;g lehet&#337;v&eacute; teszi, hogy szoftver&uuml;nk soha nem l&aacute;tott sebess&eacute;ggel hajtsa v&eacute;gre az &Ouml;n sz&aacute;m&aacute;ra a kereskedelmi megb&iacute;z&aacute;sokat, fel&uuml;lm&uacute;lva mind az emberi keresked&#337;ket, mind m&aacute;s szoftveres megold&aacute;sokat. A KW_00002 nem &#8230; <a title=\"R\u00f3lunk\" class=\"read-more\" href=\"https:\/\/oilevexpro.com\/hu\/rolunk\/\" aria-label=\"Read more about R\u00f3lunk\">Olvass tov\u00e1bb<\/a><\/p>\n","protected":false},"author":1,"featured_media":0,"parent":0,"menu_order":0,"comment_status":"closed","ping_status":"closed","template":"","meta":{"footnotes":""},"class_list":["post-5078","page","type-page","status-publish"],"_links":{"self":[{"href":"https:\/\/oilevexpro.com\/hu\/wp-json\/wp\/v2\/pages\/5078","targetHints":{"allow":["GET"]}}],"collection":[{"href":"https:\/\/oilevexpro.com\/hu\/wp-json\/wp\/v2\/pages"}],"about":[{"href":"https:\/\/oilevexpro.com\/hu\/wp-json\/wp\/v2\/types\/page"}],"author":[{"embeddable":true,"href":"https:\/\/oilevexpro.com\/hu\/wp-json\/wp\/v2\/users\/1"}],"replies":[{"embeddable":true,"href":"https:\/\/oilevexpro.com\/hu\/wp-json\/wp\/v2\/comments?post=5078"}],"version-history":[{"count":0,"href":"https:\/\/oilevexpro.com\/hu\/wp-json\/wp\/v2\/pages\/5078\/revisions"}],"wp:attachment":[{"href":"https:\/\/oilevexpro.com\/hu\/wp-json\/wp\/v2\/media?parent=5078"}],"curies":[{"name":"wp","href":"https:\/\/api.w.org\/{rel}","templated":true}]}}