{"id":4763,"date":"2020-09-18T14:37:23","date_gmt":"2020-09-18T14:37:23","guid":{"rendered":"https:\/\/oilevexpro.com\/hafdu-samband-vid-okkur\/"},"modified":"2024-10-27T12:51:42","modified_gmt":"2024-10-27T12:51:42","slug":"hafdu-samband-vid-okkur","status":"publish","type":"page","link":"https:\/\/oilevexpro.com\/is\/hafdu-samband-vid-okkur\/","title":{"rendered":"Haf\u00f0u samband vi\u00f0 okkur"},"content":{"rendered":"<?xml encoding=\"UTF-8\"><div class=\"gb-container gb-container-e7990ed0\">\n<div class=\"gb-container gb-container-143b77ca\">\n\n<h1 class=\"gb-headline gb-headline-d325e19c gb-headline-text\">Haf&eth;u samband &ndash; KW_00001 &ndash; GPT-kn&uacute;i&eth; t&oacute;l<\/h1>\n\n<\/div>\n<\/div><div class=\"gb-container gb-container-e6cfd54a\">\n<div class=\"gb-container gb-container-c74301cf\">\n<div class=\"gb-grid-wrapper gb-grid-wrapper-80bc0e69\">\n<div class=\"gb-grid-column gb-grid-column-358e8ba0\"><div class=\"gb-container gb-container-358e8ba0\">\n\n<h2 class=\"gb-headline gb-headline-183e6841 gb-headline-text\"><strong>&THORN;akka &thorn;&eacute;r fyrir &aacute;huga &thorn;inn &aacute;<\/strong><br> <strong>KW_00001<\/strong><\/h2>\n\n\n\n<p>Vi&eth; hj&aacute; KW_00002 erum sta&eth;r&aacute;&eth;in &iacute; &thorn;v&iacute; a&eth; veita v&iacute;&eth;t&aelig;ka &thorn;j&oacute;nustuver til a&eth; tryggja bestu vi&eth;skiptaupplifun og opna fyrir bestu vi&eth;skiptam&ouml;guleika &thorn;&iacute;na.<\/p>\n\n\n\n<p>Forgangsverkefni okkar er a&eth; gera &thorn;&eacute;r kleift a&eth; n&yacute;ta m&ouml;guleika kerfisins a&eth; fullu og nj&oacute;ta &oacute;a&eth;finnanlegra, notendav&aelig;nna funda. Til a&eth; n&aacute; &thorn;essu h&ouml;fum vi&eth; stofna&eth; til samstarfs vi&eth; lei&eth;andi mi&eth;lara me&eth; leyfi sem munu a&eth;sto&eth;a &thorn;ig &iacute; vi&eth;skiptum me&eth; stafr&aelig;nar eignir. &THORN;essi kurteisis&thorn;j&oacute;nusta er veitt &thorn;&eacute;r &aacute;n kostna&eth;ar og tryggir a&eth; &thorn;&uacute; f&aacute;ir &thorn;&aacute; lei&eth;s&ouml;gn og s&eacute;rfr&aelig;&eth;i&thorn;ekkingu sem &thorn;&uacute; &thorn;arft, &oacute;h&aacute;&eth; f&aelig;rnistigi &thorn;&iacute;nu, &thorn;ekkingu e&eth;a reynslu.<\/p>\n\n<\/div><\/div>\n\n<div class=\"gb-grid-column gb-grid-column-07c2a368\"><div class=\"gb-container gb-container-07c2a368\">\n\n<h2 class=\"gb-headline gb-headline-a0231c48 gb-headline-text\">Haf&eth;u samband og &oacute;keypis skr&aacute;ning<\/h2>\n\n\n    <script>\n        localStorage.setItem('fxbot_ab_testing', '{\"login\":[],\"registration\":[],\"contactus\":[]}');\n    <\/script>\n    <style>\n        .reCAPTCHAContent {\n            display: none;\n            visibility: hidden;\n        }\n    <\/style>\n\n\n<script>\n    localStorage.setItem('fxbot_api_parameters', '[{\"key\":\"emailmarketing\",\"value\":\"1\",\"override\":true},{\"key\":\"funnel\",\"value\":\"KW_F_00001\",\"override\":true}]');\n    localStorage.setItem('fxbot_alias_url', 'wp-content\/plugins\/fxbot-registration-form\/api.php');\n    localStorage.setItem('fxbot_email_marketing', '1');\n    localStorage.setItem('fxbot_email_marketing_debounce', 'true');\n    localStorage.setItem('fxbot_email_marketing_debounce_time', '1000');\n    localStorage.setItem('fxbot_recaptcha_enabled', 'false');\n    localStorage.setItem('fxbot_recaptcha_site_key', 'EMPTY');\n    localStorage.setItem('fxbot_alt_reg_popup_query_selector', '');\n    localStorage.setItem('fxbot_redirectVariant', '0');\n<\/script>\n<div class=\"form-widget\" id=\"optInFormWrapper\">\n    <form action=\"\" class=\"flex flex-column\" data-form=\"optInForm\" data-urlsearchparams=\"\" data-widget=\"registration_2_step\" id=\"opt-form\" method=\"post\" name=\"optInForm\">\n        <div class=\"elementor-field-type-text elementor-field-group elementor-column elementor-field-group-name elementor-col-100 form-group\">\n            <label for=\"form-first_name\" class=\"elementor-field-label elementor-screen-only\">Fyrsta nafn<\/label>\n            <input class=\"elementor-field elementor-size-sm  elementor-field-textual regFormFirstName\" placeholder=\"Fyrsta nafn\" data-input=\"firstname\" data-valid=\"false\" id=\"form-first_name\" name=\"firstname\" size=\"1\" type=\"text\">\n            <p class=\"error-message\"><\/p>\n        <\/div>\n\n        <div class=\"elementor-field-type-text elementor-field-group elementor-column elementor-field-group-name elementor-col-100 form-group\">\n            <label for=\"form-last_name\" class=\"elementor-field-label elementor-screen-only\">Eftirnafn<\/label>\n            <input class=\"elementor-field elementor-size-sm elementor-field-textual regFormLastNname\" placeholder=\"Eftirnafn\" data-input=\"lastname\" data-valid=\"false\" id=\"form-last_name\" name=\"lastname\" size=\"1\" type=\"text\">\n            <p class=\"error-message\"><\/p>\n        <\/div>\n\n        <div class=\"form-group elementor-field-type-text elementor-field-group elementor-column elementor-field-group-name elementor-col-100\">\n            <label class=\"elementor-field-label elementor-screen-only\" for=\"form-email\">T\u00f6lvup\u00f3stur<\/label>\n            <input class=\"regFormEmail elementor-field elementor-size-sm elementor-field-textual\" placeholder=\"T\u00f6lvup\u00f3stur\" data-input=\"email\" data-valid=\"false\" id=\"form-email\" name=\"email\" type=\"email\">\n            <p class=\"error-message\"><\/p>\n            <div class=\"form-group__emailValid-info\">\n                <span class=\"form-group__emailValid-message\"><span>\u00c1ttir\u00f0u vi\u00f0<\/span> <b><\/b>?<\/span> <span class=\"form-group__emailValid-btn\">Skipta um<\/span>            <\/div>\n        <\/div>\n\n        <p class=\"reCAPTCHAContent\">\n            \u00deessi vefs\u00ed\u00f0a er verndu\u00f0 me\u00f0 reCAPTCHA og <a href=\"https:\/\/policies.google.com\/privacy\" target=\"_blank\" rel=\"noopener\">Pers\u00f3nuverndarstefnu Google<\/a> og <a href=\"https:\/\/policies.google.com\/terms\" target=\"_blank\" rel=\"noopener\">\u00dej\u00f3nustuskilm\u00e1lum<\/a> gilda.        <\/p>\n\n        <button class=\"zoom regFormButton elementor-button elementor-size-sm\" data-button=\"submit\" id=\"optInForm-btn\">\n            Submit        <\/button>\n    <\/form>\n<\/div>\n<div class=\"form-widget\" id=\"regFormWrapper\" style=\"visibility: hidden; width: 0; height:0\">\n    <form action=\"\" class=\"flex flex-column\" data-form=\"registrationForm\" data-urlsearchparams=\"\" data-widget=\"registration_2_step\" id=\"reg-form\" method=\"post\" name=\"registrationForm\">\n        <div class=\"elementor-field-type-text elementor-field-group elementor-column elementor-field-group-name elementor-col-100 form-group\">\n            <label for=\"form-first_name\" class=\"elementor-field-label elementor-screen-only\">Fyrsta nafn<\/label>\n            <input class=\"elementor-field elementor-size-sm  elementor-field-textual regFormFirstName\" placeholder=\"Fyrsta nafn\" data-input=\"firstname\" data-valid=\"false\" id=\"form-first_name\" name=\"firstname\" size=\"1\" type=\"text\">\n            <p class=\"error-message\"><\/p>\n        <\/div>\n\n        <div class=\"elementor-field-type-text elementor-field-group elementor-column elementor-field-group-name elementor-col-100 form-group\">\n            <label for=\"form-last_name\" class=\"elementor-field-label elementor-screen-only\">Eftirnafn<\/label>\n            <input class=\"elementor-field elementor-size-sm elementor-field-textual regFormLastNname\" placeholder=\"Eftirnafn\" data-input=\"lastname\" data-valid=\"false\" id=\"form-last_name\" name=\"lastname\" size=\"1\" type=\"text\">\n            <p class=\"error-message\"><\/p>\n        <\/div>\n\n        <div class=\"elementor-field-type-text elementor-field-group elementor-column elementor-field-group-name elementor-col-100 form-group form-group__emailValid\">\n            <label class=\"elementor-field-label elementor-screen-only\" for=\"form-email\">T\u00f6lvup\u00f3stur<\/label>\n            <input class=\"elementor-field elementor-size-sm elementor-field-textual regFormEmail\" placeholder=\"T\u00f6lvup\u00f3stur\" data-input=\"email\" data-valid=\"false\" id=\"form-email\" name=\"email\" type=\"email\">\n            <p class=\"error-message\"><\/p>\n            <p class=\"form-group__emailValid-info\">\n                <span class=\"form-group__emailValid-message\"><span>\u00c1ttir\u00f0u vi\u00f0<\/span> <b><\/b>?<\/span> <span class=\"form-group__emailValid-btn\">Skipta um<\/span>            <\/p>\n        <\/div>\n\n        <div class=\"elementor-field-type-tel elementor-field-group elementor-column elementor-field-group-field_fad38fc elementor-col-100 form-group reg-phone\">\n            <label class=\"elementor-field-label elementor-screen-only\" for=\"form-phone_number\">S\u00edman\u00famer<\/label>\n            <input class=\"elementor-field elementor-size-sm elementor-field-textual regFormPhoneNumber\" placeholder=\"S\u00edman\u00famer\" autocompvare=\"off\" data-input=\"phone_number\" data-valid=\"false\" id=\"form-phone_number\" name=\"phone_number\" size=\"1\" type=\"text\">\n            <p class=\"error-message\"><\/p>\n        <\/div>\n\n        <p class=\"reCAPTCHAContent\">\n            \u00deessi vefs\u00ed\u00f0a er verndu\u00f0 me\u00f0 reCAPTCHA og <a href=\"https:\/\/policies.google.com\/privacy\" target=\"_blank\" rel=\"noopener\">Pers\u00f3nuverndarstefnu Google<\/a> og <a href=\"https:\/\/policies.google.com\/terms\" target=\"_blank\" rel=\"noopener\">\u00dej\u00f3nustuskilm\u00e1lum<\/a> gilda.        <\/p>\n\n        <button class=\"elementor-button zoom regFormButton\" data-button=\"submit\" id=\"form-btn\" type=\"button\">\n            Submit        <\/button>\n\n        <div class=\"wrapper__rar-no\" data-modal=\"success\" style=\"display: none\">\n            <div class=\"success\">\n                <img decoding=\"async\" src=\"\/wp-content\/plugins\/fxbot-registration-form\/assets\/images\/regSuccess.png\" alt=\"\u00deakka \u00fe\u00e9r fyrir skr\u00e1ninguna\">\n                <p>\u00deakka \u00fe\u00e9r fyrir skr\u00e1ninguna.<br\/>Umbo\u00f0sma\u00f0ur okkar mun hafa samband vi\u00f0 \u00feig innan skamms.<br\/>Gakktu \u00far skugga um a\u00f0 \u00fe\u00fa hafir nota\u00f0 raunverulegt s\u00edman\u00famer.<br\/>Sk\u00e1l.<\/p>\n            <\/div>\n        <\/div>\n\n        <div class=\"wrapper__rar-no\" data-modal=\"alternative_success\" style=\"display: none\">\n            <div class=\"success\">\n                <p class=\"reg_title\">\n                    <b>\u00de\u00fa hefur tengst \u00e1n vandr\u00e6\u00f0a.<\/b>\n                <\/p>\n                <p>Fulltr\u00fai fyrirt\u00e6kisins mun hafa samband vi\u00f0 \u00feig br\u00e1\u00f0um. Vinsamlegast gangi\u00f0 \u00far skugga um a\u00f0 \u00fe\u00fa s\u00e9rt \u00ed s\u00edma til a\u00f0 koma \u00ed veg fyrir a\u00f0 \u00fe\u00fa missir s\u00edmtalann.<\/p>\n            <\/div>\n        <\/div>\n\n        <div class=\"wrapper__error\" data-modal=\"error\" style=\"display: none\"><\/div>\n    <\/form>\n<\/div>\n\n<div class=\"submit-overlay\" style=\"display: none;\">\n    <div class=\"lds-spinner\">\n        <div><\/div>\n        <div><\/div>\n        <div><\/div>\n        <div><\/div>\n        <div><\/div>\n        <div><\/div>\n        <div><\/div>\n        <div><\/div>\n    <\/div>\n    <p class=\"overlay-text\">A\u00f0 tengja \u00feig vi\u00f0 besta mi\u00f0larann \u00e1 \u00fe\u00ednu sv\u00e6\u00f0i<\/p>\n<\/div>\n\n\n<\/div><\/div>\n<\/div>\n<\/div>\n<\/div><div class=\"gb-container gb-container-60bbda29\">\n<div class=\"gb-container gb-container-0b4cfa6a\">\n\n<h2 class=\"gb-headline gb-headline-38a74e45 gb-headline-text\">KW_00003 Lei&eth;beiningar um tengili&eth;i<\/h2>\n\n\n\n<p class=\"gb-headline gb-headline-6c77b38e gb-headline-text\">Vinsamlegast gef&eth;u &thorn;&eacute;r t&iacute;ma til a&eth; lesa &iacute; gegnum &thorn;essar lei&eth;beiningar um tengili&eth;auppl&yacute;singar, svo a&eth; spurningu &thorn;inni s&eacute; svara&eth; af s&eacute;rst&ouml;ku &thorn;j&oacute;nustuteymi, &iacute; samr&aelig;mi vi&eth; efni&eth;.<\/p>\n\n\n\n<p class=\"has-base-2-color has-text-color\" style=\"font-style:normal;font-weight:200\">* Ef &thorn;&uacute; &thorn;arft frekari uppl&yacute;singar, a&eth;sto&eth; vi&eth; skr&aacute;ningu, e&eth;a ef &thorn;&uacute; ert a&eth; upplifa t&aelig;knileg vandam&aacute;l, vinsamlegast nota&eth;u<strong> <\/strong>formi&eth; h&eacute;r a&eth; ne&eth;an til a&eth; hafa samband vi&eth; okkur; Starfsma&eth;ur &thorn;j&oacute;nustudeildar mun svara tafarlaust.<\/p>\n\n<\/div>\n<\/div><section class=\"gb-container gb-container-1537fc24\">\n<div class=\"gb-container gb-container-489b4d10\">\n<div class=\"gb-grid-wrapper gb-grid-wrapper-9ec40c2c\">\n<div class=\"gb-grid-column gb-grid-column-1d94304b\"><div class=\"gb-container gb-container-1d94304b\">\n<div class=\"gb-container gb-container-c1d4759b\">\n\n<span class=\"gb-button gb-button-10e59523\"><span class=\"gb-icon\"><svg xmlns=\"http:\/\/www.w3.org\/2000\/svg\" viewbox=\"0 0 512 512\" width=\"1em\" height=\"1em\" aria-hidden=\"true\"><path d=\"M464 64H48C21.49 64 0 85.49 0 112v288c0 26.51 21.49 48 48 48h416c26.51 0 48-21.49 48-48V112c0-26.51-21.49-48-48-48zm0 48v40.805c-22.422 18.259-58.168 46.651-134.587 106.49-16.841 13.247-50.201 45.072-73.413 44.701-23.208.375-56.579-31.459-73.413-44.701C106.18 199.465 70.425 171.067 48 152.805V112h416zM48 400V214.398c22.914 18.251 55.409 43.862 104.938 82.646 21.857 17.205 60.134 55.186 103.062 54.955 42.717.231 80.509-37.199 103.053-54.947 49.528-38.783 82.032-64.401 104.947-82.653V400H48z\" fill=\"currentColor\"><\/path><\/svg><\/span><\/span>\n\n\n<div class=\"gb-container gb-container-73575364\">\n\n<h3 class=\"gb-headline gb-headline-c3604ae8 gb-headline-text\">T&ouml;lvup&oacute;stur<\/h3>\n\n\n\n<p class=\"gb-headline gb-headline-f3e4fae6 gb-headline-text\">support@OilEvexPro.com<\/p>\n\n<\/div>\n<\/div>\n\n<div class=\"gb-container gb-container-0a31b6cd\">\n\n<span class=\"gb-button gb-button-e9624d06\"><span class=\"gb-icon\"><svg xmlns=\"http:\/\/www.w3.org\/2000\/svg\" viewbox=\"0 0 368.666 368.666\" style=\"enable-background:new 0 0 368.666 368.666\" xml:space=\"preserve\"><path d=\"M184.333 0C102.01 0 35.036 66.974 35.036 149.297c0 33.969 11.132 65.96 32.193 92.515 27.27 34.383 106.572 116.021 109.934 119.479l7.169 7.375 7.17-7.374c3.364-3.46 82.69-85.116 109.964-119.51 21.042-26.534 32.164-58.514 32.164-92.485C333.63 66.974 266.656 0 184.333 0zm101.462 229.355c-21.956 27.687-80.92 89.278-101.462 110.581-20.54-21.302-79.483-82.875-101.434-110.552-18.228-22.984-27.863-50.677-27.863-80.087C55.036 78.002 113.038 20 184.333 20c71.294 0 129.297 58.002 129.296 129.297 0 29.412-9.625 57.096-27.834 80.058z\"><\/path><path d=\"M184.333 59.265c-48.73 0-88.374 39.644-88.374 88.374s39.645 88.374 88.374 88.374 88.374-39.645 88.374-88.374-39.644-88.374-88.374-88.374zm0 156.748c-37.702 0-68.374-30.673-68.374-68.374 0-37.702 30.673-68.374 68.374-68.374s68.373 30.673 68.374 68.374c0 37.702-30.672 68.374-68.374 68.374z\"><\/path><\/svg><\/span><\/span>\n\n\n<div class=\"gb-container gb-container-25a02a25\">\n\n<h3 class=\"gb-headline gb-headline-eec48bfe gb-headline-text\">Sta&eth;setning<\/h3>\n\n\n\n<p class=\"gb-headline gb-headline-ea38b2da gb-headline-text\">WeWork 380 Jalan Besar: 380 Jalan Besar, Arc 380, Singapore 209000<\/p>\n\n<\/div>\n<\/div>\n<\/div><\/div>\n\n<div class=\"gb-grid-column gb-grid-column-e6476df9\"><div class=\"gb-container gb-container-e6476df9\">\n\n<iframe src=\"https:\/\/www.google.com\/maps\/embed?pb=!1m18!1m12!1m3!1d3988.7708174521176!2d103.8600594!3d1.3129499999999998!2m3!1f0!2f0!3f0!3m2!1i1024!2i768!4f13.1!3m3!1m2!1s0x31da19a3cdf92b65%3A0xd17b10876ac473a3!2sWeWork%20-%20Office%20Space%20%26%20Coworking!5e0!3m2!1sen!2snl!4v1691417076881!5m2!1sen!2snl\" width=\"600\" height=\"450\" style=\"border:0;\" allowfullscreen=\"\" loading=\"lazy\" referrerpolicy=\"no-referrer-when-downgrade\"><\/iframe>\n\n<\/div><\/div>\n<\/div>\n<\/div>\n<\/section>\n","protected":false},"excerpt":{"rendered":"<p>Haf&eth;u samband &ndash; KW_00001 &ndash; GPT-kn&uacute;i&eth; t&oacute;l KW_00003 Lei&eth;beiningar um tengili&eth;i Vinsamlegast gef&eth;u &thorn;&eacute;r t&iacute;ma til a&eth; lesa &iacute; gegnum &thorn;essar lei&eth;beiningar um tengili&eth;auppl&yacute;singar, svo a&eth; spurningu &thorn;inni s&eacute; svara&eth; af s&eacute;rst&ouml;ku &thorn;j&oacute;nustuteymi, &iacute; samr&aelig;mi vi&eth; efni&eth;. * Ef &thorn;&uacute; &thorn;arft frekari uppl&yacute;singar, a&eth;sto&eth; vi&eth; skr&aacute;ningu, e&eth;a ef &thorn;&uacute; ert a&eth; upplifa t&aelig;knileg vandam&aacute;l, vinsamlegast &#8230; <a title=\"Haf\u00f0u samband vi\u00f0 okkur\" class=\"read-more\" href=\"https:\/\/oilevexpro.com\/is\/hafdu-samband-vid-okkur\/\" aria-label=\"Read more about Haf\u00f0u samband vi\u00f0 okkur\">Read more<\/a><\/p>\n","protected":false},"author":1,"featured_media":0,"parent":0,"menu_order":0,"comment_status":"closed","ping_status":"closed","template":"","meta":{"footnotes":""},"class_list":["post-4763","page","type-page","status-publish"],"_links":{"self":[{"href":"https:\/\/oilevexpro.com\/is\/wp-json\/wp\/v2\/pages\/4763","targetHints":{"allow":["GET"]}}],"collection":[{"href":"https:\/\/oilevexpro.com\/is\/wp-json\/wp\/v2\/pages"}],"about":[{"href":"https:\/\/oilevexpro.com\/is\/wp-json\/wp\/v2\/types\/page"}],"author":[{"embeddable":true,"href":"https:\/\/oilevexpro.com\/is\/wp-json\/wp\/v2\/users\/1"}],"replies":[{"embeddable":true,"href":"https:\/\/oilevexpro.com\/is\/wp-json\/wp\/v2\/comments?post=4763"}],"version-history":[{"count":0,"href":"https:\/\/oilevexpro.com\/is\/wp-json\/wp\/v2\/pages\/4763\/revisions"}],"wp:attachment":[{"href":"https:\/\/oilevexpro.com\/is\/wp-json\/wp\/v2\/media?parent=4763"}],"curies":[{"name":"wp","href":"https:\/\/api.w.org\/{rel}","templated":true}]}}