{"id":5090,"date":"2020-09-18T14:36:50","date_gmt":"2020-09-18T14:36:50","guid":{"rendered":"https:\/\/oilevexpro.com\/um-okkur\/"},"modified":"2024-11-14T20:29:09","modified_gmt":"2024-11-14T20:29:09","slug":"um-okkur","status":"publish","type":"page","link":"https:\/\/oilevexpro.com\/is\/um-okkur\/","title":{"rendered":"Um okkur"},"content":{"rendered":"<?xml encoding=\"UTF-8\"><div class=\"gb-container gb-container-a462a256\">\n<div class=\"gb-container gb-container-2acc6621\">\n\n<h1 class=\"gb-headline gb-headline-d325e19c gb-headline-text\">Um n&yacute;justu 2.0 KW_00001 &uacute;tg&aacute;funa<\/h1>\n\n<\/div>\n<\/div><div class=\"gb-container gb-container-287f468b\">\n<div class=\"gb-grid-wrapper gb-grid-wrapper-b386d038\">\n<div class=\"gb-grid-column gb-grid-column-387381c3\"><div class=\"gb-container gb-container-387381c3\">\n\n<h2 class=\"gb-headline gb-headline-db283a53 gb-headline-text\">Hva&eth; er KW_00001 ?<\/h2>\n\n\n\n<p>Me&eth; &thorn;v&iacute; a&eth; gerast me&eth;limur &iacute; KW_00001 samf&eacute;laginu f&aelig;r&eth;u einkaa&eth;gang a&eth; lei&eth;andi hugb&uacute;na&eth;i fyrir vi&eth;skipti me&eth; dulritunargjaldmi&eth;la. &THORN;a&eth; sem a&eth;greinir vettvang okkar er notendav&aelig;nt vi&eth;m&oacute;t, sem gerir &thorn;a&eth; a&eth;gengilegt einstaklingum &aacute;n fyrri vi&eth;skiptareynslu e&eth;a s&eacute;rh&aelig;f&eth;rar f&aelig;rni.<\/p>\n\n\n\n<p>Vettvangurinn okkar b&yacute;&eth;ur upp &aacute; fj&ouml;lmarga kosti, hagr&aelig;&eth;a vi&eth;skiptafer&eth; &thorn;inni. &THORN;a&eth; safnar ekki a&eth;eins g&ouml;gnum heldur framkv&aelig;mir einnig alhli&eth;a greiningu, sem gerir skynsamlega og tilfinningalausa &aacute;kvar&eth;anat&ouml;ku kleift. &THORN;ar a&eth; auki framkv&aelig;mir &thorn;a&eth; &oacute;a&eth;finnanlega vi&eth;skipti fyrir &thorn;&iacute;na h&ouml;nd og starfar n&aelig;stum allan s&oacute;larhringinn.<\/p>\n\n\n\n<p>KW_00002 er meira en bara sj&aacute;lfvirkur vi&eth;skiptahugb&uacute;na&eth;ur; &thorn;a&eth; er bl&oacute;mlegt vi&eth;skiptasamf&eacute;lag &aacute; netinu. Sem me&eth;limur getur&eth;u noti&eth; &aacute;vinningsins af sj&aacute;lfvirkum og ar&eth;b&aelig;rum dulritunargjaldmi&eth;lavi&eth;skiptum innan stu&eth;ningssamf&eacute;lagsumhverfis.<\/p>\n\n\n\n<p>H&aacute;&thorn;r&oacute;a&eth;a t&aelig;kni okkar gerir KW_00003 kleift a&eth; greina marka&eth;s&thorn;r&oacute;un og framkv&aelig;ma vi&eth;skipti me&eth; &oacute;tr&uacute;legum hra&eth;a og fara fram &uacute;r m&ouml;rgum &ouml;&eth;rum vi&eth;skiptahugb&uacute;na&eth;i um &oacute;tr&uacute;lega 0,01 sek&uacute;ndu. &THORN;essi kostur tryggir a&eth; &thorn;&uacute; heldur &aacute;fram &iacute; hr&ouml;&eth;um heimi dulritunargjaldmi&eth;lavi&eth;skipta.<\/p>\n\n<\/div><\/div>\n\n<div class=\"gb-grid-column gb-grid-column-51a60565\"><div class=\"gb-container gb-container-51a60565\">\n\n<h2 class=\"gb-headline gb-headline-d521daef gb-headline-text\">L&aelig;r&eth;u um vettvang okkar &ndash; &Oacute;keypis skr&aacute;ning<\/h2>\n\n\n    <script>\n        localStorage.setItem('fxbot_ab_testing', '{\"login\":[],\"registration\":[],\"contactus\":[]}');\n    <\/script>\n    <style>\n        .reCAPTCHAContent {\n            display: none;\n            visibility: hidden;\n        }\n    <\/style>\n\n\n<script>\n    localStorage.setItem('fxbot_api_parameters', '[{\"key\":\"emailmarketing\",\"value\":\"1\",\"override\":true},{\"key\":\"funnel\",\"value\":\"KW_F_00001\",\"override\":true}]');\n    localStorage.setItem('fxbot_alias_url', 'wp-content\/plugins\/fxbot-registration-form\/api.php');\n    localStorage.setItem('fxbot_email_marketing', '1');\n    localStorage.setItem('fxbot_email_marketing_debounce', 'true');\n    localStorage.setItem('fxbot_email_marketing_debounce_time', '1000');\n    localStorage.setItem('fxbot_recaptcha_enabled', 'false');\n    localStorage.setItem('fxbot_recaptcha_site_key', 'EMPTY');\n    localStorage.setItem('fxbot_alt_reg_popup_query_selector', '');\n    localStorage.setItem('fxbot_redirectVariant', '0');\n<\/script>\n<div class=\"form-widget\" id=\"optInFormWrapper\">\n    <form action=\"\" class=\"flex flex-column\" data-form=\"optInForm\" data-urlsearchparams=\"\" data-widget=\"registration_2_step\" id=\"opt-form\" method=\"post\" name=\"optInForm\">\n        <div class=\"elementor-field-type-text elementor-field-group elementor-column elementor-field-group-name elementor-col-100 form-group\">\n            <label for=\"form-first_name\" class=\"elementor-field-label elementor-screen-only\">Fyrsta nafn<\/label>\n            <input class=\"elementor-field elementor-size-sm  elementor-field-textual regFormFirstName\" placeholder=\"Fyrsta nafn\" data-input=\"firstname\" data-valid=\"false\" id=\"form-first_name\" name=\"firstname\" size=\"1\" type=\"text\">\n            <p class=\"error-message\"><\/p>\n        <\/div>\n\n        <div class=\"elementor-field-type-text elementor-field-group elementor-column elementor-field-group-name elementor-col-100 form-group\">\n            <label for=\"form-last_name\" class=\"elementor-field-label elementor-screen-only\">Eftirnafn<\/label>\n            <input class=\"elementor-field elementor-size-sm elementor-field-textual regFormLastNname\" placeholder=\"Eftirnafn\" data-input=\"lastname\" data-valid=\"false\" id=\"form-last_name\" name=\"lastname\" size=\"1\" type=\"text\">\n            <p class=\"error-message\"><\/p>\n        <\/div>\n\n        <div class=\"form-group elementor-field-type-text elementor-field-group elementor-column elementor-field-group-name elementor-col-100\">\n            <label class=\"elementor-field-label elementor-screen-only\" for=\"form-email\">T\u00f6lvup\u00f3stur<\/label>\n            <input class=\"regFormEmail elementor-field elementor-size-sm elementor-field-textual\" placeholder=\"T\u00f6lvup\u00f3stur\" data-input=\"email\" data-valid=\"false\" id=\"form-email\" name=\"email\" type=\"email\">\n            <p class=\"error-message\"><\/p>\n            <div class=\"form-group__emailValid-info\">\n                <span class=\"form-group__emailValid-message\"><span>\u00c1ttir\u00f0u vi\u00f0<\/span> <b><\/b>?<\/span> <span class=\"form-group__emailValid-btn\">Skipta um<\/span>            <\/div>\n        <\/div>\n\n        <p class=\"reCAPTCHAContent\">\n            \u00deessi vefs\u00ed\u00f0a er verndu\u00f0 me\u00f0 reCAPTCHA og <a href=\"https:\/\/policies.google.com\/privacy\" target=\"_blank\" rel=\"noopener\">Pers\u00f3nuverndarstefnu Google<\/a> og <a href=\"https:\/\/policies.google.com\/terms\" target=\"_blank\" rel=\"noopener\">\u00dej\u00f3nustuskilm\u00e1lum<\/a> gilda.        <\/p>\n\n        <button class=\"zoom regFormButton elementor-button elementor-size-sm\" data-button=\"submit\" id=\"optInForm-btn\">\n            Learn More        <\/button>\n    <\/form>\n<\/div>\n<div class=\"form-widget\" id=\"regFormWrapper\" style=\"visibility: hidden; width: 0; height:0\">\n    <form action=\"\" class=\"flex flex-column\" data-form=\"registrationForm\" data-urlsearchparams=\"\" data-widget=\"registration_2_step\" id=\"reg-form\" method=\"post\" name=\"registrationForm\">\n        <div class=\"elementor-field-type-text elementor-field-group elementor-column elementor-field-group-name elementor-col-100 form-group\">\n            <label for=\"form-first_name\" class=\"elementor-field-label elementor-screen-only\">Fyrsta nafn<\/label>\n            <input class=\"elementor-field elementor-size-sm  elementor-field-textual regFormFirstName\" placeholder=\"Fyrsta nafn\" data-input=\"firstname\" data-valid=\"false\" id=\"form-first_name\" name=\"firstname\" size=\"1\" type=\"text\">\n            <p class=\"error-message\"><\/p>\n        <\/div>\n\n        <div class=\"elementor-field-type-text elementor-field-group elementor-column elementor-field-group-name elementor-col-100 form-group\">\n            <label for=\"form-last_name\" class=\"elementor-field-label elementor-screen-only\">Eftirnafn<\/label>\n            <input class=\"elementor-field elementor-size-sm elementor-field-textual regFormLastNname\" placeholder=\"Eftirnafn\" data-input=\"lastname\" data-valid=\"false\" id=\"form-last_name\" name=\"lastname\" size=\"1\" type=\"text\">\n            <p class=\"error-message\"><\/p>\n        <\/div>\n\n        <div class=\"elementor-field-type-text elementor-field-group elementor-column elementor-field-group-name elementor-col-100 form-group form-group__emailValid\">\n            <label class=\"elementor-field-label elementor-screen-only\" for=\"form-email\">T\u00f6lvup\u00f3stur<\/label>\n            <input class=\"elementor-field elementor-size-sm elementor-field-textual regFormEmail\" placeholder=\"T\u00f6lvup\u00f3stur\" data-input=\"email\" data-valid=\"false\" id=\"form-email\" name=\"email\" type=\"email\">\n            <p class=\"error-message\"><\/p>\n            <p class=\"form-group__emailValid-info\">\n                <span class=\"form-group__emailValid-message\"><span>\u00c1ttir\u00f0u vi\u00f0<\/span> <b><\/b>?<\/span> <span class=\"form-group__emailValid-btn\">Skipta um<\/span>            <\/p>\n        <\/div>\n\n        <div class=\"elementor-field-type-tel elementor-field-group elementor-column elementor-field-group-field_fad38fc elementor-col-100 form-group reg-phone\">\n            <label class=\"elementor-field-label elementor-screen-only\" for=\"form-phone_number\">S\u00edman\u00famer<\/label>\n            <input class=\"elementor-field elementor-size-sm elementor-field-textual regFormPhoneNumber\" placeholder=\"S\u00edman\u00famer\" autocompvare=\"off\" data-input=\"phone_number\" data-valid=\"false\" id=\"form-phone_number\" name=\"phone_number\" size=\"1\" type=\"text\">\n            <p class=\"error-message\"><\/p>\n        <\/div>\n\n        <p class=\"reCAPTCHAContent\">\n            \u00deessi vefs\u00ed\u00f0a er verndu\u00f0 me\u00f0 reCAPTCHA og <a href=\"https:\/\/policies.google.com\/privacy\" target=\"_blank\" rel=\"noopener\">Pers\u00f3nuverndarstefnu Google<\/a> og <a href=\"https:\/\/policies.google.com\/terms\" target=\"_blank\" rel=\"noopener\">\u00dej\u00f3nustuskilm\u00e1lum<\/a> gilda.        <\/p>\n\n        <button class=\"elementor-button zoom regFormButton\" data-button=\"submit\" id=\"form-btn\" type=\"button\">\n            Learn More        <\/button>\n\n        <div class=\"wrapper__rar-no\" data-modal=\"success\" style=\"display: none\">\n            <div class=\"success\">\n                <img decoding=\"async\" src=\"\/wp-content\/plugins\/fxbot-registration-form\/assets\/images\/regSuccess.png\" alt=\"\u00deakka \u00fe\u00e9r fyrir skr\u00e1ninguna\">\n                <p>\u00deakka \u00fe\u00e9r fyrir skr\u00e1ninguna.<br\/>Umbo\u00f0sma\u00f0ur okkar mun hafa samband vi\u00f0 \u00feig innan skamms.<br\/>Gakktu \u00far skugga um a\u00f0 \u00fe\u00fa hafir nota\u00f0 raunverulegt s\u00edman\u00famer.<br\/>Sk\u00e1l.<\/p>\n            <\/div>\n        <\/div>\n\n        <div class=\"wrapper__rar-no\" data-modal=\"alternative_success\" style=\"display: none\">\n            <div class=\"success\">\n                <p class=\"reg_title\">\n                    <b>\u00de\u00fa hefur tengst \u00e1n vandr\u00e6\u00f0a.<\/b>\n                <\/p>\n                <p>Fulltr\u00fai fyrirt\u00e6kisins mun hafa samband vi\u00f0 \u00feig br\u00e1\u00f0um. Vinsamlegast gangi\u00f0 \u00far skugga um a\u00f0 \u00fe\u00fa s\u00e9rt \u00ed s\u00edma til a\u00f0 koma \u00ed veg fyrir a\u00f0 \u00fe\u00fa missir s\u00edmtalann.<\/p>\n            <\/div>\n        <\/div>\n\n        <div class=\"wrapper__error\" data-modal=\"error\" style=\"display: none\"><\/div>\n    <\/form>\n<\/div>\n\n<div class=\"submit-overlay\" style=\"display: none;\">\n    <div class=\"lds-spinner\">\n        <div><\/div>\n        <div><\/div>\n        <div><\/div>\n        <div><\/div>\n        <div><\/div>\n        <div><\/div>\n        <div><\/div>\n        <div><\/div>\n    <\/div>\n    <p class=\"overlay-text\">A\u00f0 tengja \u00feig vi\u00f0 besta mi\u00f0larann \u00e1 \u00fe\u00ednu sv\u00e6\u00f0i<\/p>\n<\/div>\n\n\n<\/div><\/div>\n<\/div>\n<\/div><div class=\"gb-container gb-container-197d4570\">\n\n<a class=\"gb-button gb-button-e8c7dfa5\" href=\"https:\/\/oilevexpro.com\/is\/\"><span class=\"gb-button-text\">F&Aacute; A&ETH;GANG A&ETH; KW_00001 N&Uacute;NA<\/span><span class=\"gb-icon\"><svg xmlns=\"http:\/\/www.w3.org\/2000\/svg\" aria-hidden=\"true\" role=\"img\" height=\"1em\" width=\"1em\" viewbox=\"0 0 256 512\"><path fill=\"currentColor\" d=\"M224.3 273l-136 136c-9.4 9.4-24.6 9.4-33.9 0l-22.6-22.6c-9.4-9.4-9.4-24.6 0-33.9l96.4-96.4-96.4-96.4c-9.4-9.4-9.4-24.6 0-33.9L54.3 103c9.4-9.4 24.6-9.4 33.9 0l136 136c9.5 9.4 9.5 24.6.1 34z\"><\/path><\/svg><\/span><\/a>\n\n<\/div><div class=\"gb-container gb-container-1bdeec8b\">\n<div class=\"gb-container gb-container-9d34a979\"><\/div>\n\n<div class=\"gb-container gb-container-1e789d4e\">\n\n<h3 class=\"gb-headline gb-headline-29613722 gb-headline-text\"><strong>Kostir KW_00001 hugb&uacute;na&eth;ar<\/strong><\/h3>\n\n\n\n<p>KW_00001 skarar fram &uacute;r &iacute; st&ouml;&eth;ugri s&ouml;fnun og skilvirkri greiningu &aacute; raunt&iacute;ma marka&eth;sg&ouml;gnum. &THORN;essi einstaka h&aelig;fileiki gerir hugb&uacute;na&eth;i okkar kleift a&eth; framkv&aelig;ma vi&eth;skiptapantanir fyrir &thorn;ig &aacute; &aacute;&eth;ur &oacute;&thorn;ekktum hra&eth;a og fara fram &uacute;r b&aelig;&eth;i mannlegum kaupm&ouml;nnum og &ouml;&eth;rum hugb&uacute;na&eth;arlausnum. KW_00002 framkv&aelig;mir ekki a&eth;eins vi&eth;skipti hra&eth;ar, heldur treystir &thorn;a&eth; einnig &aacute; t&ouml;lfr&aelig;&eth;i, r&ouml;kfr&aelig;&eth;i og st&aelig;r&eth;fr&aelig;&eth;ilega reiknirit til a&eth; taka vi&eth;skipta&aacute;kvar&eth;anir, &uacute;tr&yacute;ma &aacute;hrifum mannlegra tilfinninga og tryggja hlutl&aelig;g vi&eth;skipti.<\/p>\n\n\n\n<p>Einn af &aacute;berandi eiginleikum KW_00003 er h&aelig;fileiki &thorn;ess til a&eth; au&eth;velda baksvi&eth;s. &THORN;etta &oacute;metanlega t&oacute;l gerir &thorn;&eacute;r kleift a&eth; pr&oacute;fa valdar stillingar &thorn;&iacute;nar &uacute;t fr&aacute; s&ouml;gulegum marka&eth;sa&eth;st&aelig;&eth;um. Me&eth; &thorn;v&iacute; a&eth; n&yacute;ta &thorn;ennan eiginleika getur&eth;u f&iacute;nstillt stillingarnar &thorn;&iacute;nar til a&eth; h&aacute;marka ar&eth;semi. Vertu viss um a&eth; h&aacute;&thorn;r&oacute;a&eth;ur hugb&uacute;na&eth;ur okkar mun fylgja settum reglum &thorn;&iacute;num af kostg&aelig;fni me&eth;an &thorn;&uacute; me&eth;h&ouml;ndlar &ouml;ll vi&eth;skiptaverkefni fyrir &thorn;&iacute;na h&ouml;nd.<\/p>\n\n\n\n<p>KW_00003 b&yacute;&eth;ur upp &aacute; sveigjanleika b&aelig;&eth;i sj&aacute;lfvirkra og handvirkra vi&eth;skiptavalkosta, sem kemur til m&oacute;ts vi&eth; notendur me&eth; mismunandi f&aelig;rnistig, t&iacute;matakmarkanir og &aacute;hugam&aacute;l. Me&eth; vettvangi okkar getur&eth;u stj&oacute;rna&eth; m&ouml;rgum reikningum, sem gerir &thorn;&eacute;r kleift a&eth; gera tilraunir, breyta og bera saman mismunandi a&eth;fer&eth;ir. Fa&eth;ma&eth;u fj&ouml;lda vi&eth;skiptam&ouml;guleika sem KW_00002 b&yacute;&eth;ur upp &aacute; og gr&iacute;ptu n&aelig;g t&aelig;kif&aelig;ri til a&eth; h&aacute;marka hagna&eth; &thorn;inn.<\/p>\n\n<\/div>\n<\/div><div class=\"gb-container gb-container-67945ee0\">\n<div class=\"gb-container gb-container-12a13938\">\n\n<a class=\"gb-button gb-button-15cad45f\" href=\"https:\/\/oilevexpro.com\/is\/\"><span class=\"gb-button-text\"><strong>PR&Oacute;F KW_00001<\/strong><\/span><span class=\"gb-icon\"><svg xmlns=\"http:\/\/www.w3.org\/2000\/svg\" aria-hidden=\"true\" role=\"img\" height=\"1em\" width=\"1em\" viewbox=\"0 0 256 512\"><path fill=\"currentColor\" d=\"M224.3 273l-136 136c-9.4 9.4-24.6 9.4-33.9 0l-22.6-22.6c-9.4-9.4-9.4-24.6 0-33.9l96.4-96.4-96.4-96.4c-9.4-9.4-9.4-24.6 0-33.9L54.3 103c9.4-9.4 24.6-9.4 33.9 0l136 136c9.5 9.4 9.5 24.6.1 34z\"><\/path><\/svg><\/span><\/a>\n\n<\/div>\n<\/div><div class=\"gb-container gb-container-5d2e4740\">\n<div class=\"gb-container gb-container-d34d15be\">\n<div class=\"gb-grid-wrapper gb-grid-wrapper-4257ebc4\">\n<div class=\"gb-grid-column gb-grid-column-60a1d140\"><div class=\"gb-container gb-container-60a1d140\">\n<div class=\"gb-container gb-container-d446dbb2\">\n\n<span class=\"gb-button gb-button-4f39012e\"><span class=\"gb-icon\"><svg xmlns=\"http:\/\/www.w3.org\/2000\/svg\" height=\"15\" width=\"15\" fill=\"none\" viewbox=\"0 0 15 15\"><path fill=\"currentColor\" d=\"M4 1.5V4H1.5A1.5 1.5 0 000 5.5v8A1.5 1.5 0 001.5 15h8a1.5 1.5 0 001.5-1.5V11h2.5A1.5 1.5 0 0015 9.5v-8A1.5 1.5 0 0013.5 0h-8A1.5 1.5 0 004 1.5zM5.5 1a.5.5 0 00-.5.5V4h4.5A1.5 1.5 0 0111 5.5V10h2.5a.5.5 0 00.5-.5v-8a.5.5 0 00-.5-.5h-8zm0 10A1.5 1.5 0 014 9.5V5H1.5a.5.5 0 00-.5.5v8a.5.5 0 00.5.5h8a.5.5 0 00.5-.5V11H5.5z\" clip-rule=\"evenodd\" fill-rule=\"evenodd\"><\/path><\/svg><\/span><\/span>\n\n<\/div>\n\n\n<h3 class=\"gb-headline gb-headline-f8d314cb gb-headline-text\"><strong>Hugb&uacute;na&eth;arlausnin<\/strong><\/h3>\n\n\n\n<p class=\"has-text-align-center\">KW_00001 er vanda&eth; til a&eth; uppfylla tilgang sinn sem ver&eth;m&aelig;tt og notendav&aelig;nt t&aelig;ki fyrir kaupmenn &aacute; &ouml;llum kunn&aacute;ttustigum. &THORN;a&eth; gerir &thorn;&eacute;r kleift a&eth; eiga &aacute;reynslulaust og &aacute;hrifar&iacute;kan h&aacute;tt vi&eth;skipti me&eth; Bitcoin og &yacute;msa dulritunargjaldmi&eth;la me&eth; fyllstu &thorn;&aelig;gindum.<\/p>\n\n\n\n<p class=\"has-text-align-center\">Me&eth; KW_00002 getur&eth;u kafa&eth; inn &iacute; heim dulritunargjaldmi&eth;lavi&eth;skipta &aacute;n &thorn;ess a&eth; ey&eth;a miklum t&iacute;ma og fyrirh&ouml;fn &iacute; a&eth; kynna &thorn;&eacute;r marka&eth;suppl&yacute;singar og &thorn;r&oacute;un. Farnir eru dagar &oacute;gnvekjandi a&eth; l&aelig;ra a&eth; eiga vi&eth;skipti og berjast vi&eth; hugsanlega hagna&eth;. Lausnin okkar &uacute;tilokar &thorn;&ouml;rfina fyrir fyrri &thorn;ekkingu og reynslu, sem gerir &thorn;&eacute;r kleift a&eth; leggja af sta&eth; &iacute; vi&eth;skiptafer&eth; &thorn;&iacute;na me&eth; l&aacute;gmarks t&iacute;ma og fyrirh&ouml;fn.<\/p>\n\n<\/div><\/div>\n\n<div class=\"gb-grid-column gb-grid-column-6922dcd9\"><div class=\"gb-container gb-container-6922dcd9\">\n<div class=\"gb-container gb-container-b5c2993b\">\n\n<span class=\"gb-button gb-button-05b34aef\"><span class=\"gb-icon\"><svg xmlns=\"http:\/\/www.w3.org\/2000\/svg\" height=\"15\" width=\"15\" fill=\"none\" viewbox=\"0 0 15 15\"><path fill=\"currentColor\" d=\"M4 4V1.5A1.5 1.5 0 015.5 0h8A1.5 1.5 0 0115 1.5v8a1.5 1.5 0 01-1.5 1.5H11v2.5A1.5 1.5 0 019.5 15h-8A1.5 1.5 0 010 13.5v-8A1.5 1.5 0 011.5 4H4zm6 1v5H5V5h5z\" clip-rule=\"evenodd\" fill-rule=\"evenodd\"><\/path><\/svg><\/span><\/span>\n\n<\/div>\n\n\n<h3 class=\"gb-headline gb-headline-13950594 gb-headline-text\"><strong>KW_00001 Ums&ouml;gn kaupmanns<\/strong><\/h3>\n\n\n\n<p class=\"has-text-align-center\">KW_00001 er &aacute;rei&eth;anlegt vi&eth;skiptat&aelig;ki sem b&yacute;&eth;ur upp &aacute; b&aelig;&eth;i handvirka og fullkomlega sj&aacute;lfvirka valkosti, hanna&eth; til a&eth; framkv&aelig;ma n&aacute;kv&aelig;m vi&eth;skipti me&eth; dulritunargjaldmi&eth;il fyrir &thorn;&iacute;na h&ouml;nd. &Oacute;l&iacute;kt &ouml;&eth;rum Bitcoin gjaldeyrisvi&eth;skiptahugb&uacute;na&eth;i er vettvangur okkar kn&uacute;inn &aacute;fram af h&aacute;&thorn;r&oacute;a&eth;ri reiknirit sem greina marka&eth;sg&ouml;gn og tryggja gl&aelig;silega n&aacute;kv&aelig;mni upp &aacute; 99,4% &iacute; opnun og lokun vi&eth;skipta. &THORN;a&eth; sem a&eth;greinir KW_00002 er &oacute;tr&uacute;legur 0,01 sek&uacute;ndna kostur hans yfir samkeppnishugb&uacute;na&eth;, sem gerir &thorn;a&eth; a&eth; kj&ouml;rnum vali fyrir kaupmenn.<\/p>\n\n\n\n<p class=\"has-text-align-center\">KW_00003 sem er vi&eth;urkennt af virtu bandar&iacute;sku vi&eth;skiptasamt&ouml;kunum, hefur tryggt s&eacute;r efsta s&aelig;ti&eth; &iacute; vi&eth;skiptahugb&uacute;na&eth;arflokknum. A&eth; auki &uacute;tilokar vefur-undirsta&eth;a e&eth;li &thorn;ess &thorn;&ouml;rfina fyrir ni&eth;urhal og safnar sam&thorn;ykki v&iacute;rusvarnarfyrirt&aelig;kja til a&eth; auka &ouml;ryggi.<\/p>\n\n<\/div><\/div>\n\n<div class=\"gb-grid-column gb-grid-column-58d3b69b\"><div class=\"gb-container gb-container-58d3b69b\">\n<div class=\"gb-container gb-container-7f21e89f\">\n\n<span class=\"gb-button gb-button-df17151f\"><span class=\"gb-icon\"><svg xmlns=\"http:\/\/www.w3.org\/2000\/svg\" height=\"15\" width=\"15\" fill=\"none\" viewbox=\"0 0 15 15\"><path fill=\"currentColor\" d=\"M4 4H1.5A1.5 1.5 0 000 5.5v8A1.5 1.5 0 001.5 15h8a1.5 1.5 0 001.5-1.5V11h2.5A1.5 1.5 0 0015 9.5v-8A1.5 1.5 0 0013.5 0h-8A1.5 1.5 0 004 1.5V4zm1-2.5a.5.5 0 01.5-.5h8a.5.5 0 01.5.5v8a.5.5 0 01-.5.5h-8a.5.5 0 01-.5-.5v-8z\" clip-rule=\"evenodd\" fill-rule=\"evenodd\"><\/path><\/svg><\/span><\/span>\n\n<\/div>\n\n\n<h3 class=\"gb-headline gb-headline-7625b1b1 gb-headline-text\"><strong>Dreki Den<\/strong><\/h3>\n\n\n\n<p class=\"has-text-align-center\">KW_00003 Hugb&uacute;na&eth;ur hefur n&aacute;kv&aelig;mlega engin tengsl vi&eth; hi&eth; alr&aelig;mda Dragons Den Scam. Dragons Den, einnig &thorn;ekktur sem Bitcoin Loophole &oacute;&thorn;ekktarangi, starfar sem villandi kerfi og t&aelig;lir grunlausa notendur til a&eth; fj&aacute;rfesta &iacute; sviksamlegu verkefni dulb&uacute;nir sem n&yacute;st&aacute;rlegur gangsetningarhugb&uacute;na&eth;ur. &THORN;a&eth; er mikilv&aelig;gt a&eth; vi&eth;urkenna a&eth; &thorn;etta svindl kom ekki fram &iacute; sj&oacute;nvarps&thorn;&aelig;ttinum Dragon&rsquo;s Den og f&eacute;kk enga &aacute;ritun fr&aacute; &thorn;&aelig;ttinum e&eth;a leikurum hans.<\/p>\n\n\n\n<p class=\"has-text-align-center\">&THORN;a&eth; er mikilv&aelig;gt a&eth; leggja &aacute;herslu &aacute; a&eth; Dragons Den n&yacute;tti s&eacute;r a&eth;eins or&eth;spor upprunalega virta hugb&uacute;na&eth;arins og or&eth;st&iacute;r &thorn;&aacute;ttarins til a&eth; blekkja einstaklinga me&eth; sviksamlegum h&aelig;tti til a&eth; skilja vi&eth; har&eth;unni&eth; f&eacute; sitt. &THORN;a&eth; er mikilv&aelig;gt a&eth; g&aelig;ta var&uacute;&eth;ar og for&eth;ast allar augl&yacute;singar e&eth;a &uacute;tg&aacute;fur sem setja fram sta&eth;lausar fullyr&eth;ingar, &thorn;ar sem &thorn;&aelig;r hafa enga fylgni vi&eth; raunverulegan KW_00002 hugb&uacute;na&eth;.<\/p>\n\n<\/div><\/div>\n<\/div>\n<\/div>\n<\/div><div class=\"gb-container gb-container-39bfdacb\">\n<div class=\"gb-container gb-container-45f3ab74\">\n\n<h3 class=\"gb-headline gb-headline-e982b89b gb-headline-text\">Skr&aacute;&eth;u &thorn;ig &aacute; &ouml;ruggan h&aacute;tt &iacute; KW_00001<\/h3>\n\n\n\n<a class=\"gb-button gb-button-a3e3ab09\" href=\"https:\/\/oilevexpro.com\/is\/\"><span class=\"gb-button-text\">Skr&aacute;&eth;u &thorn;ig &aacute; &ouml;ruggan h&aacute;tt<\/span><span class=\"gb-icon\"><svg xmlns=\"http:\/\/www.w3.org\/2000\/svg\" aria-hidden=\"true\" role=\"img\" height=\"1em\" width=\"1em\" viewbox=\"0 0 256 512\"><path fill=\"currentColor\" d=\"M224.3 273l-136 136c-9.4 9.4-24.6 9.4-33.9 0l-22.6-22.6c-9.4-9.4-9.4-24.6 0-33.9l96.4-96.4-96.4-96.4c-9.4-9.4-9.4-24.6 0-33.9L54.3 103c9.4-9.4 24.6-9.4 33.9 0l136 136c9.5 9.4 9.5 24.6.1 34z\"><\/path><\/svg><\/span><\/a>\n\n<\/div>\n<\/div>\n","protected":false},"excerpt":{"rendered":"<p>Um n&yacute;justu 2.0 KW_00001 &uacute;tg&aacute;funa Kostir KW_00001 hugb&uacute;na&eth;ar KW_00001 skarar fram &uacute;r &iacute; st&ouml;&eth;ugri s&ouml;fnun og skilvirkri greiningu &aacute; raunt&iacute;ma marka&eth;sg&ouml;gnum. &THORN;essi einstaka h&aelig;fileiki gerir hugb&uacute;na&eth;i okkar kleift a&eth; framkv&aelig;ma vi&eth;skiptapantanir fyrir &thorn;ig &aacute; &aacute;&eth;ur &oacute;&thorn;ekktum hra&eth;a og fara fram &uacute;r b&aelig;&eth;i mannlegum kaupm&ouml;nnum og &ouml;&eth;rum hugb&uacute;na&eth;arlausnum. KW_00002 framkv&aelig;mir ekki a&eth;eins vi&eth;skipti hra&eth;ar, heldur treystir &#8230; <a title=\"Um okkur\" class=\"read-more\" href=\"https:\/\/oilevexpro.com\/is\/um-okkur\/\" aria-label=\"Read more about Um okkur\">Read more<\/a><\/p>\n","protected":false},"author":1,"featured_media":0,"parent":0,"menu_order":0,"comment_status":"closed","ping_status":"closed","template":"","meta":{"footnotes":""},"class_list":["post-5090","page","type-page","status-publish"],"_links":{"self":[{"href":"https:\/\/oilevexpro.com\/is\/wp-json\/wp\/v2\/pages\/5090","targetHints":{"allow":["GET"]}}],"collection":[{"href":"https:\/\/oilevexpro.com\/is\/wp-json\/wp\/v2\/pages"}],"about":[{"href":"https:\/\/oilevexpro.com\/is\/wp-json\/wp\/v2\/types\/page"}],"author":[{"embeddable":true,"href":"https:\/\/oilevexpro.com\/is\/wp-json\/wp\/v2\/users\/1"}],"replies":[{"embeddable":true,"href":"https:\/\/oilevexpro.com\/is\/wp-json\/wp\/v2\/comments?post=5090"}],"version-history":[{"count":0,"href":"https:\/\/oilevexpro.com\/is\/wp-json\/wp\/v2\/pages\/5090\/revisions"}],"wp:attachment":[{"href":"https:\/\/oilevexpro.com\/is\/wp-json\/wp\/v2\/media?parent=5090"}],"curies":[{"name":"wp","href":"https:\/\/api.w.org\/{rel}","templated":true}]}}