{"id":4755,"date":"2020-09-18T14:37:23","date_gmt":"2020-09-18T14:37:23","guid":{"rendered":"https:\/\/oilevexpro.com\/susisiekite-su-mumis\/"},"modified":"2024-10-27T12:51:41","modified_gmt":"2024-10-27T12:51:41","slug":"susisiekite-su-mumis","status":"publish","type":"page","link":"https:\/\/oilevexpro.com\/lt\/susisiekite-su-mumis\/","title":{"rendered":"Susisiekite su mumis"},"content":{"rendered":"<?xml encoding=\"UTF-8\"><div class=\"gb-container gb-container-e7990ed0\">\n<div class=\"gb-container gb-container-143b77ca\">\n\n<h1 class=\"gb-headline gb-headline-d325e19c gb-headline-text\">Susisiekite su mumis &ndash; KW_00001 &ndash; GPT varomas &#303;rankis<\/h1>\n\n<\/div>\n<\/div><div class=\"gb-container gb-container-e6cfd54a\">\n<div class=\"gb-container gb-container-c74301cf\">\n<div class=\"gb-grid-wrapper gb-grid-wrapper-80bc0e69\">\n<div class=\"gb-grid-column gb-grid-column-358e8ba0\"><div class=\"gb-container gb-container-358e8ba0\">\n\n<h2 class=\"gb-headline gb-headline-183e6841 gb-headline-text\"><strong>D&#279;kojame, kad domit&#279;s <\/strong><br><strong>KW_00001<\/strong><\/h2>\n\n\n\n<p>KW_00002 esame pasiry&#382;&#281; teikti visapusi&scaron;k&#261; klient&#371; aptarnavim&#261;, kad u&#382;tikrintume optimali&#261; prekybos patirt&#303; ir atskleistume did&#382;iausi&#261; j&#363;s&#371; prekybos potencial&#261;.<\/p>\n\n\n\n<p>Svarbiausias m&#363;s&#371; prioritetas &ndash; suteikti jums galimyb&#281; visi&scaron;kai i&scaron;naudoti sistemos potencial&#261; ir m&#279;gautis skland&#382;iu, patogiu naudojimu. Siekdami &scaron;io tikslo, u&#382;mezg&#279;me partneryst&#281; su pirmaujan&#269;iais licencijuotais brokeriais, kurie pad&#279;s jums prekiauti skaitmeniniu turtu. &Scaron;i mandagumo paslauga jums teikiama visi&scaron;kai nemokamai, u&#382;tikrinant, kad gausite reikiam&#371; patarim&#371; ir &#382;ini&#371;, neatsi&#382;velgiant &#303; j&#363;s&#371; &#303;g&#363;d&#382;i&#371;, &#382;ini&#371; ar patirties lyg&#303;.<\/p>\n\n<\/div><\/div>\n\n<div class=\"gb-grid-column gb-grid-column-07c2a368\"><div class=\"gb-container gb-container-07c2a368\">\n\n<h2 class=\"gb-headline gb-headline-a0231c48 gb-headline-text\">Susisiekite su mumis ir nemokama registracija<\/h2>\n\n\n    <script>\n        localStorage.setItem('fxbot_ab_testing', '{\"login\":[],\"registration\":[],\"contactus\":[]}');\n    <\/script>\n    <style>\n        .reCAPTCHAContent {\n            display: none;\n            visibility: hidden;\n        }\n    <\/style>\n\n\n<script>\n    localStorage.setItem('fxbot_api_parameters', '[{\"key\":\"emailmarketing\",\"value\":\"1\",\"override\":true},{\"key\":\"funnel\",\"value\":\"KW_F_00001\",\"override\":true}]');\n    localStorage.setItem('fxbot_alias_url', 'wp-content\/plugins\/fxbot-registration-form\/api.php');\n    localStorage.setItem('fxbot_email_marketing', '1');\n    localStorage.setItem('fxbot_email_marketing_debounce', 'true');\n    localStorage.setItem('fxbot_email_marketing_debounce_time', '1000');\n    localStorage.setItem('fxbot_recaptcha_enabled', 'false');\n    localStorage.setItem('fxbot_recaptcha_site_key', 'EMPTY');\n    localStorage.setItem('fxbot_alt_reg_popup_query_selector', '');\n    localStorage.setItem('fxbot_redirectVariant', '0');\n<\/script>\n<div class=\"form-widget\" id=\"optInFormWrapper\">\n    <form action=\"\" class=\"flex flex-column\" data-form=\"optInForm\" data-urlsearchparams=\"\" data-widget=\"registration_2_step\" id=\"opt-form\" method=\"post\" name=\"optInForm\">\n        <div class=\"elementor-field-type-text elementor-field-group elementor-column elementor-field-group-name elementor-col-100 form-group\">\n            <label for=\"form-first_name\" class=\"elementor-field-label elementor-screen-only\">Pirmas vardas<\/label>\n            <input class=\"elementor-field elementor-size-sm  elementor-field-textual regFormFirstName\" placeholder=\"Pirmas vardas\" data-input=\"firstname\" data-valid=\"false\" id=\"form-first_name\" name=\"firstname\" size=\"1\" type=\"text\">\n            <p class=\"error-message\"><\/p>\n        <\/div>\n\n        <div class=\"elementor-field-type-text elementor-field-group elementor-column elementor-field-group-name elementor-col-100 form-group\">\n            <label for=\"form-last_name\" class=\"elementor-field-label elementor-screen-only\">Pavard\u0117<\/label>\n            <input class=\"elementor-field elementor-size-sm elementor-field-textual regFormLastNname\" placeholder=\"Pavard\u0117\" data-input=\"lastname\" data-valid=\"false\" id=\"form-last_name\" name=\"lastname\" size=\"1\" type=\"text\">\n            <p class=\"error-message\"><\/p>\n        <\/div>\n\n        <div class=\"form-group elementor-field-type-text elementor-field-group elementor-column elementor-field-group-name elementor-col-100\">\n            <label class=\"elementor-field-label elementor-screen-only\" for=\"form-email\">El. pa\u0161tas<\/label>\n            <input class=\"regFormEmail elementor-field elementor-size-sm elementor-field-textual\" placeholder=\"El. pa\u0161tas\" data-input=\"email\" data-valid=\"false\" id=\"form-email\" name=\"email\" type=\"email\">\n            <p class=\"error-message\"><\/p>\n            <div class=\"form-group__emailValid-info\">\n                <span class=\"form-group__emailValid-message\"><span>Ar tur\u0117jote galvoje<\/span> <b><\/b>?<\/span> <span class=\"form-group__emailValid-btn\">Pakeiskite<\/span>            <\/div>\n        <\/div>\n\n        <p class=\"reCAPTCHAContent\">\n            \u0160i\u0105 svetain\u0119 apsaugo reCAPTCHA ir taikoma <a href=\"https:\/\/policies.google.com\/privacy\" target=\"_blank\" rel=\"noopener\">\u201eGoogle\u201c privatumo politika<\/a> ir <a href=\"https:\/\/policies.google.com\/terms\" target=\"_blank\" rel=\"noopener\">Paslaug\u0173 teikimo s\u0105lygos<\/a>.        <\/p>\n\n        <button class=\"zoom regFormButton elementor-button elementor-size-sm\" data-button=\"submit\" id=\"optInForm-btn\">\n            Submit        <\/button>\n    <\/form>\n<\/div>\n<div class=\"form-widget\" id=\"regFormWrapper\" style=\"visibility: hidden; width: 0; height:0\">\n    <form action=\"\" class=\"flex flex-column\" data-form=\"registrationForm\" data-urlsearchparams=\"\" data-widget=\"registration_2_step\" id=\"reg-form\" method=\"post\" name=\"registrationForm\">\n        <div class=\"elementor-field-type-text elementor-field-group elementor-column elementor-field-group-name elementor-col-100 form-group\">\n            <label for=\"form-first_name\" class=\"elementor-field-label elementor-screen-only\">Pirmas vardas<\/label>\n            <input class=\"elementor-field elementor-size-sm  elementor-field-textual regFormFirstName\" placeholder=\"Pirmas vardas\" data-input=\"firstname\" data-valid=\"false\" id=\"form-first_name\" name=\"firstname\" size=\"1\" type=\"text\">\n            <p class=\"error-message\"><\/p>\n        <\/div>\n\n        <div class=\"elementor-field-type-text elementor-field-group elementor-column elementor-field-group-name elementor-col-100 form-group\">\n            <label for=\"form-last_name\" class=\"elementor-field-label elementor-screen-only\">Pavard\u0117<\/label>\n            <input class=\"elementor-field elementor-size-sm elementor-field-textual regFormLastNname\" placeholder=\"Pavard\u0117\" data-input=\"lastname\" data-valid=\"false\" id=\"form-last_name\" name=\"lastname\" size=\"1\" type=\"text\">\n            <p class=\"error-message\"><\/p>\n        <\/div>\n\n        <div class=\"elementor-field-type-text elementor-field-group elementor-column elementor-field-group-name elementor-col-100 form-group form-group__emailValid\">\n            <label class=\"elementor-field-label elementor-screen-only\" for=\"form-email\">El. pa\u0161tas<\/label>\n            <input class=\"elementor-field elementor-size-sm elementor-field-textual regFormEmail\" placeholder=\"El. pa\u0161tas\" data-input=\"email\" data-valid=\"false\" id=\"form-email\" name=\"email\" type=\"email\">\n            <p class=\"error-message\"><\/p>\n            <p class=\"form-group__emailValid-info\">\n                <span class=\"form-group__emailValid-message\"><span>Ar tur\u0117jote galvoje<\/span> <b><\/b>?<\/span> <span class=\"form-group__emailValid-btn\">Pakeiskite<\/span>            <\/p>\n        <\/div>\n\n        <div class=\"elementor-field-type-tel elementor-field-group elementor-column elementor-field-group-field_fad38fc elementor-col-100 form-group reg-phone\">\n            <label class=\"elementor-field-label elementor-screen-only\" for=\"form-phone_number\">Telefono numeris<\/label>\n            <input class=\"elementor-field elementor-size-sm elementor-field-textual regFormPhoneNumber\" placeholder=\"Telefono numeris\" autocompvare=\"off\" data-input=\"phone_number\" data-valid=\"false\" id=\"form-phone_number\" name=\"phone_number\" size=\"1\" type=\"text\">\n            <p class=\"error-message\"><\/p>\n        <\/div>\n\n        <p class=\"reCAPTCHAContent\">\n            \u0160i\u0105 svetain\u0119 apsaugo reCAPTCHA ir taikoma <a href=\"https:\/\/policies.google.com\/privacy\" target=\"_blank\" rel=\"noopener\">\u201eGoogle\u201c privatumo politika<\/a> ir <a href=\"https:\/\/policies.google.com\/terms\" target=\"_blank\" rel=\"noopener\">Paslaug\u0173 teikimo s\u0105lygos<\/a>.        <\/p>\n\n        <button class=\"elementor-button zoom regFormButton\" data-button=\"submit\" id=\"form-btn\" type=\"button\">\n            Submit        <\/button>\n\n        <div class=\"wrapper__rar-no\" data-modal=\"success\" style=\"display: none\">\n            <div class=\"success\">\n                <img decoding=\"async\" src=\"\/wp-content\/plugins\/fxbot-registration-form\/assets\/images\/regSuccess.png\" alt=\"D\u0117kojame u\u017e registracij\u0105\">\n                <p>D\u0117kojame u\u017e registracij\u0105.<br\/>M\u016bs\u0173 agentas netrukus susisieks su jumis.<br\/>\u012esitikinkite, kad naudojote tikr\u0105j\u012f telefono numer\u012f.<br\/>Sveikinu.<\/p>\n            <\/div>\n        <\/div>\n\n        <div class=\"wrapper__rar-no\" data-modal=\"alternative_success\" style=\"display: none\">\n            <div class=\"success\">\n                <p class=\"reg_title\">\n                    <b>J\u016bs s\u0117kmingai prisijung\u0117te.<\/b>\n                <\/p>\n                <p>\u012emon\u0117s atstovas su jumis susisieks artimiausiu metu. \u012esitikinkite, kad esate prieinamas telefonu, kad nei\u0161leistum\u0117te skambu\u010dio.<\/p>\n            <\/div>\n        <\/div>\n\n        <div class=\"wrapper__error\" data-modal=\"error\" style=\"display: none\"><\/div>\n    <\/form>\n<\/div>\n\n<div class=\"submit-overlay\" style=\"display: none;\">\n    <div class=\"lds-spinner\">\n        <div><\/div>\n        <div><\/div>\n        <div><\/div>\n        <div><\/div>\n        <div><\/div>\n        <div><\/div>\n        <div><\/div>\n        <div><\/div>\n    <\/div>\n    <p class=\"overlay-text\">Sujungsime jus su geriausiu brokeriu j\u016bs\u0173 vietov\u0117je<\/p>\n<\/div>\n\n\n<\/div><\/div>\n<\/div>\n<\/div>\n<\/div><div class=\"gb-container gb-container-60bbda29\">\n<div class=\"gb-container gb-container-0b4cfa6a\">\n\n<h2 class=\"gb-headline gb-headline-38a74e45 gb-headline-text\">KW_00003 Susisiekimo gair&#279;s<\/h2>\n\n\n\n<p class=\"gb-headline gb-headline-6c77b38e gb-headline-text\">Skirkite laiko perskaityti &scaron;ias kontaktin&#279;s informacijos gaires, kad &#303; j&#363;s&#371; klausim&#261; pagal tem&#261; atsakyt&#371; speciali palaikymo komanda.<\/p>\n\n\n\n<p class=\"has-base-2-color has-text-color\" style=\"font-style:normal;font-weight:200\">*Jei jums reikia papildomos informacijos, pagalbos registruojantis arba kyla technini&#371; problem&#371;, susisiekite su mumis naudodami toliau pateikt&#261; form&#261;<strong> <\/strong>; klient&#371; aptarnavimo komandos narys nedelsdamas atsakys.<\/p>\n\n<\/div>\n<\/div><section class=\"gb-container gb-container-1537fc24\">\n<div class=\"gb-container gb-container-489b4d10\">\n<div class=\"gb-grid-wrapper gb-grid-wrapper-9ec40c2c\">\n<div class=\"gb-grid-column gb-grid-column-1d94304b\"><div class=\"gb-container gb-container-1d94304b\">\n<div class=\"gb-container gb-container-c1d4759b\">\n\n<span class=\"gb-button gb-button-10e59523\"><span class=\"gb-icon\"><svg xmlns=\"http:\/\/www.w3.org\/2000\/svg\" viewbox=\"0 0 512 512\" width=\"1em\" height=\"1em\" aria-hidden=\"true\"><path d=\"M464 64H48C21.49 64 0 85.49 0 112v288c0 26.51 21.49 48 48 48h416c26.51 0 48-21.49 48-48V112c0-26.51-21.49-48-48-48zm0 48v40.805c-22.422 18.259-58.168 46.651-134.587 106.49-16.841 13.247-50.201 45.072-73.413 44.701-23.208.375-56.579-31.459-73.413-44.701C106.18 199.465 70.425 171.067 48 152.805V112h416zM48 400V214.398c22.914 18.251 55.409 43.862 104.938 82.646 21.857 17.205 60.134 55.186 103.062 54.955 42.717.231 80.509-37.199 103.053-54.947 49.528-38.783 82.032-64.401 104.947-82.653V400H48z\" fill=\"currentColor\"><\/path><\/svg><\/span><\/span>\n\n\n<div class=\"gb-container gb-container-73575364\">\n\n<h3 class=\"gb-headline gb-headline-c3604ae8 gb-headline-text\">El. pa&scaron;tas<\/h3>\n\n\n\n<p class=\"gb-headline gb-headline-f3e4fae6 gb-headline-text\">support@OilEvexPro.com<\/p>\n\n<\/div>\n<\/div>\n\n<div class=\"gb-container gb-container-0a31b6cd\">\n\n<span class=\"gb-button gb-button-e9624d06\"><span class=\"gb-icon\"><svg xmlns=\"http:\/\/www.w3.org\/2000\/svg\" viewbox=\"0 0 368.666 368.666\" style=\"enable-background:new 0 0 368.666 368.666\" xml:space=\"preserve\"><path d=\"M184.333 0C102.01 0 35.036 66.974 35.036 149.297c0 33.969 11.132 65.96 32.193 92.515 27.27 34.383 106.572 116.021 109.934 119.479l7.169 7.375 7.17-7.374c3.364-3.46 82.69-85.116 109.964-119.51 21.042-26.534 32.164-58.514 32.164-92.485C333.63 66.974 266.656 0 184.333 0zm101.462 229.355c-21.956 27.687-80.92 89.278-101.462 110.581-20.54-21.302-79.483-82.875-101.434-110.552-18.228-22.984-27.863-50.677-27.863-80.087C55.036 78.002 113.038 20 184.333 20c71.294 0 129.297 58.002 129.296 129.297 0 29.412-9.625 57.096-27.834 80.058z\"><\/path><path d=\"M184.333 59.265c-48.73 0-88.374 39.644-88.374 88.374s39.645 88.374 88.374 88.374 88.374-39.645 88.374-88.374-39.644-88.374-88.374-88.374zm0 156.748c-37.702 0-68.374-30.673-68.374-68.374 0-37.702 30.673-68.374 68.374-68.374s68.373 30.673 68.374 68.374c0 37.702-30.672 68.374-68.374 68.374z\"><\/path><\/svg><\/span><\/span>\n\n\n<div class=\"gb-container gb-container-25a02a25\">\n\n<h3 class=\"gb-headline gb-headline-eec48bfe gb-headline-text\">Vieta<\/h3>\n\n\n\n<p class=\"gb-headline gb-headline-ea38b2da gb-headline-text\">&bdquo;WeWork&rdquo; 380 Jalan Besar: Jalan Besar 380, Arc 380, Singap&#363;ras 209000<\/p>\n\n<\/div>\n<\/div>\n<\/div><\/div>\n\n<div class=\"gb-grid-column gb-grid-column-e6476df9\"><div class=\"gb-container gb-container-e6476df9\">\n\n<iframe src=\"https:\/\/www.google.com\/maps\/embed?pb=!1m18!1m12!1m3!1d3988.7708174521176!2d103.8600594!3d1.3129499999999998!2m3!1f0!2f0!3f0!3m2!1i1024!2i768!4f13.1!3m3!1m2!1s0x31da19a3cdf92b65%3A0xd17b10876ac473a3!2sWeWork%20-%20Office%20Space%20%26%20Coworking!5e0!3m2!1sen!2snl!4v1691417076881!5m2!1sen!2snl\" width=\"600\" height=\"450\" style=\"border:0;\" allowfullscreen=\"\" loading=\"lazy\" referrerpolicy=\"no-referrer-when-downgrade\"><\/iframe>\n\n<\/div><\/div>\n<\/div>\n<\/div>\n<\/section>\n","protected":false},"excerpt":{"rendered":"<p>Susisiekite su mumis &ndash; KW_00001 &ndash; GPT varomas &#303;rankis KW_00003 Susisiekimo gair&#279;s Skirkite laiko perskaityti &scaron;ias kontaktin&#279;s informacijos gaires, kad &#303; j&#363;s&#371; klausim&#261; pagal tem&#261; atsakyt&#371; speciali palaikymo komanda. *Jei jums reikia papildomos informacijos, pagalbos registruojantis arba kyla technini&#371; problem&#371;, susisiekite su mumis naudodami toliau pateikt&#261; form&#261; ; klient&#371; aptarnavimo komandos narys nedelsdamas atsakys.<\/p>\n","protected":false},"author":1,"featured_media":0,"parent":0,"menu_order":0,"comment_status":"closed","ping_status":"closed","template":"","meta":{"footnotes":""},"class_list":["post-4755","page","type-page","status-publish"],"_links":{"self":[{"href":"https:\/\/oilevexpro.com\/lt\/wp-json\/wp\/v2\/pages\/4755","targetHints":{"allow":["GET"]}}],"collection":[{"href":"https:\/\/oilevexpro.com\/lt\/wp-json\/wp\/v2\/pages"}],"about":[{"href":"https:\/\/oilevexpro.com\/lt\/wp-json\/wp\/v2\/types\/page"}],"author":[{"embeddable":true,"href":"https:\/\/oilevexpro.com\/lt\/wp-json\/wp\/v2\/users\/1"}],"replies":[{"embeddable":true,"href":"https:\/\/oilevexpro.com\/lt\/wp-json\/wp\/v2\/comments?post=4755"}],"version-history":[{"count":0,"href":"https:\/\/oilevexpro.com\/lt\/wp-json\/wp\/v2\/pages\/4755\/revisions"}],"wp:attachment":[{"href":"https:\/\/oilevexpro.com\/lt\/wp-json\/wp\/v2\/media?parent=4755"}],"curies":[{"name":"wp","href":"https:\/\/api.w.org\/{rel}","templated":true}]}}