{"id":5087,"date":"2020-09-18T14:36:50","date_gmt":"2020-09-18T14:36:50","guid":{"rendered":"https:\/\/oilevexpro.com\/apie-mus\/"},"modified":"2024-11-14T20:29:19","modified_gmt":"2024-11-14T20:29:19","slug":"apie-mus","status":"publish","type":"page","link":"https:\/\/oilevexpro.com\/lt\/apie-mus\/","title":{"rendered":"Apie mus"},"content":{"rendered":"<?xml encoding=\"UTF-8\"><div class=\"gb-container gb-container-a462a256\">\n<div class=\"gb-container gb-container-2acc6621\">\n\n<h1 class=\"gb-headline gb-headline-d325e19c gb-headline-text\">Apie naujausi&#261; 2.0 KW_00001 versij&#261;<\/h1>\n\n<\/div>\n<\/div><div class=\"gb-container gb-container-287f468b\">\n<div class=\"gb-grid-wrapper gb-grid-wrapper-b386d038\">\n<div class=\"gb-grid-column gb-grid-column-387381c3\"><div class=\"gb-container gb-container-387381c3\">\n\n<h2 class=\"gb-headline gb-headline-db283a53 gb-headline-text\">Kas yra KW_00001?<\/h2>\n\n\n\n<p>Tap&#281; KW_00001 bendruomen&#279;s nariu, &#303;gyjate i&scaron;skirtin&#281; prieig&#261; prie pirmaujan&#269;ios kriptovaliut&#371; prekybos programin&#279;s &#303;rangos. M&#363;s&#371; platforma i&scaron;siskiria patogia vartotojo s&#261;saja, tod&#279;l ja gali naudotis asmenys, neturintys ankstesn&#279;s prekybos patirties ar speciali&#371; &#303;g&#363;d&#382;i&#371;.<\/p>\n\n\n\n<p>M&#363;s&#371; platforma turi daugyb&#281; privalum&#371;, kurie supaprastina j&#363;s&#371; prekybos kelion&#281;. Ji ne tik renka duomenis, bet ir atlieka i&scaron;sami&#261; analiz&#281;, leid&#382;ian&#269;i&#261; racionaliai ir be emocij&#371; priimti sprendimus. Be to, ji skland&#382;iai vykdo sandorius j&#363;s&#371; vardu ir veikia beveik vis&#261; par&#261;.<\/p>\n\n\n\n<p>KW_00002 &ndash; tai daugiau nei automatizuota prekybos programin&#279; &#303;ranga; tai klestinti internetin&#279;s prekybos bendruomen&#279;. Kaip narys, galite m&#279;gautis automatizuota ir pelninga cryptocurrency prekybos privalumais palaikan&#269;ioje bendruomen&#279;s aplinkoje.<\/p>\n\n\n\n<p>M&#363;s&#371; pa&#382;angiausia technologija leid&#382;ia KW_00003 analizuoti rinkos tendencijas ir ne&#303;tik&#279;tinai greitai vykdyti sandorius, o daugel&#303; kit&#371; prekybos program&#371; aplenkia 0,01 sekund&#279;s. &Scaron;is privalumas u&#382;tikrina, kad i&scaron;liktum&#279;te priekyje spar&#269;iai besivystan&#269;iame prekybos kriptovaliutomis pasaulyje.<\/p>\n\n<\/div><\/div>\n\n<div class=\"gb-grid-column gb-grid-column-51a60565\"><div class=\"gb-container gb-container-51a60565\">\n\n<h2 class=\"gb-headline gb-headline-d521daef gb-headline-text\">Su&#382;inokite apie m&#363;s&#371; platform&#261; &ndash; nemokama registracija<\/h2>\n\n\n    <script>\n        localStorage.setItem('fxbot_ab_testing', '{\"login\":[],\"registration\":[],\"contactus\":[]}');\n    <\/script>\n    <style>\n        .reCAPTCHAContent {\n            display: none;\n            visibility: hidden;\n        }\n    <\/style>\n\n\n<script>\n    localStorage.setItem('fxbot_api_parameters', '[{\"key\":\"emailmarketing\",\"value\":\"1\",\"override\":true},{\"key\":\"funnel\",\"value\":\"KW_F_00001\",\"override\":true}]');\n    localStorage.setItem('fxbot_alias_url', 'wp-content\/plugins\/fxbot-registration-form\/api.php');\n    localStorage.setItem('fxbot_email_marketing', '1');\n    localStorage.setItem('fxbot_email_marketing_debounce', 'true');\n    localStorage.setItem('fxbot_email_marketing_debounce_time', '1000');\n    localStorage.setItem('fxbot_recaptcha_enabled', 'false');\n    localStorage.setItem('fxbot_recaptcha_site_key', 'EMPTY');\n    localStorage.setItem('fxbot_alt_reg_popup_query_selector', '');\n    localStorage.setItem('fxbot_redirectVariant', '0');\n<\/script>\n<div class=\"form-widget\" id=\"optInFormWrapper\">\n    <form action=\"\" class=\"flex flex-column\" data-form=\"optInForm\" data-urlsearchparams=\"\" data-widget=\"registration_2_step\" id=\"opt-form\" method=\"post\" name=\"optInForm\">\n        <div class=\"elementor-field-type-text elementor-field-group elementor-column elementor-field-group-name elementor-col-100 form-group\">\n            <label for=\"form-first_name\" class=\"elementor-field-label elementor-screen-only\">Pirmas vardas<\/label>\n            <input class=\"elementor-field elementor-size-sm  elementor-field-textual regFormFirstName\" placeholder=\"Pirmas vardas\" data-input=\"firstname\" data-valid=\"false\" id=\"form-first_name\" name=\"firstname\" size=\"1\" type=\"text\">\n            <p class=\"error-message\"><\/p>\n        <\/div>\n\n        <div class=\"elementor-field-type-text elementor-field-group elementor-column elementor-field-group-name elementor-col-100 form-group\">\n            <label for=\"form-last_name\" class=\"elementor-field-label elementor-screen-only\">Pavard\u0117<\/label>\n            <input class=\"elementor-field elementor-size-sm elementor-field-textual regFormLastNname\" placeholder=\"Pavard\u0117\" data-input=\"lastname\" data-valid=\"false\" id=\"form-last_name\" name=\"lastname\" size=\"1\" type=\"text\">\n            <p class=\"error-message\"><\/p>\n        <\/div>\n\n        <div class=\"form-group elementor-field-type-text elementor-field-group elementor-column elementor-field-group-name elementor-col-100\">\n            <label class=\"elementor-field-label elementor-screen-only\" for=\"form-email\">El. pa\u0161tas<\/label>\n            <input class=\"regFormEmail elementor-field elementor-size-sm elementor-field-textual\" placeholder=\"El. pa\u0161tas\" data-input=\"email\" data-valid=\"false\" id=\"form-email\" name=\"email\" type=\"email\">\n            <p class=\"error-message\"><\/p>\n            <div class=\"form-group__emailValid-info\">\n                <span class=\"form-group__emailValid-message\"><span>Ar tur\u0117jote galvoje<\/span> <b><\/b>?<\/span> <span class=\"form-group__emailValid-btn\">Pakeiskite<\/span>            <\/div>\n        <\/div>\n\n        <p class=\"reCAPTCHAContent\">\n            \u0160i\u0105 svetain\u0119 apsaugo reCAPTCHA ir taikoma <a href=\"https:\/\/policies.google.com\/privacy\" target=\"_blank\" rel=\"noopener\">\u201eGoogle\u201c privatumo politika<\/a> ir <a href=\"https:\/\/policies.google.com\/terms\" target=\"_blank\" rel=\"noopener\">Paslaug\u0173 teikimo s\u0105lygos<\/a>.        <\/p>\n\n        <button class=\"zoom regFormButton elementor-button elementor-size-sm\" data-button=\"submit\" id=\"optInForm-btn\">\n            Learn More        <\/button>\n    <\/form>\n<\/div>\n<div class=\"form-widget\" id=\"regFormWrapper\" style=\"visibility: hidden; width: 0; height:0\">\n    <form action=\"\" class=\"flex flex-column\" data-form=\"registrationForm\" data-urlsearchparams=\"\" data-widget=\"registration_2_step\" id=\"reg-form\" method=\"post\" name=\"registrationForm\">\n        <div class=\"elementor-field-type-text elementor-field-group elementor-column elementor-field-group-name elementor-col-100 form-group\">\n            <label for=\"form-first_name\" class=\"elementor-field-label elementor-screen-only\">Pirmas vardas<\/label>\n            <input class=\"elementor-field elementor-size-sm  elementor-field-textual regFormFirstName\" placeholder=\"Pirmas vardas\" data-input=\"firstname\" data-valid=\"false\" id=\"form-first_name\" name=\"firstname\" size=\"1\" type=\"text\">\n            <p class=\"error-message\"><\/p>\n        <\/div>\n\n        <div class=\"elementor-field-type-text elementor-field-group elementor-column elementor-field-group-name elementor-col-100 form-group\">\n            <label for=\"form-last_name\" class=\"elementor-field-label elementor-screen-only\">Pavard\u0117<\/label>\n            <input class=\"elementor-field elementor-size-sm elementor-field-textual regFormLastNname\" placeholder=\"Pavard\u0117\" data-input=\"lastname\" data-valid=\"false\" id=\"form-last_name\" name=\"lastname\" size=\"1\" type=\"text\">\n            <p class=\"error-message\"><\/p>\n        <\/div>\n\n        <div class=\"elementor-field-type-text elementor-field-group elementor-column elementor-field-group-name elementor-col-100 form-group form-group__emailValid\">\n            <label class=\"elementor-field-label elementor-screen-only\" for=\"form-email\">El. pa\u0161tas<\/label>\n            <input class=\"elementor-field elementor-size-sm elementor-field-textual regFormEmail\" placeholder=\"El. pa\u0161tas\" data-input=\"email\" data-valid=\"false\" id=\"form-email\" name=\"email\" type=\"email\">\n            <p class=\"error-message\"><\/p>\n            <p class=\"form-group__emailValid-info\">\n                <span class=\"form-group__emailValid-message\"><span>Ar tur\u0117jote galvoje<\/span> <b><\/b>?<\/span> <span class=\"form-group__emailValid-btn\">Pakeiskite<\/span>            <\/p>\n        <\/div>\n\n        <div class=\"elementor-field-type-tel elementor-field-group elementor-column elementor-field-group-field_fad38fc elementor-col-100 form-group reg-phone\">\n            <label class=\"elementor-field-label elementor-screen-only\" for=\"form-phone_number\">Telefono numeris<\/label>\n            <input class=\"elementor-field elementor-size-sm elementor-field-textual regFormPhoneNumber\" placeholder=\"Telefono numeris\" autocompvare=\"off\" data-input=\"phone_number\" data-valid=\"false\" id=\"form-phone_number\" name=\"phone_number\" size=\"1\" type=\"text\">\n            <p class=\"error-message\"><\/p>\n        <\/div>\n\n        <p class=\"reCAPTCHAContent\">\n            \u0160i\u0105 svetain\u0119 apsaugo reCAPTCHA ir taikoma <a href=\"https:\/\/policies.google.com\/privacy\" target=\"_blank\" rel=\"noopener\">\u201eGoogle\u201c privatumo politika<\/a> ir <a href=\"https:\/\/policies.google.com\/terms\" target=\"_blank\" rel=\"noopener\">Paslaug\u0173 teikimo s\u0105lygos<\/a>.        <\/p>\n\n        <button class=\"elementor-button zoom regFormButton\" data-button=\"submit\" id=\"form-btn\" type=\"button\">\n            Learn More        <\/button>\n\n        <div class=\"wrapper__rar-no\" data-modal=\"success\" style=\"display: none\">\n            <div class=\"success\">\n                <img decoding=\"async\" src=\"\/wp-content\/plugins\/fxbot-registration-form\/assets\/images\/regSuccess.png\" alt=\"D\u0117kojame u\u017e registracij\u0105\">\n                <p>D\u0117kojame u\u017e registracij\u0105.<br\/>M\u016bs\u0173 agentas netrukus susisieks su jumis.<br\/>\u012esitikinkite, kad naudojote tikr\u0105j\u012f telefono numer\u012f.<br\/>Sveikinu.<\/p>\n            <\/div>\n        <\/div>\n\n        <div class=\"wrapper__rar-no\" data-modal=\"alternative_success\" style=\"display: none\">\n            <div class=\"success\">\n                <p class=\"reg_title\">\n                    <b>J\u016bs s\u0117kmingai prisijung\u0117te.<\/b>\n                <\/p>\n                <p>\u012emon\u0117s atstovas su jumis susisieks artimiausiu metu. \u012esitikinkite, kad esate prieinamas telefonu, kad nei\u0161leistum\u0117te skambu\u010dio.<\/p>\n            <\/div>\n        <\/div>\n\n        <div class=\"wrapper__error\" data-modal=\"error\" style=\"display: none\"><\/div>\n    <\/form>\n<\/div>\n\n<div class=\"submit-overlay\" style=\"display: none;\">\n    <div class=\"lds-spinner\">\n        <div><\/div>\n        <div><\/div>\n        <div><\/div>\n        <div><\/div>\n        <div><\/div>\n        <div><\/div>\n        <div><\/div>\n        <div><\/div>\n    <\/div>\n    <p class=\"overlay-text\">Sujungsime jus su geriausiu brokeriu j\u016bs\u0173 vietov\u0117je<\/p>\n<\/div>\n\n\n<\/div><\/div>\n<\/div>\n<\/div><div class=\"gb-container gb-container-197d4570\">\n\n<a class=\"gb-button gb-button-e8c7dfa5\" href=\"https:\/\/oilevexpro.com\/lt\/\"><span class=\"gb-button-text\">GAUKITE PRIEIG&#260; PRIE KW_00001 DABAR<\/span><span class=\"gb-icon\"><svg xmlns=\"http:\/\/www.w3.org\/2000\/svg\" aria-hidden=\"true\" role=\"img\" height=\"1em\" width=\"1em\" viewbox=\"0 0 256 512\"><path fill=\"currentColor\" d=\"M224.3 273l-136 136c-9.4 9.4-24.6 9.4-33.9 0l-22.6-22.6c-9.4-9.4-9.4-24.6 0-33.9l96.4-96.4-96.4-96.4c-9.4-9.4-9.4-24.6 0-33.9L54.3 103c9.4-9.4 24.6-9.4 33.9 0l136 136c9.5 9.4 9.5 24.6.1 34z\"><\/path><\/svg><\/span><\/a>\n\n<\/div><div class=\"gb-container gb-container-1bdeec8b\">\n<div class=\"gb-container gb-container-9d34a979\"><\/div>\n\n<div class=\"gb-container gb-container-1e789d4e\">\n\n<h3 class=\"gb-headline gb-headline-29613722 gb-headline-text\"><strong>KW_00001 programin&#279;s &#303;rangos privalumai<\/strong><\/h3>\n\n\n\n<p>KW_00001 i&scaron;siskiria tuo, kad nuolat renka ir veiksmingai analizuoja realaus laiko rinkos duomenis. &Scaron;i unikali galimyb&#279; leid&#382;ia m&#363;s&#371; programinei &#303;rangai vykdyti prekybos pavedimus u&#382; jus nereg&#279;tu grei&#269;iu, pranokstan&#269;iu tiek prekiautojus &#382;mones, tiek kitus programin&#279;s &#303;rangos sprendimus. KW_00002 ne tik grei&#269;iau vykdo sandorius, bet ir priimdama prekybos sprendimus remiasi statistika, logika ir matematiniais algoritmais, taip pa&scaron;alindama &#382;mogaus emocij&#371; &#303;tak&#261; ir u&#382;tikrindama objektyvi&#261; prekyb&#261;.<\/p>\n\n\n\n<p>Viena i&scaron; i&scaron;skirtini&#371; KW_00003 savybi&#371; &ndash; galimyb&#279; palengvinti atgalin&#303; inscenizavim&#261;. &Scaron;is ne&#303;kainojamas &#303;rankis leid&#382;ia i&scaron;bandyti pasirinktus nustatymus remiantis istorin&#279;mis rinkos s&#261;lygomis. Naudodamiesi &scaron;ia funkcija, galite tiksliai sureguliuoti nustatymus, kad maksimaliai padidintum&#279;te pelningum&#261;. Galite b&#363;ti tikri, kad m&#363;s&#371; sud&#279;tinga programin&#279; &#303;ranga kruop&scaron;&#269;iai laikysis j&#363;s&#371; nustatyt&#371; taisykli&#371; ir j&#363;s&#371; vardu atliks visas prekybos u&#382;duotis.<\/p>\n\n\n\n<p>KW_00003 si&#363;lo tiek automatin&#279;s, tiek rankin&#279;s prekybos parinktis, kurios tinka &#303;vairaus lygio &#303;g&#363;d&#382;i&#371;, laiko apribojim&#371; ir interes&#371; turintiems naudotojams. Naudodamiesi m&#363;s&#371; platforma galite valdyti kelias s&#261;skaitas, tod&#279;l galite eksperimentuoti, keisti ir lyginti &#303;vairias strategijas. I&scaron;naudokite daugyb&#281; prekybos galimybi&#371;, kurias suteikia KW_00002, ir pasinaudokite pla&#269;iomis galimyb&#279;mis maksimaliai padidinti savo peln&#261;.<\/p>\n\n<\/div>\n<\/div><div class=\"gb-container gb-container-67945ee0\">\n<div class=\"gb-container gb-container-12a13938\">\n\n<a class=\"gb-button gb-button-15cad45f\" href=\"https:\/\/oilevexpro.com\/lt\/\"><span class=\"gb-button-text\"><strong>TESTAS KW_00001<\/strong><\/span><span class=\"gb-icon\"><svg xmlns=\"http:\/\/www.w3.org\/2000\/svg\" aria-hidden=\"true\" role=\"img\" height=\"1em\" width=\"1em\" viewbox=\"0 0 256 512\"><path fill=\"currentColor\" d=\"M224.3 273l-136 136c-9.4 9.4-24.6 9.4-33.9 0l-22.6-22.6c-9.4-9.4-9.4-24.6 0-33.9l96.4-96.4-96.4-96.4c-9.4-9.4-9.4-24.6 0-33.9L54.3 103c9.4-9.4 24.6-9.4 33.9 0l136 136c9.5 9.4 9.5 24.6.1 34z\"><\/path><\/svg><\/span><\/a>\n\n<\/div>\n<\/div><div class=\"gb-container gb-container-5d2e4740\">\n<div class=\"gb-container gb-container-d34d15be\">\n<div class=\"gb-grid-wrapper gb-grid-wrapper-4257ebc4\">\n<div class=\"gb-grid-column gb-grid-column-60a1d140\"><div class=\"gb-container gb-container-60a1d140\">\n<div class=\"gb-container gb-container-d446dbb2\">\n\n<span class=\"gb-button gb-button-4f39012e\"><span class=\"gb-icon\"><svg xmlns=\"http:\/\/www.w3.org\/2000\/svg\" height=\"15\" width=\"15\" fill=\"none\" viewbox=\"0 0 15 15\"><path fill=\"currentColor\" d=\"M4 1.5V4H1.5A1.5 1.5 0 000 5.5v8A1.5 1.5 0 001.5 15h8a1.5 1.5 0 001.5-1.5V11h2.5A1.5 1.5 0 0015 9.5v-8A1.5 1.5 0 0013.5 0h-8A1.5 1.5 0 004 1.5zM5.5 1a.5.5 0 00-.5.5V4h4.5A1.5 1.5 0 0111 5.5V10h2.5a.5.5 0 00.5-.5v-8a.5.5 0 00-.5-.5h-8zm0 10A1.5 1.5 0 014 9.5V5H1.5a.5.5 0 00-.5.5v8a.5.5 0 00.5.5h8a.5.5 0 00.5-.5V11H5.5z\" clip-rule=\"evenodd\" fill-rule=\"evenodd\"><\/path><\/svg><\/span><\/span>\n\n<\/div>\n\n\n<h3 class=\"gb-headline gb-headline-f8d314cb gb-headline-text\"><strong>Programin&#279;s &#303;rangos sprendimas<\/strong><\/h3>\n\n\n\n<p class=\"has-text-align-center\">KW_00001 yra kruop&scaron;&#269;iai sukurtas taip, kad atitikt&#371; savo, kaip vertingo ir patogaus &#303;rankio vis&#371; &#303;g&#363;d&#382;i&#371; lygi&#371; prekiautojams, paskirt&#303;. Ji suteikia jums galimyb&#281; lengvai ir efektyviai prekiauti bitkoinais ir &#303;vairiomis kriptovaliutomis itin patogiai.<\/p>\n\n\n\n<p class=\"has-text-align-center\">Naudodamiesi KW_00002 galite pasinerti &#303; prekybos kriptovaliutomis pasaul&#303;, neskirdami daug laiko ir pastang&#371; rinkos informacijai ir tendencijoms studijuoti. Pra&#279;jo dienos, kai buvo bauginan&#269;iai sunku mokytis prekiauti ir stengtis gauti potencial&#371; peln&#261;. M&#363;s&#371; sprendimas pa&scaron;alina b&#363;tinyb&#281; tur&#279;ti i&scaron;ankstini&#371; &#382;ini&#371; ir patirties, tod&#279;l galite prad&#279;ti savo prekybos kelion&#281; investuodami minimalias laiko ir pastang&#371; s&#261;naudas.<\/p>\n\n<\/div><\/div>\n\n<div class=\"gb-grid-column gb-grid-column-6922dcd9\"><div class=\"gb-container gb-container-6922dcd9\">\n<div class=\"gb-container gb-container-b5c2993b\">\n\n<span class=\"gb-button gb-button-05b34aef\"><span class=\"gb-icon\"><svg xmlns=\"http:\/\/www.w3.org\/2000\/svg\" height=\"15\" width=\"15\" fill=\"none\" viewbox=\"0 0 15 15\"><path fill=\"currentColor\" d=\"M4 4V1.5A1.5 1.5 0 015.5 0h8A1.5 1.5 0 0115 1.5v8a1.5 1.5 0 01-1.5 1.5H11v2.5A1.5 1.5 0 019.5 15h-8A1.5 1.5 0 010 13.5v-8A1.5 1.5 0 011.5 4H4zm6 1v5H5V5h5z\" clip-rule=\"evenodd\" fill-rule=\"evenodd\"><\/path><\/svg><\/span><\/span>\n\n<\/div>\n\n\n<h3 class=\"gb-headline gb-headline-13950594 gb-headline-text\"><strong>KW_00001 Prekiautojo ap&#382;valga<\/strong><\/h3>\n\n\n\n<p class=\"has-text-align-center\">KW_00001 yra patikimas prekybos &#303;rankis, si&#363;lantis tiek rankines, tiek visi&scaron;kai automatizuotas parinktis, skirtas vykdyti tikslius kriptovaliut&#371; sandorius j&#363;s&#371; vardu. Skirtingai nuo kit&#371; Bitcoin valiutos prekybos programin&#279;s &#303;rangos, m&#363;s&#371; platformoje naudojami pa&#382;ang&#363;s algoritmai, analizuojantys rinkos duomenis ir u&#382;tikrinantys &#303;sp&#363;ding&#261; 99,4 % tikslum&#261; atidarant ir u&#382;darant sandorius. KW_00002 i&scaron;siskiria savo nepaprastu 0,01 sekund&#279;s prana&scaron;umu prie&scaron; konkuruojan&#269;i&#261; programin&#281; &#303;rang&#261;, tod&#279;l j&#261; renkasi prekybininkai.<\/p>\n\n\n\n<p class=\"has-text-align-center\">KW_00003, kuri&#261; pripa&#382;ino gerbiama JAV prekybos asociacija, u&#382;sitikrino auk&scaron;&#269;iausi&#261; viet&#261; prekybos programin&#279;s &#303;rangos kategorijoje. Be to, d&#279;l to, kad ji yra internetin&#279;, jos nereikia atsisi&#371;sti, o antivirusin&#279;s bendrov&#279;s j&#261; patvirtino d&#279;l didesnio saugumo.<\/p>\n\n<\/div><\/div>\n\n<div class=\"gb-grid-column gb-grid-column-58d3b69b\"><div class=\"gb-container gb-container-58d3b69b\">\n<div class=\"gb-container gb-container-7f21e89f\">\n\n<span class=\"gb-button gb-button-df17151f\"><span class=\"gb-icon\"><svg xmlns=\"http:\/\/www.w3.org\/2000\/svg\" height=\"15\" width=\"15\" fill=\"none\" viewbox=\"0 0 15 15\"><path fill=\"currentColor\" d=\"M4 4H1.5A1.5 1.5 0 000 5.5v8A1.5 1.5 0 001.5 15h8a1.5 1.5 0 001.5-1.5V11h2.5A1.5 1.5 0 0015 9.5v-8A1.5 1.5 0 0013.5 0h-8A1.5 1.5 0 004 1.5V4zm1-2.5a.5.5 0 01.5-.5h8a.5.5 0 01.5.5v8a.5.5 0 01-.5.5h-8a.5.5 0 01-.5-.5v-8z\" clip-rule=\"evenodd\" fill-rule=\"evenodd\"><\/path><\/svg><\/span><\/span>\n\n<\/div>\n\n\n<h3 class=\"gb-headline gb-headline-7625b1b1 gb-headline-text\"><strong>&bdquo;Dragons Den<\/strong><\/h3>\n\n\n\n<p class=\"has-text-align-center\">KW_00003 Programin&#279; &#303;ranga visi&scaron;kai nesusijusi su li&#363;dnai pagars&#279;jusiu &bdquo;Dragons Den&rdquo; suk&#269;iavimu. &bdquo;Dragons Den&rdquo;, taip pat &#382;inomas kaip &bdquo;Bitcoin Loophole&rdquo; suk&#269;iavimas, veikia kaip apgaulinga schema, viliojanti nieko ne&#303;tarian&#269;ius vartotojus investuoti &#303; apgauling&#261; &#303;mon&#281;, u&#382;maskuot&#261; kaip naujovi&scaron;ka paleidimo programin&#279; &#303;ranga. Labai svarbu pripa&#382;inti, kad &scaron;i apgavyst&#279; nebuvo rodoma televizijos laidoje &bdquo;Dragon&rsquo;s Den&rdquo; ir nebuvo patvirtinta laidos ar jos dalyvi&#371;.<\/p>\n\n\n\n<p class=\"has-text-align-center\">Svarbu pabr&#279;&#382;ti, kad &bdquo;Dragons Den&rdquo; tik pasinaudojo originalios geros reputacijos programin&#279;s &#303;rangos ir laidos &#303;&#382;ymybi&#371; reputacija, kad apgaul&#279;s b&#363;du priverst&#371; asmenis atiduoti savo sunkiai u&#382;dirbtus pinigus. Labai svarbu b&#363;ti atsargiems ir vengti bet koki&#371; reklam&#371; ar leidini&#371;, kuriuose pateikiami nepagr&#303;sti teiginiai, nes jie neturi jokio ry&scaron;io su tikr&#261;ja KW_00002 programine &#303;ranga.<\/p>\n\n<\/div><\/div>\n<\/div>\n<\/div>\n<\/div><div class=\"gb-container gb-container-39bfdacb\">\n<div class=\"gb-container gb-container-45f3ab74\">\n\n<h3 class=\"gb-headline gb-headline-e982b89b gb-headline-text\">Saugiai u&#382;siregistruokite &#303; KW_00001<\/h3>\n\n\n\n<a class=\"gb-button gb-button-a3e3ab09\" href=\"https:\/\/oilevexpro.com\/lt\/\"><span class=\"gb-button-text\">Saugi registracija<\/span><span class=\"gb-icon\"><svg xmlns=\"http:\/\/www.w3.org\/2000\/svg\" aria-hidden=\"true\" role=\"img\" height=\"1em\" width=\"1em\" viewbox=\"0 0 256 512\"><path fill=\"currentColor\" d=\"M224.3 273l-136 136c-9.4 9.4-24.6 9.4-33.9 0l-22.6-22.6c-9.4-9.4-9.4-24.6 0-33.9l96.4-96.4-96.4-96.4c-9.4-9.4-9.4-24.6 0-33.9L54.3 103c9.4-9.4 24.6-9.4 33.9 0l136 136c9.5 9.4 9.5 24.6.1 34z\"><\/path><\/svg><\/span><\/a>\n\n<\/div>\n<\/div>\n","protected":false},"excerpt":{"rendered":"<p>Apie naujausi&#261; 2.0 KW_00001 versij&#261; KW_00001 programin&#279;s &#303;rangos privalumai KW_00001 i&scaron;siskiria tuo, kad nuolat renka ir veiksmingai analizuoja realaus laiko rinkos duomenis. &Scaron;i unikali galimyb&#279; leid&#382;ia m&#363;s&#371; programinei &#303;rangai vykdyti prekybos pavedimus u&#382; jus nereg&#279;tu grei&#269;iu, pranokstan&#269;iu tiek prekiautojus &#382;mones, tiek kitus programin&#279;s &#303;rangos sprendimus. KW_00002 ne tik grei&#269;iau vykdo sandorius, bet ir priimdama prekybos &#8230; <a title=\"Apie mus\" class=\"read-more\" href=\"https:\/\/oilevexpro.com\/lt\/apie-mus\/\" aria-label=\"Read more about Apie mus\">Read more<\/a><\/p>\n","protected":false},"author":1,"featured_media":0,"parent":0,"menu_order":0,"comment_status":"closed","ping_status":"closed","template":"","meta":{"footnotes":""},"class_list":["post-5087","page","type-page","status-publish"],"_links":{"self":[{"href":"https:\/\/oilevexpro.com\/lt\/wp-json\/wp\/v2\/pages\/5087","targetHints":{"allow":["GET"]}}],"collection":[{"href":"https:\/\/oilevexpro.com\/lt\/wp-json\/wp\/v2\/pages"}],"about":[{"href":"https:\/\/oilevexpro.com\/lt\/wp-json\/wp\/v2\/types\/page"}],"author":[{"embeddable":true,"href":"https:\/\/oilevexpro.com\/lt\/wp-json\/wp\/v2\/users\/1"}],"replies":[{"embeddable":true,"href":"https:\/\/oilevexpro.com\/lt\/wp-json\/wp\/v2\/comments?post=5087"}],"version-history":[{"count":0,"href":"https:\/\/oilevexpro.com\/lt\/wp-json\/wp\/v2\/pages\/5087\/revisions"}],"wp:attachment":[{"href":"https:\/\/oilevexpro.com\/lt\/wp-json\/wp\/v2\/media?parent=5087"}],"curies":[{"name":"wp","href":"https:\/\/api.w.org\/{rel}","templated":true}]}}