{"id":5072,"date":"2020-09-18T14:36:50","date_gmt":"2020-09-18T14:36:50","guid":{"rendered":"https:\/\/oilevexpro.com\/par-mums\/"},"modified":"2024-11-14T20:29:08","modified_gmt":"2024-11-14T20:29:08","slug":"par-mums","status":"publish","type":"page","link":"https:\/\/oilevexpro.com\/lv\/par-mums\/","title":{"rendered":"Par mums"},"content":{"rendered":"<?xml encoding=\"UTF-8\"><div class=\"gb-container gb-container-a462a256\">\n<div class=\"gb-container gb-container-2acc6621\">\n\n<h1 class=\"gb-headline gb-headline-d325e19c gb-headline-text\">Par jaun&#257;ko 2.0 KW_00001 versiju<\/h1>\n\n<\/div>\n<\/div><div class=\"gb-container gb-container-287f468b\">\n<div class=\"gb-grid-wrapper gb-grid-wrapper-b386d038\">\n<div class=\"gb-grid-column gb-grid-column-387381c3\"><div class=\"gb-container gb-container-387381c3\">\n\n<h2 class=\"gb-headline gb-headline-db283a53 gb-headline-text\">Kas ir KW_00001?<\/h2>\n\n\n\n<p>K&#316;&#363;stot par KW_00001 kopienas biedru, j&#363;s ieg&#363;stat ekskluz&#299;vu piek&#316;uvi vado&scaron;ajai kriptoval&#363;tu tirdzniec&#299;bas programmat&#363;rai. M&#363;su platforma at&scaron;&#311;iras ar lietot&#257;jam draudz&#299;gu saskarni, kas padara to pieejamu cilv&#275;kiem bez iepriek&scaron;&#275;jas tirdzniec&#299;bas pieredzes vai specializ&#275;t&#257;m prasm&#275;m.<\/p>\n\n\n\n<p>M&#363;su platforma pied&#257;v&#257; daudz priek&scaron;roc&#299;bu, racionaliz&#275;jot j&#363;su tirdzniec&#299;bas ce&#316;ojumu. T&#257; ne tikai apkopo datus, bet ar&#299; veic visaptvero&scaron;u anal&#299;zi, &#316;aujot pie&#326;emt racion&#257;lus l&#275;mumus bez emocij&#257;m. Turkl&#257;t tas nevainojami izpilda dar&#299;jumus j&#363;su v&#257;rd&#257;, darbojoties gandr&#299;z visu diennakti.<\/p>\n\n\n\n<p>KW_00002 ir kas vair&#257;k nek&#257; tikai automatiz&#275;ta tirdzniec&#299;bas programmat&#363;ra; t&#257; ir plauksto&scaron;a tie&scaron;saistes tirdzniec&#299;bas kopiena. K&#257; biedrs, J&#363;s varat izbaud&#299;t priek&scaron;roc&#299;bas, ko sniedz automatiz&#275;ta un ienes&#299;ga kriptoval&#363;tu tirdzniec&#299;ba atbalsto&scaron;&#257; kopienas vid&#275;.<\/p>\n\n\n\n<p>M&#363;su progres&#299;v&#257; tehnolo&#291;ija &#316;auj KW_00003 analiz&#275;t tirgus tendences un izpild&#299;t dar&#299;jumus ar neticamu &#257;trumu, apsteidzot daudzas citas tirdzniec&#299;bas programmat&#363;ras par iev&#275;rojam&#257;m 0,01 sekundes. &Scaron;&#299; priek&scaron;roc&#299;ba nodro&scaron;ina, ka j&#363;s saglab&#257;jat p&#257;rsvaru strauji main&#299;gaj&#257; kriptoval&#363;tu tirdzniec&#299;bas pasaul&#275;.<\/p>\n\n<\/div><\/div>\n\n<div class=\"gb-grid-column gb-grid-column-51a60565\"><div class=\"gb-container gb-container-51a60565\">\n\n<h2 class=\"gb-headline gb-headline-d521daef gb-headline-text\">Uzziniet vair&#257;k par m&#363;su platformu &ndash; Bezmaksas re&#291;istr&#257;cija<\/h2>\n\n\n    <script>\n        localStorage.setItem('fxbot_ab_testing', '{\"login\":[],\"registration\":[],\"contactus\":[]}');\n    <\/script>\n    <style>\n        .reCAPTCHAContent {\n            display: none;\n            visibility: hidden;\n        }\n    <\/style>\n\n\n<script>\n    localStorage.setItem('fxbot_api_parameters', '[{\"key\":\"emailmarketing\",\"value\":\"1\",\"override\":true},{\"key\":\"funnel\",\"value\":\"KW_F_00001\",\"override\":true}]');\n    localStorage.setItem('fxbot_alias_url', 'wp-content\/plugins\/fxbot-registration-form\/api.php');\n    localStorage.setItem('fxbot_email_marketing', '1');\n    localStorage.setItem('fxbot_email_marketing_debounce', 'true');\n    localStorage.setItem('fxbot_email_marketing_debounce_time', '1000');\n    localStorage.setItem('fxbot_recaptcha_enabled', 'false');\n    localStorage.setItem('fxbot_recaptcha_site_key', 'EMPTY');\n    localStorage.setItem('fxbot_alt_reg_popup_query_selector', '');\n    localStorage.setItem('fxbot_redirectVariant', '0');\n<\/script>\n<div class=\"form-widget\" id=\"optInFormWrapper\">\n    <form action=\"\" class=\"flex flex-column\" data-form=\"optInForm\" data-urlsearchparams=\"\" data-widget=\"registration_2_step\" id=\"opt-form\" method=\"post\" name=\"optInForm\">\n        <div class=\"elementor-field-type-text elementor-field-group elementor-column elementor-field-group-name elementor-col-100 form-group\">\n            <label for=\"form-first_name\" class=\"elementor-field-label elementor-screen-only\">V\u0101rds<\/label>\n            <input class=\"elementor-field elementor-size-sm  elementor-field-textual regFormFirstName\" placeholder=\"V\u0101rds\" data-input=\"firstname\" data-valid=\"false\" id=\"form-first_name\" name=\"firstname\" size=\"1\" type=\"text\">\n            <p class=\"error-message\"><\/p>\n        <\/div>\n\n        <div class=\"elementor-field-type-text elementor-field-group elementor-column elementor-field-group-name elementor-col-100 form-group\">\n            <label for=\"form-last_name\" class=\"elementor-field-label elementor-screen-only\">Uzv\u0101rds<\/label>\n            <input class=\"elementor-field elementor-size-sm elementor-field-textual regFormLastNname\" placeholder=\"Uzv\u0101rds\" data-input=\"lastname\" data-valid=\"false\" id=\"form-last_name\" name=\"lastname\" size=\"1\" type=\"text\">\n            <p class=\"error-message\"><\/p>\n        <\/div>\n\n        <div class=\"form-group elementor-field-type-text elementor-field-group elementor-column elementor-field-group-name elementor-col-100\">\n            <label class=\"elementor-field-label elementor-screen-only\" for=\"form-email\">E-pasts<\/label>\n            <input class=\"regFormEmail elementor-field elementor-size-sm elementor-field-textual\" placeholder=\"E-pasts\" data-input=\"email\" data-valid=\"false\" id=\"form-email\" name=\"email\" type=\"email\">\n            <p class=\"error-message\"><\/p>\n            <div class=\"form-group__emailValid-info\">\n                <span class=\"form-group__emailValid-message\"><span>Vai dom\u0101j\u0101t<\/span> <b><\/b>?<\/span> <span class=\"form-group__emailValid-btn\">Aizvietot<\/span>            <\/div>\n        <\/div>\n\n        <p class=\"reCAPTCHAContent\">\n            \u0160o vietni aizsarg\u0101 reCAPTCHA un ir piem\u0113rojama <a href=\"https:\/\/policies.google.com\/privacy\" target=\"_blank\" rel=\"noopener\">Google Priv\u0101tuma politika<\/a> un <a href=\"https:\/\/policies.google.com\/terms\" target=\"_blank\" rel=\"noopener\">Pakalpojuma noteikumi<\/a>.        <\/p>\n\n        <button class=\"zoom regFormButton elementor-button elementor-size-sm\" data-button=\"submit\" id=\"optInForm-btn\">\n            Learn More        <\/button>\n    <\/form>\n<\/div>\n<div class=\"form-widget\" id=\"regFormWrapper\" style=\"visibility: hidden; width: 0; height:0\">\n    <form action=\"\" class=\"flex flex-column\" data-form=\"registrationForm\" data-urlsearchparams=\"\" data-widget=\"registration_2_step\" id=\"reg-form\" method=\"post\" name=\"registrationForm\">\n        <div class=\"elementor-field-type-text elementor-field-group elementor-column elementor-field-group-name elementor-col-100 form-group\">\n            <label for=\"form-first_name\" class=\"elementor-field-label elementor-screen-only\">V\u0101rds<\/label>\n            <input class=\"elementor-field elementor-size-sm  elementor-field-textual regFormFirstName\" placeholder=\"V\u0101rds\" data-input=\"firstname\" data-valid=\"false\" id=\"form-first_name\" name=\"firstname\" size=\"1\" type=\"text\">\n            <p class=\"error-message\"><\/p>\n        <\/div>\n\n        <div class=\"elementor-field-type-text elementor-field-group elementor-column elementor-field-group-name elementor-col-100 form-group\">\n            <label for=\"form-last_name\" class=\"elementor-field-label elementor-screen-only\">Uzv\u0101rds<\/label>\n            <input class=\"elementor-field elementor-size-sm elementor-field-textual regFormLastNname\" placeholder=\"Uzv\u0101rds\" data-input=\"lastname\" data-valid=\"false\" id=\"form-last_name\" name=\"lastname\" size=\"1\" type=\"text\">\n            <p class=\"error-message\"><\/p>\n        <\/div>\n\n        <div class=\"elementor-field-type-text elementor-field-group elementor-column elementor-field-group-name elementor-col-100 form-group form-group__emailValid\">\n            <label class=\"elementor-field-label elementor-screen-only\" for=\"form-email\">E-pasts<\/label>\n            <input class=\"elementor-field elementor-size-sm elementor-field-textual regFormEmail\" placeholder=\"E-pasts\" data-input=\"email\" data-valid=\"false\" id=\"form-email\" name=\"email\" type=\"email\">\n            <p class=\"error-message\"><\/p>\n            <p class=\"form-group__emailValid-info\">\n                <span class=\"form-group__emailValid-message\"><span>Vai dom\u0101j\u0101t<\/span> <b><\/b>?<\/span> <span class=\"form-group__emailValid-btn\">Aizvietot<\/span>            <\/p>\n        <\/div>\n\n        <div class=\"elementor-field-type-tel elementor-field-group elementor-column elementor-field-group-field_fad38fc elementor-col-100 form-group reg-phone\">\n            <label class=\"elementor-field-label elementor-screen-only\" for=\"form-phone_number\">Telefona numurs<\/label>\n            <input class=\"elementor-field elementor-size-sm elementor-field-textual regFormPhoneNumber\" placeholder=\"Telefona numurs\" autocompvare=\"off\" data-input=\"phone_number\" data-valid=\"false\" id=\"form-phone_number\" name=\"phone_number\" size=\"1\" type=\"text\">\n            <p class=\"error-message\"><\/p>\n        <\/div>\n\n        <p class=\"reCAPTCHAContent\">\n            \u0160o vietni aizsarg\u0101 reCAPTCHA un ir piem\u0113rojama <a href=\"https:\/\/policies.google.com\/privacy\" target=\"_blank\" rel=\"noopener\">Google Priv\u0101tuma politika<\/a> un <a href=\"https:\/\/policies.google.com\/terms\" target=\"_blank\" rel=\"noopener\">Pakalpojuma noteikumi<\/a>.        <\/p>\n\n        <button class=\"elementor-button zoom regFormButton\" data-button=\"submit\" id=\"form-btn\" type=\"button\">\n            Learn More        <\/button>\n\n        <div class=\"wrapper__rar-no\" data-modal=\"success\" style=\"display: none\">\n            <div class=\"success\">\n                <img decoding=\"async\" src=\"\/wp-content\/plugins\/fxbot-registration-form\/assets\/images\/regSuccess.png\" alt=\"Paldies par re\u0123istr\u0101ciju\">\n                <p>Paldies par re\u0123istr\u0101ciju.<br\/>M\u016bsu a\u0123ents ar jums sazin\u0101sies tuv\u0101kaj\u0101 laik\u0101.<br\/>L\u016bdzu, p\u0101rliecinieties, vai izmantoj\u0101t \u012bsto t\u0101lru\u0146a numuru.<br\/> Priek\u0101.<\/p>\n            <\/div>\n        <\/div>\n\n        <div class=\"wrapper__rar-no\" data-modal=\"alternative_success\" style=\"display: none\">\n            <div class=\"success\">\n                <p class=\"reg_title\">\n                    <b>J\u016bs veiksm\u012bgi esat savienojies.<\/b>\n                <\/p>\n                <p>Uz\u0146\u0113muma a\u0123ents ar jums sazin\u0101sies dr\u012bz. L\u016bdzu, nodro\u0161iniet, ka esat pieejams pa t\u0101lruni, lai neizlaistu zvanu.<\/p>\n            <\/div>\n        <\/div>\n\n        <div class=\"wrapper__error\" data-modal=\"error\" style=\"display: none\"><\/div>\n    <\/form>\n<\/div>\n\n<div class=\"submit-overlay\" style=\"display: none;\">\n    <div class=\"lds-spinner\">\n        <div><\/div>\n        <div><\/div>\n        <div><\/div>\n        <div><\/div>\n        <div><\/div>\n        <div><\/div>\n        <div><\/div>\n        <div><\/div>\n    <\/div>\n    <p class=\"overlay-text\">Savienojam j\u016bs ar lab\u0101ko brokeri j\u016bsu re\u0123ion\u0101<\/p>\n<\/div>\n\n\n<\/div><\/div>\n<\/div>\n<\/div><div class=\"gb-container gb-container-197d4570\">\n\n<a class=\"gb-button gb-button-e8c7dfa5\" href=\"https:\/\/oilevexpro.com\/lv\/\"><span class=\"gb-button-text\">SA&#325;EMIET PIEK&#315;UVI KW_00001 TAGAD<\/span><span class=\"gb-icon\"><svg xmlns=\"http:\/\/www.w3.org\/2000\/svg\" aria-hidden=\"true\" role=\"img\" height=\"1em\" width=\"1em\" viewbox=\"0 0 256 512\"><path fill=\"currentColor\" d=\"M224.3 273l-136 136c-9.4 9.4-24.6 9.4-33.9 0l-22.6-22.6c-9.4-9.4-9.4-24.6 0-33.9l96.4-96.4-96.4-96.4c-9.4-9.4-9.4-24.6 0-33.9L54.3 103c9.4-9.4 24.6-9.4 33.9 0l136 136c9.5 9.4 9.5 24.6.1 34z\"><\/path><\/svg><\/span><\/a>\n\n<\/div><div class=\"gb-container gb-container-1bdeec8b\">\n<div class=\"gb-container gb-container-9d34a979\"><\/div>\n\n<div class=\"gb-container gb-container-1e789d4e\">\n\n<h3 class=\"gb-headline gb-headline-29613722 gb-headline-text\"><strong>KW_00001 programmat&#363;ras priek&scaron;roc&#299;bas<\/strong><\/h3>\n\n\n\n<p>KW_00001 izce&#316;as ar nep&#257;rtrauktu re&#257;l&#257; laika tirgus datu v&#257;k&scaron;anu un efekt&#299;vu anal&#299;zi. &Scaron;&#299; unik&#257;l&#257; iesp&#275;ja &#316;auj m&#363;su programmat&#363;rai izpild&#299;t tirdzniec&#299;bas r&#299;kojumus bezprecedenta &#257;trum&#257;, apsteidzot gan cilv&#275;ku tirgot&#257;jus, gan citus programmat&#363;ras risin&#257;jumus. KW_00002 ne tikai &#257;tr&#257;k izpilda dar&#299;jumus, bet ar&#299; balst&#257;s uz statistiku, lo&#291;iku un matem&#257;tiskiem algoritmiem, lai pie&#326;emtu tirdzniec&#299;bas l&#275;mumus, t&#257;d&#275;j&#257;di nov&#275;r&scaron;ot cilv&#275;ka emociju ietekmi un nodro&scaron;inot objekt&#299;vu tirdzniec&#299;bu.<\/p>\n\n\n\n<p>Viena no KW_00003 izcil&#257;kaj&#257;m &#299;pa&scaron;&#299;b&#257;m ir t&#257; sp&#275;ja atvieglot backstaging. &Scaron;is nenov&#275;rt&#275;jamais r&#299;ks &#316;auj p&#257;rbaud&#299;t izv&#275;l&#275;tos iestat&#299;jumus, pamatojoties uz v&#275;sturiskajiem tirgus apst&#257;k&#316;iem. Izmantojot &scaron;o funkciju, varat prec&#299;zi piel&#257;got iestat&#299;jumus, lai maksim&#257;li palielin&#257;tu rentabilit&#257;ti. Esiet dro&scaron;i, ka m&#363;su sare&#382;&#291;&#299;t&#257; programmat&#363;ra r&#363;p&#299;gi iev&#275;ros J&#363;su noteiktos noteikumus, vienlaikus veicot visus tirdzniec&#299;bas uzdevumus J&#363;su v&#257;rd&#257;.<\/p>\n\n\n\n<p>KW_00003 pied&#257;v&#257; gan autom&#257;tisk&#257;s, gan manu&#257;l&#257;s tirdzniec&#299;bas iesp&#275;ju elast&#299;gumu, kas piem&#275;rots lietot&#257;jiem ar da&#382;&#257;diem prasmju l&#299;me&#326;iem, laika ierobe&#382;ojumiem un interes&#275;m. Izmantojot m&#363;su platformu, varat p&#257;rvald&#299;t vair&#257;kus kontus, kas &#316;auj jums eksperiment&#275;t, main&#299;t un sal&#299;dzin&#257;t da&#382;&#257;das strat&#275;&#291;ijas. Izmantojiet daudz&#257;s tirdzniec&#299;bas iesp&#275;jas, ko pied&#257;v&#257; KW_00002, un izmantojiet pla&scaron;as iesp&#275;jas, lai palielin&#257;tu savu pe&#316;&#326;u.<\/p>\n\n<\/div>\n<\/div><div class=\"gb-container gb-container-67945ee0\">\n<div class=\"gb-container gb-container-12a13938\">\n\n<a class=\"gb-button gb-button-15cad45f\" href=\"https:\/\/oilevexpro.com\/lv\/\"><span class=\"gb-button-text\"><strong>TESTS KW_00001<\/strong><\/span><span class=\"gb-icon\"><svg xmlns=\"http:\/\/www.w3.org\/2000\/svg\" aria-hidden=\"true\" role=\"img\" height=\"1em\" width=\"1em\" viewbox=\"0 0 256 512\"><path fill=\"currentColor\" d=\"M224.3 273l-136 136c-9.4 9.4-24.6 9.4-33.9 0l-22.6-22.6c-9.4-9.4-9.4-24.6 0-33.9l96.4-96.4-96.4-96.4c-9.4-9.4-9.4-24.6 0-33.9L54.3 103c9.4-9.4 24.6-9.4 33.9 0l136 136c9.5 9.4 9.5 24.6.1 34z\"><\/path><\/svg><\/span><\/a>\n\n<\/div>\n<\/div><div class=\"gb-container gb-container-5d2e4740\">\n<div class=\"gb-container gb-container-d34d15be\">\n<div class=\"gb-grid-wrapper gb-grid-wrapper-4257ebc4\">\n<div class=\"gb-grid-column gb-grid-column-60a1d140\"><div class=\"gb-container gb-container-60a1d140\">\n<div class=\"gb-container gb-container-d446dbb2\">\n\n<span class=\"gb-button gb-button-4f39012e\"><span class=\"gb-icon\"><svg xmlns=\"http:\/\/www.w3.org\/2000\/svg\" height=\"15\" width=\"15\" fill=\"none\" viewbox=\"0 0 15 15\"><path fill=\"currentColor\" d=\"M4 1.5V4H1.5A1.5 1.5 0 000 5.5v8A1.5 1.5 0 001.5 15h8a1.5 1.5 0 001.5-1.5V11h2.5A1.5 1.5 0 0015 9.5v-8A1.5 1.5 0 0013.5 0h-8A1.5 1.5 0 004 1.5zM5.5 1a.5.5 0 00-.5.5V4h4.5A1.5 1.5 0 0111 5.5V10h2.5a.5.5 0 00.5-.5v-8a.5.5 0 00-.5-.5h-8zm0 10A1.5 1.5 0 014 9.5V5H1.5a.5.5 0 00-.5.5v8a.5.5 0 00.5.5h8a.5.5 0 00.5-.5V11H5.5z\" clip-rule=\"evenodd\" fill-rule=\"evenodd\"><\/path><\/svg><\/span><\/span>\n\n<\/div>\n\n\n<h3 class=\"gb-headline gb-headline-f8d314cb gb-headline-text\"><strong>Programmat&#363;ras risin&#257;jums<\/strong><\/h3>\n\n\n\n<p class=\"has-text-align-center\">KW_00001 ir r&#363;p&#299;gi izstr&#257;d&#257;ts, lai izpild&#299;tu savu m&#275;r&#311;i k&#257; v&#275;rt&#299;gs un lietot&#257;jam draudz&#299;gs r&#299;ks visu prasmju l&#299;me&#326;u tirgot&#257;jiem. Tas dod jums iesp&#275;ju bez piep&#363;les un efekt&#299;vi tirgot Bitcoin un da&#382;&#257;das kriptoval&#363;tas ar visliel&#257;ko &#275;rt&#299;bu.<\/p>\n\n\n\n<p class=\"has-text-align-center\">Izmantojot KW_00002, j&#363;s varat ienirt kriptoval&#363;tu tirdzniec&#299;bas pasaul&#275;, net&#275;r&#275;jot daudz laika un p&#363;&#316;u tirgus inform&#257;cijas un tenden&#269;u izp&#275;tei. Ir pag&#257;ju&scaron;as dienas, kad bied&#275;jo&scaron;i m&#257;c&#299;j&#257;ties tirgoties un c&#299;n&#299;ties, lai potenci&#257;li g&#363;tu pe&#316;&#326;u. M&#363;su risin&#257;jums nov&#275;r&scaron; nepiecie&scaron;am&#299;bu p&#275;c iepriek&scaron;&#275;j&#257;m zin&#257;&scaron;an&#257;m un pieredzes, &#316;aujot Jums uzs&#257;kt tirdzniec&#299;bas ce&#316;ojumu ar minim&#257;lu laika un p&#363;&#316;u ieguld&#299;jumu.<\/p>\n\n<\/div><\/div>\n\n<div class=\"gb-grid-column gb-grid-column-6922dcd9\"><div class=\"gb-container gb-container-6922dcd9\">\n<div class=\"gb-container gb-container-b5c2993b\">\n\n<span class=\"gb-button gb-button-05b34aef\"><span class=\"gb-icon\"><svg xmlns=\"http:\/\/www.w3.org\/2000\/svg\" height=\"15\" width=\"15\" fill=\"none\" viewbox=\"0 0 15 15\"><path fill=\"currentColor\" d=\"M4 4V1.5A1.5 1.5 0 015.5 0h8A1.5 1.5 0 0115 1.5v8a1.5 1.5 0 01-1.5 1.5H11v2.5A1.5 1.5 0 019.5 15h-8A1.5 1.5 0 010 13.5v-8A1.5 1.5 0 011.5 4H4zm6 1v5H5V5h5z\" clip-rule=\"evenodd\" fill-rule=\"evenodd\"><\/path><\/svg><\/span><\/span>\n\n<\/div>\n\n\n<h3 class=\"gb-headline gb-headline-13950594 gb-headline-text\"><strong>KW_00001 Tirgot&#257;ja p&#257;rskats<\/strong><\/h3>\n\n\n\n<p class=\"has-text-align-center\">KW_00001 ir uzticams tirdzniec&#299;bas r&#299;ks, kas pied&#257;v&#257; gan manu&#257;las, gan piln&#299;b&#257; automatiz&#275;tas iesp&#275;jas, kas paredz&#275;tas prec&#299;zu kriptoval&#363;tu dar&#299;jumu izpildei j&#363;su v&#257;rd&#257;. At&scaron;&#311;ir&#299;b&#257; no cit&#257;m Bitcoin val&#363;tas tirdzniec&#299;bas programmat&#363;ras, m&#363;su platformu darbina progres&#299;vi algoritmi, kas analiz&#275; tirgus datus, nodro&scaron;inot iespaid&#299;gu precizit&#257;tes r&#257;d&#299;t&#257;ju 99,4% atv&#275;r&scaron;anas un sl&#275;g&scaron;anas dar&#299;jumos. KW_00002 izce&#316;as ar savu iev&#275;rojamo 0,01 sekundes p&#257;rsvaru p&#257;r konkur&#275;jo&scaron;&#257;m programm&#257;m, padarot to par tirgot&#257;ju iecien&#299;t&#257;ko izv&#275;li.<\/p>\n\n\n\n<p class=\"has-text-align-center\">KW_00003, ko atzinusi cien&#299;jam&#257; ASV Tirdzniec&#299;bas asoci&#257;cija, ir nodro&scaron;in&#257;jusi pirmo vietu Tirdzniec&#299;bas programmat&#363;ras kategorij&#257;. Turkl&#257;t t&#257;s t&#299;mek&#316;a resurss nov&#275;r&scaron; lejupiel&#257;&#382;u nepiecie&scaron;am&#299;bu, un antiv&#299;rusu komp&#257;nijas to ir apstiprin&#257;ju&scaron;as, lai uzlabotu dro&scaron;&#299;bu.<\/p>\n\n<\/div><\/div>\n\n<div class=\"gb-grid-column gb-grid-column-58d3b69b\"><div class=\"gb-container gb-container-58d3b69b\">\n<div class=\"gb-container gb-container-7f21e89f\">\n\n<span class=\"gb-button gb-button-df17151f\"><span class=\"gb-icon\"><svg xmlns=\"http:\/\/www.w3.org\/2000\/svg\" height=\"15\" width=\"15\" fill=\"none\" viewbox=\"0 0 15 15\"><path fill=\"currentColor\" d=\"M4 4H1.5A1.5 1.5 0 000 5.5v8A1.5 1.5 0 001.5 15h8a1.5 1.5 0 001.5-1.5V11h2.5A1.5 1.5 0 0015 9.5v-8A1.5 1.5 0 0013.5 0h-8A1.5 1.5 0 004 1.5V4zm1-2.5a.5.5 0 01.5-.5h8a.5.5 0 01.5.5v8a.5.5 0 01-.5.5h-8a.5.5 0 01-.5-.5v-8z\" clip-rule=\"evenodd\" fill-rule=\"evenodd\"><\/path><\/svg><\/span><\/span>\n\n<\/div>\n\n\n<h3 class=\"gb-headline gb-headline-7625b1b1 gb-headline-text\"><strong>Dragons Den<\/strong><\/h3>\n\n\n\n<p class=\"has-text-align-center\">KW_00003 Programmat&#363;rai nav nek&#257;das saist&#299;bas ar b&#275;d&#299;gi slaveno Dragons Den scam. Dragons Den, kas paz&#299;stams ar&#299; k&#257; Bitcoin Loophole scam, darbojas k&#257; maldino&scaron;a sh&#275;ma, vilinot neiedom&#257;jamus lietot&#257;jus invest&#275;t kr&#257;pniecisk&#257; uz&#326;&#275;mum&#257;, kas mask&#275;ts k&#257; inovat&#299;va jaunuz&#326;&#275;muma programmat&#363;ra. Ir b&#363;tiski atz&#299;t, ka &scaron;&#299; kr&#257;p&scaron;ana netika atspogu&#316;ota telev&#299;zijas &scaron;ov&#257; &ldquo;Dragon&rsquo;s Den&rdquo;, un &scaron;ovs vai t&#257; aktieri to nav apstiprin&#257;ju&scaron;i.<\/p>\n\n\n\n<p class=\"has-text-align-center\">Ir svar&#299;gi uzsv&#275;rt, ka Dragons Den tikai izmantoja ori&#291;in&#257;l&#257;s cien&#299;jam&#257;s programmat&#363;ras un &scaron;ova slaven&#299;bu reput&#257;ciju, lai maldino&scaron;i maldin&#257;tu cilv&#275;kus, liekot vi&#326;iem atdot savu gr&#363;ti nopeln&#299;to naudu. Ir &#316;oti svar&#299;gi iev&#275;rot piesardz&#299;bu un izvair&#299;ties no jebk&#257;d&#257;m rekl&#257;m&#257;m vai publik&#257;cij&#257;m, kas izvirza nepamatotus apgalvojumus, jo tiem nav nek&#257;das saist&#299;bas ar &#299;stu KW_00002 programmat&#363;ru.<\/p>\n\n<\/div><\/div>\n<\/div>\n<\/div>\n<\/div><div class=\"gb-container gb-container-39bfdacb\">\n<div class=\"gb-container gb-container-45f3ab74\">\n\n<h3 class=\"gb-headline gb-headline-e982b89b gb-headline-text\">Dro&scaron;a re&#291;istr&#257;cija KW_00001<\/h3>\n\n\n\n<a class=\"gb-button gb-button-a3e3ab09\" href=\"https:\/\/oilevexpro.com\/lv\/\"><span class=\"gb-button-text\">Dro&scaron;a re&#291;istr&#257;cija<\/span><span class=\"gb-icon\"><svg xmlns=\"http:\/\/www.w3.org\/2000\/svg\" aria-hidden=\"true\" role=\"img\" height=\"1em\" width=\"1em\" viewbox=\"0 0 256 512\"><path fill=\"currentColor\" d=\"M224.3 273l-136 136c-9.4 9.4-24.6 9.4-33.9 0l-22.6-22.6c-9.4-9.4-9.4-24.6 0-33.9l96.4-96.4-96.4-96.4c-9.4-9.4-9.4-24.6 0-33.9L54.3 103c9.4-9.4 24.6-9.4 33.9 0l136 136c9.5 9.4 9.5 24.6.1 34z\"><\/path><\/svg><\/span><\/a>\n\n<\/div>\n<\/div>\n","protected":false},"excerpt":{"rendered":"<p>Par jaun&#257;ko 2.0 KW_00001 versiju KW_00001 programmat&#363;ras priek&scaron;roc&#299;bas KW_00001 izce&#316;as ar nep&#257;rtrauktu re&#257;l&#257; laika tirgus datu v&#257;k&scaron;anu un efekt&#299;vu anal&#299;zi. &Scaron;&#299; unik&#257;l&#257; iesp&#275;ja &#316;auj m&#363;su programmat&#363;rai izpild&#299;t tirdzniec&#299;bas r&#299;kojumus bezprecedenta &#257;trum&#257;, apsteidzot gan cilv&#275;ku tirgot&#257;jus, gan citus programmat&#363;ras risin&#257;jumus. KW_00002 ne tikai &#257;tr&#257;k izpilda dar&#299;jumus, bet ar&#299; balst&#257;s uz statistiku, lo&#291;iku un matem&#257;tiskiem algoritmiem, lai &#8230; <a title=\"Par mums\" class=\"read-more\" href=\"https:\/\/oilevexpro.com\/lv\/par-mums\/\" aria-label=\"Read more about Par mums\">Read more<\/a><\/p>\n","protected":false},"author":1,"featured_media":0,"parent":0,"menu_order":0,"comment_status":"closed","ping_status":"closed","template":"","meta":{"footnotes":""},"class_list":["post-5072","page","type-page","status-publish"],"_links":{"self":[{"href":"https:\/\/oilevexpro.com\/lv\/wp-json\/wp\/v2\/pages\/5072","targetHints":{"allow":["GET"]}}],"collection":[{"href":"https:\/\/oilevexpro.com\/lv\/wp-json\/wp\/v2\/pages"}],"about":[{"href":"https:\/\/oilevexpro.com\/lv\/wp-json\/wp\/v2\/types\/page"}],"author":[{"embeddable":true,"href":"https:\/\/oilevexpro.com\/lv\/wp-json\/wp\/v2\/users\/1"}],"replies":[{"embeddable":true,"href":"https:\/\/oilevexpro.com\/lv\/wp-json\/wp\/v2\/comments?post=5072"}],"version-history":[{"count":0,"href":"https:\/\/oilevexpro.com\/lv\/wp-json\/wp\/v2\/pages\/5072\/revisions"}],"wp:attachment":[{"href":"https:\/\/oilevexpro.com\/lv\/wp-json\/wp\/v2\/media?parent=5072"}],"curies":[{"name":"wp","href":"https:\/\/api.w.org\/{rel}","templated":true}]}}