{"id":5102,"date":"2020-09-18T14:36:50","date_gmt":"2020-09-18T14:36:50","guid":{"rendered":"https:\/\/oilevexpro.com\/om-oss\/"},"modified":"2024-11-14T20:29:48","modified_gmt":"2024-11-14T20:29:48","slug":"om-oss","status":"publish","type":"page","link":"https:\/\/oilevexpro.com\/no\/om-oss\/","title":{"rendered":"Om oss"},"content":{"rendered":"<?xml encoding=\"UTF-8\"><div class=\"gb-container gb-container-a462a256\">\n<div class=\"gb-container gb-container-2acc6621\">\n\n<h1 class=\"gb-headline gb-headline-d325e19c gb-headline-text\">Om den nyeste 2.0 KW_00001 <\/h1>\n\n<\/div>\n<\/div><div class=\"gb-container gb-container-287f468b\">\n<div class=\"gb-grid-wrapper gb-grid-wrapper-b386d038\">\n<div class=\"gb-grid-column gb-grid-column-387381c3\"><div class=\"gb-container gb-container-387381c3\">\n\n<h2 class=\"gb-headline gb-headline-db283a53 gb-headline-text\">Hva er KW_00001?<\/h2>\n\n\n\n<p>Ved &aring; bli medlem av KW_00001 f&aring;r du eksklusiv tilgang til den ledende programvaren for handel med kryptovaluta. Det som skiller plattformen v&aring;r er det brukervennlige grensesnittet, som gj&oslash;r det tilgjengelig for personer uten tidligere handelserfaring eller spesialiserte ferdigheter.<\/p>\n\n\n\n<p>Plattformen v&aring;r tilbyr en rekke fordeler som effektiviserer handelsreisen din. Den samler ikke bare inn data, men utf&oslash;rer ogs&aring; omfattende analyser, noe som muliggj&oslash;r rasjonell og f&oslash;lelsesfri beslutningstaking. Dessuten utf&oslash;rer den s&oslash;ml&oslash;st handler p&aring; dine vegne, og opererer nesten d&oslash;gnet rundt.<\/p>\n\n\n\n<p>KW_00002 er mer enn bare en automatisert handelsprogramvare; det er et blomstrende online handelssamfunn. Som medlem kan du nyte fordelene ved automatisert og l&oslash;nnsom handel med kryptovaluta i et st&oslash;ttende fellesskapsmilj&oslash;.<\/p>\n\n\n\n<p>V&aring;r banebrytende teknologi gj&oslash;r KW_00003 i stand til &aring; analysere markedstrender og utf&oslash;re handler med utrolig hastighet, og overg&aring;r mange andre handelsprogramvarer med bemerkelsesverdige 0,01 sekunder. Denne fordelen sikrer at du holder deg i forkant i den fartsfylte verdenen av handel med kryptovaluta.<\/p>\n\n<\/div><\/div>\n\n<div class=\"gb-grid-column gb-grid-column-51a60565\"><div class=\"gb-container gb-container-51a60565\">\n\n<h2 class=\"gb-headline gb-headline-d521daef gb-headline-text\">L&aelig;r mer om plattformen v&aring;r &ndash; Gratis registrering<\/h2>\n\n\n    <script>\n        localStorage.setItem('fxbot_ab_testing', '{\"login\":[],\"registration\":[],\"contactus\":[]}');\n    <\/script>\n    <style>\n        .reCAPTCHAContent {\n            display: none;\n            visibility: hidden;\n        }\n    <\/style>\n\n\n<script>\n    localStorage.setItem('fxbot_api_parameters', '[{\"key\":\"emailmarketing\",\"value\":\"1\",\"override\":true},{\"key\":\"funnel\",\"value\":\"KW_F_00001\",\"override\":true}]');\n    localStorage.setItem('fxbot_alias_url', 'wp-content\/plugins\/fxbot-registration-form\/api.php');\n    localStorage.setItem('fxbot_email_marketing', '1');\n    localStorage.setItem('fxbot_email_marketing_debounce', 'true');\n    localStorage.setItem('fxbot_email_marketing_debounce_time', '1000');\n    localStorage.setItem('fxbot_recaptcha_enabled', 'false');\n    localStorage.setItem('fxbot_recaptcha_site_key', 'EMPTY');\n    localStorage.setItem('fxbot_alt_reg_popup_query_selector', '');\n    localStorage.setItem('fxbot_redirectVariant', '0');\n<\/script>\n<div class=\"form-widget\" id=\"optInFormWrapper\">\n    <form action=\"\" class=\"flex flex-column\" data-form=\"optInForm\" data-urlsearchparams=\"\" data-widget=\"registration_2_step\" id=\"opt-form\" method=\"post\" name=\"optInForm\">\n        <div class=\"elementor-field-type-text elementor-field-group elementor-column elementor-field-group-name elementor-col-100 form-group\">\n            <label for=\"form-first_name\" class=\"elementor-field-label elementor-screen-only\">Fornavn<\/label>\n            <input class=\"elementor-field elementor-size-sm  elementor-field-textual regFormFirstName\" placeholder=\"Fornavn\" data-input=\"firstname\" data-valid=\"false\" id=\"form-first_name\" name=\"firstname\" size=\"1\" type=\"text\">\n            <p class=\"error-message\"><\/p>\n        <\/div>\n\n        <div class=\"elementor-field-type-text elementor-field-group elementor-column elementor-field-group-name elementor-col-100 form-group\">\n            <label for=\"form-last_name\" class=\"elementor-field-label elementor-screen-only\">Etternavn<\/label>\n            <input class=\"elementor-field elementor-size-sm elementor-field-textual regFormLastNname\" placeholder=\"Etternavn\" data-input=\"lastname\" data-valid=\"false\" id=\"form-last_name\" name=\"lastname\" size=\"1\" type=\"text\">\n            <p class=\"error-message\"><\/p>\n        <\/div>\n\n        <div class=\"form-group elementor-field-type-text elementor-field-group elementor-column elementor-field-group-name elementor-col-100\">\n            <label class=\"elementor-field-label elementor-screen-only\" for=\"form-email\">E-post<\/label>\n            <input class=\"regFormEmail elementor-field elementor-size-sm elementor-field-textual\" placeholder=\"E-post\" data-input=\"email\" data-valid=\"false\" id=\"form-email\" name=\"email\" type=\"email\">\n            <p class=\"error-message\"><\/p>\n            <div class=\"form-group__emailValid-info\">\n                <span class=\"form-group__emailValid-message\"><span>Mente du<\/span> <b><\/b>?<\/span> <span class=\"form-group__emailValid-btn\">Erstatte<\/span>            <\/div>\n        <\/div>\n\n        <p class=\"reCAPTCHAContent\">\n            Dette nettstedet er beskyttet av reCAPTCHA, og <a href=\"https:\/\/policies.google.com\/privacy\" target=\"_blank\" rel=\"noopener\">Googles personvernpolicy<\/a> og <a href=\"https:\/\/policies.google.com\/terms\" target=\"_blank\" rel=\"noopener\">brukervilk\u00e5r<\/a> gjelder.        <\/p>\n\n        <button class=\"zoom regFormButton elementor-button elementor-size-sm\" data-button=\"submit\" id=\"optInForm-btn\">\n            Learn More        <\/button>\n    <\/form>\n<\/div>\n<div class=\"form-widget\" id=\"regFormWrapper\" style=\"visibility: hidden; width: 0; height:0\">\n    <form action=\"\" class=\"flex flex-column\" data-form=\"registrationForm\" data-urlsearchparams=\"\" data-widget=\"registration_2_step\" id=\"reg-form\" method=\"post\" name=\"registrationForm\">\n        <div class=\"elementor-field-type-text elementor-field-group elementor-column elementor-field-group-name elementor-col-100 form-group\">\n            <label for=\"form-first_name\" class=\"elementor-field-label elementor-screen-only\">Fornavn<\/label>\n            <input class=\"elementor-field elementor-size-sm  elementor-field-textual regFormFirstName\" placeholder=\"Fornavn\" data-input=\"firstname\" data-valid=\"false\" id=\"form-first_name\" name=\"firstname\" size=\"1\" type=\"text\">\n            <p class=\"error-message\"><\/p>\n        <\/div>\n\n        <div class=\"elementor-field-type-text elementor-field-group elementor-column elementor-field-group-name elementor-col-100 form-group\">\n            <label for=\"form-last_name\" class=\"elementor-field-label elementor-screen-only\">Etternavn<\/label>\n            <input class=\"elementor-field elementor-size-sm elementor-field-textual regFormLastNname\" placeholder=\"Etternavn\" data-input=\"lastname\" data-valid=\"false\" id=\"form-last_name\" name=\"lastname\" size=\"1\" type=\"text\">\n            <p class=\"error-message\"><\/p>\n        <\/div>\n\n        <div class=\"elementor-field-type-text elementor-field-group elementor-column elementor-field-group-name elementor-col-100 form-group form-group__emailValid\">\n            <label class=\"elementor-field-label elementor-screen-only\" for=\"form-email\">E-post<\/label>\n            <input class=\"elementor-field elementor-size-sm elementor-field-textual regFormEmail\" placeholder=\"E-post\" data-input=\"email\" data-valid=\"false\" id=\"form-email\" name=\"email\" type=\"email\">\n            <p class=\"error-message\"><\/p>\n            <p class=\"form-group__emailValid-info\">\n                <span class=\"form-group__emailValid-message\"><span>Mente du<\/span> <b><\/b>?<\/span> <span class=\"form-group__emailValid-btn\">Erstatte<\/span>            <\/p>\n        <\/div>\n\n        <div class=\"elementor-field-type-tel elementor-field-group elementor-column elementor-field-group-field_fad38fc elementor-col-100 form-group reg-phone\">\n            <label class=\"elementor-field-label elementor-screen-only\" for=\"form-phone_number\">Telefonnummer<\/label>\n            <input class=\"elementor-field elementor-size-sm elementor-field-textual regFormPhoneNumber\" placeholder=\"Telefonnummer\" autocompvare=\"off\" data-input=\"phone_number\" data-valid=\"false\" id=\"form-phone_number\" name=\"phone_number\" size=\"1\" type=\"text\">\n            <p class=\"error-message\"><\/p>\n        <\/div>\n\n        <p class=\"reCAPTCHAContent\">\n            Dette nettstedet er beskyttet av reCAPTCHA, og <a href=\"https:\/\/policies.google.com\/privacy\" target=\"_blank\" rel=\"noopener\">Googles personvernpolicy<\/a> og <a href=\"https:\/\/policies.google.com\/terms\" target=\"_blank\" rel=\"noopener\">brukervilk\u00e5r<\/a> gjelder.        <\/p>\n\n        <button class=\"elementor-button zoom regFormButton\" data-button=\"submit\" id=\"form-btn\" type=\"button\">\n            Learn More        <\/button>\n\n        <div class=\"wrapper__rar-no\" data-modal=\"success\" style=\"display: none\">\n            <div class=\"success\">\n                <img decoding=\"async\" src=\"\/wp-content\/plugins\/fxbot-registration-form\/assets\/images\/regSuccess.png\" alt=\"Takk for registreringen\">\n                <p>Takk for registreringen.<br\/>V\u00e5r agent vil kontakte deg innen kort tid.<br\/>S\u00f8rg for at du brukte det faktiske telefonnummeret.<br\/>Jubel.<\/p>\n            <\/div>\n        <\/div>\n\n        <div class=\"wrapper__rar-no\" data-modal=\"alternative_success\" style=\"display: none\">\n            <div class=\"success\">\n                <p class=\"reg_title\">\n                    <b>Du har koblet til vellykket.<\/b>\n                <\/p>\n                <p>En agent fra selskapet vil kontakte deg snart. Vennligst forsikre deg om at du er tilgjengelig p\u00e5 telefonen for \u00e5 unng\u00e5 \u00e5 g\u00e5 glipp av samtalen.<\/p>\n            <\/div>\n        <\/div>\n\n        <div class=\"wrapper__error\" data-modal=\"error\" style=\"display: none\"><\/div>\n    <\/form>\n<\/div>\n\n<div class=\"submit-overlay\" style=\"display: none;\">\n    <div class=\"lds-spinner\">\n        <div><\/div>\n        <div><\/div>\n        <div><\/div>\n        <div><\/div>\n        <div><\/div>\n        <div><\/div>\n        <div><\/div>\n        <div><\/div>\n    <\/div>\n    <p class=\"overlay-text\">Kobler deg til den beste megleren i ditt omr\u00e5de<\/p>\n<\/div>\n\n\n<\/div><\/div>\n<\/div>\n<\/div><div class=\"gb-container gb-container-197d4570\">\n\n<a class=\"gb-button gb-button-e8c7dfa5\" href=\"https:\/\/oilevexpro.com\/no\/\"><span class=\"gb-button-text\">F&Aring; TILGANG TIL KW_00001 N&Aring;<\/span><span class=\"gb-icon\"><svg xmlns=\"http:\/\/www.w3.org\/2000\/svg\" aria-hidden=\"true\" role=\"img\" height=\"1em\" width=\"1em\" viewbox=\"0 0 256 512\"><path fill=\"currentColor\" d=\"M224.3 273l-136 136c-9.4 9.4-24.6 9.4-33.9 0l-22.6-22.6c-9.4-9.4-9.4-24.6 0-33.9l96.4-96.4-96.4-96.4c-9.4-9.4-9.4-24.6 0-33.9L54.3 103c9.4-9.4 24.6-9.4 33.9 0l136 136c9.5 9.4 9.5 24.6.1 34z\"><\/path><\/svg><\/span><\/a>\n\n<\/div><div class=\"gb-container gb-container-1bdeec8b\">\n<div class=\"gb-container gb-container-9d34a979\"><\/div>\n\n<div class=\"gb-container gb-container-1e789d4e\">\n\n<h3 class=\"gb-headline gb-headline-29613722 gb-headline-text\"><strong>Fordelene med KW_00001 <\/strong><\/h3>\n\n\n\n<p>KW_00001 utmerker seg med kontinuerlig innsamling og effektiv analyse av markedsdata i sanntid. Denne unike evnen gj&oslash;r det mulig for programvaren v&aring;r &aring; utf&oslash;re handelsordrer for deg i en enest&aring;ende hastighet, og overg&aring; b&aring;de menneskelige handelsmenn og andre programvarel&oslash;sninger. KW_00002 utf&oslash;rer ikke bare handler raskere, men baserer seg ogs&aring; p&aring; statistikk, logikk og matematiske algoritmer for &aring; ta handelsbeslutninger, noe som eliminerer innflytelsen fra menneskelige f&oslash;lelser og sikrer objektiv handel.<\/p>\n\n\n\n<p>En av de fremtredende egenskapene til KW_00003 er dens evne til &aring; legge til rette for backstaging. Dette uvurderlige verkt&oslash;yet lar deg teste dine valgte innstillinger basert p&aring; historiske markedsforhold. Ved &aring; utnytte denne funksjonen kan du finjustere innstillingene dine for &aring; maksimere l&oslash;nnsomheten. V&aelig;r trygg p&aring; at v&aring;r sofistikerte programvare flittig vil f&oslash;lge dine etablerte regler mens de h&aring;ndterer alle handelsoppgavene p&aring; dine vegne.<\/p>\n\n\n\n<p>KW_00003 tilbyr fleksibiliteten til b&aring;de automatiske og manuelle handelsalternativer, noe som passer for brukere med ulike ferdighetsniv&aring;er, tidsbegrensninger og interesser. Med v&aring;r plattform kan du administrere flere kontoer, slik at du kan eksperimentere, endre og sammenligne ulike strategier. Utnytt de mange handelsmulighetene som KW_00002 byr p&aring;, og grip de mange mulighetene til &aring; maksimere fortjenesten din.<\/p>\n\n<\/div>\n<\/div><div class=\"gb-container gb-container-67945ee0\">\n<div class=\"gb-container gb-container-12a13938\">\n\n<a class=\"gb-button gb-button-15cad45f\" href=\"https:\/\/oilevexpro.com\/no\/\"><span class=\"gb-button-text\"><strong>TEST KW_00001<\/strong><\/span><span class=\"gb-icon\"><svg xmlns=\"http:\/\/www.w3.org\/2000\/svg\" aria-hidden=\"true\" role=\"img\" height=\"1em\" width=\"1em\" viewbox=\"0 0 256 512\"><path fill=\"currentColor\" d=\"M224.3 273l-136 136c-9.4 9.4-24.6 9.4-33.9 0l-22.6-22.6c-9.4-9.4-9.4-24.6 0-33.9l96.4-96.4-96.4-96.4c-9.4-9.4-9.4-24.6 0-33.9L54.3 103c9.4-9.4 24.6-9.4 33.9 0l136 136c9.5 9.4 9.5 24.6.1 34z\"><\/path><\/svg><\/span><\/a>\n\n<\/div>\n<\/div><div class=\"gb-container gb-container-5d2e4740\">\n<div class=\"gb-container gb-container-d34d15be\">\n<div class=\"gb-grid-wrapper gb-grid-wrapper-4257ebc4\">\n<div class=\"gb-grid-column gb-grid-column-60a1d140\"><div class=\"gb-container gb-container-60a1d140\">\n<div class=\"gb-container gb-container-d446dbb2\">\n\n<span class=\"gb-button gb-button-4f39012e\"><span class=\"gb-icon\"><svg xmlns=\"http:\/\/www.w3.org\/2000\/svg\" height=\"15\" width=\"15\" fill=\"none\" viewbox=\"0 0 15 15\"><path fill=\"currentColor\" d=\"M4 1.5V4H1.5A1.5 1.5 0 000 5.5v8A1.5 1.5 0 001.5 15h8a1.5 1.5 0 001.5-1.5V11h2.5A1.5 1.5 0 0015 9.5v-8A1.5 1.5 0 0013.5 0h-8A1.5 1.5 0 004 1.5zM5.5 1a.5.5 0 00-.5.5V4h4.5A1.5 1.5 0 0111 5.5V10h2.5a.5.5 0 00.5-.5v-8a.5.5 0 00-.5-.5h-8zm0 10A1.5 1.5 0 014 9.5V5H1.5a.5.5 0 00-.5.5v8a.5.5 0 00.5.5h8a.5.5 0 00.5-.5V11H5.5z\" clip-rule=\"evenodd\" fill-rule=\"evenodd\"><\/path><\/svg><\/span><\/span>\n\n<\/div>\n\n\n<h3 class=\"gb-headline gb-headline-f8d314cb gb-headline-text\"><strong>Programvarel&oslash;sningen<\/strong><\/h3>\n\n\n\n<p class=\"has-text-align-center\">KW_00001 er omhyggelig utformet for &aring; oppfylle sitt form&aring;l som et verdifullt og brukervennlig verkt&oslash;y for tradere p&aring; alle niv&aring;er. Det gir deg mulighet til &aring; enkelt og effektivt handle Bitcoin og forskjellige kryptovalutaer med den st&oslash;rste bekvemmelighet.<\/p>\n\n\n\n<p class=\"has-text-align-center\">Med KW_00002 kan du kaste deg ut i en verden av kryptovalutahandel uten &aring; bruke mye tid og krefter p&aring; &aring; studere markedsinformasjon og trender. Borte er dagene med skremmende l&aelig;re &aring; handle og slite med potensielt profitt. V&aring;r l&oslash;sning eliminerer behovet for forkunnskaper og erfaring, slik at du kan ta fatt p&aring; din handelsreise med minimal tid og innsats.<\/p>\n\n<\/div><\/div>\n\n<div class=\"gb-grid-column gb-grid-column-6922dcd9\"><div class=\"gb-container gb-container-6922dcd9\">\n<div class=\"gb-container gb-container-b5c2993b\">\n\n<span class=\"gb-button gb-button-05b34aef\"><span class=\"gb-icon\"><svg xmlns=\"http:\/\/www.w3.org\/2000\/svg\" height=\"15\" width=\"15\" fill=\"none\" viewbox=\"0 0 15 15\"><path fill=\"currentColor\" d=\"M4 4V1.5A1.5 1.5 0 015.5 0h8A1.5 1.5 0 0115 1.5v8a1.5 1.5 0 01-1.5 1.5H11v2.5A1.5 1.5 0 019.5 15h-8A1.5 1.5 0 010 13.5v-8A1.5 1.5 0 011.5 4H4zm6 1v5H5V5h5z\" clip-rule=\"evenodd\" fill-rule=\"evenodd\"><\/path><\/svg><\/span><\/span>\n\n<\/div>\n\n\n<h3 class=\"gb-headline gb-headline-13950594 gb-headline-text\"><strong>KW_00001 Trader-gjennomgang<\/strong><\/h3>\n\n\n\n<p class=\"has-text-align-center\">KW_00001 er et p&aring;litelig handelsverkt&oslash;y som tilbyr b&aring;de manuelle og helautomatiske alternativer, designet for &aring; utf&oslash;re presise kryptovalutahandler p&aring; dine vegne. I motsetning til annen Bitcoin-valutahandelsprogramvare, er plattformen v&aring;r drevet av avanserte algoritmer som analyserer markedsdata, og sikrer en imponerende n&oslash;yaktighet p&aring; 99,4 % ved &aring;pning og lukking av handler. KW_00002 skiller seg ut ved at den har en bemerkelsesverdig fordel p&aring; 0,01 sekunder i forhold til konkurrerende programvare, noe som gj&oslash;r den til det foretrukne valget for tradere.<\/p>\n\n\n\n<p class=\"has-text-align-center\">KW_00003 er anerkjent av den anerkjente US Trading Association og har sikret seg topplasseringen i kategorien Trading-programvare. I tillegg eliminerer dens nettbaserte natur behovet for nedlastinger, og oppn&aring;r godkjenning fra antivirusselskaper for forbedret sikkerhet.<\/p>\n\n<\/div><\/div>\n\n<div class=\"gb-grid-column gb-grid-column-58d3b69b\"><div class=\"gb-container gb-container-58d3b69b\">\n<div class=\"gb-container gb-container-7f21e89f\">\n\n<span class=\"gb-button gb-button-df17151f\"><span class=\"gb-icon\"><svg xmlns=\"http:\/\/www.w3.org\/2000\/svg\" height=\"15\" width=\"15\" fill=\"none\" viewbox=\"0 0 15 15\"><path fill=\"currentColor\" d=\"M4 4H1.5A1.5 1.5 0 000 5.5v8A1.5 1.5 0 001.5 15h8a1.5 1.5 0 001.5-1.5V11h2.5A1.5 1.5 0 0015 9.5v-8A1.5 1.5 0 0013.5 0h-8A1.5 1.5 0 004 1.5V4zm1-2.5a.5.5 0 01.5-.5h8a.5.5 0 01.5.5v8a.5.5 0 01-.5.5h-8a.5.5 0 01-.5-.5v-8z\" clip-rule=\"evenodd\" fill-rule=\"evenodd\"><\/path><\/svg><\/span><\/span>\n\n<\/div>\n\n\n<h3 class=\"gb-headline gb-headline-7625b1b1 gb-headline-text\"><strong>Dragens hule<\/strong><\/h3>\n\n\n\n<p class=\"has-text-align-center\">KW_00003 Software har absolutt ingen tilknytning til den beryktede Dragons Den Scam. Dragons Den, ogs&aring; kjent som Bitcoin Loophole-svindel, fungerer som et villedende opplegg, som lokker intetanende brukere til &aring; investere i en uredelig satsning forkledd som en innovativ oppstartsprogramvare. Det er avgj&oslash;rende &aring; erkjenne at denne svindelen ikke var med i Dragon&rsquo;s Den TV-show og ikke mottok noen st&oslash;tte fra showet eller dets rollebesetning.<\/p>\n\n\n\n<p class=\"has-text-align-center\">Det er viktig &aring; understreke at Dragons Den bare utnyttet omd&oslash;mmet til den originale anerkjente programvaren og seriens kjendiser for &aring; lure enkeltpersoner til &aring; skille seg fra sine hardt opptjente penger. Det er viktig &aring; utvise forsiktighet og styre unna annonser eller publikasjoner som kommer med grunnl&oslash;se p&aring;stander, da de ikke har noen sammenheng med den ekte KW_00002.<\/p>\n\n<\/div><\/div>\n<\/div>\n<\/div>\n<\/div><div class=\"gb-container gb-container-39bfdacb\">\n<div class=\"gb-container gb-container-45f3ab74\">\n\n<h3 class=\"gb-headline gb-headline-e982b89b gb-headline-text\">Registrer deg sikkert til KW_00001<\/h3>\n\n\n\n<a class=\"gb-button gb-button-a3e3ab09\" href=\"https:\/\/oilevexpro.com\/no\/\"><span class=\"gb-button-text\">Registrer deg sikkert<\/span><span class=\"gb-icon\"><svg xmlns=\"http:\/\/www.w3.org\/2000\/svg\" aria-hidden=\"true\" role=\"img\" height=\"1em\" width=\"1em\" viewbox=\"0 0 256 512\"><path fill=\"currentColor\" d=\"M224.3 273l-136 136c-9.4 9.4-24.6 9.4-33.9 0l-22.6-22.6c-9.4-9.4-9.4-24.6 0-33.9l96.4-96.4-96.4-96.4c-9.4-9.4-9.4-24.6 0-33.9L54.3 103c9.4-9.4 24.6-9.4 33.9 0l136 136c9.5 9.4 9.5 24.6.1 34z\"><\/path><\/svg><\/span><\/a>\n\n<\/div>\n<\/div>\n","protected":false},"excerpt":{"rendered":"<p>Om den nyeste 2.0 KW_00001 Fordelene med KW_00001 KW_00001 utmerker seg med kontinuerlig innsamling og effektiv analyse av markedsdata i sanntid. Denne unike evnen gj&oslash;r det mulig for programvaren v&aring;r &aring; utf&oslash;re handelsordrer for deg i en enest&aring;ende hastighet, og overg&aring; b&aring;de menneskelige handelsmenn og andre programvarel&oslash;sninger. KW_00002 utf&oslash;rer ikke bare handler raskere, men baserer &#8230; <a title=\"Om oss\" class=\"read-more\" href=\"https:\/\/oilevexpro.com\/no\/om-oss\/\" aria-label=\"Read more about Om oss\">Les mer<\/a><\/p>\n","protected":false},"author":1,"featured_media":0,"parent":0,"menu_order":0,"comment_status":"closed","ping_status":"closed","template":"","meta":{"footnotes":""},"class_list":["post-5102","page","type-page","status-publish"],"_links":{"self":[{"href":"https:\/\/oilevexpro.com\/no\/wp-json\/wp\/v2\/pages\/5102","targetHints":{"allow":["GET"]}}],"collection":[{"href":"https:\/\/oilevexpro.com\/no\/wp-json\/wp\/v2\/pages"}],"about":[{"href":"https:\/\/oilevexpro.com\/no\/wp-json\/wp\/v2\/types\/page"}],"author":[{"embeddable":true,"href":"https:\/\/oilevexpro.com\/no\/wp-json\/wp\/v2\/users\/1"}],"replies":[{"embeddable":true,"href":"https:\/\/oilevexpro.com\/no\/wp-json\/wp\/v2\/comments?post=5102"}],"version-history":[{"count":0,"href":"https:\/\/oilevexpro.com\/no\/wp-json\/wp\/v2\/pages\/5102\/revisions"}],"wp:attachment":[{"href":"https:\/\/oilevexpro.com\/no\/wp-json\/wp\/v2\/media?parent=5102"}],"curies":[{"name":"wp","href":"https:\/\/api.w.org\/{rel}","templated":true}]}}