{"id":4772,"date":"2020-09-18T14:37:23","date_gmt":"2020-09-18T14:37:23","guid":{"rendered":"https:\/\/oilevexpro.com\/kontakt\/"},"modified":"2024-10-27T12:52:12","modified_gmt":"2024-10-27T12:52:12","slug":"kontakt","status":"publish","type":"page","link":"https:\/\/oilevexpro.com\/pl\/kontakt\/","title":{"rendered":"Kontakt"},"content":{"rendered":"<?xml encoding=\"UTF-8\"><div class=\"gb-container gb-container-e7990ed0\">\n<div class=\"gb-container gb-container-143b77ca\">\n\n<h1 class=\"gb-headline gb-headline-d325e19c gb-headline-text\">Skontaktuj si&#281; z nami &ndash; KW_00001 &ndash; Narz&#281;dzie zasilane GPT<\/h1>\n\n<\/div>\n<\/div><div class=\"gb-container gb-container-e6cfd54a\">\n<div class=\"gb-container gb-container-c74301cf\">\n<div class=\"gb-grid-wrapper gb-grid-wrapper-80bc0e69\">\n<div class=\"gb-grid-column gb-grid-column-358e8ba0\"><div class=\"gb-container gb-container-358e8ba0\">\n\n<h2 class=\"gb-headline gb-headline-183e6841 gb-headline-text\"><strong>Dzi&#281;kujemy za zainteresowanie <\/strong><br><strong>KW_00001<\/strong><\/h2>\n\n\n\n<p>W KW_00002 dok&#322;adamy wszelkich stara&#324;, aby zapewni&#263; kompleksow&#261; obs&#322;ug&#281; klienta w celu zagwarantowania optymalnego do&#347;wiadczenia handlowego i uwolnienia maksymalnego potencja&#322;u handlowego.<\/p>\n\n\n\n<p>Naszym najwy&#380;szym priorytetem jest umo&#380;liwienie ci pe&#322;nego wykorzystania potencja&#322;u systemu i cieszenia si&#281; p&#322;ynn&#261;, przyjazn&#261; dla u&#380;ytkownika obs&#322;ug&#261;. Aby to osi&#261;gn&#261;&#263;, nawi&#261;zali&#347;my wsp&oacute;&#322;prac&#281; z wiod&#261;cymi w bran&#380;y, licencjonowanymi brokerami, kt&oacute;rzy pomog&#261; Ci w handlu aktywami cyfrowymi. Ta kurtuazyjna us&#322;uga jest &#347;wiadczona ca&#322;kowicie bezp&#322;atnie, zapewniaj&#261;c, &#380;e otrzymasz wskaz&oacute;wki i wiedz&#281;, kt&oacute;rych potrzebujesz, niezale&#380;nie od poziomu umiej&#281;tno&#347;ci, wiedzy lub do&#347;wiadczenia.<\/p>\n\n<\/div><\/div>\n\n<div class=\"gb-grid-column gb-grid-column-07c2a368\"><div class=\"gb-container gb-container-07c2a368\">\n\n<h2 class=\"gb-headline gb-headline-a0231c48 gb-headline-text\">Kontakt i bezp&#322;atna rejestracja<\/h2>\n\n\n    <script>\n        localStorage.setItem('fxbot_ab_testing', '{\"login\":[],\"registration\":[],\"contactus\":[]}');\n    <\/script>\n    <style>\n        .reCAPTCHAContent {\n            display: none;\n            visibility: hidden;\n        }\n    <\/style>\n\n\n<script>\n    localStorage.setItem('fxbot_api_parameters', '[{\"key\":\"emailmarketing\",\"value\":\"1\",\"override\":true},{\"key\":\"funnel\",\"value\":\"KW_F_00001\",\"override\":true}]');\n    localStorage.setItem('fxbot_alias_url', 'wp-content\/plugins\/fxbot-registration-form\/api.php');\n    localStorage.setItem('fxbot_email_marketing', '1');\n    localStorage.setItem('fxbot_email_marketing_debounce', 'true');\n    localStorage.setItem('fxbot_email_marketing_debounce_time', '1000');\n    localStorage.setItem('fxbot_recaptcha_enabled', 'false');\n    localStorage.setItem('fxbot_recaptcha_site_key', 'EMPTY');\n    localStorage.setItem('fxbot_alt_reg_popup_query_selector', '');\n    localStorage.setItem('fxbot_redirectVariant', '0');\n<\/script>\n<div class=\"form-widget\" id=\"optInFormWrapper\">\n    <form action=\"\" class=\"flex flex-column\" data-form=\"optInForm\" data-urlsearchparams=\"\" data-widget=\"registration_2_step\" id=\"opt-form\" method=\"post\" name=\"optInForm\">\n        <div class=\"elementor-field-type-text elementor-field-group elementor-column elementor-field-group-name elementor-col-100 form-group\">\n            <label for=\"form-first_name\" class=\"elementor-field-label elementor-screen-only\">Imi\u0119<\/label>\n            <input class=\"elementor-field elementor-size-sm  elementor-field-textual regFormFirstName\" placeholder=\"Imi\u0119\" data-input=\"firstname\" data-valid=\"false\" id=\"form-first_name\" name=\"firstname\" size=\"1\" type=\"text\">\n            <p class=\"error-message\"><\/p>\n        <\/div>\n\n        <div class=\"elementor-field-type-text elementor-field-group elementor-column elementor-field-group-name elementor-col-100 form-group\">\n            <label for=\"form-last_name\" class=\"elementor-field-label elementor-screen-only\">Nazwisko<\/label>\n            <input class=\"elementor-field elementor-size-sm elementor-field-textual regFormLastNname\" placeholder=\"Nazwisko\" data-input=\"lastname\" data-valid=\"false\" id=\"form-last_name\" name=\"lastname\" size=\"1\" type=\"text\">\n            <p class=\"error-message\"><\/p>\n        <\/div>\n\n        <div class=\"form-group elementor-field-type-text elementor-field-group elementor-column elementor-field-group-name elementor-col-100\">\n            <label class=\"elementor-field-label elementor-screen-only\" for=\"form-email\">E-mail<\/label>\n            <input class=\"regFormEmail elementor-field elementor-size-sm elementor-field-textual\" placeholder=\"E-mail\" data-input=\"email\" data-valid=\"false\" id=\"form-email\" name=\"email\" type=\"email\">\n            <p class=\"error-message\"><\/p>\n            <div class=\"form-group__emailValid-info\">\n                <span class=\"form-group__emailValid-message\"><span>Czy chodzi\u0142o Ci o<\/span> <b><\/b>?<\/span> <span class=\"form-group__emailValid-btn\">Zast\u0119powa\u0107<\/span>            <\/div>\n        <\/div>\n\n        <p class=\"reCAPTCHAContent\">\n            Ta strona jest chroniona przez reCAPTCHA, obowi\u0105zuje <a href=\"https:\/\/policies.google.com\/privacy\" target=\"_blank\" rel=\"noopener\">Polityka prywatno\u015bci<\/a> oraz <a href=\"https:\/\/policies.google.com\/terms\" target=\"_blank\" rel=\"noopener\">Regulamin us\u0142ugi<\/a> Google.        <\/p>\n\n        <button class=\"zoom regFormButton elementor-button elementor-size-sm\" data-button=\"submit\" id=\"optInForm-btn\">\n            Submit        <\/button>\n    <\/form>\n<\/div>\n<div class=\"form-widget\" id=\"regFormWrapper\" style=\"visibility: hidden; width: 0; height:0\">\n    <form action=\"\" class=\"flex flex-column\" data-form=\"registrationForm\" data-urlsearchparams=\"\" data-widget=\"registration_2_step\" id=\"reg-form\" method=\"post\" name=\"registrationForm\">\n        <div class=\"elementor-field-type-text elementor-field-group elementor-column elementor-field-group-name elementor-col-100 form-group\">\n            <label for=\"form-first_name\" class=\"elementor-field-label elementor-screen-only\">Imi\u0119<\/label>\n            <input class=\"elementor-field elementor-size-sm  elementor-field-textual regFormFirstName\" placeholder=\"Imi\u0119\" data-input=\"firstname\" data-valid=\"false\" id=\"form-first_name\" name=\"firstname\" size=\"1\" type=\"text\">\n            <p class=\"error-message\"><\/p>\n        <\/div>\n\n        <div class=\"elementor-field-type-text elementor-field-group elementor-column elementor-field-group-name elementor-col-100 form-group\">\n            <label for=\"form-last_name\" class=\"elementor-field-label elementor-screen-only\">Nazwisko<\/label>\n            <input class=\"elementor-field elementor-size-sm elementor-field-textual regFormLastNname\" placeholder=\"Nazwisko\" data-input=\"lastname\" data-valid=\"false\" id=\"form-last_name\" name=\"lastname\" size=\"1\" type=\"text\">\n            <p class=\"error-message\"><\/p>\n        <\/div>\n\n        <div class=\"elementor-field-type-text elementor-field-group elementor-column elementor-field-group-name elementor-col-100 form-group form-group__emailValid\">\n            <label class=\"elementor-field-label elementor-screen-only\" for=\"form-email\">E-mail<\/label>\n            <input class=\"elementor-field elementor-size-sm elementor-field-textual regFormEmail\" placeholder=\"E-mail\" data-input=\"email\" data-valid=\"false\" id=\"form-email\" name=\"email\" type=\"email\">\n            <p class=\"error-message\"><\/p>\n            <p class=\"form-group__emailValid-info\">\n                <span class=\"form-group__emailValid-message\"><span>Czy chodzi\u0142o Ci o<\/span> <b><\/b>?<\/span> <span class=\"form-group__emailValid-btn\">Zast\u0119powa\u0107<\/span>            <\/p>\n        <\/div>\n\n        <div class=\"elementor-field-type-tel elementor-field-group elementor-column elementor-field-group-field_fad38fc elementor-col-100 form-group reg-phone\">\n            <label class=\"elementor-field-label elementor-screen-only\" for=\"form-phone_number\">Numer telefonu<\/label>\n            <input class=\"elementor-field elementor-size-sm elementor-field-textual regFormPhoneNumber\" placeholder=\"Numer telefonu\" autocompvare=\"off\" data-input=\"phone_number\" data-valid=\"false\" id=\"form-phone_number\" name=\"phone_number\" size=\"1\" type=\"text\">\n            <p class=\"error-message\"><\/p>\n        <\/div>\n\n        <p class=\"reCAPTCHAContent\">\n            Ta strona jest chroniona przez reCAPTCHA, obowi\u0105zuje <a href=\"https:\/\/policies.google.com\/privacy\" target=\"_blank\" rel=\"noopener\">Polityka prywatno\u015bci<\/a> oraz <a href=\"https:\/\/policies.google.com\/terms\" target=\"_blank\" rel=\"noopener\">Regulamin us\u0142ugi<\/a> Google.        <\/p>\n\n        <button class=\"elementor-button zoom regFormButton\" data-button=\"submit\" id=\"form-btn\" type=\"button\">\n            Submit        <\/button>\n\n        <div class=\"wrapper__rar-no\" data-modal=\"success\" style=\"display: none\">\n            <div class=\"success\">\n                <img decoding=\"async\" src=\"\/wp-content\/plugins\/fxbot-registration-form\/assets\/images\/regSuccess.png\" alt=\"Dzi\u0119kuj\u0119 za rejestracj\u0119\">\n                <p>Dzi\u0119kuj\u0119 za rejestracj\u0119.<br\/>Nasz Agent wkr\u00f3tce si\u0119 z Tob\u0105 skontaktuje.<br\/>Upewnij si\u0119, \u017ce u\u017cy\u0142e\u015b rzeczywistego numeru telefonu.<br\/>Twoje zdrowie.<\/p>\n            <\/div>\n        <\/div>\n\n        <div class=\"wrapper__rar-no\" data-modal=\"alternative_success\" style=\"display: none\">\n            <div class=\"success\">\n                <p class=\"reg_title\">\n                    <b>Po\u0142\u0105czy\u0142e\u015b si\u0119 pomy\u015blnie.<\/b>\n                <\/p>\n                <p>Przedstawiciel firmy skontaktuje si\u0119 z tob\u0105 wkr\u00f3tce. Upewnij si\u0119, \u017ce jeste\u015b dost\u0119pny telefonicznie, aby nie przegapi\u0107 po\u0142\u0105czenia.<\/p>\n            <\/div>\n        <\/div>\n\n        <div class=\"wrapper__error\" data-modal=\"error\" style=\"display: none\"><\/div>\n    <\/form>\n<\/div>\n\n<div class=\"submit-overlay\" style=\"display: none;\">\n    <div class=\"lds-spinner\">\n        <div><\/div>\n        <div><\/div>\n        <div><\/div>\n        <div><\/div>\n        <div><\/div>\n        <div><\/div>\n        <div><\/div>\n        <div><\/div>\n    <\/div>\n    <p class=\"overlay-text\">\u0141\u0105czenie Ci\u0119 z najlepszym brokerem w Twojej okolicy<\/p>\n<\/div>\n\n\n<\/div><\/div>\n<\/div>\n<\/div>\n<\/div><div class=\"gb-container gb-container-60bbda29\">\n<div class=\"gb-container gb-container-0b4cfa6a\">\n\n<h2 class=\"gb-headline gb-headline-38a74e45 gb-headline-text\">KW_00003 Wytyczne dotycz&#261;ce kontakt&oacute;w<\/h2>\n\n\n\n<p class=\"gb-headline gb-headline-6c77b38e gb-headline-text\">Prosimy o po&#347;wi&#281;cenie czasu na zapoznanie si&#281; z wytycznymi dotycz&#261;cymi informacji kontaktowych, aby dedykowany zesp&oacute;&#322; wsparcia m&oacute;g&#322; odpowiedzie&#263; na Twoje pytanie zgodnie z jego tematem.<\/p>\n\n\n\n<p class=\"has-base-2-color has-text-color\" style=\"font-style:normal;font-weight:200\">*Je&#347;li potrzebujesz dodatkowych informacji, pomocy przy rejestracji lub masz jakiekolwiek problemy techniczne, skorzystaj z<strong> <\/strong>poni&#380;szego formularza, aby si&#281; z nami skontaktowa&#263;; cz&#322;onek zespo&#322;u obs&#322;ugi klienta niezw&#322;ocznie odpowie.<\/p>\n\n<\/div>\n<\/div><section class=\"gb-container gb-container-1537fc24\">\n<div class=\"gb-container gb-container-489b4d10\">\n<div class=\"gb-grid-wrapper gb-grid-wrapper-9ec40c2c\">\n<div class=\"gb-grid-column gb-grid-column-1d94304b\"><div class=\"gb-container gb-container-1d94304b\">\n<div class=\"gb-container gb-container-c1d4759b\">\n\n<span class=\"gb-button gb-button-10e59523\"><span class=\"gb-icon\"><svg xmlns=\"http:\/\/www.w3.org\/2000\/svg\" viewbox=\"0 0 512 512\" width=\"1em\" height=\"1em\" aria-hidden=\"true\"><path d=\"M464 64H48C21.49 64 0 85.49 0 112v288c0 26.51 21.49 48 48 48h416c26.51 0 48-21.49 48-48V112c0-26.51-21.49-48-48-48zm0 48v40.805c-22.422 18.259-58.168 46.651-134.587 106.49-16.841 13.247-50.201 45.072-73.413 44.701-23.208.375-56.579-31.459-73.413-44.701C106.18 199.465 70.425 171.067 48 152.805V112h416zM48 400V214.398c22.914 18.251 55.409 43.862 104.938 82.646 21.857 17.205 60.134 55.186 103.062 54.955 42.717.231 80.509-37.199 103.053-54.947 49.528-38.783 82.032-64.401 104.947-82.653V400H48z\" fill=\"currentColor\"><\/path><\/svg><\/span><\/span>\n\n\n<div class=\"gb-container gb-container-73575364\">\n\n<h3 class=\"gb-headline gb-headline-c3604ae8 gb-headline-text\">E-mail<\/h3>\n\n\n\n<p class=\"gb-headline gb-headline-f3e4fae6 gb-headline-text\">support@OilEvexPro.com<\/p>\n\n<\/div>\n<\/div>\n\n<div class=\"gb-container gb-container-0a31b6cd\">\n\n<span class=\"gb-button gb-button-e9624d06\"><span class=\"gb-icon\"><svg xmlns=\"http:\/\/www.w3.org\/2000\/svg\" viewbox=\"0 0 368.666 368.666\" style=\"enable-background:new 0 0 368.666 368.666\" xml:space=\"preserve\"><path d=\"M184.333 0C102.01 0 35.036 66.974 35.036 149.297c0 33.969 11.132 65.96 32.193 92.515 27.27 34.383 106.572 116.021 109.934 119.479l7.169 7.375 7.17-7.374c3.364-3.46 82.69-85.116 109.964-119.51 21.042-26.534 32.164-58.514 32.164-92.485C333.63 66.974 266.656 0 184.333 0zm101.462 229.355c-21.956 27.687-80.92 89.278-101.462 110.581-20.54-21.302-79.483-82.875-101.434-110.552-18.228-22.984-27.863-50.677-27.863-80.087C55.036 78.002 113.038 20 184.333 20c71.294 0 129.297 58.002 129.296 129.297 0 29.412-9.625 57.096-27.834 80.058z\"><\/path><path d=\"M184.333 59.265c-48.73 0-88.374 39.644-88.374 88.374s39.645 88.374 88.374 88.374 88.374-39.645 88.374-88.374-39.644-88.374-88.374-88.374zm0 156.748c-37.702 0-68.374-30.673-68.374-68.374 0-37.702 30.673-68.374 68.374-68.374s68.373 30.673 68.374 68.374c0 37.702-30.672 68.374-68.374 68.374z\"><\/path><\/svg><\/span><\/span>\n\n\n<div class=\"gb-container gb-container-25a02a25\">\n\n<h3 class=\"gb-headline gb-headline-eec48bfe gb-headline-text\">Lokalizacja<\/h3>\n\n\n\n<p class=\"gb-headline gb-headline-ea38b2da gb-headline-text\">WeWork 380 Jalan Besar: 380 Jalan Besar, Arc 380, Singapur 209000<\/p>\n\n<\/div>\n<\/div>\n<\/div><\/div>\n\n<div class=\"gb-grid-column gb-grid-column-e6476df9\"><div class=\"gb-container gb-container-e6476df9\">\n\n<iframe src=\"https:\/\/www.google.com\/maps\/embed?pb=!1m18!1m12!1m3!1d3988.7708174521176!2d103.8600594!3d1.3129499999999998!2m3!1f0!2f0!3f0!3m2!1i1024!2i768!4f13.1!3m3!1m2!1s0x31da19a3cdf92b65%3A0xd17b10876ac473a3!2sWeWork%20-%20Office%20Space%20%26%20Coworking!5e0!3m2!1sen!2snl!4v1691417076881!5m2!1sen!2snl\" width=\"600\" height=\"450\" style=\"border:0;\" allowfullscreen=\"\" loading=\"lazy\" referrerpolicy=\"no-referrer-when-downgrade\"><\/iframe>\n\n<\/div><\/div>\n<\/div>\n<\/div>\n<\/section>\n","protected":false},"excerpt":{"rendered":"<p>Skontaktuj si&#281; z nami &ndash; KW_00001 &ndash; Narz&#281;dzie zasilane GPT KW_00003 Wytyczne dotycz&#261;ce kontakt&oacute;w Prosimy o po&#347;wi&#281;cenie czasu na zapoznanie si&#281; z wytycznymi dotycz&#261;cymi informacji kontaktowych, aby dedykowany zesp&oacute;&#322; wsparcia m&oacute;g&#322; odpowiedzie&#263; na Twoje pytanie zgodnie z jego tematem. *Je&#347;li potrzebujesz dodatkowych informacji, pomocy przy rejestracji lub masz jakiekolwiek problemy techniczne, skorzystaj z poni&#380;szego formularza, &#8230; <a title=\"Kontakt\" class=\"read-more\" href=\"https:\/\/oilevexpro.com\/pl\/kontakt\/\" aria-label=\"Dowiedz si\u0119 wi\u0119cej o Kontakt\">Czytaj dalej<\/a><\/p>\n","protected":false},"author":1,"featured_media":0,"parent":0,"menu_order":0,"comment_status":"closed","ping_status":"closed","template":"","meta":{"footnotes":""},"class_list":["post-4772","page","type-page","status-publish"],"_links":{"self":[{"href":"https:\/\/oilevexpro.com\/pl\/wp-json\/wp\/v2\/pages\/4772","targetHints":{"allow":["GET"]}}],"collection":[{"href":"https:\/\/oilevexpro.com\/pl\/wp-json\/wp\/v2\/pages"}],"about":[{"href":"https:\/\/oilevexpro.com\/pl\/wp-json\/wp\/v2\/types\/page"}],"author":[{"embeddable":true,"href":"https:\/\/oilevexpro.com\/pl\/wp-json\/wp\/v2\/users\/1"}],"replies":[{"embeddable":true,"href":"https:\/\/oilevexpro.com\/pl\/wp-json\/wp\/v2\/comments?post=4772"}],"version-history":[{"count":0,"href":"https:\/\/oilevexpro.com\/pl\/wp-json\/wp\/v2\/pages\/4772\/revisions"}],"wp:attachment":[{"href":"https:\/\/oilevexpro.com\/pl\/wp-json\/wp\/v2\/media?parent=4772"}],"curies":[{"name":"wp","href":"https:\/\/api.w.org\/{rel}","templated":true}]}}