{"id":5115,"date":"2020-09-18T14:36:50","date_gmt":"2020-09-18T14:36:50","guid":{"rendered":"https:\/\/oilevexpro.com\/o-nas\/"},"modified":"2024-11-14T20:29:48","modified_gmt":"2024-11-14T20:29:48","slug":"o-nas","status":"publish","type":"page","link":"https:\/\/oilevexpro.com\/pl\/o-nas\/","title":{"rendered":"O nas"},"content":{"rendered":"<?xml encoding=\"UTF-8\"><div class=\"gb-container gb-container-a462a256\">\n<div class=\"gb-container gb-container-2acc6621\">\n\n<h1 class=\"gb-headline gb-headline-d325e19c gb-headline-text\">O najnowszej wersji 2.0 KW_00001<\/h1>\n\n<\/div>\n<\/div><div class=\"gb-container gb-container-287f468b\">\n<div class=\"gb-grid-wrapper gb-grid-wrapper-b386d038\">\n<div class=\"gb-grid-column gb-grid-column-387381c3\"><div class=\"gb-container gb-container-387381c3\">\n\n<h2 class=\"gb-headline gb-headline-db283a53 gb-headline-text\">Co to jest KW_00001?<\/h2>\n\n\n\n<p>Staj&#261;c si&#281; cz&#322;onkiem spo&#322;eczno&#347;ci KW_00001, zyskujesz wy&#322;&#261;czny dost&#281;p do wiod&#261;cego oprogramowania do handlu kryptowalutami. To, co wyr&oacute;&#380;nia nasz&#261; platform&#281;, to przyjazny dla u&#380;ytkownika interfejs, dzi&#281;ki czemu jest ona dost&#281;pna dla os&oacute;b bez wcze&#347;niejszego do&#347;wiadczenia handlowego lub specjalistycznych umiej&#281;tno&#347;ci.<\/p>\n\n\n\n<p>Nasza platforma oferuje wiele korzy&#347;ci, usprawniaj&#261;c Twoj&#261; podr&oacute;&#380; handlow&#261;. Nie tylko gromadzi dane, ale tak&#380;e przeprowadza kompleksow&#261; analiz&#281;, umo&#380;liwiaj&#261;c racjonalne i wolne od emocji podejmowanie decyzji. Co wi&#281;cej, p&#322;ynnie realizuje transakcje w imieniu u&#380;ytkownika, dzia&#322;aj&#261;c niemal przez ca&#322;&#261; dob&#281;.<\/p>\n\n\n\n<p>KW_00002 to co&#347; wi&#281;cej ni&#380; tylko oprogramowanie do automatycznego handlu; to pr&#281;&#380;nie rozwijaj&#261;ca si&#281; spo&#322;eczno&#347;&#263; handlowa online. Jako cz&#322;onek mo&#380;esz cieszy&#263; si&#281; zaletami zautomatyzowanego i zyskownego handlu kryptowalutami we wspieraj&#261;cym &#347;rodowisku spo&#322;eczno&#347;ci.<\/p>\n\n\n\n<p>Nasza najnowocze&#347;niejsza technologia pozwala KW_00003 analizowa&#263; trendy rynkowe i realizowa&#263; transakcje z niesamowit&#261; szybko&#347;ci&#261;, przewy&#380;szaj&#261;c wiele innych program&oacute;w handlowych o 0,01 sekundy. Ta zaleta zapewnia przewag&#281; w szybko zmieniaj&#261;cym si&#281; &#347;wiecie handlu kryptowalutami.<\/p>\n\n<\/div><\/div>\n\n<div class=\"gb-grid-column gb-grid-column-51a60565\"><div class=\"gb-container gb-container-51a60565\">\n\n<h2 class=\"gb-headline gb-headline-d521daef gb-headline-text\">Dowiedz si&#281; wi&#281;cej o naszej platformie &ndash; Bezp&#322;atna rejestracja<\/h2>\n\n\n    <script>\n        localStorage.setItem('fxbot_ab_testing', '{\"login\":[],\"registration\":[],\"contactus\":[]}');\n    <\/script>\n    <style>\n        .reCAPTCHAContent {\n            display: none;\n            visibility: hidden;\n        }\n    <\/style>\n\n\n<script>\n    localStorage.setItem('fxbot_api_parameters', '[{\"key\":\"emailmarketing\",\"value\":\"1\",\"override\":true},{\"key\":\"funnel\",\"value\":\"KW_F_00001\",\"override\":true}]');\n    localStorage.setItem('fxbot_alias_url', 'wp-content\/plugins\/fxbot-registration-form\/api.php');\n    localStorage.setItem('fxbot_email_marketing', '1');\n    localStorage.setItem('fxbot_email_marketing_debounce', 'true');\n    localStorage.setItem('fxbot_email_marketing_debounce_time', '1000');\n    localStorage.setItem('fxbot_recaptcha_enabled', 'false');\n    localStorage.setItem('fxbot_recaptcha_site_key', 'EMPTY');\n    localStorage.setItem('fxbot_alt_reg_popup_query_selector', '');\n    localStorage.setItem('fxbot_redirectVariant', '0');\n<\/script>\n<div class=\"form-widget\" id=\"optInFormWrapper\">\n    <form action=\"\" class=\"flex flex-column\" data-form=\"optInForm\" data-urlsearchparams=\"\" data-widget=\"registration_2_step\" id=\"opt-form\" method=\"post\" name=\"optInForm\">\n        <div class=\"elementor-field-type-text elementor-field-group elementor-column elementor-field-group-name elementor-col-100 form-group\">\n            <label for=\"form-first_name\" class=\"elementor-field-label elementor-screen-only\">Imi\u0119<\/label>\n            <input class=\"elementor-field elementor-size-sm  elementor-field-textual regFormFirstName\" placeholder=\"Imi\u0119\" data-input=\"firstname\" data-valid=\"false\" id=\"form-first_name\" name=\"firstname\" size=\"1\" type=\"text\">\n            <p class=\"error-message\"><\/p>\n        <\/div>\n\n        <div class=\"elementor-field-type-text elementor-field-group elementor-column elementor-field-group-name elementor-col-100 form-group\">\n            <label for=\"form-last_name\" class=\"elementor-field-label elementor-screen-only\">Nazwisko<\/label>\n            <input class=\"elementor-field elementor-size-sm elementor-field-textual regFormLastNname\" placeholder=\"Nazwisko\" data-input=\"lastname\" data-valid=\"false\" id=\"form-last_name\" name=\"lastname\" size=\"1\" type=\"text\">\n            <p class=\"error-message\"><\/p>\n        <\/div>\n\n        <div class=\"form-group elementor-field-type-text elementor-field-group elementor-column elementor-field-group-name elementor-col-100\">\n            <label class=\"elementor-field-label elementor-screen-only\" for=\"form-email\">E-mail<\/label>\n            <input class=\"regFormEmail elementor-field elementor-size-sm elementor-field-textual\" placeholder=\"E-mail\" data-input=\"email\" data-valid=\"false\" id=\"form-email\" name=\"email\" type=\"email\">\n            <p class=\"error-message\"><\/p>\n            <div class=\"form-group__emailValid-info\">\n                <span class=\"form-group__emailValid-message\"><span>Czy chodzi\u0142o Ci o<\/span> <b><\/b>?<\/span> <span class=\"form-group__emailValid-btn\">Zast\u0119powa\u0107<\/span>            <\/div>\n        <\/div>\n\n        <p class=\"reCAPTCHAContent\">\n            Ta strona jest chroniona przez reCAPTCHA, obowi\u0105zuje <a href=\"https:\/\/policies.google.com\/privacy\" target=\"_blank\" rel=\"noopener\">Polityka prywatno\u015bci<\/a> oraz <a href=\"https:\/\/policies.google.com\/terms\" target=\"_blank\" rel=\"noopener\">Regulamin us\u0142ugi<\/a> Google.        <\/p>\n\n        <button class=\"zoom regFormButton elementor-button elementor-size-sm\" data-button=\"submit\" id=\"optInForm-btn\">\n            Learn More        <\/button>\n    <\/form>\n<\/div>\n<div class=\"form-widget\" id=\"regFormWrapper\" style=\"visibility: hidden; width: 0; height:0\">\n    <form action=\"\" class=\"flex flex-column\" data-form=\"registrationForm\" data-urlsearchparams=\"\" data-widget=\"registration_2_step\" id=\"reg-form\" method=\"post\" name=\"registrationForm\">\n        <div class=\"elementor-field-type-text elementor-field-group elementor-column elementor-field-group-name elementor-col-100 form-group\">\n            <label for=\"form-first_name\" class=\"elementor-field-label elementor-screen-only\">Imi\u0119<\/label>\n            <input class=\"elementor-field elementor-size-sm  elementor-field-textual regFormFirstName\" placeholder=\"Imi\u0119\" data-input=\"firstname\" data-valid=\"false\" id=\"form-first_name\" name=\"firstname\" size=\"1\" type=\"text\">\n            <p class=\"error-message\"><\/p>\n        <\/div>\n\n        <div class=\"elementor-field-type-text elementor-field-group elementor-column elementor-field-group-name elementor-col-100 form-group\">\n            <label for=\"form-last_name\" class=\"elementor-field-label elementor-screen-only\">Nazwisko<\/label>\n            <input class=\"elementor-field elementor-size-sm elementor-field-textual regFormLastNname\" placeholder=\"Nazwisko\" data-input=\"lastname\" data-valid=\"false\" id=\"form-last_name\" name=\"lastname\" size=\"1\" type=\"text\">\n            <p class=\"error-message\"><\/p>\n        <\/div>\n\n        <div class=\"elementor-field-type-text elementor-field-group elementor-column elementor-field-group-name elementor-col-100 form-group form-group__emailValid\">\n            <label class=\"elementor-field-label elementor-screen-only\" for=\"form-email\">E-mail<\/label>\n            <input class=\"elementor-field elementor-size-sm elementor-field-textual regFormEmail\" placeholder=\"E-mail\" data-input=\"email\" data-valid=\"false\" id=\"form-email\" name=\"email\" type=\"email\">\n            <p class=\"error-message\"><\/p>\n            <p class=\"form-group__emailValid-info\">\n                <span class=\"form-group__emailValid-message\"><span>Czy chodzi\u0142o Ci o<\/span> <b><\/b>?<\/span> <span class=\"form-group__emailValid-btn\">Zast\u0119powa\u0107<\/span>            <\/p>\n        <\/div>\n\n        <div class=\"elementor-field-type-tel elementor-field-group elementor-column elementor-field-group-field_fad38fc elementor-col-100 form-group reg-phone\">\n            <label class=\"elementor-field-label elementor-screen-only\" for=\"form-phone_number\">Numer telefonu<\/label>\n            <input class=\"elementor-field elementor-size-sm elementor-field-textual regFormPhoneNumber\" placeholder=\"Numer telefonu\" autocompvare=\"off\" data-input=\"phone_number\" data-valid=\"false\" id=\"form-phone_number\" name=\"phone_number\" size=\"1\" type=\"text\">\n            <p class=\"error-message\"><\/p>\n        <\/div>\n\n        <p class=\"reCAPTCHAContent\">\n            Ta strona jest chroniona przez reCAPTCHA, obowi\u0105zuje <a href=\"https:\/\/policies.google.com\/privacy\" target=\"_blank\" rel=\"noopener\">Polityka prywatno\u015bci<\/a> oraz <a href=\"https:\/\/policies.google.com\/terms\" target=\"_blank\" rel=\"noopener\">Regulamin us\u0142ugi<\/a> Google.        <\/p>\n\n        <button class=\"elementor-button zoom regFormButton\" data-button=\"submit\" id=\"form-btn\" type=\"button\">\n            Learn More        <\/button>\n\n        <div class=\"wrapper__rar-no\" data-modal=\"success\" style=\"display: none\">\n            <div class=\"success\">\n                <img decoding=\"async\" src=\"\/wp-content\/plugins\/fxbot-registration-form\/assets\/images\/regSuccess.png\" alt=\"Dzi\u0119kuj\u0119 za rejestracj\u0119\">\n                <p>Dzi\u0119kuj\u0119 za rejestracj\u0119.<br\/>Nasz Agent wkr\u00f3tce si\u0119 z Tob\u0105 skontaktuje.<br\/>Upewnij si\u0119, \u017ce u\u017cy\u0142e\u015b rzeczywistego numeru telefonu.<br\/>Twoje zdrowie.<\/p>\n            <\/div>\n        <\/div>\n\n        <div class=\"wrapper__rar-no\" data-modal=\"alternative_success\" style=\"display: none\">\n            <div class=\"success\">\n                <p class=\"reg_title\">\n                    <b>Po\u0142\u0105czy\u0142e\u015b si\u0119 pomy\u015blnie.<\/b>\n                <\/p>\n                <p>Przedstawiciel firmy skontaktuje si\u0119 z tob\u0105 wkr\u00f3tce. Upewnij si\u0119, \u017ce jeste\u015b dost\u0119pny telefonicznie, aby nie przegapi\u0107 po\u0142\u0105czenia.<\/p>\n            <\/div>\n        <\/div>\n\n        <div class=\"wrapper__error\" data-modal=\"error\" style=\"display: none\"><\/div>\n    <\/form>\n<\/div>\n\n<div class=\"submit-overlay\" style=\"display: none;\">\n    <div class=\"lds-spinner\">\n        <div><\/div>\n        <div><\/div>\n        <div><\/div>\n        <div><\/div>\n        <div><\/div>\n        <div><\/div>\n        <div><\/div>\n        <div><\/div>\n    <\/div>\n    <p class=\"overlay-text\">\u0141\u0105czenie Ci\u0119 z najlepszym brokerem w Twojej okolicy<\/p>\n<\/div>\n\n\n<\/div><\/div>\n<\/div>\n<\/div><div class=\"gb-container gb-container-197d4570\">\n\n<a class=\"gb-button gb-button-e8c7dfa5\" href=\"https:\/\/oilevexpro.com\/pl\/\"><span class=\"gb-button-text\">UZYSKAJ DOST&#280;P DO KW_00001 JU&#379; TERAZ<\/span><span class=\"gb-icon\"><svg xmlns=\"http:\/\/www.w3.org\/2000\/svg\" aria-hidden=\"true\" role=\"img\" height=\"1em\" width=\"1em\" viewbox=\"0 0 256 512\"><path fill=\"currentColor\" d=\"M224.3 273l-136 136c-9.4 9.4-24.6 9.4-33.9 0l-22.6-22.6c-9.4-9.4-9.4-24.6 0-33.9l96.4-96.4-96.4-96.4c-9.4-9.4-9.4-24.6 0-33.9L54.3 103c9.4-9.4 24.6-9.4 33.9 0l136 136c9.5 9.4 9.5 24.6.1 34z\"><\/path><\/svg><\/span><\/a>\n\n<\/div><div class=\"gb-container gb-container-1bdeec8b\">\n<div class=\"gb-container gb-container-9d34a979\"><\/div>\n\n<div class=\"gb-container gb-container-1e789d4e\">\n\n<h3 class=\"gb-headline gb-headline-29613722 gb-headline-text\"><strong>Korzy&#347;ci z oprogramowania KW_00001<\/strong><\/h3>\n\n\n\n<p>KW_00001 wyr&oacute;&#380;nia si&#281; ci&#261;g&#322;ym gromadzeniem i wydajn&#261; analiz&#261; danych rynkowych w czasie rzeczywistym. Ta wyj&#261;tkowa zdolno&#347;&#263; umo&#380;liwia naszemu oprogramowaniu wykonywanie zlece&#324; handlowych z niespotykan&#261; dot&#261;d szybko&#347;ci&#261;, przewy&#380;szaj&#261;c zar&oacute;wno ludzkich trader&oacute;w, jak i inne rozwi&#261;zania programowe. KW_00002 nie tylko wykonuje transakcje szybciej, ale tak&#380;e opiera si&#281; na statystykach, logice i algorytmach matematycznych do podejmowania decyzji handlowych, eliminuj&#261;c wp&#322;yw ludzkich emocji i zapewniaj&#261;c obiektywny handel.<\/p>\n\n\n\n<p>Jedn&#261; z wyr&oacute;&#380;niaj&#261;cych si&#281; cech KW_00003 jest jego zdolno&#347;&#263; do u&#322;atwiania backstagingu. To nieocenione narz&#281;dzie pozwala przetestowa&#263; wybrane ustawienia w oparciu o historyczne warunki rynkowe. Wykorzystuj&#261;c t&#281; funkcj&#281;, mo&#380;na precyzyjnie dostosowa&#263; ustawienia, aby zmaksymalizowa&#263; rentowno&#347;&#263;. Mo&#380;esz mie&#263; pewno&#347;&#263;, &#380;e nasze zaawansowane oprogramowanie b&#281;dzie skrupulatnie przestrzega&#263; ustalonych zasad, obs&#322;uguj&#261;c wszystkie zadania handlowe w Twoim imieniu.<\/p>\n\n\n\n<p>KW_00003 oferuje elastyczno&#347;&#263; zar&oacute;wno automatycznych, jak i r&#281;cznych opcji handlowych, zaspokajaj&#261;c potrzeby u&#380;ytkownik&oacute;w o r&oacute;&#380;nych poziomach umiej&#281;tno&#347;ci, ograniczeniach czasowych i zainteresowaniach. Dzi&#281;ki naszej platformie mo&#380;esz zarz&#261;dza&#263; wieloma kontami, umo&#380;liwiaj&#261;c eksperymentowanie, modyfikowanie i por&oacute;wnywanie r&oacute;&#380;nych strategii. Wykorzystaj mnogo&#347;&#263; mo&#380;liwo&#347;ci handlowych, kt&oacute;re oferuje KW_00002 i skorzystaj z wielu okazji, aby zmaksymalizowa&#263; swoje zyski.<\/p>\n\n<\/div>\n<\/div><div class=\"gb-container gb-container-67945ee0\">\n<div class=\"gb-container gb-container-12a13938\">\n\n<a class=\"gb-button gb-button-15cad45f\" href=\"https:\/\/oilevexpro.com\/pl\/\"><span class=\"gb-button-text\"><strong>TEST KW_00001<\/strong><\/span><span class=\"gb-icon\"><svg xmlns=\"http:\/\/www.w3.org\/2000\/svg\" aria-hidden=\"true\" role=\"img\" height=\"1em\" width=\"1em\" viewbox=\"0 0 256 512\"><path fill=\"currentColor\" d=\"M224.3 273l-136 136c-9.4 9.4-24.6 9.4-33.9 0l-22.6-22.6c-9.4-9.4-9.4-24.6 0-33.9l96.4-96.4-96.4-96.4c-9.4-9.4-9.4-24.6 0-33.9L54.3 103c9.4-9.4 24.6-9.4 33.9 0l136 136c9.5 9.4 9.5 24.6.1 34z\"><\/path><\/svg><\/span><\/a>\n\n<\/div>\n<\/div><div class=\"gb-container gb-container-5d2e4740\">\n<div class=\"gb-container gb-container-d34d15be\">\n<div class=\"gb-grid-wrapper gb-grid-wrapper-4257ebc4\">\n<div class=\"gb-grid-column gb-grid-column-60a1d140\"><div class=\"gb-container gb-container-60a1d140\">\n<div class=\"gb-container gb-container-d446dbb2\">\n\n<span class=\"gb-button gb-button-4f39012e\"><span class=\"gb-icon\"><svg xmlns=\"http:\/\/www.w3.org\/2000\/svg\" height=\"15\" width=\"15\" fill=\"none\" viewbox=\"0 0 15 15\"><path fill=\"currentColor\" d=\"M4 1.5V4H1.5A1.5 1.5 0 000 5.5v8A1.5 1.5 0 001.5 15h8a1.5 1.5 0 001.5-1.5V11h2.5A1.5 1.5 0 0015 9.5v-8A1.5 1.5 0 0013.5 0h-8A1.5 1.5 0 004 1.5zM5.5 1a.5.5 0 00-.5.5V4h4.5A1.5 1.5 0 0111 5.5V10h2.5a.5.5 0 00.5-.5v-8a.5.5 0 00-.5-.5h-8zm0 10A1.5 1.5 0 014 9.5V5H1.5a.5.5 0 00-.5.5v8a.5.5 0 00.5.5h8a.5.5 0 00.5-.5V11H5.5z\" clip-rule=\"evenodd\" fill-rule=\"evenodd\"><\/path><\/svg><\/span><\/span>\n\n<\/div>\n\n\n<h3 class=\"gb-headline gb-headline-f8d314cb gb-headline-text\"><strong>Rozwi&#261;zanie programowe<\/strong><\/h3>\n\n\n\n<p class=\"has-text-align-center\">KW_00001 jest skrupulatnie wykonany, aby spe&#322;ni&#263; swoje zadanie jako warto&#347;ciowe i przyjazne dla u&#380;ytkownika narz&#281;dzie dla trader&oacute;w na wszystkich poziomach umiej&#281;tno&#347;ci. Umo&#380;liwia on &#322;atwy i skuteczny handel Bitcoinem i r&oacute;&#380;nymi kryptowalutami z najwy&#380;sz&#261; wygod&#261;.<\/p>\n\n\n\n<p class=\"has-text-align-center\">Dzi&#281;ki KW_00002 mo&#380;esz zanurzy&#263; si&#281; w &#347;wiecie handlu kryptowalutami bez po&#347;wi&#281;cania du&#380;ej ilo&#347;ci czasu i wysi&#322;ku na badanie informacji rynkowych i trend&oacute;w. Dawno min&#281;&#322;y czasy zniech&#281;caj&#261;cej nauki handlu i walki o potencjalne zyski. Nasze rozwi&#261;zanie eliminuje potrzeb&#281; posiadania wcze&#347;niejszej wiedzy i do&#347;wiadczenia, umo&#380;liwiaj&#261;c rozpocz&#281;cie podr&oacute;&#380;y handlowej przy minimalnym nak&#322;adzie czasu i wysi&#322;ku.<\/p>\n\n<\/div><\/div>\n\n<div class=\"gb-grid-column gb-grid-column-6922dcd9\"><div class=\"gb-container gb-container-6922dcd9\">\n<div class=\"gb-container gb-container-b5c2993b\">\n\n<span class=\"gb-button gb-button-05b34aef\"><span class=\"gb-icon\"><svg xmlns=\"http:\/\/www.w3.org\/2000\/svg\" height=\"15\" width=\"15\" fill=\"none\" viewbox=\"0 0 15 15\"><path fill=\"currentColor\" d=\"M4 4V1.5A1.5 1.5 0 015.5 0h8A1.5 1.5 0 0115 1.5v8a1.5 1.5 0 01-1.5 1.5H11v2.5A1.5 1.5 0 019.5 15h-8A1.5 1.5 0 010 13.5v-8A1.5 1.5 0 011.5 4H4zm6 1v5H5V5h5z\" clip-rule=\"evenodd\" fill-rule=\"evenodd\"><\/path><\/svg><\/span><\/span>\n\n<\/div>\n\n\n<h3 class=\"gb-headline gb-headline-13950594 gb-headline-text\"><strong>Przegl&#261;d inwestora KW_00001<\/strong><\/h3>\n\n\n\n<p class=\"has-text-align-center\">KW_00001 to niezawodne narz&#281;dzie handlowe, kt&oacute;re oferuje zar&oacute;wno opcje r&#281;czne, jak i w pe&#322;ni zautomatyzowane, zaprojektowane do wykonywania precyzyjnych transakcji kryptowalutowych w imieniu u&#380;ytkownika. W przeciwie&#324;stwie do innych program&oacute;w do handlu walutami Bitcoin, nasza platforma jest zasilana zaawansowanymi algorytmami, kt&oacute;re analizuj&#261; dane rynkowe, zapewniaj&#261;c imponuj&#261;c&#261; dok&#322;adno&#347;&#263; na poziomie 99,4% w otwieraniu i zamykaniu transakcji. To, co wyr&oacute;&#380;nia KW_00002, to niezwyk&#322;a przewaga 0,01 sekundy nad konkurencyjnym oprogramowaniem, co czyni go preferowanym wyborem dla trader&oacute;w.<\/p>\n\n\n\n<p class=\"has-text-align-center\">Uznany przez szanowane Ameryka&#324;skie Stowarzyszenie Handlu, KW_00003 zapewni&#322; sobie pierwsze miejsce w kategorii oprogramowania handlowego. Dodatkowo, jego internetowy charakter eliminuje potrzeb&#281; pobierania, zyskuj&#261;c aprobat&#281; firm antywirusowych dla zwi&#281;kszonego bezpiecze&#324;stwa.<\/p>\n\n<\/div><\/div>\n\n<div class=\"gb-grid-column gb-grid-column-58d3b69b\"><div class=\"gb-container gb-container-58d3b69b\">\n<div class=\"gb-container gb-container-7f21e89f\">\n\n<span class=\"gb-button gb-button-df17151f\"><span class=\"gb-icon\"><svg xmlns=\"http:\/\/www.w3.org\/2000\/svg\" height=\"15\" width=\"15\" fill=\"none\" viewbox=\"0 0 15 15\"><path fill=\"currentColor\" d=\"M4 4H1.5A1.5 1.5 0 000 5.5v8A1.5 1.5 0 001.5 15h8a1.5 1.5 0 001.5-1.5V11h2.5A1.5 1.5 0 0015 9.5v-8A1.5 1.5 0 0013.5 0h-8A1.5 1.5 0 004 1.5V4zm1-2.5a.5.5 0 01.5-.5h8a.5.5 0 01.5.5v8a.5.5 0 01-.5.5h-8a.5.5 0 01-.5-.5v-8z\" clip-rule=\"evenodd\" fill-rule=\"evenodd\"><\/path><\/svg><\/span><\/span>\n\n<\/div>\n\n\n<h3 class=\"gb-headline gb-headline-7625b1b1 gb-headline-text\"><strong>Dragons Den<\/strong><\/h3>\n\n\n\n<p class=\"has-text-align-center\">Oprogramowanie KW_00003 nie ma absolutnie &#380;adnego zwi&#261;zku z nies&#322;awnym oszustwem Dragons Den. Dragons Den, znane r&oacute;wnie&#380; jako oszustwo Bitcoin Loophole, dzia&#322;a jako zwodniczy schemat, zach&#281;caj&#261;c niczego niepodejrzewaj&#261;cych u&#380;ytkownik&oacute;w do inwestowania w oszuka&#324;cze przedsi&#281;wzi&#281;cie pod przykrywk&#261; innowacyjnego oprogramowania startupowego. Wa&#380;ne jest, aby pami&#281;ta&#263;, &#380;e oszustwo to nie pojawi&#322;o si&#281; w programie telewizyjnym Dragon&rsquo;s Den i nie otrzyma&#322;o &#380;adnego poparcia ze strony programu ani jego obsady.<\/p>\n\n\n\n<p class=\"has-text-align-center\">Nale&#380;y podkre&#347;li&#263;, &#380;e Dragons Den jedynie wykorzysta&#322; reputacj&#281; oryginalnego, renomowanego oprogramowania i celebryt&oacute;w programu, aby podst&#281;pnie nak&#322;oni&#263; ludzi do rozstania si&#281; z ci&#281;&#380;ko zarobionymi pieni&#281;dzmi. Wa&#380;ne jest, aby zachowa&#263; ostro&#380;no&#347;&#263; i unika&#263; wszelkich reklam lub publikacji, kt&oacute;re zawieraj&#261; bezpodstawne twierdzenia, poniewa&#380; nie maj&#261; one &#380;adnego zwi&#261;zku z prawdziwym oprogramowaniem KW_00002.<\/p>\n\n<\/div><\/div>\n<\/div>\n<\/div>\n<\/div><div class=\"gb-container gb-container-39bfdacb\">\n<div class=\"gb-container gb-container-45f3ab74\">\n\n<h3 class=\"gb-headline gb-headline-e982b89b gb-headline-text\">Zarejestruj si&#281; bezpiecznie na KW_00001<\/h3>\n\n\n\n<a class=\"gb-button gb-button-a3e3ab09\" href=\"https:\/\/oilevexpro.com\/pl\/\"><span class=\"gb-button-text\">Bezpieczna rejestracja<\/span><span class=\"gb-icon\"><svg xmlns=\"http:\/\/www.w3.org\/2000\/svg\" aria-hidden=\"true\" role=\"img\" height=\"1em\" width=\"1em\" viewbox=\"0 0 256 512\"><path fill=\"currentColor\" d=\"M224.3 273l-136 136c-9.4 9.4-24.6 9.4-33.9 0l-22.6-22.6c-9.4-9.4-9.4-24.6 0-33.9l96.4-96.4-96.4-96.4c-9.4-9.4-9.4-24.6 0-33.9L54.3 103c9.4-9.4 24.6-9.4 33.9 0l136 136c9.5 9.4 9.5 24.6.1 34z\"><\/path><\/svg><\/span><\/a>\n\n<\/div>\n<\/div>\n","protected":false},"excerpt":{"rendered":"<p>O najnowszej wersji 2.0 KW_00001 Korzy&#347;ci z oprogramowania KW_00001 KW_00001 wyr&oacute;&#380;nia si&#281; ci&#261;g&#322;ym gromadzeniem i wydajn&#261; analiz&#261; danych rynkowych w czasie rzeczywistym. Ta wyj&#261;tkowa zdolno&#347;&#263; umo&#380;liwia naszemu oprogramowaniu wykonywanie zlece&#324; handlowych z niespotykan&#261; dot&#261;d szybko&#347;ci&#261;, przewy&#380;szaj&#261;c zar&oacute;wno ludzkich trader&oacute;w, jak i inne rozwi&#261;zania programowe. KW_00002 nie tylko wykonuje transakcje szybciej, ale tak&#380;e opiera si&#281; na &#8230; <a title=\"O nas\" class=\"read-more\" href=\"https:\/\/oilevexpro.com\/pl\/o-nas\/\" aria-label=\"Dowiedz si\u0119 wi\u0119cej o O nas\">Czytaj dalej<\/a><\/p>\n","protected":false},"author":1,"featured_media":0,"parent":0,"menu_order":0,"comment_status":"closed","ping_status":"closed","template":"","meta":{"footnotes":""},"class_list":["post-5115","page","type-page","status-publish"],"_links":{"self":[{"href":"https:\/\/oilevexpro.com\/pl\/wp-json\/wp\/v2\/pages\/5115","targetHints":{"allow":["GET"]}}],"collection":[{"href":"https:\/\/oilevexpro.com\/pl\/wp-json\/wp\/v2\/pages"}],"about":[{"href":"https:\/\/oilevexpro.com\/pl\/wp-json\/wp\/v2\/types\/page"}],"author":[{"embeddable":true,"href":"https:\/\/oilevexpro.com\/pl\/wp-json\/wp\/v2\/users\/1"}],"replies":[{"embeddable":true,"href":"https:\/\/oilevexpro.com\/pl\/wp-json\/wp\/v2\/comments?post=5115"}],"version-history":[{"count":0,"href":"https:\/\/oilevexpro.com\/pl\/wp-json\/wp\/v2\/pages\/5115\/revisions"}],"wp:attachment":[{"href":"https:\/\/oilevexpro.com\/pl\/wp-json\/wp\/v2\/media?parent=5115"}],"curies":[{"name":"wp","href":"https:\/\/api.w.org\/{rel}","templated":true}]}}