{"id":5056,"date":"2020-09-18T14:36:50","date_gmt":"2020-09-18T14:36:50","guid":{"rendered":"https:\/\/oilevexpro.com\/sobre-nos\/"},"modified":"2024-11-14T20:29:48","modified_gmt":"2024-11-14T20:29:48","slug":"sobre-nos","status":"publish","type":"page","link":"https:\/\/oilevexpro.com\/pt-br\/sobre-nos\/","title":{"rendered":"Sobre n\u00f3s"},"content":{"rendered":"<?xml encoding=\"UTF-8\"><div class=\"gb-container gb-container-a462a256\">\n<div class=\"gb-container gb-container-2acc6621\">\n\n<h1 class=\"gb-headline gb-headline-d325e19c gb-headline-text\">Sobre a vers&atilde;o mais recente 2.0 KW_00001 <\/h1>\n\n<\/div>\n<\/div><div class=\"gb-container gb-container-287f468b\">\n<div class=\"gb-grid-wrapper gb-grid-wrapper-b386d038\">\n<div class=\"gb-grid-column gb-grid-column-387381c3\"><div class=\"gb-container gb-container-387381c3\">\n\n<h2 class=\"gb-headline gb-headline-db283a53 gb-headline-text\">O que &eacute; KW_00001?<\/h2>\n\n\n\n<p>Ao se tornar membro da comunidade KW_00001, voc&ecirc; obt&eacute;m acesso exclusivo ao software l&iacute;der de negocia&ccedil;&atilde;o de criptomoedas. O que distingue a nossa plataforma &eacute; a sua interface de f&aacute;cil utiliza&ccedil;&atilde;o, tornando-a acess&iacute;vel a indiv&iacute;duos sem experi&ecirc;ncia pr&eacute;via de negocia&ccedil;&atilde;o ou compet&ecirc;ncias especializadas.<\/p>\n\n\n\n<p>A nossa plataforma oferece uma multiplicidade de vantagens, simplificando o seu percurso de negocia&ccedil;&atilde;o. N&atilde;o s&oacute; recolhe dados, como tamb&eacute;m efectua an&aacute;lises exaustivas, permitindo a tomada de decis&otilde;es racionais e sem emo&ccedil;&otilde;es. Para al&eacute;m disso, executa sem problemas as transac&ccedil;&otilde;es em seu nome, funcionando quase 24 horas por dia.<\/p>\n\n\n\n<p>KW_00002 &eacute; mais do que apenas um software de negocia&ccedil;&atilde;o automatizado; &eacute; uma pr&oacute;spera comunidade de negocia&ccedil;&atilde;o on-line. Como membro, pode desfrutar das vantagens da negocia&ccedil;&atilde;o automatizada e rent&aacute;vel de criptomoedas num ambiente comunit&aacute;rio de apoio.<\/p>\n\n\n\n<p>Nossa tecnologia de ponta permite que KW_00003 analise as tend&ecirc;ncias do mercado e execute negocia&ccedil;&otilde;es com uma velocidade incr&iacute;vel, superando muitos outros softwares de negocia&ccedil;&atilde;o em not&aacute;veis 0,01 segundos. Esta vantagem garante que se mant&eacute;m &agrave; frente no mundo acelerado do com&eacute;rcio de criptomoedas.<\/p>\n\n<\/div><\/div>\n\n<div class=\"gb-grid-column gb-grid-column-51a60565\"><div class=\"gb-container gb-container-51a60565\">\n\n<h2 class=\"gb-headline gb-headline-d521daef gb-headline-text\">Saiba mais sobre nossa plataforma &ndash; Registro gratuito<\/h2>\n\n\n    <script>\n        localStorage.setItem('fxbot_ab_testing', '{\"login\":[],\"registration\":[],\"contactus\":[]}');\n    <\/script>\n    <style>\n        .reCAPTCHAContent {\n            display: none;\n            visibility: hidden;\n        }\n    <\/style>\n\n\n<script>\n    localStorage.setItem('fxbot_api_parameters', '[{\"key\":\"emailmarketing\",\"value\":\"1\",\"override\":true},{\"key\":\"funnel\",\"value\":\"KW_F_00001\",\"override\":true}]');\n    localStorage.setItem('fxbot_alias_url', 'wp-content\/plugins\/fxbot-registration-form\/api.php');\n    localStorage.setItem('fxbot_email_marketing', '1');\n    localStorage.setItem('fxbot_email_marketing_debounce', 'true');\n    localStorage.setItem('fxbot_email_marketing_debounce_time', '1000');\n    localStorage.setItem('fxbot_recaptcha_enabled', 'false');\n    localStorage.setItem('fxbot_recaptcha_site_key', 'EMPTY');\n    localStorage.setItem('fxbot_alt_reg_popup_query_selector', '');\n    localStorage.setItem('fxbot_redirectVariant', '0');\n<\/script>\n<div class=\"form-widget\" id=\"optInFormWrapper\">\n    <form action=\"\" class=\"flex flex-column\" data-form=\"optInForm\" data-urlsearchparams=\"\" data-widget=\"registration_2_step\" id=\"opt-form\" method=\"post\" name=\"optInForm\">\n        <div class=\"elementor-field-type-text elementor-field-group elementor-column elementor-field-group-name elementor-col-100 form-group\">\n            <label for=\"form-first_name\" class=\"elementor-field-label elementor-screen-only\">Primeiro nome<\/label>\n            <input class=\"elementor-field elementor-size-sm  elementor-field-textual regFormFirstName\" placeholder=\"Primeiro nome\" data-input=\"firstname\" data-valid=\"false\" id=\"form-first_name\" name=\"firstname\" size=\"1\" type=\"text\">\n            <p class=\"error-message\"><\/p>\n        <\/div>\n\n        <div class=\"elementor-field-type-text elementor-field-group elementor-column elementor-field-group-name elementor-col-100 form-group\">\n            <label for=\"form-last_name\" class=\"elementor-field-label elementor-screen-only\">Sobrenome<\/label>\n            <input class=\"elementor-field elementor-size-sm elementor-field-textual regFormLastNname\" placeholder=\"Sobrenome\" data-input=\"lastname\" data-valid=\"false\" id=\"form-last_name\" name=\"lastname\" size=\"1\" type=\"text\">\n            <p class=\"error-message\"><\/p>\n        <\/div>\n\n        <div class=\"form-group elementor-field-type-text elementor-field-group elementor-column elementor-field-group-name elementor-col-100\">\n            <label class=\"elementor-field-label elementor-screen-only\" for=\"form-email\">E-mail<\/label>\n            <input class=\"regFormEmail elementor-field elementor-size-sm elementor-field-textual\" placeholder=\"E-mail\" data-input=\"email\" data-valid=\"false\" id=\"form-email\" name=\"email\" type=\"email\">\n            <p class=\"error-message\"><\/p>\n            <div class=\"form-group__emailValid-info\">\n                <span class=\"form-group__emailValid-message\"><span>Voc\u00ea quis dizer<\/span> <b><\/b>?<\/span> <span class=\"form-group__emailValid-btn\">Substituir<\/span>            <\/div>\n        <\/div>\n\n        <p class=\"reCAPTCHAContent\">\n            Este site \u00e9 protegido pelo reCAPTCHA e a <a href=\"https:\/\/policies.google.com\/privacy\" target=\"_blank\" rel=\"noopener\">Pol\u00edtica de Privacidade<\/a> e os <a href=\"https:\/\/policies.google.com\/terms\" target=\"_blank\" rel=\"noopener\">Termos de Servi\u00e7o<\/a> do Google se aplicam.        <\/p>\n\n        <button class=\"zoom regFormButton elementor-button elementor-size-sm\" data-button=\"submit\" id=\"optInForm-btn\">\n            Learn More        <\/button>\n    <\/form>\n<\/div>\n<div class=\"form-widget\" id=\"regFormWrapper\" style=\"visibility: hidden; width: 0; height:0\">\n    <form action=\"\" class=\"flex flex-column\" data-form=\"registrationForm\" data-urlsearchparams=\"\" data-widget=\"registration_2_step\" id=\"reg-form\" method=\"post\" name=\"registrationForm\">\n        <div class=\"elementor-field-type-text elementor-field-group elementor-column elementor-field-group-name elementor-col-100 form-group\">\n            <label for=\"form-first_name\" class=\"elementor-field-label elementor-screen-only\">Primeiro nome<\/label>\n            <input class=\"elementor-field elementor-size-sm  elementor-field-textual regFormFirstName\" placeholder=\"Primeiro nome\" data-input=\"firstname\" data-valid=\"false\" id=\"form-first_name\" name=\"firstname\" size=\"1\" type=\"text\">\n            <p class=\"error-message\"><\/p>\n        <\/div>\n\n        <div class=\"elementor-field-type-text elementor-field-group elementor-column elementor-field-group-name elementor-col-100 form-group\">\n            <label for=\"form-last_name\" class=\"elementor-field-label elementor-screen-only\">Sobrenome<\/label>\n            <input class=\"elementor-field elementor-size-sm elementor-field-textual regFormLastNname\" placeholder=\"Sobrenome\" data-input=\"lastname\" data-valid=\"false\" id=\"form-last_name\" name=\"lastname\" size=\"1\" type=\"text\">\n            <p class=\"error-message\"><\/p>\n        <\/div>\n\n        <div class=\"elementor-field-type-text elementor-field-group elementor-column elementor-field-group-name elementor-col-100 form-group form-group__emailValid\">\n            <label class=\"elementor-field-label elementor-screen-only\" for=\"form-email\">E-mail<\/label>\n            <input class=\"elementor-field elementor-size-sm elementor-field-textual regFormEmail\" placeholder=\"E-mail\" data-input=\"email\" data-valid=\"false\" id=\"form-email\" name=\"email\" type=\"email\">\n            <p class=\"error-message\"><\/p>\n            <p class=\"form-group__emailValid-info\">\n                <span class=\"form-group__emailValid-message\"><span>Voc\u00ea quis dizer<\/span> <b><\/b>?<\/span> <span class=\"form-group__emailValid-btn\">Substituir<\/span>            <\/p>\n        <\/div>\n\n        <div class=\"elementor-field-type-tel elementor-field-group elementor-column elementor-field-group-field_fad38fc elementor-col-100 form-group reg-phone\">\n            <label class=\"elementor-field-label elementor-screen-only\" for=\"form-phone_number\">N\u00famero de telefone<\/label>\n            <input class=\"elementor-field elementor-size-sm elementor-field-textual regFormPhoneNumber\" placeholder=\"N\u00famero de telefone\" autocompvare=\"off\" data-input=\"phone_number\" data-valid=\"false\" id=\"form-phone_number\" name=\"phone_number\" size=\"1\" type=\"text\">\n            <p class=\"error-message\"><\/p>\n        <\/div>\n\n        <p class=\"reCAPTCHAContent\">\n            Este site \u00e9 protegido pelo reCAPTCHA e a <a href=\"https:\/\/policies.google.com\/privacy\" target=\"_blank\" rel=\"noopener\">Pol\u00edtica de Privacidade<\/a> e os <a href=\"https:\/\/policies.google.com\/terms\" target=\"_blank\" rel=\"noopener\">Termos de Servi\u00e7o<\/a> do Google se aplicam.        <\/p>\n\n        <button class=\"elementor-button zoom regFormButton\" data-button=\"submit\" id=\"form-btn\" type=\"button\">\n            Learn More        <\/button>\n\n        <div class=\"wrapper__rar-no\" data-modal=\"success\" style=\"display: none\">\n            <div class=\"success\">\n                <img decoding=\"async\" src=\"\/wp-content\/plugins\/fxbot-registration-form\/assets\/images\/regSuccess.png\" alt=\"Obrigado pelo registro\">\n                <p>Obrigado pelo registro.<br\/>Nosso agente entrar\u00e1 em contato com voc\u00ea em breve.<br\/>Certifique-se de que utilizou o n\u00famero de telefone real.<br\/>Felicidades.<\/p>\n            <\/div>\n        <\/div>\n\n        <div class=\"wrapper__rar-no\" data-modal=\"alternative_success\" style=\"display: none\">\n            <div class=\"success\">\n                <p class=\"reg_title\">\n                    <b>Voc\u00ea conectou-se com sucesso.<\/b>\n                <\/p>\n                <p>Um agente da empresa entrar\u00e1 em contato em breve. Por favor, certifique-se de estar dispon\u00edvel por telefone para n\u00e3o perder a chamada.<\/p>\n            <\/div>\n        <\/div>\n\n        <div class=\"wrapper__error\" data-modal=\"error\" style=\"display: none\"><\/div>\n    <\/form>\n<\/div>\n\n<div class=\"submit-overlay\" style=\"display: none;\">\n    <div class=\"lds-spinner\">\n        <div><\/div>\n        <div><\/div>\n        <div><\/div>\n        <div><\/div>\n        <div><\/div>\n        <div><\/div>\n        <div><\/div>\n        <div><\/div>\n    <\/div>\n    <p class=\"overlay-text\">Conectando voc\u00ea ao melhor corretor em sua \u00e1rea<\/p>\n<\/div>\n\n\n<\/div><\/div>\n<\/div>\n<\/div><div class=\"gb-container gb-container-197d4570\">\n\n<a class=\"gb-button gb-button-e8c7dfa5\" href=\"https:\/\/oilevexpro.com\/pt-br\/\"><span class=\"gb-button-text\">OBTENHA ACESSO AO KW_00001 AGORA<\/span><span class=\"gb-icon\"><svg xmlns=\"http:\/\/www.w3.org\/2000\/svg\" aria-hidden=\"true\" role=\"img\" height=\"1em\" width=\"1em\" viewbox=\"0 0 256 512\"><path fill=\"currentColor\" d=\"M224.3 273l-136 136c-9.4 9.4-24.6 9.4-33.9 0l-22.6-22.6c-9.4-9.4-9.4-24.6 0-33.9l96.4-96.4-96.4-96.4c-9.4-9.4-9.4-24.6 0-33.9L54.3 103c9.4-9.4 24.6-9.4 33.9 0l136 136c9.5 9.4 9.5 24.6.1 34z\"><\/path><\/svg><\/span><\/a>\n\n<\/div><div class=\"gb-container gb-container-1bdeec8b\">\n<div class=\"gb-container gb-container-9d34a979\"><\/div>\n\n<div class=\"gb-container gb-container-1e789d4e\">\n\n<h3 class=\"gb-headline gb-headline-29613722 gb-headline-text\"><strong>Os benef&iacute;cios do software KW_00001 <\/strong><\/h3>\n\n\n\n<p>KW_00001 se destaca por sua coleta constante e an&aacute;lise eficiente de dados de mercado em tempo real. Esta capacidade &uacute;nica permite que o nosso software execute ordens de negocia&ccedil;&atilde;o para si a uma velocidade sem precedentes, ultrapassando tanto os operadores humanos como outras solu&ccedil;&otilde;es de software. KW_00002 n&atilde;o apenas executa negocia&ccedil;&otilde;es mais rapidamente, mas tamb&eacute;m se baseia em estat&iacute;sticas, l&oacute;gica e algoritmos matem&aacute;ticos para tomar decis&otilde;es de negocia&ccedil;&atilde;o, eliminando a influ&ecirc;ncia das emo&ccedil;&otilde;es humanas e garantindo negocia&ccedil;&otilde;es objetivas.<\/p>\n\n\n\n<p>Um dos recursos de destaque do KW_00003 &eacute; sua capacidade de facilitar o backstaging. Esta ferramenta inestim&aacute;vel permite-lhe testar as defini&ccedil;&otilde;es escolhidas com base nas condi&ccedil;&otilde;es hist&oacute;ricas do mercado. Ao tirar partido desta funcionalidade, pode ajustar as suas defini&ccedil;&otilde;es para maximizar a rentabilidade. Pode ter a certeza de que o nosso sofisticado software cumprir&aacute; diligentemente as suas regras estabelecidas, enquanto trata de todas as tarefas de negocia&ccedil;&atilde;o em seu nome.<\/p>\n\n\n\n<p>KW_00003 oferece a flexibilidade das op&ccedil;&otilde;es de negocia&ccedil;&atilde;o autom&aacute;tica e manual, atendendo a usu&aacute;rios com diferentes n&iacute;veis de habilidade, restri&ccedil;&otilde;es de tempo e interesses. Com a nossa plataforma, pode gerir v&aacute;rias contas, o que lhe permite experimentar, modificar e comparar diferentes estrat&eacute;gias. Abrace as in&uacute;meras possibilidades de negocia&ccedil;&atilde;o que KW_00002 apresenta e aproveite as amplas oportunidades para maximizar seus lucros.<\/p>\n\n<\/div>\n<\/div><div class=\"gb-container gb-container-67945ee0\">\n<div class=\"gb-container gb-container-12a13938\">\n\n<a class=\"gb-button gb-button-15cad45f\" href=\"https:\/\/oilevexpro.com\/pt-br\/\"><span class=\"gb-button-text\"><strong>TESTE KW_00001<\/strong><\/span><span class=\"gb-icon\"><svg xmlns=\"http:\/\/www.w3.org\/2000\/svg\" aria-hidden=\"true\" role=\"img\" height=\"1em\" width=\"1em\" viewbox=\"0 0 256 512\"><path fill=\"currentColor\" d=\"M224.3 273l-136 136c-9.4 9.4-24.6 9.4-33.9 0l-22.6-22.6c-9.4-9.4-9.4-24.6 0-33.9l96.4-96.4-96.4-96.4c-9.4-9.4-9.4-24.6 0-33.9L54.3 103c9.4-9.4 24.6-9.4 33.9 0l136 136c9.5 9.4 9.5 24.6.1 34z\"><\/path><\/svg><\/span><\/a>\n\n<\/div>\n<\/div><div class=\"gb-container gb-container-5d2e4740\">\n<div class=\"gb-container gb-container-d34d15be\">\n<div class=\"gb-grid-wrapper gb-grid-wrapper-4257ebc4\">\n<div class=\"gb-grid-column gb-grid-column-60a1d140\"><div class=\"gb-container gb-container-60a1d140\">\n<div class=\"gb-container gb-container-d446dbb2\">\n\n<span class=\"gb-button gb-button-4f39012e\"><span class=\"gb-icon\"><svg xmlns=\"http:\/\/www.w3.org\/2000\/svg\" height=\"15\" width=\"15\" fill=\"none\" viewbox=\"0 0 15 15\"><path fill=\"currentColor\" d=\"M4 1.5V4H1.5A1.5 1.5 0 000 5.5v8A1.5 1.5 0 001.5 15h8a1.5 1.5 0 001.5-1.5V11h2.5A1.5 1.5 0 0015 9.5v-8A1.5 1.5 0 0013.5 0h-8A1.5 1.5 0 004 1.5zM5.5 1a.5.5 0 00-.5.5V4h4.5A1.5 1.5 0 0111 5.5V10h2.5a.5.5 0 00.5-.5v-8a.5.5 0 00-.5-.5h-8zm0 10A1.5 1.5 0 014 9.5V5H1.5a.5.5 0 00-.5.5v8a.5.5 0 00.5.5h8a.5.5 0 00.5-.5V11H5.5z\" clip-rule=\"evenodd\" fill-rule=\"evenodd\"><\/path><\/svg><\/span><\/span>\n\n<\/div>\n\n\n<h3 class=\"gb-headline gb-headline-f8d314cb gb-headline-text\"><strong>A solu&ccedil;&atilde;o de software<\/strong><\/h3>\n\n\n\n<p class=\"has-text-align-center\">KW_00001 foi meticulosamente elaborado para cumprir sua finalidade como uma ferramenta valiosa e f&aacute;cil de usar para traders de todos os n&iacute;veis de habilidade. Permite-lhe negociar Bitcoin e v&aacute;rias criptomoedas de forma f&aacute;cil e eficaz com a m&aacute;xima conveni&ecirc;ncia.<\/p>\n\n\n\n<p class=\"has-text-align-center\">Com o KW_00002, voc&ecirc; pode mergulhar no mundo da negocia&ccedil;&atilde;o de criptomoedas sem gastar muito tempo e esfor&ccedil;o no estudo de informa&ccedil;&otilde;es e tend&ecirc;ncias do mercado. J&aacute; l&aacute; v&atilde;o os dias em que era dif&iacute;cil aprender a negociar e lutar para obter lucros potenciais. A nossa solu&ccedil;&atilde;o elimina a necessidade de conhecimentos e experi&ecirc;ncia pr&eacute;vios, permitindo-lhe embarcar na sua viagem comercial com um m&iacute;nimo de tempo e esfor&ccedil;o investidos.<\/p>\n\n<\/div><\/div>\n\n<div class=\"gb-grid-column gb-grid-column-6922dcd9\"><div class=\"gb-container gb-container-6922dcd9\">\n<div class=\"gb-container gb-container-b5c2993b\">\n\n<span class=\"gb-button gb-button-05b34aef\"><span class=\"gb-icon\"><svg xmlns=\"http:\/\/www.w3.org\/2000\/svg\" height=\"15\" width=\"15\" fill=\"none\" viewbox=\"0 0 15 15\"><path fill=\"currentColor\" d=\"M4 4V1.5A1.5 1.5 0 015.5 0h8A1.5 1.5 0 0115 1.5v8a1.5 1.5 0 01-1.5 1.5H11v2.5A1.5 1.5 0 019.5 15h-8A1.5 1.5 0 010 13.5v-8A1.5 1.5 0 011.5 4H4zm6 1v5H5V5h5z\" clip-rule=\"evenodd\" fill-rule=\"evenodd\"><\/path><\/svg><\/span><\/span>\n\n<\/div>\n\n\n<h3 class=\"gb-headline gb-headline-13950594 gb-headline-text\"><strong>Avalia&ccedil;&atilde;o do trader KW_00001 <\/strong><\/h3>\n\n\n\n<p class=\"has-text-align-center\">KW_00001 &eacute; uma ferramenta de negocia&ccedil;&atilde;o confi&aacute;vel que oferece op&ccedil;&otilde;es manuais e totalmente automatizadas, projetadas para executar negocia&ccedil;&otilde;es precisas de criptomoedas em seu nome. Ao contr&aacute;rio de outros softwares de negocia&ccedil;&atilde;o de moeda Bitcoin, a nossa plataforma &eacute; alimentada por algoritmos avan&ccedil;ados que analisam os dados do mercado, garantindo uma impressionante taxa de precis&atilde;o de 99,4% na abertura e fecho de transac&ccedil;&otilde;es. O que diferencia KW_00002 &eacute; sua not&aacute;vel vantagem de 0,01 segundo em rela&ccedil;&atilde;o aos softwares concorrentes, tornando-o a escolha preferida dos traders.<\/p>\n\n\n\n<p class=\"has-text-align-center\">Reconhecido pela conceituada US Trading Association, KW_00003 garantiu o primeiro lugar na categoria de software de negocia&ccedil;&atilde;o. Al&eacute;m disso, a sua natureza baseada na Web elimina a necessidade de transfer&ecirc;ncias, obtendo a aprova&ccedil;&atilde;o das empresas de antiv&iacute;rus para uma seguran&ccedil;a melhorada.<\/p>\n\n<\/div><\/div>\n\n<div class=\"gb-grid-column gb-grid-column-58d3b69b\"><div class=\"gb-container gb-container-58d3b69b\">\n<div class=\"gb-container gb-container-7f21e89f\">\n\n<span class=\"gb-button gb-button-df17151f\"><span class=\"gb-icon\"><svg xmlns=\"http:\/\/www.w3.org\/2000\/svg\" height=\"15\" width=\"15\" fill=\"none\" viewbox=\"0 0 15 15\"><path fill=\"currentColor\" d=\"M4 4H1.5A1.5 1.5 0 000 5.5v8A1.5 1.5 0 001.5 15h8a1.5 1.5 0 001.5-1.5V11h2.5A1.5 1.5 0 0015 9.5v-8A1.5 1.5 0 0013.5 0h-8A1.5 1.5 0 004 1.5V4zm1-2.5a.5.5 0 01.5-.5h8a.5.5 0 01.5.5v8a.5.5 0 01-.5.5h-8a.5.5 0 01-.5-.5v-8z\" clip-rule=\"evenodd\" fill-rule=\"evenodd\"><\/path><\/svg><\/span><\/span>\n\n<\/div>\n\n\n<h3 class=\"gb-headline gb-headline-7625b1b1 gb-headline-text\"><strong>Dragons Den<\/strong><\/h3>\n\n\n\n<p class=\"has-text-align-center\">O software KW_00003 n&atilde;o tem absolutamente nenhuma associa&ccedil;&atilde;o com o infame Dragons Den Scam. O Dragons Den, tamb&eacute;m conhecido como o esquema Bitcoin Loophole, funciona como um esquema enganador, atraindo utilizadores insuspeitos a investir num empreendimento fraudulento disfar&ccedil;ado de software inovador de arranque. &Eacute; fundamental reconhecer que este esquema n&atilde;o foi apresentado no programa de televis&atilde;o Dragon&rsquo;s Den e n&atilde;o recebeu qualquer apoio do programa ou do seu elenco.<\/p>\n\n\n\n<p class=\"has-text-align-center\">&Eacute; importante sublinhar que o Dragons Den se limitou a explorar a reputa&ccedil;&atilde;o do software original de boa reputa&ccedil;&atilde;o e das celebridades do programa para enganar as pessoas e lev&aacute;-las a gastar o seu dinheiro suado. &Eacute; fundamental que voc&ecirc; tenha cuidado e evite an&uacute;ncios ou publica&ccedil;&otilde;es que fa&ccedil;am afirma&ccedil;&otilde;es infundadas, pois elas n&atilde;o t&ecirc;m correla&ccedil;&atilde;o com o software KW_00002 genu&iacute;no.<\/p>\n\n<\/div><\/div>\n<\/div>\n<\/div>\n<\/div><div class=\"gb-container gb-container-39bfdacb\">\n<div class=\"gb-container gb-container-45f3ab74\">\n\n<h3 class=\"gb-headline gb-headline-e982b89b gb-headline-text\">Registre-se com seguran&ccedil;a no KW_00001<\/h3>\n\n\n\n<a class=\"gb-button gb-button-a3e3ab09\" href=\"https:\/\/oilevexpro.com\/pt-br\/\"><span class=\"gb-button-text\">Registre-se com seguran&ccedil;a<\/span><span class=\"gb-icon\"><svg xmlns=\"http:\/\/www.w3.org\/2000\/svg\" aria-hidden=\"true\" role=\"img\" height=\"1em\" width=\"1em\" viewbox=\"0 0 256 512\"><path fill=\"currentColor\" d=\"M224.3 273l-136 136c-9.4 9.4-24.6 9.4-33.9 0l-22.6-22.6c-9.4-9.4-9.4-24.6 0-33.9l96.4-96.4-96.4-96.4c-9.4-9.4-9.4-24.6 0-33.9L54.3 103c9.4-9.4 24.6-9.4 33.9 0l136 136c9.5 9.4 9.5 24.6.1 34z\"><\/path><\/svg><\/span><\/a>\n\n<\/div>\n<\/div>\n","protected":false},"excerpt":{"rendered":"<p>Sobre a vers&atilde;o mais recente 2.0 KW_00001 Os benef&iacute;cios do software KW_00001 KW_00001 se destaca por sua coleta constante e an&aacute;lise eficiente de dados de mercado em tempo real. Esta capacidade &uacute;nica permite que o nosso software execute ordens de negocia&ccedil;&atilde;o para si a uma velocidade sem precedentes, ultrapassando tanto os operadores humanos como outras &#8230; <a title=\"Sobre n\u00f3s\" class=\"read-more\" href=\"https:\/\/oilevexpro.com\/pt-br\/sobre-nos\/\" aria-label=\"Read more about Sobre n\u00f3s\">Leia mais<\/a><\/p>\n","protected":false},"author":1,"featured_media":0,"parent":0,"menu_order":0,"comment_status":"closed","ping_status":"closed","template":"","meta":{"footnotes":""},"class_list":["post-5056","page","type-page","status-publish"],"_links":{"self":[{"href":"https:\/\/oilevexpro.com\/pt-br\/wp-json\/wp\/v2\/pages\/5056","targetHints":{"allow":["GET"]}}],"collection":[{"href":"https:\/\/oilevexpro.com\/pt-br\/wp-json\/wp\/v2\/pages"}],"about":[{"href":"https:\/\/oilevexpro.com\/pt-br\/wp-json\/wp\/v2\/types\/page"}],"author":[{"embeddable":true,"href":"https:\/\/oilevexpro.com\/pt-br\/wp-json\/wp\/v2\/users\/1"}],"replies":[{"embeddable":true,"href":"https:\/\/oilevexpro.com\/pt-br\/wp-json\/wp\/v2\/comments?post=5056"}],"version-history":[{"count":0,"href":"https:\/\/oilevexpro.com\/pt-br\/wp-json\/wp\/v2\/pages\/5056\/revisions"}],"wp:attachment":[{"href":"https:\/\/oilevexpro.com\/pt-br\/wp-json\/wp\/v2\/media?parent=5056"}],"curies":[{"name":"wp","href":"https:\/\/api.w.org\/{rel}","templated":true}]}}