{"id":5074,"date":"2020-09-18T14:36:50","date_gmt":"2020-09-18T14:36:50","guid":{"rendered":"https:\/\/oilevexpro.com\/despre-noi\/"},"modified":"2024-11-14T20:29:48","modified_gmt":"2024-11-14T20:29:48","slug":"despre-noi","status":"publish","type":"page","link":"https:\/\/oilevexpro.com\/ro\/despre-noi\/","title":{"rendered":"Despre noi"},"content":{"rendered":"<?xml encoding=\"UTF-8\"><div class=\"gb-container gb-container-a462a256\">\n<div class=\"gb-container gb-container-2acc6621\">\n\n<h1 class=\"gb-headline gb-headline-d325e19c gb-headline-text\">Despre cea mai recent&#259; versiune 2.0 KW_00001 <\/h1>\n\n<\/div>\n<\/div><div class=\"gb-container gb-container-287f468b\">\n<div class=\"gb-grid-wrapper gb-grid-wrapper-b386d038\">\n<div class=\"gb-grid-column gb-grid-column-387381c3\"><div class=\"gb-container gb-container-387381c3\">\n\n<h2 class=\"gb-headline gb-headline-db283a53 gb-headline-text\">Ce este KW_00001?<\/h2>\n\n\n\n<p>Devenind membru al comunit&#259;&#539;ii KW_00001, ob&#539;ine&#539;i acces exclusiv la cel mai important software de tranzac&#539;ionare a criptomonedelor. Ceea ce diferen&#539;iaz&#259; platforma noastr&#259; este interfa&#539;a prietenoas&#259; cu utilizatorul, ceea ce o face accesibil&#259; persoanelor f&#259;r&#259; experien&#539;&#259; anterioar&#259; de tranzac&#539;ionare sau abilit&#259;&#539;i specializate.<\/p>\n\n\n\n<p>Platforma noastr&#259; ofer&#259; o multitudine de avantaje, simplific&acirc;ndu-v&#259; c&#259;l&#259;toria de tranzac&#539;ionare. Acesta nu numai c&#259; colecteaz&#259; date, dar efectueaz&#259; &#537;i o analiz&#259; cuprinz&#259;toare, permi&#539;&acirc;nd luarea de decizii ra&#539;ionale &#537;i f&#259;r&#259; emo&#539;ii. &Icirc;n plus, acesta execut&#259; f&#259;r&#259; probleme tranzac&#539;ii &icirc;n numele dumneavoastr&#259;, func&#539;ion&acirc;nd aproape non-stop.<\/p>\n\n\n\n<p>KW_00002 este mai mult dec&acirc;t un simplu software de tranzac&#539;ionare automat&#259;; este o comunitate de tranzac&#539;ionare online &icirc;nfloritoare. &Icirc;n calitate de membru, v&#259; pute&#539;i bucura de avantajele tranzac&#539;ion&#259;rii automate &#537;i profitabile a criptomonedelor &icirc;ntr-un mediu comunitar de sus&#539;inere.<\/p>\n\n\n\n<p>Tehnologia noastr&#259; de ultim&#259; genera&#539;ie permite KW_00003 s&#259; analizeze tendin&#539;ele pie&#539;ei &#537;i s&#259; execute tranzac&#539;ii cu o vitez&#259; incredibil&#259;, dep&#259;&#537;ind multe alte programe de tranzac&#539;ionare cu un remarcabil 0,01 secunde. Acest avantaj v&#259; asigur&#259; c&#259; r&#259;m&acirc;ne&#539;i &icirc;n fa&#539;&#259; &icirc;n lumea &icirc;n ritm rapid a tranzac&#539;ion&#259;rii criptomonedelor.<\/p>\n\n<\/div><\/div>\n\n<div class=\"gb-grid-column gb-grid-column-51a60565\"><div class=\"gb-container gb-container-51a60565\">\n\n<h2 class=\"gb-headline gb-headline-d521daef gb-headline-text\">Afla&#539;i mai multe despre platforma noastr&#259; &ndash; &Icirc;nregistrare gratuit&#259;<\/h2>\n\n\n    <script>\n        localStorage.setItem('fxbot_ab_testing', '{\"login\":[],\"registration\":[],\"contactus\":[]}');\n    <\/script>\n    <style>\n        .reCAPTCHAContent {\n            display: none;\n            visibility: hidden;\n        }\n    <\/style>\n\n\n<script>\n    localStorage.setItem('fxbot_api_parameters', '[{\"key\":\"emailmarketing\",\"value\":\"1\",\"override\":true},{\"key\":\"funnel\",\"value\":\"KW_F_00001\",\"override\":true}]');\n    localStorage.setItem('fxbot_alias_url', 'wp-content\/plugins\/fxbot-registration-form\/api.php');\n    localStorage.setItem('fxbot_email_marketing', '1');\n    localStorage.setItem('fxbot_email_marketing_debounce', 'true');\n    localStorage.setItem('fxbot_email_marketing_debounce_time', '1000');\n    localStorage.setItem('fxbot_recaptcha_enabled', 'false');\n    localStorage.setItem('fxbot_recaptcha_site_key', 'EMPTY');\n    localStorage.setItem('fxbot_alt_reg_popup_query_selector', '');\n    localStorage.setItem('fxbot_redirectVariant', '0');\n<\/script>\n<div class=\"form-widget\" id=\"optInFormWrapper\">\n    <form action=\"\" class=\"flex flex-column\" data-form=\"optInForm\" data-urlsearchparams=\"\" data-widget=\"registration_2_step\" id=\"opt-form\" method=\"post\" name=\"optInForm\">\n        <div class=\"elementor-field-type-text elementor-field-group elementor-column elementor-field-group-name elementor-col-100 form-group\">\n            <label for=\"form-first_name\" class=\"elementor-field-label elementor-screen-only\">Nume<\/label>\n            <input class=\"elementor-field elementor-size-sm  elementor-field-textual regFormFirstName\" placeholder=\"Nume\" data-input=\"firstname\" data-valid=\"false\" id=\"form-first_name\" name=\"firstname\" size=\"1\" type=\"text\">\n            <p class=\"error-message\"><\/p>\n        <\/div>\n\n        <div class=\"elementor-field-type-text elementor-field-group elementor-column elementor-field-group-name elementor-col-100 form-group\">\n            <label for=\"form-last_name\" class=\"elementor-field-label elementor-screen-only\">Numele de familie<\/label>\n            <input class=\"elementor-field elementor-size-sm elementor-field-textual regFormLastNname\" placeholder=\"Numele de familie\" data-input=\"lastname\" data-valid=\"false\" id=\"form-last_name\" name=\"lastname\" size=\"1\" type=\"text\">\n            <p class=\"error-message\"><\/p>\n        <\/div>\n\n        <div class=\"form-group elementor-field-type-text elementor-field-group elementor-column elementor-field-group-name elementor-col-100\">\n            <label class=\"elementor-field-label elementor-screen-only\" for=\"form-email\">E-mail<\/label>\n            <input class=\"regFormEmail elementor-field elementor-size-sm elementor-field-textual\" placeholder=\"E-mail\" data-input=\"email\" data-valid=\"false\" id=\"form-email\" name=\"email\" type=\"email\">\n            <p class=\"error-message\"><\/p>\n            <div class=\"form-group__emailValid-info\">\n                <span class=\"form-group__emailValid-message\"><span>A\u021bi vrut s\u0103 spune\u021bi<\/span> <b><\/b>?<\/span> <span class=\"form-group__emailValid-btn\">A inlocui<\/span>            <\/div>\n        <\/div>\n\n        <p class=\"reCAPTCHAContent\">\n            Acest site este protejat de reCAPTCHA \u0219i se aplic\u0103 <a href=\"https:\/\/policies.google.com\/privacy\" target=\"_blank\" rel=\"noopener\">Politica de confiden\u021bialitate<\/a> \u0219i <a href=\"https:\/\/policies.google.com\/terms\" target=\"_blank\" rel=\"noopener\">Termenii de serviciu<\/a> Google.        <\/p>\n\n        <button class=\"zoom regFormButton elementor-button elementor-size-sm\" data-button=\"submit\" id=\"optInForm-btn\">\n            Learn More        <\/button>\n    <\/form>\n<\/div>\n<div class=\"form-widget\" id=\"regFormWrapper\" style=\"visibility: hidden; width: 0; height:0\">\n    <form action=\"\" class=\"flex flex-column\" data-form=\"registrationForm\" data-urlsearchparams=\"\" data-widget=\"registration_2_step\" id=\"reg-form\" method=\"post\" name=\"registrationForm\">\n        <div class=\"elementor-field-type-text elementor-field-group elementor-column elementor-field-group-name elementor-col-100 form-group\">\n            <label for=\"form-first_name\" class=\"elementor-field-label elementor-screen-only\">Nume<\/label>\n            <input class=\"elementor-field elementor-size-sm  elementor-field-textual regFormFirstName\" placeholder=\"Nume\" data-input=\"firstname\" data-valid=\"false\" id=\"form-first_name\" name=\"firstname\" size=\"1\" type=\"text\">\n            <p class=\"error-message\"><\/p>\n        <\/div>\n\n        <div class=\"elementor-field-type-text elementor-field-group elementor-column elementor-field-group-name elementor-col-100 form-group\">\n            <label for=\"form-last_name\" class=\"elementor-field-label elementor-screen-only\">Numele de familie<\/label>\n            <input class=\"elementor-field elementor-size-sm elementor-field-textual regFormLastNname\" placeholder=\"Numele de familie\" data-input=\"lastname\" data-valid=\"false\" id=\"form-last_name\" name=\"lastname\" size=\"1\" type=\"text\">\n            <p class=\"error-message\"><\/p>\n        <\/div>\n\n        <div class=\"elementor-field-type-text elementor-field-group elementor-column elementor-field-group-name elementor-col-100 form-group form-group__emailValid\">\n            <label class=\"elementor-field-label elementor-screen-only\" for=\"form-email\">E-mail<\/label>\n            <input class=\"elementor-field elementor-size-sm elementor-field-textual regFormEmail\" placeholder=\"E-mail\" data-input=\"email\" data-valid=\"false\" id=\"form-email\" name=\"email\" type=\"email\">\n            <p class=\"error-message\"><\/p>\n            <p class=\"form-group__emailValid-info\">\n                <span class=\"form-group__emailValid-message\"><span>A\u021bi vrut s\u0103 spune\u021bi<\/span> <b><\/b>?<\/span> <span class=\"form-group__emailValid-btn\">A inlocui<\/span>            <\/p>\n        <\/div>\n\n        <div class=\"elementor-field-type-tel elementor-field-group elementor-column elementor-field-group-field_fad38fc elementor-col-100 form-group reg-phone\">\n            <label class=\"elementor-field-label elementor-screen-only\" for=\"form-phone_number\">Num\u0103r de telefon<\/label>\n            <input class=\"elementor-field elementor-size-sm elementor-field-textual regFormPhoneNumber\" placeholder=\"Num\u0103r de telefon\" autocompvare=\"off\" data-input=\"phone_number\" data-valid=\"false\" id=\"form-phone_number\" name=\"phone_number\" size=\"1\" type=\"text\">\n            <p class=\"error-message\"><\/p>\n        <\/div>\n\n        <p class=\"reCAPTCHAContent\">\n            Acest site este protejat de reCAPTCHA \u0219i se aplic\u0103 <a href=\"https:\/\/policies.google.com\/privacy\" target=\"_blank\" rel=\"noopener\">Politica de confiden\u021bialitate<\/a> \u0219i <a href=\"https:\/\/policies.google.com\/terms\" target=\"_blank\" rel=\"noopener\">Termenii de serviciu<\/a> Google.        <\/p>\n\n        <button class=\"elementor-button zoom regFormButton\" data-button=\"submit\" id=\"form-btn\" type=\"button\">\n            Learn More        <\/button>\n\n        <div class=\"wrapper__rar-no\" data-modal=\"success\" style=\"display: none\">\n            <div class=\"success\">\n                <img decoding=\"async\" src=\"\/wp-content\/plugins\/fxbot-registration-form\/assets\/images\/regSuccess.png\" alt=\"V\u0103 mul\u021bumim pentru \u00eenregistrare\">\n                <p>V\u0103 mul\u021bumim pentru \u00eenregistrare.<br\/>Agentul nostru v\u0103 va contacta \u00een scurt timp.<br\/>V\u0103 rug\u0103m s\u0103 v\u0103 asigura\u021bi c\u0103 a\u021bi folosit num\u0103rul de telefon real.<br\/> Noroc.<\/p>\n            <\/div>\n        <\/div>\n\n        <div class=\"wrapper__rar-no\" data-modal=\"alternative_success\" style=\"display: none\">\n            <div class=\"success\">\n                <p class=\"reg_title\">\n                    <b>A\u021bi conectat cu succes.<\/b>\n                <\/p>\n                <p>Un agent al companiei v\u0103 va contacta \u00een cur\u00e2nd. V\u0103 rug\u0103m s\u0103 v\u0103 asigura\u021bi c\u0103 sunte\u021bi disponibil la telefon pentru a evita pierderea apelului.<\/p>\n            <\/div>\n        <\/div>\n\n        <div class=\"wrapper__error\" data-modal=\"error\" style=\"display: none\"><\/div>\n    <\/form>\n<\/div>\n\n<div class=\"submit-overlay\" style=\"display: none;\">\n    <div class=\"lds-spinner\">\n        <div><\/div>\n        <div><\/div>\n        <div><\/div>\n        <div><\/div>\n        <div><\/div>\n        <div><\/div>\n        <div><\/div>\n        <div><\/div>\n    <\/div>\n    <p class=\"overlay-text\">Te conecteaz\u0103 cu cel mai bun broker din zona ta<\/p>\n<\/div>\n\n\n<\/div><\/div>\n<\/div>\n<\/div><div class=\"gb-container gb-container-197d4570\">\n\n<a class=\"gb-button gb-button-e8c7dfa5\" href=\"https:\/\/oilevexpro.com\/ro\/\"><span class=\"gb-button-text\">OB&#538;INE&#538;I ACCES LA KW_00001 ACUM<\/span><span class=\"gb-icon\"><svg xmlns=\"http:\/\/www.w3.org\/2000\/svg\" aria-hidden=\"true\" role=\"img\" height=\"1em\" width=\"1em\" viewbox=\"0 0 256 512\"><path fill=\"currentColor\" d=\"M224.3 273l-136 136c-9.4 9.4-24.6 9.4-33.9 0l-22.6-22.6c-9.4-9.4-9.4-24.6 0-33.9l96.4-96.4-96.4-96.4c-9.4-9.4-9.4-24.6 0-33.9L54.3 103c9.4-9.4 24.6-9.4 33.9 0l136 136c9.5 9.4 9.5 24.6.1 34z\"><\/path><\/svg><\/span><\/a>\n\n<\/div><div class=\"gb-container gb-container-1bdeec8b\">\n<div class=\"gb-container gb-container-9d34a979\"><\/div>\n\n<div class=\"gb-container gb-container-1e789d4e\">\n\n<h3 class=\"gb-headline gb-headline-29613722 gb-headline-text\"><strong>Beneficiile software-ului KW_00001 <\/strong><\/h3>\n\n\n\n<p>KW_00001 exceleaz&#259; prin colectarea constant&#259; &#537;i analiza eficient&#259; a datelor de pia&#539;&#259; &icirc;n timp real. Aceast&#259; capacitate unic&#259; permite software-ului nostru s&#259; execute ordinele de tranzac&#539;ionare pentru dvs. la o vitez&#259; f&#259;r&#259; precedent, dep&#259;&#537;ind at&acirc;t comercian&#539;ii umani, c&acirc;t &#537;i alte solu&#539;ii software. Nu numai c&#259; KW_00002 execut&#259; tranzac&#539;iile mai rapid, dar se bazeaz&#259; &#537;i pe statistici, logic&#259; &#537;i algoritmi matematici pentru a lua decizii de tranzac&#539;ionare, elimin&acirc;nd influen&#539;a emo&#539;iilor umane &#537;i asigur&acirc;nd o tranzac&#539;ionare obiectiv&#259;.<\/p>\n\n\n\n<p>Una dintre caracteristicile deosebite ale KW_00003 este capacitatea sa de a facilita backstaging-ul. Acest instrument nepre&#539;uit v&#259; permite s&#259; testa&#539;i set&#259;rile alese pe baza condi&#539;iilor istorice ale pie&#539;ei. Utiliz&acirc;nd aceast&#259; func&#539;ie, v&#259; pute&#539;i ajusta set&#259;rile pentru a maximiza profitabilitatea. Fi&#539;i siguri c&#259; software-ul nostru sofisticat va respecta cu s&acirc;rguin&#539;&#259; regulile stabilite de dumneavoastr&#259;, &icirc;n timp ce se va ocupa de toate sarcinile de tranzac&#539;ionare &icirc;n numele dumneavoastr&#259;.<\/p>\n\n\n\n<p>KW_00003 ofer&#259; flexibilitatea op&#539;iunilor de tranzac&#539;ionare at&acirc;t automat&#259;, c&acirc;t &#537;i manual&#259;, pentru a se adresa utilizatorilor cu diferite niveluri de calificare, constr&acirc;ngeri de timp &#537;i interese. Cu platforma noastr&#259;, pute&#539;i gestiona mai multe conturi, ceea ce v&#259; permite s&#259; experimenta&#539;i, s&#259; modifica&#539;i &#537;i s&#259; compara&#539;i diferite strategii. &Icirc;mbr&#259;&#539;i&#537;a&#539;i multitudinea de posibilit&#259;&#539;i de tranzac&#539;ionare pe care KW_00002 le prezint&#259; &#537;i profita&#539;i de oportunit&#259;&#539;ile ample pentru a v&#259; maximiza profiturile.<\/p>\n\n<\/div>\n<\/div><div class=\"gb-container gb-container-67945ee0\">\n<div class=\"gb-container gb-container-12a13938\">\n\n<a class=\"gb-button gb-button-15cad45f\" href=\"https:\/\/oilevexpro.com\/ro\/\"><span class=\"gb-button-text\"><strong>TEST KW_00001<\/strong><\/span><span class=\"gb-icon\"><svg xmlns=\"http:\/\/www.w3.org\/2000\/svg\" aria-hidden=\"true\" role=\"img\" height=\"1em\" width=\"1em\" viewbox=\"0 0 256 512\"><path fill=\"currentColor\" d=\"M224.3 273l-136 136c-9.4 9.4-24.6 9.4-33.9 0l-22.6-22.6c-9.4-9.4-9.4-24.6 0-33.9l96.4-96.4-96.4-96.4c-9.4-9.4-9.4-24.6 0-33.9L54.3 103c9.4-9.4 24.6-9.4 33.9 0l136 136c9.5 9.4 9.5 24.6.1 34z\"><\/path><\/svg><\/span><\/a>\n\n<\/div>\n<\/div><div class=\"gb-container gb-container-5d2e4740\">\n<div class=\"gb-container gb-container-d34d15be\">\n<div class=\"gb-grid-wrapper gb-grid-wrapper-4257ebc4\">\n<div class=\"gb-grid-column gb-grid-column-60a1d140\"><div class=\"gb-container gb-container-60a1d140\">\n<div class=\"gb-container gb-container-d446dbb2\">\n\n<span class=\"gb-button gb-button-4f39012e\"><span class=\"gb-icon\"><svg xmlns=\"http:\/\/www.w3.org\/2000\/svg\" height=\"15\" width=\"15\" fill=\"none\" viewbox=\"0 0 15 15\"><path fill=\"currentColor\" d=\"M4 1.5V4H1.5A1.5 1.5 0 000 5.5v8A1.5 1.5 0 001.5 15h8a1.5 1.5 0 001.5-1.5V11h2.5A1.5 1.5 0 0015 9.5v-8A1.5 1.5 0 0013.5 0h-8A1.5 1.5 0 004 1.5zM5.5 1a.5.5 0 00-.5.5V4h4.5A1.5 1.5 0 0111 5.5V10h2.5a.5.5 0 00.5-.5v-8a.5.5 0 00-.5-.5h-8zm0 10A1.5 1.5 0 014 9.5V5H1.5a.5.5 0 00-.5.5v8a.5.5 0 00.5.5h8a.5.5 0 00.5-.5V11H5.5z\" clip-rule=\"evenodd\" fill-rule=\"evenodd\"><\/path><\/svg><\/span><\/span>\n\n<\/div>\n\n\n<h3 class=\"gb-headline gb-headline-f8d314cb gb-headline-text\"><strong>Solu&#539;ia software<\/strong><\/h3>\n\n\n\n<p class=\"has-text-align-center\">KW_00001 este meticulos creat pentru a-&#537;i &icirc;ndeplini scopul de instrument valoros &#537;i u&#537;or de utilizat pentru comercian&#539;ii de toate nivelurile de calificare. V&#259; permite s&#259; tranzac&#539;iona&#539;i f&#259;r&#259; efort &#537;i &icirc;n mod eficient Bitcoin &#537;i diverse criptomonede cu cel mai mare confort.<\/p>\n\n\n\n<p class=\"has-text-align-center\">Cu KW_00002, v&#259; pute&#539;i arunca cu capul &icirc;n lumea tranzac&#539;ion&#259;rii criptomonedelor f&#259;r&#259; a cheltui mult timp &#537;i efort pentru a studia informa&#539;iile &#537;i tendin&#539;ele pie&#539;ei. S-au dus zilele &icirc;n care &icirc;nv&#259;&#539;am cu greu s&#259; facem comer&#539; &#537;i ne chinuiam s&#259; ob&#539;inem profit. Solu&#539;ia noastr&#259; elimin&#259; nevoia de cuno&#537;tin&#539;e &#537;i experien&#539;&#259; prealabil&#259;, permi&#539;&acirc;ndu-v&#259; s&#259; v&#259; lansa&#539;i &icirc;n c&#259;l&#259;toria de tranzac&#539;ionare cu un minim de timp &#537;i efort investit.<\/p>\n\n<\/div><\/div>\n\n<div class=\"gb-grid-column gb-grid-column-6922dcd9\"><div class=\"gb-container gb-container-6922dcd9\">\n<div class=\"gb-container gb-container-b5c2993b\">\n\n<span class=\"gb-button gb-button-05b34aef\"><span class=\"gb-icon\"><svg xmlns=\"http:\/\/www.w3.org\/2000\/svg\" height=\"15\" width=\"15\" fill=\"none\" viewbox=\"0 0 15 15\"><path fill=\"currentColor\" d=\"M4 4V1.5A1.5 1.5 0 015.5 0h8A1.5 1.5 0 0115 1.5v8a1.5 1.5 0 01-1.5 1.5H11v2.5A1.5 1.5 0 019.5 15h-8A1.5 1.5 0 010 13.5v-8A1.5 1.5 0 011.5 4H4zm6 1v5H5V5h5z\" clip-rule=\"evenodd\" fill-rule=\"evenodd\"><\/path><\/svg><\/span><\/span>\n\n<\/div>\n\n\n<h3 class=\"gb-headline gb-headline-13950594 gb-headline-text\"><strong>KW_00001 Trader Review<\/strong><\/h3>\n\n\n\n<p class=\"has-text-align-center\">KW_00001 este un instrument de tranzac&#539;ionare de &icirc;ncredere care ofer&#259; at&acirc;t op&#539;iuni manuale, c&acirc;t &#537;i complet automatizate, concepute pentru a executa tranzac&#539;ii precise cu criptomonede &icirc;n numele dvs. Spre deosebire de alte programe de tranzac&#539;ionare a monedei Bitcoin, platforma noastr&#259; este alimentat&#259; de algoritmi avansa&#539;i care analizeaz&#259; datele de pia&#539;&#259;, asigur&acirc;nd o rat&#259; de precizie impresionant&#259; de 99,4% &icirc;n deschiderea &#537;i &icirc;nchiderea tranzac&#539;iilor. Ceea ce diferen&#539;iaz&#259; KW_00002 este avantajul s&#259;u remarcabil de 0,01 secunde fa&#539;&#259; de software-ul concurent, ceea ce &icirc;l face alegerea preferat&#259; a comercian&#539;ilor.<\/p>\n\n\n\n<p class=\"has-text-align-center\">Recunoscut de c&#259;tre prestigioasa US Trading Association, KW_00003 &#537;i-a asigurat locul de frunte &icirc;n categoria software de tranzac&#539;ionare. &Icirc;n plus, natura sa bazat&#259; pe web elimin&#259; necesitatea desc&#259;rc&#259;rilor, ob&#539;in&acirc;nd aprobarea companiilor antivirus pentru o securitate sporit&#259;.<\/p>\n\n<\/div><\/div>\n\n<div class=\"gb-grid-column gb-grid-column-58d3b69b\"><div class=\"gb-container gb-container-58d3b69b\">\n<div class=\"gb-container gb-container-7f21e89f\">\n\n<span class=\"gb-button gb-button-df17151f\"><span class=\"gb-icon\"><svg xmlns=\"http:\/\/www.w3.org\/2000\/svg\" height=\"15\" width=\"15\" fill=\"none\" viewbox=\"0 0 15 15\"><path fill=\"currentColor\" d=\"M4 4H1.5A1.5 1.5 0 000 5.5v8A1.5 1.5 0 001.5 15h8a1.5 1.5 0 001.5-1.5V11h2.5A1.5 1.5 0 0015 9.5v-8A1.5 1.5 0 0013.5 0h-8A1.5 1.5 0 004 1.5V4zm1-2.5a.5.5 0 01.5-.5h8a.5.5 0 01.5.5v8a.5.5 0 01-.5.5h-8a.5.5 0 01-.5-.5v-8z\" clip-rule=\"evenodd\" fill-rule=\"evenodd\"><\/path><\/svg><\/span><\/span>\n\n<\/div>\n\n\n<h3 class=\"gb-headline gb-headline-7625b1b1 gb-headline-text\"><strong>Dragons Den<\/strong><\/h3>\n\n\n\n<p class=\"has-text-align-center\">KW_00003 Software nu are absolut nici o asociere cu infamul Dragons Den Scam. Dragons Den, cunoscut&#259; &#537;i sub numele de &icirc;n&#537;el&#259;toria Bitcoin Loophole, func&#539;ioneaz&#259; ca o schem&#259; &icirc;n&#537;el&#259;toare, care atrage utilizatorii ne&#537;tiutori s&#259; investeasc&#259; &icirc;ntr-o afacere frauduloas&#259; deghizat&#259; &icirc;n software inovator de pornire. Este esen&#539;ial s&#259; recunoa&#537;tem c&#259; aceast&#259; &icirc;n&#537;el&#259;torie nu a fost prezentat&#259; &icirc;n cadrul emisiunii Dragon&rsquo;s Den &#537;i nu a primit niciun fel de aprobare din partea emisiunii sau a actorilor acesteia.<\/p>\n\n\n\n<p class=\"has-text-align-center\">Este important s&#259; subliniem c&#259; Dragons Den a exploatat pur &#537;i simplu reputa&#539;ia software-ului original &#537;i a celebrit&#259;&#539;ilor din emisiune pentru a &icirc;n&#537;ela &icirc;n mod mincinos persoanele s&#259; se despart&#259; de banii c&acirc;&#537;tiga&#539;i cu greu. Este esen&#539;ial s&#259; fi&#539;i precau&#539;i &#537;i s&#259; v&#259; feri&#539;i de orice reclame sau publica&#539;ii care fac afirma&#539;ii nefondate, deoarece acestea nu au nicio corela&#539;ie cu software-ul KW_00002 autentic.<\/p>\n\n<\/div><\/div>\n<\/div>\n<\/div>\n<\/div><div class=\"gb-container gb-container-39bfdacb\">\n<div class=\"gb-container gb-container-45f3ab74\">\n\n<h3 class=\"gb-headline gb-headline-e982b89b gb-headline-text\">&Icirc;nregistra&#539;i-v&#259; &icirc;n siguran&#539;&#259; la KW_00001<\/h3>\n\n\n\n<a class=\"gb-button gb-button-a3e3ab09\" href=\"https:\/\/oilevexpro.com\/ro\/\"><span class=\"gb-button-text\">&Icirc;nregistra&#539;i-v&#259; &icirc;n siguran&#539;&#259;<\/span><span class=\"gb-icon\"><svg xmlns=\"http:\/\/www.w3.org\/2000\/svg\" aria-hidden=\"true\" role=\"img\" height=\"1em\" width=\"1em\" viewbox=\"0 0 256 512\"><path fill=\"currentColor\" d=\"M224.3 273l-136 136c-9.4 9.4-24.6 9.4-33.9 0l-22.6-22.6c-9.4-9.4-9.4-24.6 0-33.9l96.4-96.4-96.4-96.4c-9.4-9.4-9.4-24.6 0-33.9L54.3 103c9.4-9.4 24.6-9.4 33.9 0l136 136c9.5 9.4 9.5 24.6.1 34z\"><\/path><\/svg><\/span><\/a>\n\n<\/div>\n<\/div>\n","protected":false},"excerpt":{"rendered":"<p>Despre cea mai recent&#259; versiune 2.0 KW_00001 Beneficiile software-ului KW_00001 KW_00001 exceleaz&#259; prin colectarea constant&#259; &#537;i analiza eficient&#259; a datelor de pia&#539;&#259; &icirc;n timp real. Aceast&#259; capacitate unic&#259; permite software-ului nostru s&#259; execute ordinele de tranzac&#539;ionare pentru dvs. la o vitez&#259; f&#259;r&#259; precedent, dep&#259;&#537;ind at&acirc;t comercian&#539;ii umani, c&acirc;t &#537;i alte solu&#539;ii software. Nu numai c&#259; &#8230; <a title=\"Despre noi\" class=\"read-more\" href=\"https:\/\/oilevexpro.com\/ro\/despre-noi\/\" aria-label=\"Read more about Despre noi\">Read more<\/a><\/p>\n","protected":false},"author":1,"featured_media":0,"parent":0,"menu_order":0,"comment_status":"closed","ping_status":"closed","template":"","meta":{"footnotes":""},"class_list":["post-5074","page","type-page","status-publish"],"_links":{"self":[{"href":"https:\/\/oilevexpro.com\/ro\/wp-json\/wp\/v2\/pages\/5074","targetHints":{"allow":["GET"]}}],"collection":[{"href":"https:\/\/oilevexpro.com\/ro\/wp-json\/wp\/v2\/pages"}],"about":[{"href":"https:\/\/oilevexpro.com\/ro\/wp-json\/wp\/v2\/types\/page"}],"author":[{"embeddable":true,"href":"https:\/\/oilevexpro.com\/ro\/wp-json\/wp\/v2\/users\/1"}],"replies":[{"embeddable":true,"href":"https:\/\/oilevexpro.com\/ro\/wp-json\/wp\/v2\/comments?post=5074"}],"version-history":[{"count":0,"href":"https:\/\/oilevexpro.com\/ro\/wp-json\/wp\/v2\/pages\/5074\/revisions"}],"wp:attachment":[{"href":"https:\/\/oilevexpro.com\/ro\/wp-json\/wp\/v2\/media?parent=5074"}],"curies":[{"name":"wp","href":"https:\/\/api.w.org\/{rel}","templated":true}]}}