{"id":4751,"date":"2020-09-18T14:37:23","date_gmt":"2020-09-18T14:37:23","guid":{"rendered":"https:\/\/oilevexpro.com\/kontaktujte-nas\/"},"modified":"2024-10-27T12:51:41","modified_gmt":"2024-10-27T12:51:41","slug":"kontaktujte-nas","status":"publish","type":"page","link":"https:\/\/oilevexpro.com\/sk\/kontaktujte-nas\/","title":{"rendered":"Kontaktujte n\u00e1s"},"content":{"rendered":"<?xml encoding=\"UTF-8\"><div class=\"gb-container gb-container-e7990ed0\">\n<div class=\"gb-container gb-container-143b77ca\">\n\n<h1 class=\"gb-headline gb-headline-d325e19c gb-headline-text\">Kontaktujte n&aacute;s &ndash; KW_00001 &ndash; N&aacute;stroj poh&aacute;&#328;an&yacute; GPT<\/h1>\n\n<\/div>\n<\/div><div class=\"gb-container gb-container-e6cfd54a\">\n<div class=\"gb-container gb-container-c74301cf\">\n<div class=\"gb-grid-wrapper gb-grid-wrapper-80bc0e69\">\n<div class=\"gb-grid-column gb-grid-column-358e8ba0\"><div class=\"gb-container gb-container-358e8ba0\">\n\n<h2 class=\"gb-headline gb-headline-183e6841 gb-headline-text\"><strong>&#270;akujeme v&aacute;m za v&aacute;&scaron; z&aacute;ujem o <\/strong><br><strong>KW_00001<\/strong><\/h2>\n\n\n\n<p>V spolo&#269;nosti KW_00002 sa sna&#382;&iacute;me poskytova&#357; rozsiahlu z&aacute;kazn&iacute;cku podporu, aby sme v&aacute;m zaru&#269;ili optim&aacute;lne obchodn&eacute; sk&uacute;senosti a uvo&#318;nili v&aacute;&scaron; maxim&aacute;lny obchodn&yacute; potenci&aacute;l.<\/p>\n\n\n\n<p>Na&scaron;ou najvy&scaron;&scaron;ou prioritou je umo&#382;ni&#357; v&aacute;m plne vyu&#382;i&#357; potenci&aacute;l syst&eacute;mu a vychutna&#357; si bezprobl&eacute;mov&eacute; a pou&#382;&iacute;vate&#318;sky pr&iacute;vetiv&eacute; prostredie. Na dosiahnutie tohto cie&#318;a sme nadviazali partnerstvo s popredn&yacute;mi licencovan&yacute;mi makl&eacute;rmi, ktor&iacute; v&aacute;m pom&ocirc;&#382;u pri obchodovan&iacute; s digit&aacute;lnymi akt&iacute;vami. T&aacute;to zdvorilostn&aacute; slu&#382;ba sa v&aacute;m poskytuje &uacute;plne bezplatne a zaru&#269;uje, &#382;e dostanete potrebn&eacute; poradenstvo a odborn&eacute; znalosti bez oh&#318;adu na &uacute;rove&#328; va&scaron;ich zru&#269;nost&iacute;, znalost&iacute; alebo sk&uacute;senost&iacute;.<\/p>\n\n<\/div><\/div>\n\n<div class=\"gb-grid-column gb-grid-column-07c2a368\"><div class=\"gb-container gb-container-07c2a368\">\n\n<h2 class=\"gb-headline gb-headline-a0231c48 gb-headline-text\">Kontaktujte n&aacute;s a bezplatn&aacute; registr&aacute;cia<\/h2>\n\n\n    <script>\n        localStorage.setItem('fxbot_ab_testing', '{\"login\":[],\"registration\":[],\"contactus\":[]}');\n    <\/script>\n    <style>\n        .reCAPTCHAContent {\n            display: none;\n            visibility: hidden;\n        }\n    <\/style>\n\n\n<script>\n    localStorage.setItem('fxbot_api_parameters', '[{\"key\":\"emailmarketing\",\"value\":\"1\",\"override\":true},{\"key\":\"funnel\",\"value\":\"KW_F_00001\",\"override\":true}]');\n    localStorage.setItem('fxbot_alias_url', 'wp-content\/plugins\/fxbot-registration-form\/api.php');\n    localStorage.setItem('fxbot_email_marketing', '1');\n    localStorage.setItem('fxbot_email_marketing_debounce', 'true');\n    localStorage.setItem('fxbot_email_marketing_debounce_time', '1000');\n    localStorage.setItem('fxbot_recaptcha_enabled', 'false');\n    localStorage.setItem('fxbot_recaptcha_site_key', 'EMPTY');\n    localStorage.setItem('fxbot_alt_reg_popup_query_selector', '');\n    localStorage.setItem('fxbot_redirectVariant', '0');\n<\/script>\n<div class=\"form-widget\" id=\"optInFormWrapper\">\n    <form action=\"\" class=\"flex flex-column\" data-form=\"optInForm\" data-urlsearchparams=\"\" data-widget=\"registration_2_step\" id=\"opt-form\" method=\"post\" name=\"optInForm\">\n        <div class=\"elementor-field-type-text elementor-field-group elementor-column elementor-field-group-name elementor-col-100 form-group\">\n            <label for=\"form-first_name\" class=\"elementor-field-label elementor-screen-only\">Krstn\u00e9 meno<\/label>\n            <input class=\"elementor-field elementor-size-sm  elementor-field-textual regFormFirstName\" placeholder=\"Krstn\u00e9 meno\" data-input=\"firstname\" data-valid=\"false\" id=\"form-first_name\" name=\"firstname\" size=\"1\" type=\"text\">\n            <p class=\"error-message\"><\/p>\n        <\/div>\n\n        <div class=\"elementor-field-type-text elementor-field-group elementor-column elementor-field-group-name elementor-col-100 form-group\">\n            <label for=\"form-last_name\" class=\"elementor-field-label elementor-screen-only\">Priezvisko<\/label>\n            <input class=\"elementor-field elementor-size-sm elementor-field-textual regFormLastNname\" placeholder=\"Priezvisko\" data-input=\"lastname\" data-valid=\"false\" id=\"form-last_name\" name=\"lastname\" size=\"1\" type=\"text\">\n            <p class=\"error-message\"><\/p>\n        <\/div>\n\n        <div class=\"form-group elementor-field-type-text elementor-field-group elementor-column elementor-field-group-name elementor-col-100\">\n            <label class=\"elementor-field-label elementor-screen-only\" for=\"form-email\">Email<\/label>\n            <input class=\"regFormEmail elementor-field elementor-size-sm elementor-field-textual\" placeholder=\"Email\" data-input=\"email\" data-valid=\"false\" id=\"form-email\" name=\"email\" type=\"email\">\n            <p class=\"error-message\"><\/p>\n            <div class=\"form-group__emailValid-info\">\n                <span class=\"form-group__emailValid-message\"><span>Mysleli ste<\/span> <b><\/b>?<\/span> <span class=\"form-group__emailValid-btn\">Vyme\u0148te<\/span>            <\/div>\n        <\/div>\n\n        <p class=\"reCAPTCHAContent\">\n            T\u00e1to str\u00e1nka je chr\u00e1nen\u00e1 reCAPTCHA a platia <a href=\"https:\/\/policies.google.com\/privacy\" target=\"_blank\" rel=\"noopener\">Z\u00e1sady ochrany osobn\u00fdch \u00fadajov<\/a> a <a href=\"https:\/\/policies.google.com\/terms\" target=\"_blank\" rel=\"noopener\">Podmienky slu\u017eby<\/a> Google.        <\/p>\n\n        <button class=\"zoom regFormButton elementor-button elementor-size-sm\" data-button=\"submit\" id=\"optInForm-btn\">\n            Submit        <\/button>\n    <\/form>\n<\/div>\n<div class=\"form-widget\" id=\"regFormWrapper\" style=\"visibility: hidden; width: 0; height:0\">\n    <form action=\"\" class=\"flex flex-column\" data-form=\"registrationForm\" data-urlsearchparams=\"\" data-widget=\"registration_2_step\" id=\"reg-form\" method=\"post\" name=\"registrationForm\">\n        <div class=\"elementor-field-type-text elementor-field-group elementor-column elementor-field-group-name elementor-col-100 form-group\">\n            <label for=\"form-first_name\" class=\"elementor-field-label elementor-screen-only\">Krstn\u00e9 meno<\/label>\n            <input class=\"elementor-field elementor-size-sm  elementor-field-textual regFormFirstName\" placeholder=\"Krstn\u00e9 meno\" data-input=\"firstname\" data-valid=\"false\" id=\"form-first_name\" name=\"firstname\" size=\"1\" type=\"text\">\n            <p class=\"error-message\"><\/p>\n        <\/div>\n\n        <div class=\"elementor-field-type-text elementor-field-group elementor-column elementor-field-group-name elementor-col-100 form-group\">\n            <label for=\"form-last_name\" class=\"elementor-field-label elementor-screen-only\">Priezvisko<\/label>\n            <input class=\"elementor-field elementor-size-sm elementor-field-textual regFormLastNname\" placeholder=\"Priezvisko\" data-input=\"lastname\" data-valid=\"false\" id=\"form-last_name\" name=\"lastname\" size=\"1\" type=\"text\">\n            <p class=\"error-message\"><\/p>\n        <\/div>\n\n        <div class=\"elementor-field-type-text elementor-field-group elementor-column elementor-field-group-name elementor-col-100 form-group form-group__emailValid\">\n            <label class=\"elementor-field-label elementor-screen-only\" for=\"form-email\">Email<\/label>\n            <input class=\"elementor-field elementor-size-sm elementor-field-textual regFormEmail\" placeholder=\"Email\" data-input=\"email\" data-valid=\"false\" id=\"form-email\" name=\"email\" type=\"email\">\n            <p class=\"error-message\"><\/p>\n            <p class=\"form-group__emailValid-info\">\n                <span class=\"form-group__emailValid-message\"><span>Mysleli ste<\/span> <b><\/b>?<\/span> <span class=\"form-group__emailValid-btn\">Vyme\u0148te<\/span>            <\/p>\n        <\/div>\n\n        <div class=\"elementor-field-type-tel elementor-field-group elementor-column elementor-field-group-field_fad38fc elementor-col-100 form-group reg-phone\">\n            <label class=\"elementor-field-label elementor-screen-only\" for=\"form-phone_number\">Telef\u00f3nne \u010d\u00edslo<\/label>\n            <input class=\"elementor-field elementor-size-sm elementor-field-textual regFormPhoneNumber\" placeholder=\"Telef\u00f3nne \u010d\u00edslo\" autocompvare=\"off\" data-input=\"phone_number\" data-valid=\"false\" id=\"form-phone_number\" name=\"phone_number\" size=\"1\" type=\"text\">\n            <p class=\"error-message\"><\/p>\n        <\/div>\n\n        <p class=\"reCAPTCHAContent\">\n            T\u00e1to str\u00e1nka je chr\u00e1nen\u00e1 reCAPTCHA a platia <a href=\"https:\/\/policies.google.com\/privacy\" target=\"_blank\" rel=\"noopener\">Z\u00e1sady ochrany osobn\u00fdch \u00fadajov<\/a> a <a href=\"https:\/\/policies.google.com\/terms\" target=\"_blank\" rel=\"noopener\">Podmienky slu\u017eby<\/a> Google.        <\/p>\n\n        <button class=\"elementor-button zoom regFormButton\" data-button=\"submit\" id=\"form-btn\" type=\"button\">\n            Submit        <\/button>\n\n        <div class=\"wrapper__rar-no\" data-modal=\"success\" style=\"display: none\">\n            <div class=\"success\">\n                <img decoding=\"async\" src=\"\/wp-content\/plugins\/fxbot-registration-form\/assets\/images\/regSuccess.png\" alt=\"\u010eakujeme za registr\u00e1ciu\">\n                <p>\u010eakujeme za registr\u00e1ciu.<br\/>N\u00e1\u0161 agent v\u00e1s bude \u010doskoro kontaktova\u0165.<br\/>Uistite sa, \u017ee ste pou\u017eili skuto\u010dn\u00e9 telef\u00f3nne \u010d\u00edslo.<br\/>Na zdravie.<\/p>\n            <\/div>\n        <\/div>\n\n        <div class=\"wrapper__rar-no\" data-modal=\"alternative_success\" style=\"display: none\">\n            <div class=\"success\">\n                <p class=\"reg_title\">\n                    <b>\u00daspe\u0161ne ste sa pripojili.<\/b>\n                <\/p>\n                <p>Zamestnanec spolo\u010dnosti v\u00e1s \u010doskoro skontaktuje. Uistite sa, \u017ee ste k dispoz\u00edcii telefonicky, aby ste nezme\u0161kali hovor.<\/p>\n            <\/div>\n        <\/div>\n\n        <div class=\"wrapper__error\" data-modal=\"error\" style=\"display: none\"><\/div>\n    <\/form>\n<\/div>\n\n<div class=\"submit-overlay\" style=\"display: none;\">\n    <div class=\"lds-spinner\">\n        <div><\/div>\n        <div><\/div>\n        <div><\/div>\n        <div><\/div>\n        <div><\/div>\n        <div><\/div>\n        <div><\/div>\n        <div><\/div>\n    <\/div>\n    <p class=\"overlay-text\">Spoj\u00edme v\u00e1s s najlep\u0161\u00edm makl\u00e9rom vo va\u0161ej oblasti<\/p>\n<\/div>\n\n\n<\/div><\/div>\n<\/div>\n<\/div>\n<\/div><div class=\"gb-container gb-container-60bbda29\">\n<div class=\"gb-container gb-container-0b4cfa6a\">\n\n<h2 class=\"gb-headline gb-headline-38a74e45 gb-headline-text\">KW_00003 Kontaktn&eacute; pokyny<\/h2>\n\n\n\n<p class=\"gb-headline gb-headline-6c77b38e gb-headline-text\">Pros&iacute;m, venujte &#269;as pre&#269;&iacute;taniu t&yacute;chto pokynov s kontaktn&yacute;mi inform&aacute;ciami, aby na va&scaron;u ot&aacute;zku odpovedal &scaron;pecializovan&yacute; t&iacute;m podpory v s&uacute;lade s t&eacute;mou.<\/p>\n\n\n\n<p class=\"has-base-2-color has-text-color\" style=\"font-style:normal;font-weight:200\">* Ak potrebujete &#271;al&scaron;ie inform&aacute;cie, pomoc s registr&aacute;ciou alebo ak m&aacute;te technick&eacute; probl&eacute;my, kontaktujte n&aacute;s prostredn&iacute;ctvom nasleduj&uacute;ceho formul&aacute;ra na adrese<strong> <\/strong>. &#268;len t&iacute;mu starostlivosti o z&aacute;kazn&iacute;kov v&aacute;m okam&#382;ite odpovie.<\/p>\n\n<\/div>\n<\/div><section class=\"gb-container gb-container-1537fc24\">\n<div class=\"gb-container gb-container-489b4d10\">\n<div class=\"gb-grid-wrapper gb-grid-wrapper-9ec40c2c\">\n<div class=\"gb-grid-column gb-grid-column-1d94304b\"><div class=\"gb-container gb-container-1d94304b\">\n<div class=\"gb-container gb-container-c1d4759b\">\n\n<span class=\"gb-button gb-button-10e59523\"><span class=\"gb-icon\"><svg xmlns=\"http:\/\/www.w3.org\/2000\/svg\" viewbox=\"0 0 512 512\" width=\"1em\" height=\"1em\" aria-hidden=\"true\"><path d=\"M464 64H48C21.49 64 0 85.49 0 112v288c0 26.51 21.49 48 48 48h416c26.51 0 48-21.49 48-48V112c0-26.51-21.49-48-48-48zm0 48v40.805c-22.422 18.259-58.168 46.651-134.587 106.49-16.841 13.247-50.201 45.072-73.413 44.701-23.208.375-56.579-31.459-73.413-44.701C106.18 199.465 70.425 171.067 48 152.805V112h416zM48 400V214.398c22.914 18.251 55.409 43.862 104.938 82.646 21.857 17.205 60.134 55.186 103.062 54.955 42.717.231 80.509-37.199 103.053-54.947 49.528-38.783 82.032-64.401 104.947-82.653V400H48z\" fill=\"currentColor\"><\/path><\/svg><\/span><\/span>\n\n\n<div class=\"gb-container gb-container-73575364\">\n\n<h3 class=\"gb-headline gb-headline-c3604ae8 gb-headline-text\">E-mail<\/h3>\n\n\n\n<p class=\"gb-headline gb-headline-f3e4fae6 gb-headline-text\">support@OilEvexPro.com<\/p>\n\n<\/div>\n<\/div>\n\n<div class=\"gb-container gb-container-0a31b6cd\">\n\n<span class=\"gb-button gb-button-e9624d06\"><span class=\"gb-icon\"><svg xmlns=\"http:\/\/www.w3.org\/2000\/svg\" viewbox=\"0 0 368.666 368.666\" style=\"enable-background:new 0 0 368.666 368.666\" xml:space=\"preserve\"><path d=\"M184.333 0C102.01 0 35.036 66.974 35.036 149.297c0 33.969 11.132 65.96 32.193 92.515 27.27 34.383 106.572 116.021 109.934 119.479l7.169 7.375 7.17-7.374c3.364-3.46 82.69-85.116 109.964-119.51 21.042-26.534 32.164-58.514 32.164-92.485C333.63 66.974 266.656 0 184.333 0zm101.462 229.355c-21.956 27.687-80.92 89.278-101.462 110.581-20.54-21.302-79.483-82.875-101.434-110.552-18.228-22.984-27.863-50.677-27.863-80.087C55.036 78.002 113.038 20 184.333 20c71.294 0 129.297 58.002 129.296 129.297 0 29.412-9.625 57.096-27.834 80.058z\"><\/path><path d=\"M184.333 59.265c-48.73 0-88.374 39.644-88.374 88.374s39.645 88.374 88.374 88.374 88.374-39.645 88.374-88.374-39.644-88.374-88.374-88.374zm0 156.748c-37.702 0-68.374-30.673-68.374-68.374 0-37.702 30.673-68.374 68.374-68.374s68.373 30.673 68.374 68.374c0 37.702-30.672 68.374-68.374 68.374z\"><\/path><\/svg><\/span><\/span>\n\n\n<div class=\"gb-container gb-container-25a02a25\">\n\n<h3 class=\"gb-headline gb-headline-eec48bfe gb-headline-text\">Umiestnenie<\/h3>\n\n\n\n<p class=\"gb-headline gb-headline-ea38b2da gb-headline-text\">WeWork 380 Jalan Besar: Jalan Besar 380, Arc 380, Singapur 209000<\/p>\n\n<\/div>\n<\/div>\n<\/div><\/div>\n\n<div class=\"gb-grid-column gb-grid-column-e6476df9\"><div class=\"gb-container gb-container-e6476df9\">\n\n<iframe src=\"https:\/\/www.google.com\/maps\/embed?pb=!1m18!1m12!1m3!1d3988.7708174521176!2d103.8600594!3d1.3129499999999998!2m3!1f0!2f0!3f0!3m2!1i1024!2i768!4f13.1!3m3!1m2!1s0x31da19a3cdf92b65%3A0xd17b10876ac473a3!2sWeWork%20-%20Office%20Space%20%26%20Coworking!5e0!3m2!1sen!2snl!4v1691417076881!5m2!1sen!2snl\" width=\"600\" height=\"450\" style=\"border:0;\" allowfullscreen=\"\" loading=\"lazy\" referrerpolicy=\"no-referrer-when-downgrade\"><\/iframe>\n\n<\/div><\/div>\n<\/div>\n<\/div>\n<\/section>\n","protected":false},"excerpt":{"rendered":"<p>Kontaktujte n&aacute;s &ndash; KW_00001 &ndash; N&aacute;stroj poh&aacute;&#328;an&yacute; GPT KW_00003 Kontaktn&eacute; pokyny Pros&iacute;m, venujte &#269;as pre&#269;&iacute;taniu t&yacute;chto pokynov s kontaktn&yacute;mi inform&aacute;ciami, aby na va&scaron;u ot&aacute;zku odpovedal &scaron;pecializovan&yacute; t&iacute;m podpory v s&uacute;lade s t&eacute;mou. * Ak potrebujete &#271;al&scaron;ie inform&aacute;cie, pomoc s registr&aacute;ciou alebo ak m&aacute;te technick&eacute; probl&eacute;my, kontaktujte n&aacute;s prostredn&iacute;ctvom nasleduj&uacute;ceho formul&aacute;ra na adrese . &#268;len t&iacute;mu &#8230; <a title=\"Kontaktujte n\u00e1s\" class=\"read-more\" href=\"https:\/\/oilevexpro.com\/sk\/kontaktujte-nas\/\" aria-label=\"Read more about Kontaktujte n\u00e1s\">Read more<\/a><\/p>\n","protected":false},"author":1,"featured_media":0,"parent":0,"menu_order":0,"comment_status":"closed","ping_status":"closed","template":"","meta":{"footnotes":""},"class_list":["post-4751","page","type-page","status-publish"],"_links":{"self":[{"href":"https:\/\/oilevexpro.com\/sk\/wp-json\/wp\/v2\/pages\/4751","targetHints":{"allow":["GET"]}}],"collection":[{"href":"https:\/\/oilevexpro.com\/sk\/wp-json\/wp\/v2\/pages"}],"about":[{"href":"https:\/\/oilevexpro.com\/sk\/wp-json\/wp\/v2\/types\/page"}],"author":[{"embeddable":true,"href":"https:\/\/oilevexpro.com\/sk\/wp-json\/wp\/v2\/users\/1"}],"replies":[{"embeddable":true,"href":"https:\/\/oilevexpro.com\/sk\/wp-json\/wp\/v2\/comments?post=4751"}],"version-history":[{"count":0,"href":"https:\/\/oilevexpro.com\/sk\/wp-json\/wp\/v2\/pages\/4751\/revisions"}],"wp:attachment":[{"href":"https:\/\/oilevexpro.com\/sk\/wp-json\/wp\/v2\/media?parent=4751"}],"curies":[{"name":"wp","href":"https:\/\/api.w.org\/{rel}","templated":true}]}}