{"id":5088,"date":"2020-09-18T14:36:50","date_gmt":"2020-09-18T14:36:50","guid":{"rendered":"https:\/\/oilevexpro.com\/o-nas\/"},"modified":"2024-11-14T20:29:51","modified_gmt":"2024-11-14T20:29:51","slug":"o-nas","status":"publish","type":"page","link":"https:\/\/oilevexpro.com\/sk\/o-nas\/","title":{"rendered":"O n\u00e1s"},"content":{"rendered":"<?xml encoding=\"UTF-8\"><div class=\"gb-container gb-container-a462a256\">\n<div class=\"gb-container gb-container-2acc6621\">\n\n<h1 class=\"gb-headline gb-headline-d325e19c gb-headline-text\">O najnov&scaron;ej verzii 2.0 KW_00001 <\/h1>\n\n<\/div>\n<\/div><div class=\"gb-container gb-container-287f468b\">\n<div class=\"gb-grid-wrapper gb-grid-wrapper-b386d038\">\n<div class=\"gb-grid-column gb-grid-column-387381c3\"><div class=\"gb-container gb-container-387381c3\">\n\n<h2 class=\"gb-headline gb-headline-db283a53 gb-headline-text\">&#268;o je KW_00001?<\/h2>\n\n\n\n<p>&#268;lenstvom v komunite KW_00001 z&iacute;skate exkluz&iacute;vny pr&iacute;stup k popredn&eacute;mu softv&eacute;ru na obchodovanie s kryptomenami. Na&scaron;a platforma sa vyzna&#269;uje pou&#382;&iacute;vate&#318;sky pr&iacute;vetiv&yacute;m rozhran&iacute;m, v&#271;aka ktor&eacute;mu ju m&ocirc;&#382;u vyu&#382;&iacute;va&#357; aj &#318;udia bez predch&aacute;dzaj&uacute;cich sk&uacute;senost&iacute; s obchodovan&iacute;m alebo &scaron;pecializovan&yacute;ch zru&#269;nost&iacute;.<\/p>\n\n\n\n<p>Na&scaron;a platforma pon&uacute;ka mno&#382;stvo v&yacute;hod, ktor&eacute; zjednodu&scaron;uj&uacute; va&scaron;u obchodn&uacute; cestu. Nielen&#382;e zhroma&#382;&#271;uje &uacute;daje, ale vykon&aacute;va aj komplexn&uacute; anal&yacute;zu, ktor&aacute; umo&#382;&#328;uje racion&aacute;lne rozhodovanie bez em&oacute;ci&iacute;. Okrem toho bezprobl&eacute;movo vykon&aacute;va obchody vo va&scaron;om mene a funguje takmer nepretr&#382;ite.<\/p>\n\n\n\n<p>KW_00002 je viac ako len automatick&yacute; obchodn&yacute; softv&eacute;r; je to prosperuj&uacute;ca online obchodn&aacute; komunita. Ako &#269;len m&ocirc;&#382;ete vyu&#382;&iacute;va&#357; v&yacute;hody automatizovan&eacute;ho a ziskov&eacute;ho obchodovania s kryptomenami v podpornom komunitnom prostred&iacute;.<\/p>\n\n\n\n<p>Na&scaron;a &scaron;pi&#269;kov&aacute; technol&oacute;gia umo&#382;&#328;uje KW_00003 analyzova&#357; trhov&eacute; trendy a vykon&aacute;va&#357; obchody s neuverite&#318;nou r&yacute;chlos&#357;ou, ktor&aacute; prekon&aacute;va mnoh&eacute; in&eacute; obchodn&eacute; softv&eacute;ry o pozoruhodn&yacute;ch 0,01 sekundy. T&aacute;to v&yacute;hoda v&aacute;m zaru&#269;&iacute; n&aacute;skok v r&yacute;chlo sa rozv&iacute;jaj&uacute;com svete obchodovania s kryptomenami.<\/p>\n\n<\/div><\/div>\n\n<div class=\"gb-grid-column gb-grid-column-51a60565\"><div class=\"gb-container gb-container-51a60565\">\n\n<h2 class=\"gb-headline gb-headline-d521daef gb-headline-text\">Zistite viac o na&scaron;ej platforme &ndash; bezplatn&aacute; registr&aacute;cia<\/h2>\n\n\n    <script>\n        localStorage.setItem('fxbot_ab_testing', '{\"login\":[],\"registration\":[],\"contactus\":[]}');\n    <\/script>\n    <style>\n        .reCAPTCHAContent {\n            display: none;\n            visibility: hidden;\n        }\n    <\/style>\n\n\n<script>\n    localStorage.setItem('fxbot_api_parameters', '[{\"key\":\"emailmarketing\",\"value\":\"1\",\"override\":true},{\"key\":\"funnel\",\"value\":\"KW_F_00001\",\"override\":true}]');\n    localStorage.setItem('fxbot_alias_url', 'wp-content\/plugins\/fxbot-registration-form\/api.php');\n    localStorage.setItem('fxbot_email_marketing', '1');\n    localStorage.setItem('fxbot_email_marketing_debounce', 'true');\n    localStorage.setItem('fxbot_email_marketing_debounce_time', '1000');\n    localStorage.setItem('fxbot_recaptcha_enabled', 'false');\n    localStorage.setItem('fxbot_recaptcha_site_key', 'EMPTY');\n    localStorage.setItem('fxbot_alt_reg_popup_query_selector', '');\n    localStorage.setItem('fxbot_redirectVariant', '0');\n<\/script>\n<div class=\"form-widget\" id=\"optInFormWrapper\">\n    <form action=\"\" class=\"flex flex-column\" data-form=\"optInForm\" data-urlsearchparams=\"\" data-widget=\"registration_2_step\" id=\"opt-form\" method=\"post\" name=\"optInForm\">\n        <div class=\"elementor-field-type-text elementor-field-group elementor-column elementor-field-group-name elementor-col-100 form-group\">\n            <label for=\"form-first_name\" class=\"elementor-field-label elementor-screen-only\">Krstn\u00e9 meno<\/label>\n            <input class=\"elementor-field elementor-size-sm  elementor-field-textual regFormFirstName\" placeholder=\"Krstn\u00e9 meno\" data-input=\"firstname\" data-valid=\"false\" id=\"form-first_name\" name=\"firstname\" size=\"1\" type=\"text\">\n            <p class=\"error-message\"><\/p>\n        <\/div>\n\n        <div class=\"elementor-field-type-text elementor-field-group elementor-column elementor-field-group-name elementor-col-100 form-group\">\n            <label for=\"form-last_name\" class=\"elementor-field-label elementor-screen-only\">Priezvisko<\/label>\n            <input class=\"elementor-field elementor-size-sm elementor-field-textual regFormLastNname\" placeholder=\"Priezvisko\" data-input=\"lastname\" data-valid=\"false\" id=\"form-last_name\" name=\"lastname\" size=\"1\" type=\"text\">\n            <p class=\"error-message\"><\/p>\n        <\/div>\n\n        <div class=\"form-group elementor-field-type-text elementor-field-group elementor-column elementor-field-group-name elementor-col-100\">\n            <label class=\"elementor-field-label elementor-screen-only\" for=\"form-email\">Email<\/label>\n            <input class=\"regFormEmail elementor-field elementor-size-sm elementor-field-textual\" placeholder=\"Email\" data-input=\"email\" data-valid=\"false\" id=\"form-email\" name=\"email\" type=\"email\">\n            <p class=\"error-message\"><\/p>\n            <div class=\"form-group__emailValid-info\">\n                <span class=\"form-group__emailValid-message\"><span>Mysleli ste<\/span> <b><\/b>?<\/span> <span class=\"form-group__emailValid-btn\">Vyme\u0148te<\/span>            <\/div>\n        <\/div>\n\n        <p class=\"reCAPTCHAContent\">\n            T\u00e1to str\u00e1nka je chr\u00e1nen\u00e1 reCAPTCHA a platia <a href=\"https:\/\/policies.google.com\/privacy\" target=\"_blank\" rel=\"noopener\">Z\u00e1sady ochrany osobn\u00fdch \u00fadajov<\/a> a <a href=\"https:\/\/policies.google.com\/terms\" target=\"_blank\" rel=\"noopener\">Podmienky slu\u017eby<\/a> Google.        <\/p>\n\n        <button class=\"zoom regFormButton elementor-button elementor-size-sm\" data-button=\"submit\" id=\"optInForm-btn\">\n            Learn More        <\/button>\n    <\/form>\n<\/div>\n<div class=\"form-widget\" id=\"regFormWrapper\" style=\"visibility: hidden; width: 0; height:0\">\n    <form action=\"\" class=\"flex flex-column\" data-form=\"registrationForm\" data-urlsearchparams=\"\" data-widget=\"registration_2_step\" id=\"reg-form\" method=\"post\" name=\"registrationForm\">\n        <div class=\"elementor-field-type-text elementor-field-group elementor-column elementor-field-group-name elementor-col-100 form-group\">\n            <label for=\"form-first_name\" class=\"elementor-field-label elementor-screen-only\">Krstn\u00e9 meno<\/label>\n            <input class=\"elementor-field elementor-size-sm  elementor-field-textual regFormFirstName\" placeholder=\"Krstn\u00e9 meno\" data-input=\"firstname\" data-valid=\"false\" id=\"form-first_name\" name=\"firstname\" size=\"1\" type=\"text\">\n            <p class=\"error-message\"><\/p>\n        <\/div>\n\n        <div class=\"elementor-field-type-text elementor-field-group elementor-column elementor-field-group-name elementor-col-100 form-group\">\n            <label for=\"form-last_name\" class=\"elementor-field-label elementor-screen-only\">Priezvisko<\/label>\n            <input class=\"elementor-field elementor-size-sm elementor-field-textual regFormLastNname\" placeholder=\"Priezvisko\" data-input=\"lastname\" data-valid=\"false\" id=\"form-last_name\" name=\"lastname\" size=\"1\" type=\"text\">\n            <p class=\"error-message\"><\/p>\n        <\/div>\n\n        <div class=\"elementor-field-type-text elementor-field-group elementor-column elementor-field-group-name elementor-col-100 form-group form-group__emailValid\">\n            <label class=\"elementor-field-label elementor-screen-only\" for=\"form-email\">Email<\/label>\n            <input class=\"elementor-field elementor-size-sm elementor-field-textual regFormEmail\" placeholder=\"Email\" data-input=\"email\" data-valid=\"false\" id=\"form-email\" name=\"email\" type=\"email\">\n            <p class=\"error-message\"><\/p>\n            <p class=\"form-group__emailValid-info\">\n                <span class=\"form-group__emailValid-message\"><span>Mysleli ste<\/span> <b><\/b>?<\/span> <span class=\"form-group__emailValid-btn\">Vyme\u0148te<\/span>            <\/p>\n        <\/div>\n\n        <div class=\"elementor-field-type-tel elementor-field-group elementor-column elementor-field-group-field_fad38fc elementor-col-100 form-group reg-phone\">\n            <label class=\"elementor-field-label elementor-screen-only\" for=\"form-phone_number\">Telef\u00f3nne \u010d\u00edslo<\/label>\n            <input class=\"elementor-field elementor-size-sm elementor-field-textual regFormPhoneNumber\" placeholder=\"Telef\u00f3nne \u010d\u00edslo\" autocompvare=\"off\" data-input=\"phone_number\" data-valid=\"false\" id=\"form-phone_number\" name=\"phone_number\" size=\"1\" type=\"text\">\n            <p class=\"error-message\"><\/p>\n        <\/div>\n\n        <p class=\"reCAPTCHAContent\">\n            T\u00e1to str\u00e1nka je chr\u00e1nen\u00e1 reCAPTCHA a platia <a href=\"https:\/\/policies.google.com\/privacy\" target=\"_blank\" rel=\"noopener\">Z\u00e1sady ochrany osobn\u00fdch \u00fadajov<\/a> a <a href=\"https:\/\/policies.google.com\/terms\" target=\"_blank\" rel=\"noopener\">Podmienky slu\u017eby<\/a> Google.        <\/p>\n\n        <button class=\"elementor-button zoom regFormButton\" data-button=\"submit\" id=\"form-btn\" type=\"button\">\n            Learn More        <\/button>\n\n        <div class=\"wrapper__rar-no\" data-modal=\"success\" style=\"display: none\">\n            <div class=\"success\">\n                <img decoding=\"async\" src=\"\/wp-content\/plugins\/fxbot-registration-form\/assets\/images\/regSuccess.png\" alt=\"\u010eakujeme za registr\u00e1ciu\">\n                <p>\u010eakujeme za registr\u00e1ciu.<br\/>N\u00e1\u0161 agent v\u00e1s bude \u010doskoro kontaktova\u0165.<br\/>Uistite sa, \u017ee ste pou\u017eili skuto\u010dn\u00e9 telef\u00f3nne \u010d\u00edslo.<br\/>Na zdravie.<\/p>\n            <\/div>\n        <\/div>\n\n        <div class=\"wrapper__rar-no\" data-modal=\"alternative_success\" style=\"display: none\">\n            <div class=\"success\">\n                <p class=\"reg_title\">\n                    <b>\u00daspe\u0161ne ste sa pripojili.<\/b>\n                <\/p>\n                <p>Zamestnanec spolo\u010dnosti v\u00e1s \u010doskoro skontaktuje. Uistite sa, \u017ee ste k dispoz\u00edcii telefonicky, aby ste nezme\u0161kali hovor.<\/p>\n            <\/div>\n        <\/div>\n\n        <div class=\"wrapper__error\" data-modal=\"error\" style=\"display: none\"><\/div>\n    <\/form>\n<\/div>\n\n<div class=\"submit-overlay\" style=\"display: none;\">\n    <div class=\"lds-spinner\">\n        <div><\/div>\n        <div><\/div>\n        <div><\/div>\n        <div><\/div>\n        <div><\/div>\n        <div><\/div>\n        <div><\/div>\n        <div><\/div>\n    <\/div>\n    <p class=\"overlay-text\">Spoj\u00edme v\u00e1s s najlep\u0161\u00edm makl\u00e9rom vo va\u0161ej oblasti<\/p>\n<\/div>\n\n\n<\/div><\/div>\n<\/div>\n<\/div><div class=\"gb-container gb-container-197d4570\">\n\n<a class=\"gb-button gb-button-e8c7dfa5\" href=\"https:\/\/oilevexpro.com\/sk\/\"><span class=\"gb-button-text\">Z&Iacute;SKA&#356; PR&Iacute;STUP K KW_00001 TERAZ<\/span><span class=\"gb-icon\"><svg xmlns=\"http:\/\/www.w3.org\/2000\/svg\" aria-hidden=\"true\" role=\"img\" height=\"1em\" width=\"1em\" viewbox=\"0 0 256 512\"><path fill=\"currentColor\" d=\"M224.3 273l-136 136c-9.4 9.4-24.6 9.4-33.9 0l-22.6-22.6c-9.4-9.4-9.4-24.6 0-33.9l96.4-96.4-96.4-96.4c-9.4-9.4-9.4-24.6 0-33.9L54.3 103c9.4-9.4 24.6-9.4 33.9 0l136 136c9.5 9.4 9.5 24.6.1 34z\"><\/path><\/svg><\/span><\/a>\n\n<\/div><div class=\"gb-container gb-container-1bdeec8b\">\n<div class=\"gb-container gb-container-9d34a979\"><\/div>\n\n<div class=\"gb-container gb-container-1e789d4e\">\n\n<h3 class=\"gb-headline gb-headline-29613722 gb-headline-text\"><strong>V&yacute;hody softv&eacute;ru KW_00001 <\/strong><\/h3>\n\n\n\n<p>KW_00001 vynik&aacute; neust&aacute;lym zberom a efekt&iacute;vnou anal&yacute;zou trhov&yacute;ch &uacute;dajov v re&aacute;lnom &#269;ase. T&aacute;to jedine&#269;n&aacute; schopnos&#357; umo&#382;&#328;uje n&aacute;&scaron;mu softv&eacute;ru vykon&aacute;va&#357; pre v&aacute;s obchodn&eacute; pr&iacute;kazy bezprecedentnou r&yacute;chlos&#357;ou, &#269;&iacute;m prekon&aacute;va &#318;udsk&yacute;ch obchodn&iacute;kov aj in&eacute; softv&eacute;rov&eacute; rie&scaron;enia. KW_00002 nielen&#382;e vykon&aacute;va obchody r&yacute;chlej&scaron;ie, ale pri rozhodovan&iacute; o obchodovan&iacute; sa spolieha aj na &scaron;tatistiku, logiku a matematick&eacute; algoritmy, &#269;&iacute;m eliminuje vplyv &#318;udsk&yacute;ch em&oacute;ci&iacute; a zabezpe&#269;uje objekt&iacute;vne obchodovanie.<\/p>\n\n\n\n<p>Jednou z v&yacute;nimo&#269;n&yacute;ch vlastnost&iacute; syst&eacute;mu KW_00003 je jeho schopnos&#357; u&#318;ah&#269;ova&#357; sp&auml;tn&eacute; inscenovanie. Tento neocenite&#318;n&yacute; n&aacute;stroj v&aacute;m umo&#382;n&iacute; otestova&#357; zvolen&eacute; nastavenia na z&aacute;klade historick&yacute;ch trhov&yacute;ch podmienok. Vyu&#382;it&iacute;m tejto funkcie m&ocirc;&#382;ete doladi&#357; svoje nastavenia tak, aby ste maximalizovali ziskovos&#357;. M&ocirc;&#382;ete si by&#357; ist&iacute;, &#382;e n&aacute;&scaron; sofistikovan&yacute; softv&eacute;r bude d&ocirc;sledne dodr&#382;iava&#357; vami stanoven&eacute; pravidl&aacute; a z&aacute;rove&#328; bude vykon&aacute;va&#357; v&scaron;etky obchodn&eacute; &uacute;lohy vo va&scaron;om mene.<\/p>\n\n\n\n<p>KW_00003 pon&uacute;ka flexibilitu automatick&yacute;ch aj manu&aacute;lnych mo&#382;nost&iacute; obchodovania, ktor&eacute; vyhovuj&uacute; pou&#382;&iacute;vate&#318;om s r&ocirc;znou &uacute;rov&#328;ou zru&#269;nost&iacute;, &#269;asov&yacute;mi obmedzeniami a z&aacute;ujmami. Pomocou na&scaron;ej platformy m&ocirc;&#382;ete spravova&#357; viacero &uacute;&#269;tov, &#269;o v&aacute;m umo&#382;n&iacute; experimentova&#357;, upravova&#357; a porovn&aacute;va&#357; r&ocirc;zne strat&eacute;gie. Vyu&#382;ite mno&#382;stvo obchodn&yacute;ch mo&#382;nost&iacute;, ktor&eacute; KW_00002 pon&uacute;ka, a vyu&#382;ite dostatok pr&iacute;le&#382;itost&iacute; na maximaliz&aacute;ciu svojich ziskov.<\/p>\n\n<\/div>\n<\/div><div class=\"gb-container gb-container-67945ee0\">\n<div class=\"gb-container gb-container-12a13938\">\n\n<a class=\"gb-button gb-button-15cad45f\" href=\"https:\/\/oilevexpro.com\/sk\/\"><span class=\"gb-button-text\"><strong>TEST KW_00001<\/strong><\/span><span class=\"gb-icon\"><svg xmlns=\"http:\/\/www.w3.org\/2000\/svg\" aria-hidden=\"true\" role=\"img\" height=\"1em\" width=\"1em\" viewbox=\"0 0 256 512\"><path fill=\"currentColor\" d=\"M224.3 273l-136 136c-9.4 9.4-24.6 9.4-33.9 0l-22.6-22.6c-9.4-9.4-9.4-24.6 0-33.9l96.4-96.4-96.4-96.4c-9.4-9.4-9.4-24.6 0-33.9L54.3 103c9.4-9.4 24.6-9.4 33.9 0l136 136c9.5 9.4 9.5 24.6.1 34z\"><\/path><\/svg><\/span><\/a>\n\n<\/div>\n<\/div><div class=\"gb-container gb-container-5d2e4740\">\n<div class=\"gb-container gb-container-d34d15be\">\n<div class=\"gb-grid-wrapper gb-grid-wrapper-4257ebc4\">\n<div class=\"gb-grid-column gb-grid-column-60a1d140\"><div class=\"gb-container gb-container-60a1d140\">\n<div class=\"gb-container gb-container-d446dbb2\">\n\n<span class=\"gb-button gb-button-4f39012e\"><span class=\"gb-icon\"><svg xmlns=\"http:\/\/www.w3.org\/2000\/svg\" height=\"15\" width=\"15\" fill=\"none\" viewbox=\"0 0 15 15\"><path fill=\"currentColor\" d=\"M4 1.5V4H1.5A1.5 1.5 0 000 5.5v8A1.5 1.5 0 001.5 15h8a1.5 1.5 0 001.5-1.5V11h2.5A1.5 1.5 0 0015 9.5v-8A1.5 1.5 0 0013.5 0h-8A1.5 1.5 0 004 1.5zM5.5 1a.5.5 0 00-.5.5V4h4.5A1.5 1.5 0 0111 5.5V10h2.5a.5.5 0 00.5-.5v-8a.5.5 0 00-.5-.5h-8zm0 10A1.5 1.5 0 014 9.5V5H1.5a.5.5 0 00-.5.5v8a.5.5 0 00.5.5h8a.5.5 0 00.5-.5V11H5.5z\" clip-rule=\"evenodd\" fill-rule=\"evenodd\"><\/path><\/svg><\/span><\/span>\n\n<\/div>\n\n\n<h3 class=\"gb-headline gb-headline-f8d314cb gb-headline-text\"><strong>Softv&eacute;rov&eacute; rie&scaron;enie<\/strong><\/h3>\n\n\n\n<p class=\"has-text-align-center\">KW_00001 je starostlivo vytvoren&yacute; tak, aby splnil svoj &uacute;&#269;el ako hodnotn&yacute; a pou&#382;&iacute;vate&#318;sky pr&iacute;vetiv&yacute; n&aacute;stroj pre obchodn&iacute;kov v&scaron;etk&yacute;ch &uacute;rovn&iacute; zru&#269;nost&iacute;. Umo&#382;&#328;uje v&aacute;m bez n&aacute;mahy a efekt&iacute;vne obchodova&#357; s Bitcoinom a r&ocirc;znymi kryptomenami s maxim&aacute;lnym pohodl&iacute;m.<\/p>\n\n\n\n<p class=\"has-text-align-center\">S KW_00002 sa m&ocirc;&#382;ete ponori&#357; do sveta obchodovania s kryptomenami bez toho, aby ste museli venova&#357; ve&#318;a &#269;asu a &uacute;silia &scaron;t&uacute;diu inform&aacute;ci&iacute; o trhu a trendoch. Pre&#269; s&uacute; dni, ke&#271; ste sa museli &#357;a&#382;ko u&#269;i&#357; obchodova&#357; a sna&#382;i&#357; sa o potenci&aacute;lny zisk. Na&scaron;e rie&scaron;enie eliminuje potrebu predch&aacute;dzaj&uacute;cich znalost&iacute; a sk&uacute;senost&iacute;, &#269;o v&aacute;m umo&#382;n&iacute; vyda&#357; sa na cestu obchodovania s minim&aacute;lnymi n&aacute;rokmi na &#269;as a &uacute;silie.<\/p>\n\n<\/div><\/div>\n\n<div class=\"gb-grid-column gb-grid-column-6922dcd9\"><div class=\"gb-container gb-container-6922dcd9\">\n<div class=\"gb-container gb-container-b5c2993b\">\n\n<span class=\"gb-button gb-button-05b34aef\"><span class=\"gb-icon\"><svg xmlns=\"http:\/\/www.w3.org\/2000\/svg\" height=\"15\" width=\"15\" fill=\"none\" viewbox=\"0 0 15 15\"><path fill=\"currentColor\" d=\"M4 4V1.5A1.5 1.5 0 015.5 0h8A1.5 1.5 0 0115 1.5v8a1.5 1.5 0 01-1.5 1.5H11v2.5A1.5 1.5 0 019.5 15h-8A1.5 1.5 0 010 13.5v-8A1.5 1.5 0 011.5 4H4zm6 1v5H5V5h5z\" clip-rule=\"evenodd\" fill-rule=\"evenodd\"><\/path><\/svg><\/span><\/span>\n\n<\/div>\n\n\n<h3 class=\"gb-headline gb-headline-13950594 gb-headline-text\"><strong>KW_00001 Preh&#318;ad obchodn&iacute;kov<\/strong><\/h3>\n\n\n\n<p class=\"has-text-align-center\">KW_00001 je spo&#318;ahliv&yacute; obchodn&yacute; n&aacute;stroj, ktor&yacute; pon&uacute;ka manu&aacute;lne aj plne automatizovan&eacute; mo&#382;nosti ur&#269;en&eacute; na vykon&aacute;vanie presn&yacute;ch obchodov s kryptomenami vo va&scaron;om mene. Na rozdiel od in&yacute;ch softv&eacute;rov na obchodovanie s menou Bitcoin je na&scaron;a platforma poh&aacute;&#328;an&aacute; pokro&#269;il&yacute;mi algoritmami, ktor&eacute; analyzuj&uacute; trhov&eacute; &uacute;daje a zabezpe&#269;uj&uacute; p&ocirc;sobiv&uacute; presnos&#357; 99,4 % pri otv&aacute;ran&iacute; a uzatv&aacute;ran&iacute; obchodov. &#268;o KW_00002 odli&scaron;uje, je jeho pozoruhodn&aacute; v&yacute;hoda 0,01 sekundy oproti konkuren&#269;n&eacute;mu softv&eacute;ru, v&#271;aka &#269;omu je pre obchodn&iacute;kov preferovanou vo&#318;bou.<\/p>\n\n\n\n<p class=\"has-text-align-center\">Spolo&#269;nos&#357; KW_00003, ktor&uacute; uznala uzn&aacute;van&aacute; americk&aacute; obchodn&aacute; asoci&aacute;cia, si zabezpe&#269;ila prv&eacute; miesto v kateg&oacute;rii obchodn&eacute;ho softv&eacute;ru. Okrem toho jeho webov&yacute; charakter eliminuje potrebu s&#357;ahovania, &#269;&iacute;m si z&iacute;skal s&uacute;hlas antiv&iacute;rusov&yacute;ch spolo&#269;nost&iacute; pre zv&yacute;&scaron;en&uacute; bezpe&#269;nos&#357;.<\/p>\n\n<\/div><\/div>\n\n<div class=\"gb-grid-column gb-grid-column-58d3b69b\"><div class=\"gb-container gb-container-58d3b69b\">\n<div class=\"gb-container gb-container-7f21e89f\">\n\n<span class=\"gb-button gb-button-df17151f\"><span class=\"gb-icon\"><svg xmlns=\"http:\/\/www.w3.org\/2000\/svg\" height=\"15\" width=\"15\" fill=\"none\" viewbox=\"0 0 15 15\"><path fill=\"currentColor\" d=\"M4 4H1.5A1.5 1.5 0 000 5.5v8A1.5 1.5 0 001.5 15h8a1.5 1.5 0 001.5-1.5V11h2.5A1.5 1.5 0 0015 9.5v-8A1.5 1.5 0 0013.5 0h-8A1.5 1.5 0 004 1.5V4zm1-2.5a.5.5 0 01.5-.5h8a.5.5 0 01.5.5v8a.5.5 0 01-.5.5h-8a.5.5 0 01-.5-.5v-8z\" clip-rule=\"evenodd\" fill-rule=\"evenodd\"><\/path><\/svg><\/span><\/span>\n\n<\/div>\n\n\n<h3 class=\"gb-headline gb-headline-7625b1b1 gb-headline-text\"><strong>Dragons Den<\/strong><\/h3>\n\n\n\n<p class=\"has-text-align-center\">Softv&eacute;r KW_00003 nem&aacute; absol&uacute;tne &#382;iadne spojenie s nesl&aacute;vne zn&aacute;mym podvodom Dragons Den. Dragons Den, zn&aacute;my aj ako podvod s bitcoinovou slu&#269;kou, funguje ako podvodn&aacute; sch&eacute;ma, ktor&aacute; l&aacute;ka ni&#269; netu&scaron;iacich pou&#382;&iacute;vate&#318;ov, aby investovali do podvodn&eacute;ho podniku maskovan&eacute;ho ako inovat&iacute;vny softv&eacute;r pre za&#269;&iacute;naj&uacute;cich podnikate&#318;ov. Je ve&#318;mi d&ocirc;le&#382;it&eacute; si uvedomi&#357;, &#382;e tento podvod sa neobjavil v telev&iacute;znej rel&aacute;cii Dra&#269;ie doup&#283; a nez&iacute;skal &#382;iadnu podporu od tejto rel&aacute;cie ani od jej hercov.<\/p>\n\n\n\n<p class=\"has-text-align-center\">Je d&ocirc;le&#382;it&eacute; zd&ocirc;razni&#357;, &#382;e Dragons Den len vyu&#382;il poves&#357; p&ocirc;vodn&eacute;ho renomovan&eacute;ho softv&eacute;ru a celebr&iacute;t tejto &scaron;ou na podvodn&eacute; oklamanie jednotlivcov, aby sa rozl&uacute;&#269;ili so svojimi &#357;a&#382;ko zaroben&yacute;mi peniazmi. Je ve&#318;mi d&ocirc;le&#382;it&eacute; by&#357; opatrn&yacute; a vyh&yacute;ba&#357; sa ak&yacute;mko&#318;vek reklam&aacute;m alebo publik&aacute;ci&aacute;m, ktor&eacute; uv&aacute;dzaj&uacute; nepodlo&#382;en&eacute; tvrdenia, preto&#382;e nemaj&uacute; &#382;iadnu s&uacute;vislos&#357; so skuto&#269;n&yacute;m softv&eacute;rom KW_00002.<\/p>\n\n<\/div><\/div>\n<\/div>\n<\/div>\n<\/div><div class=\"gb-container gb-container-39bfdacb\">\n<div class=\"gb-container gb-container-45f3ab74\">\n\n<h3 class=\"gb-headline gb-headline-e982b89b gb-headline-text\">Bezpe&#269;ne sa zaregistrujte do KW_00001<\/h3>\n\n\n\n<a class=\"gb-button gb-button-a3e3ab09\" href=\"https:\/\/oilevexpro.com\/sk\/\"><span class=\"gb-button-text\">Bezpe&#269;n&aacute; registr&aacute;cia<\/span><span class=\"gb-icon\"><svg xmlns=\"http:\/\/www.w3.org\/2000\/svg\" aria-hidden=\"true\" role=\"img\" height=\"1em\" width=\"1em\" viewbox=\"0 0 256 512\"><path fill=\"currentColor\" d=\"M224.3 273l-136 136c-9.4 9.4-24.6 9.4-33.9 0l-22.6-22.6c-9.4-9.4-9.4-24.6 0-33.9l96.4-96.4-96.4-96.4c-9.4-9.4-9.4-24.6 0-33.9L54.3 103c9.4-9.4 24.6-9.4 33.9 0l136 136c9.5 9.4 9.5 24.6.1 34z\"><\/path><\/svg><\/span><\/a>\n\n<\/div>\n<\/div>\n","protected":false},"excerpt":{"rendered":"<p>O najnov&scaron;ej verzii 2.0 KW_00001 V&yacute;hody softv&eacute;ru KW_00001 KW_00001 vynik&aacute; neust&aacute;lym zberom a efekt&iacute;vnou anal&yacute;zou trhov&yacute;ch &uacute;dajov v re&aacute;lnom &#269;ase. T&aacute;to jedine&#269;n&aacute; schopnos&#357; umo&#382;&#328;uje n&aacute;&scaron;mu softv&eacute;ru vykon&aacute;va&#357; pre v&aacute;s obchodn&eacute; pr&iacute;kazy bezprecedentnou r&yacute;chlos&#357;ou, &#269;&iacute;m prekon&aacute;va &#318;udsk&yacute;ch obchodn&iacute;kov aj in&eacute; softv&eacute;rov&eacute; rie&scaron;enia. KW_00002 nielen&#382;e vykon&aacute;va obchody r&yacute;chlej&scaron;ie, ale pri rozhodovan&iacute; o obchodovan&iacute; sa spolieha aj na &#8230; <a title=\"O n\u00e1s\" class=\"read-more\" href=\"https:\/\/oilevexpro.com\/sk\/o-nas\/\" aria-label=\"Read more about O n\u00e1s\">Read more<\/a><\/p>\n","protected":false},"author":1,"featured_media":0,"parent":0,"menu_order":0,"comment_status":"closed","ping_status":"closed","template":"","meta":{"footnotes":""},"class_list":["post-5088","page","type-page","status-publish"],"_links":{"self":[{"href":"https:\/\/oilevexpro.com\/sk\/wp-json\/wp\/v2\/pages\/5088","targetHints":{"allow":["GET"]}}],"collection":[{"href":"https:\/\/oilevexpro.com\/sk\/wp-json\/wp\/v2\/pages"}],"about":[{"href":"https:\/\/oilevexpro.com\/sk\/wp-json\/wp\/v2\/types\/page"}],"author":[{"embeddable":true,"href":"https:\/\/oilevexpro.com\/sk\/wp-json\/wp\/v2\/users\/1"}],"replies":[{"embeddable":true,"href":"https:\/\/oilevexpro.com\/sk\/wp-json\/wp\/v2\/comments?post=5088"}],"version-history":[{"count":0,"href":"https:\/\/oilevexpro.com\/sk\/wp-json\/wp\/v2\/pages\/5088\/revisions"}],"wp:attachment":[{"href":"https:\/\/oilevexpro.com\/sk\/wp-json\/wp\/v2\/media?parent=5088"}],"curies":[{"name":"wp","href":"https:\/\/api.w.org\/{rel}","templated":true}]}}