{"id":5116,"date":"2020-09-18T14:36:50","date_gmt":"2020-09-18T14:36:50","guid":{"rendered":"https:\/\/oilevexpro.com\/om-oss\/"},"modified":"2024-11-14T20:29:51","modified_gmt":"2024-11-14T20:29:51","slug":"om-oss","status":"publish","type":"page","link":"https:\/\/oilevexpro.com\/sv\/om-oss\/","title":{"rendered":"Om oss"},"content":{"rendered":"<?xml encoding=\"UTF-8\"><div class=\"gb-container gb-container-a462a256\">\n<div class=\"gb-container gb-container-2acc6621\">\n\n<h1 class=\"gb-headline gb-headline-d325e19c gb-headline-text\">Om den senaste versionen 2.0 KW_00001<\/h1>\n\n<\/div>\n<\/div><div class=\"gb-container gb-container-287f468b\">\n<div class=\"gb-grid-wrapper gb-grid-wrapper-b386d038\">\n<div class=\"gb-grid-column gb-grid-column-387381c3\"><div class=\"gb-container gb-container-387381c3\">\n\n<h2 class=\"gb-headline gb-headline-db283a53 gb-headline-text\">Vad &auml;r KW_00001?<\/h2>\n\n\n\n<p>Genom att bli medlem i KW_00001-communityn f&aring;r du exklusiv tillg&aring;ng till den ledande programvaran f&ouml;r handel med kryptovalutor. Det som utm&auml;rker v&aring;r plattform &auml;r dess anv&auml;ndarv&auml;nliga gr&auml;nssnitt, vilket g&ouml;r den tillg&auml;nglig f&ouml;r personer utan tidigare handelserfarenhet eller specialkunskaper.<\/p>\n\n\n\n<p>V&aring;r plattform erbjuder en m&auml;ngd f&ouml;rdelar som effektiviserar din handelsresa. Den samlar inte bara in data utan utf&ouml;r &auml;ven omfattande analyser, vilket m&ouml;jligg&ouml;r rationellt och k&auml;nslom&auml;ssigt beslutsfattande. Dessutom utf&ouml;r den s&ouml;ml&ouml;st aff&auml;rer f&ouml;r din r&auml;kning och fungerar n&auml;stan dygnet runt.<\/p>\n\n\n\n<p>KW_00002 &auml;r mer &auml;n bara en automatiserad handelsprogramvara; det &auml;r en blomstrande online-handelsgemenskap. Som medlem kan du njuta av f&ouml;rdelarna med automatiserad och l&ouml;nsam kryptovalutahandel inom en st&ouml;djande gemenskapsmilj&ouml;.<\/p>\n\n\n\n<p>V&aring;r banbrytande teknik g&ouml;r det m&ouml;jligt f&ouml;r KW_00003 att analysera marknadstrender och utf&ouml;ra aff&auml;rer med otrolig hastighet, vilket &ouml;vertr&auml;ffar m&aring;nga andra handelsprogram med anm&auml;rkningsv&auml;rda 0,01 sekunder. Denna f&ouml;rdel s&auml;kerst&auml;ller att du ligger steget f&ouml;re i den snabba v&auml;rlden av kryptovalutahandel.<\/p>\n\n<\/div><\/div>\n\n<div class=\"gb-grid-column gb-grid-column-51a60565\"><div class=\"gb-container gb-container-51a60565\">\n\n<h2 class=\"gb-headline gb-headline-d521daef gb-headline-text\">L&auml;s mer om v&aring;r plattform &ndash; Gratis registrering<\/h2>\n\n\n    <script>\n        localStorage.setItem('fxbot_ab_testing', '{\"login\":[],\"registration\":[],\"contactus\":[]}');\n    <\/script>\n    <style>\n        .reCAPTCHAContent {\n            display: none;\n            visibility: hidden;\n        }\n    <\/style>\n\n\n<script>\n    localStorage.setItem('fxbot_api_parameters', '[{\"key\":\"emailmarketing\",\"value\":\"1\",\"override\":true},{\"key\":\"funnel\",\"value\":\"KW_F_00001\",\"override\":true}]');\n    localStorage.setItem('fxbot_alias_url', 'wp-content\/plugins\/fxbot-registration-form\/api.php');\n    localStorage.setItem('fxbot_email_marketing', '1');\n    localStorage.setItem('fxbot_email_marketing_debounce', 'true');\n    localStorage.setItem('fxbot_email_marketing_debounce_time', '1000');\n    localStorage.setItem('fxbot_recaptcha_enabled', 'false');\n    localStorage.setItem('fxbot_recaptcha_site_key', 'EMPTY');\n    localStorage.setItem('fxbot_alt_reg_popup_query_selector', '');\n    localStorage.setItem('fxbot_redirectVariant', '0');\n<\/script>\n<div class=\"form-widget\" id=\"optInFormWrapper\">\n    <form action=\"\" class=\"flex flex-column\" data-form=\"optInForm\" data-urlsearchparams=\"\" data-widget=\"registration_2_step\" id=\"opt-form\" method=\"post\" name=\"optInForm\">\n        <div class=\"elementor-field-type-text elementor-field-group elementor-column elementor-field-group-name elementor-col-100 form-group\">\n            <label for=\"form-first_name\" class=\"elementor-field-label elementor-screen-only\">F\u00f6rnamn<\/label>\n            <input class=\"elementor-field elementor-size-sm  elementor-field-textual regFormFirstName\" placeholder=\"F\u00f6rnamn\" data-input=\"firstname\" data-valid=\"false\" id=\"form-first_name\" name=\"firstname\" size=\"1\" type=\"text\">\n            <p class=\"error-message\"><\/p>\n        <\/div>\n\n        <div class=\"elementor-field-type-text elementor-field-group elementor-column elementor-field-group-name elementor-col-100 form-group\">\n            <label for=\"form-last_name\" class=\"elementor-field-label elementor-screen-only\">Efternamn<\/label>\n            <input class=\"elementor-field elementor-size-sm elementor-field-textual regFormLastNname\" placeholder=\"Efternamn\" data-input=\"lastname\" data-valid=\"false\" id=\"form-last_name\" name=\"lastname\" size=\"1\" type=\"text\">\n            <p class=\"error-message\"><\/p>\n        <\/div>\n\n        <div class=\"form-group elementor-field-type-text elementor-field-group elementor-column elementor-field-group-name elementor-col-100\">\n            <label class=\"elementor-field-label elementor-screen-only\" for=\"form-email\">E-post<\/label>\n            <input class=\"regFormEmail elementor-field elementor-size-sm elementor-field-textual\" placeholder=\"E-post\" data-input=\"email\" data-valid=\"false\" id=\"form-email\" name=\"email\" type=\"email\">\n            <p class=\"error-message\"><\/p>\n            <div class=\"form-group__emailValid-info\">\n                <span class=\"form-group__emailValid-message\"><span>Menade du<\/span> <b><\/b>?<\/span> <span class=\"form-group__emailValid-btn\">Byta ut<\/span>            <\/div>\n        <\/div>\n\n        <p class=\"reCAPTCHAContent\">\n            Denna sida skyddas av reCAPTCHA och <a href=\"https:\/\/policies.google.com\/privacy\" target=\"_blank\" rel=\"noopener\">Googles sekretesspolicy<\/a> och <a href=\"https:\/\/policies.google.com\/terms\" target=\"_blank\" rel=\"noopener\">anv\u00e4ndarvillkor<\/a> g\u00e4ller.        <\/p>\n\n        <button class=\"zoom regFormButton elementor-button elementor-size-sm\" data-button=\"submit\" id=\"optInForm-btn\">\n            Learn More        <\/button>\n    <\/form>\n<\/div>\n<div class=\"form-widget\" id=\"regFormWrapper\" style=\"visibility: hidden; width: 0; height:0\">\n    <form action=\"\" class=\"flex flex-column\" data-form=\"registrationForm\" data-urlsearchparams=\"\" data-widget=\"registration_2_step\" id=\"reg-form\" method=\"post\" name=\"registrationForm\">\n        <div class=\"elementor-field-type-text elementor-field-group elementor-column elementor-field-group-name elementor-col-100 form-group\">\n            <label for=\"form-first_name\" class=\"elementor-field-label elementor-screen-only\">F\u00f6rnamn<\/label>\n            <input class=\"elementor-field elementor-size-sm  elementor-field-textual regFormFirstName\" placeholder=\"F\u00f6rnamn\" data-input=\"firstname\" data-valid=\"false\" id=\"form-first_name\" name=\"firstname\" size=\"1\" type=\"text\">\n            <p class=\"error-message\"><\/p>\n        <\/div>\n\n        <div class=\"elementor-field-type-text elementor-field-group elementor-column elementor-field-group-name elementor-col-100 form-group\">\n            <label for=\"form-last_name\" class=\"elementor-field-label elementor-screen-only\">Efternamn<\/label>\n            <input class=\"elementor-field elementor-size-sm elementor-field-textual regFormLastNname\" placeholder=\"Efternamn\" data-input=\"lastname\" data-valid=\"false\" id=\"form-last_name\" name=\"lastname\" size=\"1\" type=\"text\">\n            <p class=\"error-message\"><\/p>\n        <\/div>\n\n        <div class=\"elementor-field-type-text elementor-field-group elementor-column elementor-field-group-name elementor-col-100 form-group form-group__emailValid\">\n            <label class=\"elementor-field-label elementor-screen-only\" for=\"form-email\">E-post<\/label>\n            <input class=\"elementor-field elementor-size-sm elementor-field-textual regFormEmail\" placeholder=\"E-post\" data-input=\"email\" data-valid=\"false\" id=\"form-email\" name=\"email\" type=\"email\">\n            <p class=\"error-message\"><\/p>\n            <p class=\"form-group__emailValid-info\">\n                <span class=\"form-group__emailValid-message\"><span>Menade du<\/span> <b><\/b>?<\/span> <span class=\"form-group__emailValid-btn\">Byta ut<\/span>            <\/p>\n        <\/div>\n\n        <div class=\"elementor-field-type-tel elementor-field-group elementor-column elementor-field-group-field_fad38fc elementor-col-100 form-group reg-phone\">\n            <label class=\"elementor-field-label elementor-screen-only\" for=\"form-phone_number\">Telefonnummer<\/label>\n            <input class=\"elementor-field elementor-size-sm elementor-field-textual regFormPhoneNumber\" placeholder=\"Telefonnummer\" autocompvare=\"off\" data-input=\"phone_number\" data-valid=\"false\" id=\"form-phone_number\" name=\"phone_number\" size=\"1\" type=\"text\">\n            <p class=\"error-message\"><\/p>\n        <\/div>\n\n        <p class=\"reCAPTCHAContent\">\n            Denna sida skyddas av reCAPTCHA och <a href=\"https:\/\/policies.google.com\/privacy\" target=\"_blank\" rel=\"noopener\">Googles sekretesspolicy<\/a> och <a href=\"https:\/\/policies.google.com\/terms\" target=\"_blank\" rel=\"noopener\">anv\u00e4ndarvillkor<\/a> g\u00e4ller.        <\/p>\n\n        <button class=\"elementor-button zoom regFormButton\" data-button=\"submit\" id=\"form-btn\" type=\"button\">\n            Learn More        <\/button>\n\n        <div class=\"wrapper__rar-no\" data-modal=\"success\" style=\"display: none\">\n            <div class=\"success\">\n                <img decoding=\"async\" src=\"\/wp-content\/plugins\/fxbot-registration-form\/assets\/images\/regSuccess.png\" alt=\"Tack f\u00f6r registreringen\">\n                <p>Tack f\u00f6r registreringen.<br\/>V\u00e5r agent kommer att kontakta dig inom kort.<br\/>Se till att du anv\u00e4nde det faktiska telefonnumret.<br\/>Sk\u00e5l.<\/p>\n            <\/div>\n        <\/div>\n\n        <div class=\"wrapper__rar-no\" data-modal=\"alternative_success\" style=\"display: none\">\n            <div class=\"success\">\n                <p class=\"reg_title\">\n                    <b>Du har anslutit framg\u00e5ngsrikt.<\/b>\n                <\/p>\n                <p>En representant fr\u00e5n f\u00f6retaget kommer att kontakta dig inom kort. Se till att du \u00e4r tillg\u00e4nglig per telefon f\u00f6r att inte missa samtalet.<\/p>\n            <\/div>\n        <\/div>\n\n        <div class=\"wrapper__error\" data-modal=\"error\" style=\"display: none\"><\/div>\n    <\/form>\n<\/div>\n\n<div class=\"submit-overlay\" style=\"display: none;\">\n    <div class=\"lds-spinner\">\n        <div><\/div>\n        <div><\/div>\n        <div><\/div>\n        <div><\/div>\n        <div><\/div>\n        <div><\/div>\n        <div><\/div>\n        <div><\/div>\n    <\/div>\n    <p class=\"overlay-text\">Ansluter dig till den b\u00e4sta m\u00e4klaren i ditt omr\u00e5de<\/p>\n<\/div>\n\n\n<\/div><\/div>\n<\/div>\n<\/div><div class=\"gb-container gb-container-197d4570\">\n\n<a class=\"gb-button gb-button-e8c7dfa5\" href=\"https:\/\/oilevexpro.com\/sv\/\"><span class=\"gb-button-text\">F&Aring; TILLG&Aring;NG TILL KW_00001 NU<\/span><span class=\"gb-icon\"><svg xmlns=\"http:\/\/www.w3.org\/2000\/svg\" aria-hidden=\"true\" role=\"img\" height=\"1em\" width=\"1em\" viewbox=\"0 0 256 512\"><path fill=\"currentColor\" d=\"M224.3 273l-136 136c-9.4 9.4-24.6 9.4-33.9 0l-22.6-22.6c-9.4-9.4-9.4-24.6 0-33.9l96.4-96.4-96.4-96.4c-9.4-9.4-9.4-24.6 0-33.9L54.3 103c9.4-9.4 24.6-9.4 33.9 0l136 136c9.5 9.4 9.5 24.6.1 34z\"><\/path><\/svg><\/span><\/a>\n\n<\/div><div class=\"gb-container gb-container-1bdeec8b\">\n<div class=\"gb-container gb-container-9d34a979\"><\/div>\n\n<div class=\"gb-container gb-container-1e789d4e\">\n\n<h3 class=\"gb-headline gb-headline-29613722 gb-headline-text\"><strong>F&ouml;rdelarna med programvara fr&aring;n KW_00001<\/strong><\/h3>\n\n\n\n<p>KW_00001 utm&auml;rker sig genom sin st&auml;ndiga insamling och effektiva analys av marknadsdata i realtid. Denna unika f&ouml;rm&aring;ga g&ouml;r att v&aring;r programvara kan utf&ouml;ra handelsorder &aring;t dig i en aldrig tidigare sk&aring;dad hastighet, vilket &ouml;vertr&auml;ffar b&aring;de m&auml;nskliga handlare och andra programvarul&ouml;sningar. KW_00002 utf&ouml;r inte bara aff&auml;rer snabbare, utan f&ouml;rlitar sig ocks&aring; p&aring; statistik, logik och matematiska algoritmer f&ouml;r att fatta handelsbeslut, vilket eliminerar p&aring;verkan av m&auml;nskliga k&auml;nslor och s&auml;kerst&auml;ller objektiv handel.<\/p>\n\n\n\n<p>En av de utm&auml;rkande egenskaperna hos KW_00003 &auml;r dess f&ouml;rm&aring;ga att underl&auml;tta backstaging. Detta ov&auml;rderliga verktyg ger dig m&ouml;jlighet att testa dina valda inst&auml;llningar baserat p&aring; historiska marknadsf&ouml;rh&aring;llanden. Genom att utnyttja denna funktion kan du finjustera dina inst&auml;llningar f&ouml;r att maximera l&ouml;nsamheten. Du kan vara s&auml;ker p&aring; att v&aring;r sofistikerade programvara kommer att f&ouml;lja dina fastst&auml;llda regler och hantera alla handelsuppgifter f&ouml;r din r&auml;kning.<\/p>\n\n\n\n<p>KW_00003 erbjuder flexibiliteten hos b&aring;de automatiska och manuella handelsalternativ, vilket tillgodoser anv&auml;ndare med olika kunskapsniv&aring;er, tidsbegr&auml;nsningar och intressen. Med v&aring;r plattform kan du hantera flera konton, vilket g&ouml;r att du kan experimentera, modifiera och j&auml;mf&ouml;ra olika strategier. Omfamna den m&aring;ngfald av handelsm&ouml;jligheter som KW_00002 presenterar och ta vara p&aring; de goda m&ouml;jligheterna att maximera dina vinster.<\/p>\n\n<\/div>\n<\/div><div class=\"gb-container gb-container-67945ee0\">\n<div class=\"gb-container gb-container-12a13938\">\n\n<a class=\"gb-button gb-button-15cad45f\" href=\"https:\/\/oilevexpro.com\/sv\/\"><span class=\"gb-button-text\"><strong>TEST KW_00001<\/strong><\/span><span class=\"gb-icon\"><svg xmlns=\"http:\/\/www.w3.org\/2000\/svg\" aria-hidden=\"true\" role=\"img\" height=\"1em\" width=\"1em\" viewbox=\"0 0 256 512\"><path fill=\"currentColor\" d=\"M224.3 273l-136 136c-9.4 9.4-24.6 9.4-33.9 0l-22.6-22.6c-9.4-9.4-9.4-24.6 0-33.9l96.4-96.4-96.4-96.4c-9.4-9.4-9.4-24.6 0-33.9L54.3 103c9.4-9.4 24.6-9.4 33.9 0l136 136c9.5 9.4 9.5 24.6.1 34z\"><\/path><\/svg><\/span><\/a>\n\n<\/div>\n<\/div><div class=\"gb-container gb-container-5d2e4740\">\n<div class=\"gb-container gb-container-d34d15be\">\n<div class=\"gb-grid-wrapper gb-grid-wrapper-4257ebc4\">\n<div class=\"gb-grid-column gb-grid-column-60a1d140\"><div class=\"gb-container gb-container-60a1d140\">\n<div class=\"gb-container gb-container-d446dbb2\">\n\n<span class=\"gb-button gb-button-4f39012e\"><span class=\"gb-icon\"><svg xmlns=\"http:\/\/www.w3.org\/2000\/svg\" height=\"15\" width=\"15\" fill=\"none\" viewbox=\"0 0 15 15\"><path fill=\"currentColor\" d=\"M4 1.5V4H1.5A1.5 1.5 0 000 5.5v8A1.5 1.5 0 001.5 15h8a1.5 1.5 0 001.5-1.5V11h2.5A1.5 1.5 0 0015 9.5v-8A1.5 1.5 0 0013.5 0h-8A1.5 1.5 0 004 1.5zM5.5 1a.5.5 0 00-.5.5V4h4.5A1.5 1.5 0 0111 5.5V10h2.5a.5.5 0 00.5-.5v-8a.5.5 0 00-.5-.5h-8zm0 10A1.5 1.5 0 014 9.5V5H1.5a.5.5 0 00-.5.5v8a.5.5 0 00.5.5h8a.5.5 0 00.5-.5V11H5.5z\" clip-rule=\"evenodd\" fill-rule=\"evenodd\"><\/path><\/svg><\/span><\/span>\n\n<\/div>\n\n\n<h3 class=\"gb-headline gb-headline-f8d314cb gb-headline-text\"><strong>Programvarul&ouml;sningen<\/strong><\/h3>\n\n\n\n<p class=\"has-text-align-center\">KW_00001 &auml;r omsorgsfullt utformad f&ouml;r att uppfylla sitt syfte som ett v&auml;rdefullt och anv&auml;ndarv&auml;nligt verktyg f&ouml;r handlare p&aring; alla niv&aring;er. Det ger dig m&ouml;jlighet att enkelt och effektivt handla Bitcoin och olika kryptovalutor med st&ouml;rsta bekv&auml;mlighet.<\/p>\n\n\n\n<p class=\"has-text-align-center\">Med KW_00002 kan du dyka in i v&auml;rlden av kryptovalutahandel utan att spendera omfattande tid och anstr&auml;ngning p&aring; att studera marknadsinformation och trender. Borta &auml;r de dagar d&aring; det var skr&auml;mmande sv&aring;rt att l&auml;ra sig handla och k&auml;mpa f&ouml;r att potentiellt tj&auml;na pengar. V&aring;r l&ouml;sning eliminerar behovet av tidigare kunskap och erfarenhet, s&aring; att du kan p&aring;b&ouml;rja din handelsresa med minimal tid och anstr&auml;ngning investerad.<\/p>\n\n<\/div><\/div>\n\n<div class=\"gb-grid-column gb-grid-column-6922dcd9\"><div class=\"gb-container gb-container-6922dcd9\">\n<div class=\"gb-container gb-container-b5c2993b\">\n\n<span class=\"gb-button gb-button-05b34aef\"><span class=\"gb-icon\"><svg xmlns=\"http:\/\/www.w3.org\/2000\/svg\" height=\"15\" width=\"15\" fill=\"none\" viewbox=\"0 0 15 15\"><path fill=\"currentColor\" d=\"M4 4V1.5A1.5 1.5 0 015.5 0h8A1.5 1.5 0 0115 1.5v8a1.5 1.5 0 01-1.5 1.5H11v2.5A1.5 1.5 0 019.5 15h-8A1.5 1.5 0 010 13.5v-8A1.5 1.5 0 011.5 4H4zm6 1v5H5V5h5z\" clip-rule=\"evenodd\" fill-rule=\"evenodd\"><\/path><\/svg><\/span><\/span>\n\n<\/div>\n\n\n<h3 class=\"gb-headline gb-headline-13950594 gb-headline-text\"><strong>KW_00001 Trader Granskning<\/strong><\/h3>\n\n\n\n<p class=\"has-text-align-center\">KW_00001 &auml;r ett p&aring;litligt handelsverktyg som erbjuder b&aring;de manuella och helautomatiska alternativ, utformade f&ouml;r att utf&ouml;ra exakta kryptovalutahandel f&ouml;r din r&auml;kning. Till skillnad fr&aring;n andra programvaror f&ouml;r handel med Bitcoin-valutor drivs v&aring;r plattform av avancerade algoritmer som analyserar marknadsdata och s&auml;kerst&auml;ller en imponerande noggrannhet p&aring; 99,4% vid &ouml;ppning och st&auml;ngning av aff&auml;rer. Det som skiljer KW_00002 &aring;t &auml;r dess anm&auml;rkningsv&auml;rda 0,01 sekunders f&ouml;rdel j&auml;mf&ouml;rt med konkurrerande programvara, vilket g&ouml;r det till det f&ouml;redragna valet f&ouml;r handlare.<\/p>\n\n\n\n<p class=\"has-text-align-center\">KW_00003 har erk&auml;nts av den ansedda US Trading Association och har s&auml;krat f&ouml;rstaplatsen i kategorin Trading software. Dessutom eliminerar den webbaserade funktionen behovet av nedladdningar, vilket har f&aring;tt antivirusf&ouml;retag att godk&auml;nna den f&ouml;rb&auml;ttrade s&auml;kerheten.<\/p>\n\n<\/div><\/div>\n\n<div class=\"gb-grid-column gb-grid-column-58d3b69b\"><div class=\"gb-container gb-container-58d3b69b\">\n<div class=\"gb-container gb-container-7f21e89f\">\n\n<span class=\"gb-button gb-button-df17151f\"><span class=\"gb-icon\"><svg xmlns=\"http:\/\/www.w3.org\/2000\/svg\" height=\"15\" width=\"15\" fill=\"none\" viewbox=\"0 0 15 15\"><path fill=\"currentColor\" d=\"M4 4H1.5A1.5 1.5 0 000 5.5v8A1.5 1.5 0 001.5 15h8a1.5 1.5 0 001.5-1.5V11h2.5A1.5 1.5 0 0015 9.5v-8A1.5 1.5 0 0013.5 0h-8A1.5 1.5 0 004 1.5V4zm1-2.5a.5.5 0 01.5-.5h8a.5.5 0 01.5.5v8a.5.5 0 01-.5.5h-8a.5.5 0 01-.5-.5v-8z\" clip-rule=\"evenodd\" fill-rule=\"evenodd\"><\/path><\/svg><\/span><\/span>\n\n<\/div>\n\n\n<h3 class=\"gb-headline gb-headline-7625b1b1 gb-headline-text\"><strong>Dragons Den<\/strong><\/h3>\n\n\n\n<p class=\"has-text-align-center\">KW_00003 Software har absolut ingen koppling till den &ouml;k&auml;nda Dragons Den Scam. Dragons Den, &auml;ven k&auml;nd som Bitcoin Loophole-bluffen, fungerar som ett bedr&auml;gligt system och lockar intet ont anande anv&auml;ndare att investera i ett bedr&auml;gligt f&ouml;retag f&ouml;rkl&auml;tt som en innovativ startprogramvara. Det &auml;r viktigt att inse att denna bluff inte f&ouml;rekom i TV-programmet Dragon&rsquo;s Den och inte fick n&aring;got st&ouml;d fr&aring;n programmet eller dess sk&aring;despelare.<\/p>\n\n\n\n<p class=\"has-text-align-center\">Det &auml;r viktigt att betona att Dragons Den endast utnyttjade ryktet f&ouml;r den ursprungliga v&auml;lrenommerade programvaran och programmets k&auml;ndisar f&ouml;r att p&aring; ett bedr&auml;gligt s&auml;tt lura individer att avst&aring; fr&aring;n sina surt f&ouml;rv&auml;rvade pengar. Det &auml;r viktigt att vara f&ouml;rsiktig och undvika alla annonser eller publikationer som g&ouml;r grundl&ouml;sa p&aring;st&aring;enden, eftersom de inte har n&aring;gon korrelation med den &auml;kta KW_00002-programvaran.<\/p>\n\n<\/div><\/div>\n<\/div>\n<\/div>\n<\/div><div class=\"gb-container gb-container-39bfdacb\">\n<div class=\"gb-container gb-container-45f3ab74\">\n\n<h3 class=\"gb-headline gb-headline-e982b89b gb-headline-text\">Registrera dig s&auml;kert till KW_00001<\/h3>\n\n\n\n<a class=\"gb-button gb-button-a3e3ab09\" href=\"https:\/\/oilevexpro.com\/sv\/\"><span class=\"gb-button-text\">Registrera dig s&auml;kert<\/span><span class=\"gb-icon\"><svg xmlns=\"http:\/\/www.w3.org\/2000\/svg\" aria-hidden=\"true\" role=\"img\" height=\"1em\" width=\"1em\" viewbox=\"0 0 256 512\"><path fill=\"currentColor\" d=\"M224.3 273l-136 136c-9.4 9.4-24.6 9.4-33.9 0l-22.6-22.6c-9.4-9.4-9.4-24.6 0-33.9l96.4-96.4-96.4-96.4c-9.4-9.4-9.4-24.6 0-33.9L54.3 103c9.4-9.4 24.6-9.4 33.9 0l136 136c9.5 9.4 9.5 24.6.1 34z\"><\/path><\/svg><\/span><\/a>\n\n<\/div>\n<\/div>\n","protected":false},"excerpt":{"rendered":"<p>Om den senaste versionen 2.0 KW_00001 F&ouml;rdelarna med programvara fr&aring;n KW_00001 KW_00001 utm&auml;rker sig genom sin st&auml;ndiga insamling och effektiva analys av marknadsdata i realtid. Denna unika f&ouml;rm&aring;ga g&ouml;r att v&aring;r programvara kan utf&ouml;ra handelsorder &aring;t dig i en aldrig tidigare sk&aring;dad hastighet, vilket &ouml;vertr&auml;ffar b&aring;de m&auml;nskliga handlare och andra programvarul&ouml;sningar. KW_00002 utf&ouml;r inte bara &#8230; <a title=\"Om oss\" class=\"read-more\" href=\"https:\/\/oilevexpro.com\/sv\/om-oss\/\" aria-label=\"L\u00e4s mer om Om oss\">L\u00e4s mer<\/a><\/p>\n","protected":false},"author":1,"featured_media":0,"parent":0,"menu_order":0,"comment_status":"closed","ping_status":"closed","template":"","meta":{"footnotes":""},"class_list":["post-5116","page","type-page","status-publish"],"_links":{"self":[{"href":"https:\/\/oilevexpro.com\/sv\/wp-json\/wp\/v2\/pages\/5116","targetHints":{"allow":["GET"]}}],"collection":[{"href":"https:\/\/oilevexpro.com\/sv\/wp-json\/wp\/v2\/pages"}],"about":[{"href":"https:\/\/oilevexpro.com\/sv\/wp-json\/wp\/v2\/types\/page"}],"author":[{"embeddable":true,"href":"https:\/\/oilevexpro.com\/sv\/wp-json\/wp\/v2\/users\/1"}],"replies":[{"embeddable":true,"href":"https:\/\/oilevexpro.com\/sv\/wp-json\/wp\/v2\/comments?post=5116"}],"version-history":[{"count":0,"href":"https:\/\/oilevexpro.com\/sv\/wp-json\/wp\/v2\/pages\/5116\/revisions"}],"wp:attachment":[{"href":"https:\/\/oilevexpro.com\/sv\/wp-json\/wp\/v2\/media?parent=5116"}],"curies":[{"name":"wp","href":"https:\/\/api.w.org\/{rel}","templated":true}]}}