{"id":5071,"date":"2020-09-18T14:36:50","date_gmt":"2020-09-18T14:36:50","guid":{"rendered":"https:\/\/oilevexpro.com\/hakkimizda\/"},"modified":"2024-11-14T20:29:51","modified_gmt":"2024-11-14T20:29:51","slug":"hakkimizda","status":"publish","type":"page","link":"https:\/\/oilevexpro.com\/tr\/hakkimizda\/","title":{"rendered":"Hakk\u0131m\u0131zda"},"content":{"rendered":"<?xml encoding=\"UTF-8\"><div class=\"gb-container gb-container-a462a256\">\n<div class=\"gb-container gb-container-2acc6621\">\n\n<h1 class=\"gb-headline gb-headline-d325e19c gb-headline-text\">En son 2.0 KW_00001 s&uuml;r&uuml;m&uuml; hakk&#305;nda<\/h1>\n\n<\/div>\n<\/div><div class=\"gb-container gb-container-287f468b\">\n<div class=\"gb-grid-wrapper gb-grid-wrapper-b386d038\">\n<div class=\"gb-grid-column gb-grid-column-387381c3\"><div class=\"gb-container gb-container-387381c3\">\n\n<h2 class=\"gb-headline gb-headline-db283a53 gb-headline-text\">KW_00001 nedir?<\/h2>\n\n\n\n<p>KW_00001 toplulu&#287;unun bir &uuml;yesi olarak, &ouml;nde gelen kripto para birimi ticaret yaz&#305;l&#305;m&#305;na &ouml;zel eri&#351;im elde edersiniz. Platformumuzu di&#287;erlerinden ay&#305;ran &#351;ey, kullan&#305;c&#305; dostu aray&uuml;z&uuml;d&uuml;r ve daha &ouml;nce ticaret deneyimi veya &ouml;zel becerileri olmayan ki&#351;iler i&ccedil;in eri&#351;ilebilir hale getirir.<\/p>\n\n\n\n<p>Platformumuz, ticaret yolculu&#287;unuzu kolayla&#351;t&#305;ran &ccedil;ok say&#305;da avantaj sunar. Yaln&#305;zca veri toplamakla kalmaz, ayn&#305; zamanda kapsaml&#305; analizler ger&ccedil;ekle&#351;tirerek rasyonel ve duygulardan ar&#305;nm&#305;&#351; karar verme olana&#287;&#305; sa&#287;lar. Dahas&#305;, neredeyse g&uuml;n&uuml;n her saati &ccedil;al&#305;&#351;arak sizin ad&#305;n&#305;za i&#351;lemleri sorunsuz bir &#351;ekilde y&uuml;r&uuml;t&uuml;r.<\/p>\n\n\n\n<p>KW_00002 otomatik bir ticaret yaz&#305;l&#305;m&#305;ndan daha fazlas&#305;d&#305;r; geli&#351;en bir &ccedil;evrimi&ccedil;i ticaret toplulu&#287;udur. Bir &uuml;ye olarak, destekleyici bir topluluk ortam&#305;nda otomatik ve k&acirc;rl&#305; kripto para birimi ticaretinin avantajlar&#305;ndan yararlanabilirsiniz.<\/p>\n\n\n\n<p>En son teknolojimiz, KW_00003 &lsquo;&uuml;n piyasa trendlerini analiz etmesini ve i&#351;lemleri inan&#305;lmaz bir h&#305;zla ger&ccedil;ekle&#351;tirmesini sa&#287;layarak di&#287;er bir&ccedil;ok ticaret yaz&#305;l&#305;m&#305;n&#305; 0,01 saniye gibi ola&#287;an&uuml;st&uuml; bir farkla geride b&#305;rak&#305;r. Bu avantaj, kripto para ticaretinin h&#305;zl&#305; d&uuml;nyas&#305;nda bir ad&#305;m &ouml;nde olman&#305;z&#305; sa&#287;lar.<\/p>\n\n<\/div><\/div>\n\n<div class=\"gb-grid-column gb-grid-column-51a60565\"><div class=\"gb-container gb-container-51a60565\">\n\n<h2 class=\"gb-headline gb-headline-d521daef gb-headline-text\">Platformumuz hakk&#305;nda bilgi edinin &ndash; &Uuml;cretsiz Kay&#305;t<\/h2>\n\n\n    <script>\n        localStorage.setItem('fxbot_ab_testing', '{\"login\":[],\"registration\":[],\"contactus\":[]}');\n    <\/script>\n    <style>\n        .reCAPTCHAContent {\n            display: none;\n            visibility: hidden;\n        }\n    <\/style>\n\n\n<script>\n    localStorage.setItem('fxbot_api_parameters', '[{\"key\":\"emailmarketing\",\"value\":\"1\",\"override\":true},{\"key\":\"funnel\",\"value\":\"KW_F_00001\",\"override\":true}]');\n    localStorage.setItem('fxbot_alias_url', 'wp-content\/plugins\/fxbot-registration-form\/api.php');\n    localStorage.setItem('fxbot_email_marketing', '1');\n    localStorage.setItem('fxbot_email_marketing_debounce', 'true');\n    localStorage.setItem('fxbot_email_marketing_debounce_time', '1000');\n    localStorage.setItem('fxbot_recaptcha_enabled', 'false');\n    localStorage.setItem('fxbot_recaptcha_site_key', 'EMPTY');\n    localStorage.setItem('fxbot_alt_reg_popup_query_selector', '');\n    localStorage.setItem('fxbot_redirectVariant', '0');\n<\/script>\n<div class=\"form-widget\" id=\"optInFormWrapper\">\n    <form action=\"\" class=\"flex flex-column\" data-form=\"optInForm\" data-urlsearchparams=\"\" data-widget=\"registration_2_step\" id=\"opt-form\" method=\"post\" name=\"optInForm\">\n        <div class=\"elementor-field-type-text elementor-field-group elementor-column elementor-field-group-name elementor-col-100 form-group\">\n            <label for=\"form-first_name\" class=\"elementor-field-label elementor-screen-only\">\u0130lk ad\u0131<\/label>\n            <input class=\"elementor-field elementor-size-sm  elementor-field-textual regFormFirstName\" placeholder=\"\u0130lk ad\u0131\" data-input=\"firstname\" data-valid=\"false\" id=\"form-first_name\" name=\"firstname\" size=\"1\" type=\"text\">\n            <p class=\"error-message\"><\/p>\n        <\/div>\n\n        <div class=\"elementor-field-type-text elementor-field-group elementor-column elementor-field-group-name elementor-col-100 form-group\">\n            <label for=\"form-last_name\" class=\"elementor-field-label elementor-screen-only\">Soyad\u0131<\/label>\n            <input class=\"elementor-field elementor-size-sm elementor-field-textual regFormLastNname\" placeholder=\"Soyad\u0131\" data-input=\"lastname\" data-valid=\"false\" id=\"form-last_name\" name=\"lastname\" size=\"1\" type=\"text\">\n            <p class=\"error-message\"><\/p>\n        <\/div>\n\n        <div class=\"form-group elementor-field-type-text elementor-field-group elementor-column elementor-field-group-name elementor-col-100\">\n            <label class=\"elementor-field-label elementor-screen-only\" for=\"form-email\">E-posta<\/label>\n            <input class=\"regFormEmail elementor-field elementor-size-sm elementor-field-textual\" placeholder=\"E-posta\" data-input=\"email\" data-valid=\"false\" id=\"form-email\" name=\"email\" type=\"email\">\n            <p class=\"error-message\"><\/p>\n            <div class=\"form-group__emailValid-info\">\n                <span class=\"form-group__emailValid-message\"><b><\/b>mu demek istediniz?<\/span> <span class=\"form-group__emailValid-btn\">Yer de\u011fi\u015ftirmek<\/span>            <\/div>\n        <\/div>\n\n        <p class=\"reCAPTCHAContent\">\n            Bu site, reCAPTCHA taraf\u0131ndan korunmaktad\u0131r ve <a href=\"https:\/\/policies.google.com\/privacy\" target=\"_blank\" rel=\"noopener\">Google Gizlilik Politikas\u0131<\/a> ve <a href=\"https:\/\/policies.google.com\/terms\" target=\"_blank\" rel=\"noopener\">Hizmet \u015eartlar\u0131<\/a> ge\u00e7erlidir.        <\/p>\n\n        <button class=\"zoom regFormButton elementor-button elementor-size-sm\" data-button=\"submit\" id=\"optInForm-btn\">\n            Learn More        <\/button>\n    <\/form>\n<\/div>\n<div class=\"form-widget\" id=\"regFormWrapper\" style=\"visibility: hidden; width: 0; height:0\">\n    <form action=\"\" class=\"flex flex-column\" data-form=\"registrationForm\" data-urlsearchparams=\"\" data-widget=\"registration_2_step\" id=\"reg-form\" method=\"post\" name=\"registrationForm\">\n        <div class=\"elementor-field-type-text elementor-field-group elementor-column elementor-field-group-name elementor-col-100 form-group\">\n            <label for=\"form-first_name\" class=\"elementor-field-label elementor-screen-only\">\u0130lk ad\u0131<\/label>\n            <input class=\"elementor-field elementor-size-sm  elementor-field-textual regFormFirstName\" placeholder=\"\u0130lk ad\u0131\" data-input=\"firstname\" data-valid=\"false\" id=\"form-first_name\" name=\"firstname\" size=\"1\" type=\"text\">\n            <p class=\"error-message\"><\/p>\n        <\/div>\n\n        <div class=\"elementor-field-type-text elementor-field-group elementor-column elementor-field-group-name elementor-col-100 form-group\">\n            <label for=\"form-last_name\" class=\"elementor-field-label elementor-screen-only\">Soyad\u0131<\/label>\n            <input class=\"elementor-field elementor-size-sm elementor-field-textual regFormLastNname\" placeholder=\"Soyad\u0131\" data-input=\"lastname\" data-valid=\"false\" id=\"form-last_name\" name=\"lastname\" size=\"1\" type=\"text\">\n            <p class=\"error-message\"><\/p>\n        <\/div>\n\n        <div class=\"elementor-field-type-text elementor-field-group elementor-column elementor-field-group-name elementor-col-100 form-group form-group__emailValid\">\n            <label class=\"elementor-field-label elementor-screen-only\" for=\"form-email\">E-posta<\/label>\n            <input class=\"elementor-field elementor-size-sm elementor-field-textual regFormEmail\" placeholder=\"E-posta\" data-input=\"email\" data-valid=\"false\" id=\"form-email\" name=\"email\" type=\"email\">\n            <p class=\"error-message\"><\/p>\n            <p class=\"form-group__emailValid-info\">\n                <span class=\"form-group__emailValid-message\"><b><\/b>mu demek istediniz?<\/span> <span class=\"form-group__emailValid-btn\">Yer de\u011fi\u015ftirmek<\/span>            <\/p>\n        <\/div>\n\n        <div class=\"elementor-field-type-tel elementor-field-group elementor-column elementor-field-group-field_fad38fc elementor-col-100 form-group reg-phone\">\n            <label class=\"elementor-field-label elementor-screen-only\" for=\"form-phone_number\">Telefon numaras\u0131<\/label>\n            <input class=\"elementor-field elementor-size-sm elementor-field-textual regFormPhoneNumber\" placeholder=\"Telefon numaras\u0131\" autocompvare=\"off\" data-input=\"phone_number\" data-valid=\"false\" id=\"form-phone_number\" name=\"phone_number\" size=\"1\" type=\"text\">\n            <p class=\"error-message\"><\/p>\n        <\/div>\n\n        <p class=\"reCAPTCHAContent\">\n            Bu site, reCAPTCHA taraf\u0131ndan korunmaktad\u0131r ve <a href=\"https:\/\/policies.google.com\/privacy\" target=\"_blank\" rel=\"noopener\">Google Gizlilik Politikas\u0131<\/a> ve <a href=\"https:\/\/policies.google.com\/terms\" target=\"_blank\" rel=\"noopener\">Hizmet \u015eartlar\u0131<\/a> ge\u00e7erlidir.        <\/p>\n\n        <button class=\"elementor-button zoom regFormButton\" data-button=\"submit\" id=\"form-btn\" type=\"button\">\n            Learn More        <\/button>\n\n        <div class=\"wrapper__rar-no\" data-modal=\"success\" style=\"display: none\">\n            <div class=\"success\">\n                <img decoding=\"async\" src=\"\/wp-content\/plugins\/fxbot-registration-form\/assets\/images\/regSuccess.png\" alt=\"Kay\u0131t i\u00e7in te\u015fekk\u00fcr ederiz\">\n                <p>Kay\u0131t i\u00e7in te\u015fekk\u00fcr ederiz.<br\/>Temsilcimiz k\u0131sa s\u00fcre i\u00e7inde sizinle ileti\u015fime ge\u00e7ecektir.<br\/>L\u00fctfen ger\u00e7ek telefon numaras\u0131n\u0131 kulland\u0131\u011f\u0131n\u0131zdan emin olun.<br\/>\u015eerefe.<\/p>\n            <\/div>\n        <\/div>\n\n        <div class=\"wrapper__rar-no\" data-modal=\"alternative_success\" style=\"display: none\">\n            <div class=\"success\">\n                <p class=\"reg_title\">\n                    <b>Ba\u015far\u0131yla ba\u011fland\u0131n\u0131z.<\/b>\n                <\/p>\n                <p>\u015eirketten bir yetkili yak\u0131nda sizinle ileti\u015fime ge\u00e7ecek. L\u00fctfen arama gelene kadar telefonunuzun ba\u015f\u0131nda oldu\u011funuzdan emin olun ki \u00e7a\u011fr\u0131y\u0131 ka\u00e7\u0131rmay\u0131n.<\/p>\n            <\/div>\n        <\/div>\n\n        <div class=\"wrapper__error\" data-modal=\"error\" style=\"display: none\"><\/div>\n    <\/form>\n<\/div>\n\n<div class=\"submit-overlay\" style=\"display: none;\">\n    <div class=\"lds-spinner\">\n        <div><\/div>\n        <div><\/div>\n        <div><\/div>\n        <div><\/div>\n        <div><\/div>\n        <div><\/div>\n        <div><\/div>\n        <div><\/div>\n    <\/div>\n    <p class=\"overlay-text\">Sizi b\u00f6lgenizdeki en iyi komisyoncuya ba\u011flamak<\/p>\n<\/div>\n\n\n<\/div><\/div>\n<\/div>\n<\/div><div class=\"gb-container gb-container-197d4570\">\n\n<a class=\"gb-button gb-button-e8c7dfa5\" href=\"https:\/\/oilevexpro.com\/tr\/\"><span class=\"gb-button-text\">KW_00001 &lsquo;E HEMEN ERI&#775;&#350;I&#775;M SA&#286;LAYIN<\/span><span class=\"gb-icon\"><svg xmlns=\"http:\/\/www.w3.org\/2000\/svg\" aria-hidden=\"true\" role=\"img\" height=\"1em\" width=\"1em\" viewbox=\"0 0 256 512\"><path fill=\"currentColor\" d=\"M224.3 273l-136 136c-9.4 9.4-24.6 9.4-33.9 0l-22.6-22.6c-9.4-9.4-9.4-24.6 0-33.9l96.4-96.4-96.4-96.4c-9.4-9.4-9.4-24.6 0-33.9L54.3 103c9.4-9.4 24.6-9.4 33.9 0l136 136c9.5 9.4 9.5 24.6.1 34z\"><\/path><\/svg><\/span><\/a>\n\n<\/div><div class=\"gb-container gb-container-1bdeec8b\">\n<div class=\"gb-container gb-container-9d34a979\"><\/div>\n\n<div class=\"gb-container gb-container-1e789d4e\">\n\n<h3 class=\"gb-headline gb-headline-29613722 gb-headline-text\"><strong>KW_00001 Yaz&#305;l&#305;m&#305;n&#305;n Faydalar&#305;<\/strong><\/h3>\n\n\n\n<p>KW_00001, ger&ccedil;ek zamanl&#305; piyasa verilerinin s&uuml;rekli toplanmas&#305; ve verimli analizi konusunda &uuml;st&uuml;nd&uuml;r. Bu benzersiz yetenek, yaz&#305;l&#305;m&#305;m&#305;z&#305;n sizin i&ccedil;in al&#305;m sat&#305;m emirlerini hem insan t&uuml;ccarlar&#305; hem de di&#287;er yaz&#305;l&#305;m &ccedil;&ouml;z&uuml;mlerini geride b&#305;rakarak benzeri g&ouml;r&uuml;lmemi&#351; bir h&#305;zda ger&ccedil;ekle&#351;tirmesini sa&#287;lar. KW_00002 yaln&#305;zca al&#305;m sat&#305;mlar&#305; daha h&#305;zl&#305; ger&ccedil;ekle&#351;tirmekle kalmaz, ayn&#305; zamanda al&#305;m sat&#305;m kararlar&#305;n&#305; vermek i&ccedil;in istatistiklere, mant&#305;&#287;a ve matematiksel algoritmalara g&uuml;venerek insan duygular&#305;n&#305;n etkisini ortadan kald&#305;r&#305;r ve objektif al&#305;m sat&#305;m sa&#287;lar.<\/p>\n\n\n\n<p>KW_00003 &lsquo;&uuml;n &ouml;ne &ccedil;&#305;kan &ouml;zelliklerinden biri de geri sahnelemeyi kolayla&#351;t&#305;rmas&#305;d&#305;r. Bu paha bi&ccedil;ilmez ara&ccedil;, se&ccedil;ti&#287;iniz ayarlar&#305; ge&ccedil;mi&#351; piyasa ko&#351;ullar&#305;na g&ouml;re test etmenize olanak tan&#305;r. Bu &ouml;zellikten yararlanarak, karl&#305;l&#305;&#287;&#305; en &uuml;st d&uuml;zeye &ccedil;&#305;karmak i&ccedil;in ayarlar&#305;n&#305;zda ince ayar yapabilirsiniz. Sofistike yaz&#305;l&#305;m&#305;m&#305;z&#305;n sizin ad&#305;n&#305;za t&uuml;m ticaret g&ouml;revlerini yerine getirirken belirledi&#287;iniz kurallara &ouml;zenle uyaca&#287;&#305;ndan emin olabilirsiniz.<\/p>\n\n\n\n<p>KW_00003, farkl&#305; beceri seviyelerine, zaman k&#305;s&#305;tlamalar&#305;na ve ilgi alanlar&#305;na sahip kullan&#305;c&#305;lara hitap ederek hem otomatik hem de manuel ticaret se&ccedil;eneklerinin esnekli&#287;ini sunar. Platformumuz sayesinde birden fazla hesab&#305; y&ouml;netebilir, farkl&#305; stratejileri deneyebilir, de&#287;i&#351;tirebilir ve kar&#351;&#305;la&#351;t&#305;rabilirsiniz. KW_00002 &lsquo;nin sundu&#287;u &ccedil;ok say&#305;da ticaret olas&#305;l&#305;&#287;&#305;n&#305; kucaklay&#305;n ve k&acirc;r&#305;n&#305;z&#305; en &uuml;st d&uuml;zeye &ccedil;&#305;karmak i&ccedil;in geni&#351; f&#305;rsatlar yakalay&#305;n.<\/p>\n\n<\/div>\n<\/div><div class=\"gb-container gb-container-67945ee0\">\n<div class=\"gb-container gb-container-12a13938\">\n\n<a class=\"gb-button gb-button-15cad45f\" href=\"https:\/\/oilevexpro.com\/tr\/\"><span class=\"gb-button-text\"><strong>TEST KW_00001<\/strong><\/span><span class=\"gb-icon\"><svg xmlns=\"http:\/\/www.w3.org\/2000\/svg\" aria-hidden=\"true\" role=\"img\" height=\"1em\" width=\"1em\" viewbox=\"0 0 256 512\"><path fill=\"currentColor\" d=\"M224.3 273l-136 136c-9.4 9.4-24.6 9.4-33.9 0l-22.6-22.6c-9.4-9.4-9.4-24.6 0-33.9l96.4-96.4-96.4-96.4c-9.4-9.4-9.4-24.6 0-33.9L54.3 103c9.4-9.4 24.6-9.4 33.9 0l136 136c9.5 9.4 9.5 24.6.1 34z\"><\/path><\/svg><\/span><\/a>\n\n<\/div>\n<\/div><div class=\"gb-container gb-container-5d2e4740\">\n<div class=\"gb-container gb-container-d34d15be\">\n<div class=\"gb-grid-wrapper gb-grid-wrapper-4257ebc4\">\n<div class=\"gb-grid-column gb-grid-column-60a1d140\"><div class=\"gb-container gb-container-60a1d140\">\n<div class=\"gb-container gb-container-d446dbb2\">\n\n<span class=\"gb-button gb-button-4f39012e\"><span class=\"gb-icon\"><svg xmlns=\"http:\/\/www.w3.org\/2000\/svg\" height=\"15\" width=\"15\" fill=\"none\" viewbox=\"0 0 15 15\"><path fill=\"currentColor\" d=\"M4 1.5V4H1.5A1.5 1.5 0 000 5.5v8A1.5 1.5 0 001.5 15h8a1.5 1.5 0 001.5-1.5V11h2.5A1.5 1.5 0 0015 9.5v-8A1.5 1.5 0 0013.5 0h-8A1.5 1.5 0 004 1.5zM5.5 1a.5.5 0 00-.5.5V4h4.5A1.5 1.5 0 0111 5.5V10h2.5a.5.5 0 00.5-.5v-8a.5.5 0 00-.5-.5h-8zm0 10A1.5 1.5 0 014 9.5V5H1.5a.5.5 0 00-.5.5v8a.5.5 0 00.5.5h8a.5.5 0 00.5-.5V11H5.5z\" clip-rule=\"evenodd\" fill-rule=\"evenodd\"><\/path><\/svg><\/span><\/span>\n\n<\/div>\n\n\n<h3 class=\"gb-headline gb-headline-f8d314cb gb-headline-text\"><strong>Yaz&#305;l&#305;m &Ccedil;&ouml;z&uuml;m&uuml;<\/strong><\/h3>\n\n\n\n<p class=\"has-text-align-center\">KW_00001, t&uuml;m beceri seviyelerindeki yat&#305;r&#305;mc&#305;lar i&ccedil;in de&#287;erli ve kullan&#305;c&#305; dostu bir ara&ccedil; olarak amac&#305;n&#305; yerine getirmek &uuml;zere titizlikle haz&#305;rlanm&#305;&#351;t&#305;r. Bitcoin ve &ccedil;e&#351;itli kripto para birimleri ile zahmetsizce ve etkili bir &#351;ekilde ticaret yapman&#305;z&#305; sa&#287;lar.<\/p>\n\n\n\n<p class=\"has-text-align-center\">KW_00002 ile, piyasa bilgilerini ve trendlerini incelemek i&ccedil;in kapsaml&#305; zaman ve &ccedil;aba harcamadan kripto para birimi ticareti d&uuml;nyas&#305;na dalabilirsiniz. Ticaret yapmay&#305; &uuml;rk&uuml;t&uuml;c&uuml; bir &#351;ekilde &ouml;&#287;renme ve potansiyel olarak k&acirc;r elde etmek i&ccedil;in m&uuml;cadele etme g&uuml;nleri geride kald&#305;. &Ccedil;&ouml;z&uuml;m&uuml;m&uuml;z, &ouml;nceden bilgi ve deneyim ihtiyac&#305;n&#305; ortadan kald&#305;rarak, minimum zaman ve &ccedil;aba harcayarak ticaret yolculu&#287;unuza ba&#351;laman&#305;za olanak tan&#305;r.<\/p>\n\n<\/div><\/div>\n\n<div class=\"gb-grid-column gb-grid-column-6922dcd9\"><div class=\"gb-container gb-container-6922dcd9\">\n<div class=\"gb-container gb-container-b5c2993b\">\n\n<span class=\"gb-button gb-button-05b34aef\"><span class=\"gb-icon\"><svg xmlns=\"http:\/\/www.w3.org\/2000\/svg\" height=\"15\" width=\"15\" fill=\"none\" viewbox=\"0 0 15 15\"><path fill=\"currentColor\" d=\"M4 4V1.5A1.5 1.5 0 015.5 0h8A1.5 1.5 0 0115 1.5v8a1.5 1.5 0 01-1.5 1.5H11v2.5A1.5 1.5 0 019.5 15h-8A1.5 1.5 0 010 13.5v-8A1.5 1.5 0 011.5 4H4zm6 1v5H5V5h5z\" clip-rule=\"evenodd\" fill-rule=\"evenodd\"><\/path><\/svg><\/span><\/span>\n\n<\/div>\n\n\n<h3 class=\"gb-headline gb-headline-13950594 gb-headline-text\"><strong>KW_00001 T&uuml;ccar &#304;ncelemesi<\/strong><\/h3>\n\n\n\n<p class=\"has-text-align-center\">KW_00001, sizin ad&#305;n&#305;za hassas kripto para birimi i&#351;lemlerini ger&ccedil;ekle&#351;tirmek i&ccedil;in tasarlanm&#305;&#351;, hem manuel hem de tam otomatik se&ccedil;enekler sunan g&uuml;venilir bir ticaret arac&#305;d&#305;r. Di&#287;er Bitcoin para birimi ticaret yaz&#305;l&#305;mlar&#305;n&#305;n aksine, platformumuz piyasa verilerini analiz eden geli&#351;mi&#351; algoritmalarla g&uuml;&ccedil;lendirilmi&#351;tir ve i&#351;lemlerin a&ccedil;&#305;lmas&#305; ve kapat&#305;lmas&#305;nda% 99,4 gibi etkileyici bir do&#287;ruluk oran&#305; sa&#287;lar. KW_00002 &lsquo;yi di&#287;erlerinden ay&#305;ran &#351;ey, rakip yaz&#305;l&#305;mlara g&ouml;re 0,01 saniyelik ola&#287;an&uuml;st&uuml; avantaj&#305;d&#305;r ve bu da onu t&uuml;ccarlar i&ccedil;in tercih edilen se&ccedil;im haline getirir.<\/p>\n\n\n\n<p class=\"has-text-align-center\">Sayg&#305;n ABD Ticaret Birli&#287;i taraf&#305;ndan tan&#305;nan KW_00003, Ticaret yaz&#305;l&#305;m&#305; kategorisinde en &uuml;st s&#305;rada yer ald&#305;. Ayr&#305;ca, web tabanl&#305; yap&#305;s&#305; indirme ihtiyac&#305;n&#305; ortadan kald&#305;rarak geli&#351;mi&#351; g&uuml;venlik i&ccedil;in antivir&uuml;s &#351;irketlerinin onay&#305;n&#305; al&#305;yor.<\/p>\n\n<\/div><\/div>\n\n<div class=\"gb-grid-column gb-grid-column-58d3b69b\"><div class=\"gb-container gb-container-58d3b69b\">\n<div class=\"gb-container gb-container-7f21e89f\">\n\n<span class=\"gb-button gb-button-df17151f\"><span class=\"gb-icon\"><svg xmlns=\"http:\/\/www.w3.org\/2000\/svg\" height=\"15\" width=\"15\" fill=\"none\" viewbox=\"0 0 15 15\"><path fill=\"currentColor\" d=\"M4 4H1.5A1.5 1.5 0 000 5.5v8A1.5 1.5 0 001.5 15h8a1.5 1.5 0 001.5-1.5V11h2.5A1.5 1.5 0 0015 9.5v-8A1.5 1.5 0 0013.5 0h-8A1.5 1.5 0 004 1.5V4zm1-2.5a.5.5 0 01.5-.5h8a.5.5 0 01.5.5v8a.5.5 0 01-.5.5h-8a.5.5 0 01-.5-.5v-8z\" clip-rule=\"evenodd\" fill-rule=\"evenodd\"><\/path><\/svg><\/span><\/span>\n\n<\/div>\n\n\n<h3 class=\"gb-headline gb-headline-7625b1b1 gb-headline-text\"><strong>Dragons Den<\/strong><\/h3>\n\n\n\n<p class=\"has-text-align-center\">KW_00003 Yaz&#305;l&#305;m&#305;n&#305;n k&ouml;t&uuml; &#351;&ouml;hretli Dragons Den Doland&#305;r&#305;c&#305;l&#305;&#287;&#305; ile kesinlikle hi&ccedil;bir ili&#351;kisi yoktur. Bitcoin Loophole doland&#305;r&#305;c&#305;l&#305;&#287;&#305; olarak da bilinen Dragons Den, aldat&#305;c&#305; bir plan olarak &ccedil;al&#305;&#351;makta ve &#351;&uuml;phelenmeyen kullan&#305;c&#305;lar&#305; yenilik&ccedil;i bir ba&#351;lang&#305;&ccedil; yaz&#305;l&#305;m&#305; olarak gizlenmi&#351; hileli bir giri&#351;ime yat&#305;r&#305;m yapmaya ikna etmektedir. Bu doland&#305;r&#305;c&#305;l&#305;&#287;&#305;n Dragon&rsquo;s Den TV program&#305;nda yer almad&#305;&#287;&#305;n&#305; ve programdan ya da oyuncular&#305;ndan herhangi bir onay almad&#305;&#287;&#305;n&#305; bilmek &ccedil;ok &ouml;nemlidir.<\/p>\n\n\n\n<p class=\"has-text-align-center\">Dragons Den&rsquo;in yaln&#305;zca orijinal sayg&#305;n yaz&#305;l&#305;m&#305;n ve program&#305;n &uuml;nl&uuml;lerinin itibar&#305;n&#305; kullanarak bireyleri zor kazand&#305;klar&#305; paralar&#305;n&#305; vermeleri i&ccedil;in kand&#305;rd&#305;&#287;&#305;n&#305; vurgulamak &ouml;nemlidir. Dikkatli olmak ve as&#305;ls&#305;z iddialarda bulunan reklamlardan veya yay&#305;nlardan uzak durmak &ccedil;ok &ouml;nemlidir, &ccedil;&uuml;nk&uuml; bunlar&#305;n ger&ccedil;ek KW_00002 Yaz&#305;l&#305;m&#305; ile hi&ccedil;bir ili&#351;kisi yoktur.<\/p>\n\n<\/div><\/div>\n<\/div>\n<\/div>\n<\/div><div class=\"gb-container gb-container-39bfdacb\">\n<div class=\"gb-container gb-container-45f3ab74\">\n\n<h3 class=\"gb-headline gb-headline-e982b89b gb-headline-text\">KW_00001&rsquo;e G&uuml;venle Kaydolun<\/h3>\n\n\n\n<a class=\"gb-button gb-button-a3e3ab09\" href=\"https:\/\/oilevexpro.com\/tr\/\"><span class=\"gb-button-text\">G&uuml;venle Kaydolun<\/span><span class=\"gb-icon\"><svg xmlns=\"http:\/\/www.w3.org\/2000\/svg\" aria-hidden=\"true\" role=\"img\" height=\"1em\" width=\"1em\" viewbox=\"0 0 256 512\"><path fill=\"currentColor\" d=\"M224.3 273l-136 136c-9.4 9.4-24.6 9.4-33.9 0l-22.6-22.6c-9.4-9.4-9.4-24.6 0-33.9l96.4-96.4-96.4-96.4c-9.4-9.4-9.4-24.6 0-33.9L54.3 103c9.4-9.4 24.6-9.4 33.9 0l136 136c9.5 9.4 9.5 24.6.1 34z\"><\/path><\/svg><\/span><\/a>\n\n<\/div>\n<\/div>\n","protected":false},"excerpt":{"rendered":"<p>En son 2.0 KW_00001 s&uuml;r&uuml;m&uuml; hakk&#305;nda KW_00001 Yaz&#305;l&#305;m&#305;n&#305;n Faydalar&#305; KW_00001, ger&ccedil;ek zamanl&#305; piyasa verilerinin s&uuml;rekli toplanmas&#305; ve verimli analizi konusunda &uuml;st&uuml;nd&uuml;r. Bu benzersiz yetenek, yaz&#305;l&#305;m&#305;m&#305;z&#305;n sizin i&ccedil;in al&#305;m sat&#305;m emirlerini hem insan t&uuml;ccarlar&#305; hem de di&#287;er yaz&#305;l&#305;m &ccedil;&ouml;z&uuml;mlerini geride b&#305;rakarak benzeri g&ouml;r&uuml;lmemi&#351; bir h&#305;zda ger&ccedil;ekle&#351;tirmesini sa&#287;lar. KW_00002 yaln&#305;zca al&#305;m sat&#305;mlar&#305; daha h&#305;zl&#305; ger&ccedil;ekle&#351;tirmekle kalmaz, ayn&#305; &#8230; <a title=\"Hakk\u0131m\u0131zda\" class=\"read-more\" href=\"https:\/\/oilevexpro.com\/tr\/hakkimizda\/\" aria-label=\"Read more about Hakk\u0131m\u0131zda\">Read more<\/a><\/p>\n","protected":false},"author":1,"featured_media":0,"parent":0,"menu_order":0,"comment_status":"closed","ping_status":"closed","template":"","meta":{"footnotes":""},"class_list":["post-5071","page","type-page","status-publish"],"_links":{"self":[{"href":"https:\/\/oilevexpro.com\/tr\/wp-json\/wp\/v2\/pages\/5071","targetHints":{"allow":["GET"]}}],"collection":[{"href":"https:\/\/oilevexpro.com\/tr\/wp-json\/wp\/v2\/pages"}],"about":[{"href":"https:\/\/oilevexpro.com\/tr\/wp-json\/wp\/v2\/types\/page"}],"author":[{"embeddable":true,"href":"https:\/\/oilevexpro.com\/tr\/wp-json\/wp\/v2\/users\/1"}],"replies":[{"embeddable":true,"href":"https:\/\/oilevexpro.com\/tr\/wp-json\/wp\/v2\/comments?post=5071"}],"version-history":[{"count":0,"href":"https:\/\/oilevexpro.com\/tr\/wp-json\/wp\/v2\/pages\/5071\/revisions"}],"wp:attachment":[{"href":"https:\/\/oilevexpro.com\/tr\/wp-json\/wp\/v2\/media?parent=5071"}],"curies":[{"name":"wp","href":"https:\/\/api.w.org\/{rel}","templated":true}]}}